{"id":12,"date":"2017-12-13T08:38:46","date_gmt":"2017-12-13T08:38:46","guid":{"rendered":"https:\/\/www.lennuk.eu\/korstnik\/korstnik\/raivo\/contact\/"},"modified":"2022-10-14T09:16:40","modified_gmt":"2022-10-14T09:16:40","slug":"contact","status":"publish","type":"page","link":"https:\/\/raivo.korstnik.eu\/en\/contact\/","title":{"rendered":"Contact"},"content":{"rendered":"<div data-elementor-type=\"wp-post\" data-elementor-id=\"12\" class=\"elementor elementor-12\">\n\t\t\t\t\t\t<section class=\"elementor-section elementor-top-section elementor-element elementor-element-fae5fb9 elementor-section-boxed elementor-section-height-default elementor-section-height-default\" data-id=\"fae5fb9\" data-element_type=\"section\" data-e-type=\"section\" data-settings=\"{&quot;background_background&quot;:&quot;gradient&quot;}\">\n\t\t\t\t\t\t<div class=\"elementor-container elementor-column-gap-default\">\n\t\t\t\t\t<div class=\"elementor-column elementor-col-100 elementor-top-column elementor-element elementor-element-357ba4e\" data-id=\"357ba4e\" data-element_type=\"column\" data-e-type=\"column\">\n\t\t\t<div class=\"elementor-widget-wrap elementor-element-populated\">\n\t\t\t\t\t\t<div class=\"elementor-element elementor-element-db454f3 elementor-widget elementor-widget-text-editor\" data-id=\"db454f3\" data-element_type=\"widget\" data-e-type=\"widget\" data-widget_type=\"text-editor.default\">\n\t\t\t\t<div class=\"elementor-widget-container\">\n\t\t\t\t\t\t\t\t\t<p><strong>Kui Teil on oma kunstikogus m\u00f5ni Raivo Korstniku teos, siis oleme \u00f5nnelikud, kui v\u00f5tate meiega \u00fchendust, et teos \u00fcles pildistada ning kataloogi lisada!<\/strong> M\u00f5lemapoolsel kokkuleppel otsime n\u00e4ituste korraldamise ajal t\u00f6id ka n\u00e4ituste ekspositsioonidesse.<\/p><p>Samuti v\u00f5ite \u00fchendust v\u00f5tta, kui tunnete huvi Raivo Korstniku loomingu vastu. Teosed antud veebilehel p\u00e4rinevad mitmetest muuseumi- ning erakogudest ega ole veebilehel m\u00fc\u00fcgis. Soovi korral saame siiski jagada m\u00fc\u00fcgis olevate teoste kohta infot ning viia teid kokku teoseid m\u00fc\u00fcvate galeriidega.<\/p><p>Raivo Korstniku teoste kasutamise autori\u00f5igus kuulub perekonnale. Kui soovite kasutada kunstniku loomingut tr\u00fckis v\u00f5i veebigraafikas, palume samuti loa k\u00fcsimiseks \u00fchendust v\u00f5tta.<\/p><p>Kontakt:<br \/>maarja.korstnik [at] gmail.com<\/p>\t\t\t\t\t\t\t\t<\/div>\n\t\t\t\t<\/div>\n\t\t\t\t\t<\/div>\n\t\t<\/div>\n\t\t\t\t\t<\/div>\n\t\t<\/section>\n\t\t\t\t<\/div>","protected":false},"excerpt":{"rendered":"<p>Kui Teil on oma kunstikogus m\u00f5ni Raivo Korstniku teos, siis oleme \u00f5nnelikud, kui v\u00f5tate meiega \u00fchendust, et teos \u00fcles pildistada ning kataloogi lisada! M\u00f5lemapoolsel kokkuleppel otsime n\u00e4ituste korraldamise ajal t\u00f6id ka n\u00e4ituste ekspositsioonidesse. Samuti v\u00f5ite \u00fchendust v\u00f5tta, kui tunnete huvi Raivo Korstniku loomingu vastu. Teosed antud veebilehel p\u00e4rinevad mitmetest muuseumi- ning erakogudest ega ole veebilehel &hellip;<\/p>\n<p class=\"read-more\"> <a class=\"\" href=\"https:\/\/raivo.korstnik.eu\/en\/contact\/\"> <span class=\"screen-reader-text\">Contact<\/span> Read More &raquo;<\/a><\/p>","protected":false},"author":1,"featured_media":0,"parent":0,"menu_order":0,"comment_status":"closed","ping_status":"closed","template":"","meta":{"footnotes":""},"class_list":["post-12","page","type-page","status-publish","hentry"],"yoast_head":"<!-- This site is optimized with the Yoast SEO plugin v27.6 - https:\/\/yoast.com\/product\/yoast-seo-wordpress\/ -->\n<title>Contact - Raivo Korstnik<\/title>\n<meta name=\"robots\" content=\"index, follow, max-snippet:-1, max-image-preview:large, max-video-preview:-1\" \/>\n<link rel=\"canonical\" href=\"https:\/\/raivo.korstnik.eu\/en\/contact\/\" \/>\n<meta property=\"og:locale\" content=\"en_GB\" \/>\n<meta property=\"og:type\" content=\"article\" \/>\n<meta property=\"og:title\" content=\"Contact - Raivo Korstnik\" \/>\n<meta property=\"og:description\" content=\"Kui Teil on oma kunstikogus m\u00f5ni Raivo Korstniku teos, siis oleme \u00f5nnelikud, kui v\u00f5tate meiega \u00fchendust, et teos \u00fcles pildistada ning kataloogi lisada! M\u00f5lemapoolsel kokkuleppel otsime n\u00e4ituste korraldamise ajal t\u00f6id ka n\u00e4ituste ekspositsioonidesse. Samuti v\u00f5ite \u00fchendust v\u00f5tta, kui tunnete huvi Raivo Korstniku loomingu vastu. Teosed antud veebilehel p\u00e4rinevad mitmetest muuseumi- ning erakogudest ega ole veebilehel &hellip; Contact Read More &raquo;\" \/>\n<meta property=\"og:url\" content=\"https:\/\/raivo.korstnik.eu\/en\/contact\/\" \/>\n<meta property=\"og:site_name\" content=\"Raivo Korstnik\" \/>\n<meta property=\"article:modified_time\" content=\"2022-10-14T09:16:40+00:00\" \/>\n<meta name=\"twitter:card\" content=\"summary_large_image\" \/>\n<meta name=\"twitter:label1\" content=\"Estimated reading time\" \/>\n\t<meta name=\"twitter:data1\" content=\"1 minute\" \/>\n<script type=\"application\/ld+json\" class=\"yoast-schema-graph\">{\"@context\":\"https:\\\/\\\/schema.org\",\"@graph\":[{\"@type\":\"WebPage\",\"@id\":\"https:\\\/\\\/raivo.korstnik.eu\\\/contact\\\/\",\"url\":\"https:\\\/\\\/raivo.korstnik.eu\\\/contact\\\/\",\"name\":\"Contact - Raivo Korstnik\",\"isPartOf\":{\"@id\":\"https:\\\/\\\/raivo.korstnik.eu\\\/#website\"},\"datePublished\":\"2017-12-13T08:38:46+00:00\",\"dateModified\":\"2022-10-14T09:16:40+00:00\",\"breadcrumb\":{\"@id\":\"https:\\\/\\\/raivo.korstnik.eu\\\/contact\\\/#breadcrumb\"},\"inLanguage\":\"en-GB\",\"potentialAction\":[{\"@type\":\"ReadAction\",\"target\":[\"https:\\\/\\\/raivo.korstnik.eu\\\/contact\\\/\"]}]},{\"@type\":\"BreadcrumbList\",\"@id\":\"https:\\\/\\\/raivo.korstnik.eu\\\/contact\\\/#breadcrumb\",\"itemListElement\":[{\"@type\":\"ListItem\",\"position\":1,\"name\":\"Home\",\"item\":\"https:\\\/\\\/raivo.korstnik.eu\\\/\"},{\"@type\":\"ListItem\",\"position\":2,\"name\":\"Contact\"}]},{\"@type\":\"WebSite\",\"@id\":\"https:\\\/\\\/raivo.korstnik.eu\\\/#website\",\"url\":\"https:\\\/\\\/raivo.korstnik.eu\\\/\",\"name\":\"Raivo Korstnik\",\"description\":\"\",\"potentialAction\":[{\"@type\":\"SearchAction\",\"target\":{\"@type\":\"EntryPoint\",\"urlTemplate\":\"https:\\\/\\\/raivo.korstnik.eu\\\/?s={search_term_string}\"},\"query-input\":{\"@type\":\"PropertyValueSpecification\",\"valueRequired\":true,\"valueName\":\"search_term_string\"}}],\"inLanguage\":\"en-GB\"}]}<\/script>\n<!-- \/ Yoast SEO plugin. -->","yoast_head_json":{"title":"Contact - Raivo Korstnik","robots":{"index":"index","follow":"follow","max-snippet":"max-snippet:-1","max-image-preview":"max-image-preview:large","max-video-preview":"max-video-preview:-1"},"canonical":"https:\/\/raivo.korstnik.eu\/en\/contact\/","og_locale":"en_GB","og_type":"article","og_title":"Contact - Raivo Korstnik","og_description":"Kui Teil on oma kunstikogus m\u00f5ni Raivo Korstniku teos, siis oleme \u00f5nnelikud, kui v\u00f5tate meiega \u00fchendust, et teos \u00fcles pildistada ning kataloogi lisada! M\u00f5lemapoolsel kokkuleppel otsime n\u00e4ituste korraldamise ajal t\u00f6id ka n\u00e4ituste ekspositsioonidesse. Samuti v\u00f5ite \u00fchendust v\u00f5tta, kui tunnete huvi Raivo Korstniku loomingu vastu. Teosed antud veebilehel p\u00e4rinevad mitmetest muuseumi- ning erakogudest ega ole veebilehel &hellip; Contact Read More &raquo;","og_url":"https:\/\/raivo.korstnik.eu\/en\/contact\/","og_site_name":"Raivo Korstnik","article_modified_time":"2022-10-14T09:16:40+00:00","twitter_card":"summary_large_image","twitter_misc":{"Estimated reading time":"1 minute"},"schema":{"@context":"https:\/\/schema.org","@graph":[{"@type":"WebPage","@id":"https:\/\/raivo.korstnik.eu\/contact\/","url":"https:\/\/raivo.korstnik.eu\/contact\/","name":"Contact - Raivo Korstnik","isPartOf":{"@id":"https:\/\/raivo.korstnik.eu\/#website"},"datePublished":"2017-12-13T08:38:46+00:00","dateModified":"2022-10-14T09:16:40+00:00","breadcrumb":{"@id":"https:\/\/raivo.korstnik.eu\/contact\/#breadcrumb"},"inLanguage":"en-GB","potentialAction":[{"@type":"ReadAction","target":["https:\/\/raivo.korstnik.eu\/contact\/"]}]},{"@type":"BreadcrumbList","@id":"https:\/\/raivo.korstnik.eu\/contact\/#breadcrumb","itemListElement":[{"@type":"ListItem","position":1,"name":"Home","item":"https:\/\/raivo.korstnik.eu\/"},{"@type":"ListItem","position":2,"name":"Contact"}]},{"@type":"WebSite","@id":"https:\/\/raivo.korstnik.eu\/#website","url":"https:\/\/raivo.korstnik.eu\/","name":"Raivo Korstnik","description":"","potentialAction":[{"@type":"SearchAction","target":{"@type":"EntryPoint","urlTemplate":"https:\/\/raivo.korstnik.eu\/?s={search_term_string}"},"query-input":{"@type":"PropertyValueSpecification","valueRequired":true,"valueName":"search_term_string"}}],"inLanguage":"en-GB"}]}},"_links":{"self":[{"href":"https:\/\/raivo.korstnik.eu\/en\/wp-json\/wp\/v2\/pages\/12","targetHints":{"allow":["GET"]}}],"collection":[{"href":"https:\/\/raivo.korstnik.eu\/en\/wp-json\/wp\/v2\/pages"}],"about":[{"href":"https:\/\/raivo.korstnik.eu\/en\/wp-json\/wp\/v2\/types\/page"}],"author":[{"embeddable":true,"href":"https:\/\/raivo.korstnik.eu\/en\/wp-json\/wp\/v2\/users\/1"}],"replies":[{"embeddable":true,"href":"https:\/\/raivo.korstnik.eu\/en\/wp-json\/wp\/v2\/comments?post=12"}],"version-history":[{"count":5,"href":"https:\/\/raivo.korstnik.eu\/en\/wp-json\/wp\/v2\/pages\/12\/revisions"}],"predecessor-version":[{"id":4085,"href":"https:\/\/raivo.korstnik.eu\/en\/wp-json\/wp\/v2\/pages\/12\/revisions\/4085"}],"wp:attachment":[{"href":"https:\/\/raivo.korstnik.eu\/en\/wp-json\/wp\/v2\/media?parent=12"}],"curies":[{"name":"wp","href":"https:\/\/api.w.org\/{rel}","templated":true}]}}