{"id":4221,"date":"2023-06-01T19:25:26","date_gmt":"2023-06-01T19:25:26","guid":{"rendered":"https:\/\/raivo.korstnik.eu\/naitused\/croquis-les-filles-london-copy\/"},"modified":"2023-06-01T20:13:29","modified_gmt":"2023-06-01T20:13:29","slug":"sah-kunst","status":"publish","type":"page","link":"https:\/\/raivo.korstnik.eu\/en\/naitused\/sah-kunst\/","title":{"rendered":"\u00dchisn\u00e4itus: S\u00c4H kunst"},"content":{"rendered":"<div data-elementor-type=\"wp-page\" data-elementor-id=\"4221\" class=\"elementor elementor-4221\">\n\t\t\t\t\t\t<section class=\"elementor-section elementor-top-section elementor-element elementor-element-24c73eb0 elementor-section-boxed elementor-section-height-default elementor-section-height-default\" data-id=\"24c73eb0\" data-element_type=\"section\" data-e-type=\"section\">\n\t\t\t\t\t\t<div class=\"elementor-container elementor-column-gap-default\">\n\t\t\t\t\t<div class=\"elementor-column elementor-col-100 elementor-top-column elementor-element elementor-element-2716a09f\" data-id=\"2716a09f\" data-element_type=\"column\" data-e-type=\"column\">\n\t\t\t<div class=\"elementor-widget-wrap elementor-element-populated\">\n\t\t\t\t\t\t<div class=\"elementor-element elementor-element-58ad75b0 elementor-invisible elementor-widget elementor-widget-heading\" data-id=\"58ad75b0\" data-element_type=\"widget\" data-e-type=\"widget\" data-settings=\"{&quot;_animation&quot;:&quot;fadeInLeft&quot;}\" data-widget_type=\"heading.default\">\n\t\t\t\t<div class=\"elementor-widget-container\">\n\t\t\t\t\t<h1 class=\"elementor-heading-title elementor-size-default\">S\u00c4H kunst<\/h1>\t\t\t\t<\/div>\n\t\t\t\t<\/div>\n\t\t\t\t<div class=\"elementor-element elementor-element-65269254 elementor-invisible elementor-widget elementor-widget-heading\" data-id=\"65269254\" data-element_type=\"widget\" data-e-type=\"widget\" data-settings=\"{&quot;_animation&quot;:&quot;fadeInLeft&quot;}\" data-widget_type=\"heading.default\">\n\t\t\t\t<div class=\"elementor-widget-container\">\n\t\t\t\t\t<h2 class=\"elementor-heading-title elementor-size-default\">Solarise keskus, Tallinn. 11.04.2023<\/h2>\t\t\t\t<\/div>\n\t\t\t\t<\/div>\n\t\t\t\t\t<\/div>\n\t\t<\/div>\n\t\t\t\t\t<\/div>\n\t\t<\/section>\n\t\t\t\t<section class=\"elementor-section elementor-top-section elementor-element elementor-element-79f629e0 elementor-section-boxed elementor-section-height-default elementor-section-height-default\" data-id=\"79f629e0\" data-element_type=\"section\" data-e-type=\"section\">\n\t\t\t\t\t\t<div class=\"elementor-container elementor-column-gap-default\">\n\t\t\t\t\t<div class=\"elementor-column elementor-col-50 elementor-top-column elementor-element elementor-element-4165940c\" data-id=\"4165940c\" data-element_type=\"column\" data-e-type=\"column\">\n\t\t\t<div class=\"elementor-widget-wrap elementor-element-populated\">\n\t\t\t\t\t\t<div class=\"elementor-element elementor-element-56d8c773 elementor-widget elementor-widget-text-editor\" data-id=\"56d8c773\" data-element_type=\"widget\" data-e-type=\"widget\" data-widget_type=\"text-editor.default\">\n\t\t\t\t<div class=\"elementor-widget-container\">\n\t\t\t\t\t\t\t\t\t<p><strong>11. aprillil 2023 avatakse SOLARISe keskuse II korrusel mitme \u00fchisn\u00e4itus \u201cS\u00c4H Kunst \/ SAH Exhibition\u201d. N\u00e4itusel on esindatud mitmed kaasaegsed kui ka l\u00e4inud kunstnikud, nende seas ka Raivo Korstnik.<\/strong><\/p><p>N\u00e4itus esitleb kunstiajalugu v\u00e4rskel ja huvitaval moel, luues vaataja jaoks seoseid \u2013 esimene inimese loodud t\u00f6\u00f6, k\u00e4ej\u00e4ljed koopaseinal \u2013 \u0161abloontehnika, sildistamine sotsiaalmeedias \u2013 New York 60ndatel ja t\u00e4nava s\u00fcnd. art. Neid esimesi k\u00e4ej\u00e4lgi koopaseinal v\u00f5ib aga vaadelda ka m\u00e4rgistamisena, nagu \u00f6eldakse \u201cMa olin siin\u201d. N\u00e4itus keskendub v\u00e4ga suurele formaadile, julgele ja ekspressiivsele l\u00e4henemisele, teosed on paigutatud kunstilugu jutustavasse j\u00e4rjestusse ning on p\u00f5nevateks majakateks sellel teel, aidates k\u00fclastajal navigeerida l\u00e4bi kunstiajaloo kui terviku ning , kohalike autorite kaudu ka eesti kunsti valdkonda. Kuigi n\u00e4ituse m\u00e4rks\u00f5naks on t\u00e4nav (kunstis), ei v\u00f5rdle see erinevaid kunstivorme, ei \u00fctle, et \u00fcks on teisest parem, vaid tutvustab v\u00e4ljendusviise ja tehnikaid, eesm\u00e4rk on luua. seoseid vaataja jaoks ning \u00e4ratundmisr\u00f5\u00f5mu, inspiratsiooni ja v\u00e4rskeid m\u00f5tteid esile kutsuma.<\/p><p><em>Erakordselt suureformaadiline n\u00e4itus on julge, v\u00e4rvikirev ja emotsionaalne nagu hea t\u00e4navakunst olema peabki. Sellegipoolest ei v\u00f5rdle n\u00e4itus erinevaid kunstivorme ega sea \u00fcht teisest paremaks vaid filosofeerib popkunsti olemuse \u00fcle v\u00e4rskelt l\u00e4bi \u00e4ratundmisr\u00f5\u00f5mu.<\/em><\/p><p><em>Elamuse viimistleb spetsiaalselt SAH Kunst jaoks loodud helimaastik, mille on loonud helikunstnik Rael K\u00f5iv koost\u00f6\u00f6s filmimuusika looja ning University for the Creative Arts \u00f5ppej\u00f5uga BANANAFISH (UK).<\/em><\/p><p>N\u00e4itusel n\u00e4eb teoseid kunstnikelt: TIIT P\u00c4\u00c4SUKE , ADO LILL, ARNE MAASIK, BACH BABACH, EDWARD von L\u00d5NGUS, RAIVO KORSTNIK, EVI TIHEMETS, ERICH-HERKKI MERILA, HAPNIK, HELEN BUNDER, JAAN ELKEN, KAIRO, LAURENTSIUS, PEETER LAURITS, KAUPO KIKKAS, KRISTI TAMMOJA, LIISA KRUUSM\u00c4GI, MARTA VAARIK, MINA JA LYDIA, OKEIKO, PINTSEL, RIKU, STINA LEEK, RALF SANNIKOV, TARRVI LAAMANN , RAOUL KURVITZ, SOHO FOND jt.<\/p><p>N\u00e4ituse koostas ja kureeris Meelis Tammem\u00e4gi.<\/p><p>Vt veel:<\/p><p><a href=\"https:\/\/kultuur.err.ee\/1608951817\/sah-viib-vaataja-rannakule-labi-kujutava-kunsti-ajaloo-klassikutest-longuseni\">https:\/\/kultuur.err.ee\/1608951817\/sah-viib-vaataja-rannakule-labi-kujutava-kunsti-ajaloo-klassikutest-longuseni<\/a><br \/><a href=\"https:\/\/noba.ac\/et\/naitus\/sah-kunst\/\">https:\/\/noba.ac\/et\/naitus\/sah-kunst\/<\/a><br \/><a href=\"https:\/\/solaris.ee\/et\/eksponaadid\/sah-kunst\">https:\/\/solaris.ee\/et\/eksponaadid\/sah-kunst<\/a><\/p>\t\t\t\t\t\t\t\t<\/div>\n\t\t\t\t<\/div>\n\t\t\t\t\t<\/div>\n\t\t<\/div>\n\t\t\t\t<div class=\"elementor-column elementor-col-50 elementor-top-column elementor-element elementor-element-5112c469\" data-id=\"5112c469\" data-element_type=\"column\" data-e-type=\"column\">\n\t\t\t<div class=\"elementor-widget-wrap elementor-element-populated\">\n\t\t\t\t\t\t<div class=\"elementor-element elementor-element-60229669 elementor-widget elementor-widget-image\" data-id=\"60229669\" data-element_type=\"widget\" data-e-type=\"widget\" data-widget_type=\"image.default\">\n\t\t\t\t<div class=\"elementor-widget-container\">\n\t\t\t\t\t\t\t\t\t\t\t\t\t\t\t<img fetchpriority=\"high\" decoding=\"async\" width=\"773\" height=\"1030\" src=\"https:\/\/raivo.korstnik.eu\/wp-content\/uploads\/sah-kunst-solaris-plakat-773x1030.jpeg\" class=\"attachment-large size-large wp-image-4232\" alt=\"\" srcset=\"https:\/\/raivo.korstnik.eu\/wp-content\/uploads\/sah-kunst-solaris-plakat-773x1030.jpeg 773w, https:\/\/raivo.korstnik.eu\/wp-content\/uploads\/sah-kunst-solaris-plakat-450x600.jpeg 450w, https:\/\/raivo.korstnik.eu\/wp-content\/uploads\/sah-kunst-solaris-plakat-768x1024.jpeg 768w, https:\/\/raivo.korstnik.eu\/wp-content\/uploads\/sah-kunst-solaris-plakat-1152x1536.jpeg 1152w, https:\/\/raivo.korstnik.eu\/wp-content\/uploads\/sah-kunst-solaris-plakat-9x12.jpeg 9w, https:\/\/raivo.korstnik.eu\/wp-content\/uploads\/sah-kunst-solaris-plakat-600x800.jpeg 600w, https:\/\/raivo.korstnik.eu\/wp-content\/uploads\/sah-kunst-solaris-plakat.jpeg 1200w\" sizes=\"(max-width: 773px) 100vw, 773px\" \/>\t\t\t\t\t\t\t\t\t\t\t\t\t\t\t<\/div>\n\t\t\t\t<\/div>\n\t\t\t\t<div class=\"elementor-element elementor-element-aa64441 elementor-widget elementor-widget-text-editor\" data-id=\"aa64441\" data-element_type=\"widget\" data-e-type=\"widget\" data-widget_type=\"text-editor.default\">\n\t\t\t\t<div class=\"elementor-widget-container\">\n\t\t\t\t\t\t\t\t\t<p>Raivo Korstnik. &#8220;T\u00e4nav&#8221;, 1967.<\/p>\t\t\t\t\t\t\t\t<\/div>\n\t\t\t\t<\/div>\n\t\t\t\t\t<\/div>\n\t\t<\/div>\n\t\t\t\t\t<\/div>\n\t\t<\/section>\n\t\t\t\t<section class=\"elementor-section elementor-top-section elementor-element elementor-element-5a795913 elementor-section-boxed elementor-section-height-default elementor-section-height-default\" data-id=\"5a795913\" data-element_type=\"section\" data-e-type=\"section\">\n\t\t\t\t\t\t<div class=\"elementor-container elementor-column-gap-default\">\n\t\t\t\t\t<div class=\"elementor-column elementor-col-100 elementor-top-column elementor-element elementor-element-33d20bee\" data-id=\"33d20bee\" data-element_type=\"column\" data-e-type=\"column\">\n\t\t\t<div class=\"elementor-widget-wrap elementor-element-populated\">\n\t\t\t\t\t\t<div class=\"elementor-element elementor-element-46cdbbf9 elementor-widget elementor-widget-text-editor\" data-id=\"46cdbbf9\" data-element_type=\"widget\" data-e-type=\"widget\" data-widget_type=\"text-editor.default\">\n\t\t\t\t<div class=\"elementor-widget-container\">\n\t\t\t\t\t\t\t\t\t<h3>Works related to the exhibition:<\/h3><p><div class=\"woocommerce columns-4\"><ul class=\"products columns-4\">\n<li class=\"product type-product post-2319 status-publish first outofstock product_cat-moodne product_cat-tartu-ulikooli-kunstimuuseumi-kogu product_tag-figuraalne product_tag-moodne product_tag-sah-kunst-solarises product_tag-salongis-ja-ateljees-solaris-galerii product_tag-sotsrealismist-modernismini-avangardis product_tag-tagasivaates-fahle-galeriis product_tag-tartu-tanavatel-tartu-kunstimajas product_tag-tukm has-post-thumbnail shipping-taxable product-type-simple\">\n\t<a href=\"https:\/\/raivo.korstnik.eu\/en\/kataloog\/330\/\" class=\"woocommerce-LoopProduct-link woocommerce-loop-product__link\"><img decoding=\"async\" width=\"600\" height=\"600\" src=\"https:\/\/raivo.korstnik.eu\/wp-content\/uploads\/RK330_MA180-600x600.jpg\" class=\"attachment-woocommerce_thumbnail size-woocommerce_thumbnail\" alt=\"T\u00e4nav\" srcset=\"https:\/\/raivo.korstnik.eu\/wp-content\/uploads\/RK330_MA180-600x600.jpg 600w, https:\/\/raivo.korstnik.eu\/wp-content\/uploads\/RK330_MA180-100x100.jpg 100w, https:\/\/raivo.korstnik.eu\/wp-content\/uploads\/RK330_MA180-80x80.jpg 80w\" sizes=\"(max-width: 600px) 100vw, 600px\" \/><h2 class=\"woocommerce-loop-product__title\">T\u00e4nav<\/h2><\/a><\/li>\n<\/ul>\n<\/div><\/p>\t\t\t\t\t\t\t\t<\/div>\n\t\t\t\t<\/div>\n\t\t\t\t\t<\/div>\n\t\t<\/div>\n\t\t\t\t\t<\/div>\n\t\t<\/section>\n\t\t\t\t<\/div>","protected":false},"excerpt":{"rendered":"<p>S\u00c4H kunst Solarise keskus, Tallinn. 11.04.2023 11. aprillil 2023 avatakse SOLARISe keskuse II korrusel mitme \u00fchisn\u00e4itus \u201cS\u00c4H Kunst \/ SAH Exhibition\u201d. N\u00e4itusel on esindatud mitmed kaasaegsed kui ka l\u00e4inud kunstnikud, nende seas ka Raivo Korstnik. N\u00e4itus esitleb kunstiajalugu v\u00e4rskel ja huvitaval moel, luues vaataja jaoks seoseid \u2013 esimene inimese loodud t\u00f6\u00f6, k\u00e4ej\u00e4ljed koopaseinal \u2013 \u0161abloontehnika, &hellip;<\/p>\n<p class=\"read-more\"> <a class=\"\" href=\"https:\/\/raivo.korstnik.eu\/en\/naitused\/sah-kunst\/\"> <span class=\"screen-reader-text\">\u00dchisn\u00e4itus: S\u00c4H kunst<\/span> Read More &raquo;<\/a><\/p>","protected":false},"author":1,"featured_media":0,"parent":3645,"menu_order":0,"comment_status":"closed","ping_status":"closed","template":"","meta":{"footnotes":""},"class_list":["post-4221","page","type-page","status-publish","hentry"],"yoast_head":"<!-- This site is optimized with the Yoast SEO plugin v27.6 - https:\/\/yoast.com\/product\/yoast-seo-wordpress\/ -->\n<title>\u00dchisn\u00e4itus: S\u00c4H kunst - Raivo Korstnik<\/title>\n<meta name=\"robots\" content=\"index, follow, max-snippet:-1, max-image-preview:large, max-video-preview:-1\" \/>\n<link rel=\"canonical\" href=\"https:\/\/raivo.korstnik.eu\/en\/naitused\/sah-kunst\/\" \/>\n<meta property=\"og:locale\" content=\"en_GB\" \/>\n<meta property=\"og:type\" content=\"article\" \/>\n<meta property=\"og:title\" content=\"\u00dchisn\u00e4itus: S\u00c4H kunst - Raivo Korstnik\" \/>\n<meta property=\"og:description\" content=\"S\u00c4H kunst Solarise keskus, Tallinn. 11.04.2023 11. aprillil 2023 avatakse SOLARISe keskuse II korrusel mitme \u00fchisn\u00e4itus \u201cS\u00c4H Kunst \/ SAH Exhibition\u201d. N\u00e4itusel on esindatud mitmed kaasaegsed kui ka l\u00e4inud kunstnikud, nende seas ka Raivo Korstnik. N\u00e4itus esitleb kunstiajalugu v\u00e4rskel ja huvitaval moel, luues vaataja jaoks seoseid \u2013 esimene inimese loodud t\u00f6\u00f6, k\u00e4ej\u00e4ljed koopaseinal \u2013 \u0161abloontehnika, &hellip; \u00dchisn\u00e4itus: S\u00c4H kunst Read More &raquo;\" \/>\n<meta property=\"og:url\" content=\"https:\/\/raivo.korstnik.eu\/en\/naitused\/sah-kunst\/\" \/>\n<meta property=\"og:site_name\" content=\"Raivo Korstnik\" \/>\n<meta property=\"article:modified_time\" content=\"2023-06-01T20:13:29+00:00\" \/>\n<meta property=\"og:image\" content=\"https:\/\/raivo.korstnik.eu\/wp-content\/uploads\/sah-kunst-solaris-plakat-773x1030.jpeg\" \/>\n<meta name=\"twitter:card\" content=\"summary_large_image\" \/>\n<meta name=\"twitter:label1\" content=\"Estimated reading time\" \/>\n\t<meta name=\"twitter:data1\" content=\"2 minutes\" \/>\n<script type=\"application\/ld+json\" class=\"yoast-schema-graph\">{\"@context\":\"https:\\\/\\\/schema.org\",\"@graph\":[{\"@type\":\"WebPage\",\"@id\":\"https:\\\/\\\/raivo.korstnik.eu\\\/naitused\\\/sah-kunst\\\/\",\"url\":\"https:\\\/\\\/raivo.korstnik.eu\\\/naitused\\\/sah-kunst\\\/\",\"name\":\"\u00dchisn\u00e4itus: S\u00c4H kunst - Raivo Korstnik\",\"isPartOf\":{\"@id\":\"https:\\\/\\\/raivo.korstnik.eu\\\/#website\"},\"primaryImageOfPage\":{\"@id\":\"https:\\\/\\\/raivo.korstnik.eu\\\/naitused\\\/sah-kunst\\\/#primaryimage\"},\"image\":{\"@id\":\"https:\\\/\\\/raivo.korstnik.eu\\\/naitused\\\/sah-kunst\\\/#primaryimage\"},\"thumbnailUrl\":\"https:\\\/\\\/raivo.korstnik.eu\\\/wp-content\\\/uploads\\\/sah-kunst-solaris-plakat-773x1030.jpeg\",\"datePublished\":\"2023-06-01T19:25:26+00:00\",\"dateModified\":\"2023-06-01T20:13:29+00:00\",\"breadcrumb\":{\"@id\":\"https:\\\/\\\/raivo.korstnik.eu\\\/naitused\\\/sah-kunst\\\/#breadcrumb\"},\"inLanguage\":\"en-GB\",\"potentialAction\":[{\"@type\":\"ReadAction\",\"target\":[\"https:\\\/\\\/raivo.korstnik.eu\\\/naitused\\\/sah-kunst\\\/\"]}]},{\"@type\":\"ImageObject\",\"inLanguage\":\"en-GB\",\"@id\":\"https:\\\/\\\/raivo.korstnik.eu\\\/naitused\\\/sah-kunst\\\/#primaryimage\",\"url\":\"https:\\\/\\\/raivo.korstnik.eu\\\/wp-content\\\/uploads\\\/sah-kunst-solaris-plakat-773x1030.jpeg\",\"contentUrl\":\"https:\\\/\\\/raivo.korstnik.eu\\\/wp-content\\\/uploads\\\/sah-kunst-solaris-plakat-773x1030.jpeg\"},{\"@type\":\"BreadcrumbList\",\"@id\":\"https:\\\/\\\/raivo.korstnik.eu\\\/naitused\\\/sah-kunst\\\/#breadcrumb\",\"itemListElement\":[{\"@type\":\"ListItem\",\"position\":1,\"name\":\"Home\",\"item\":\"https:\\\/\\\/raivo.korstnik.eu\\\/\"},{\"@type\":\"ListItem\",\"position\":2,\"name\":\"N\u00e4itused\",\"item\":\"https:\\\/\\\/raivo.korstnik.eu\\\/naitused\\\/\"},{\"@type\":\"ListItem\",\"position\":3,\"name\":\"\u00dchisn\u00e4itus: S\u00c4H kunst\"}]},{\"@type\":\"WebSite\",\"@id\":\"https:\\\/\\\/raivo.korstnik.eu\\\/#website\",\"url\":\"https:\\\/\\\/raivo.korstnik.eu\\\/\",\"name\":\"Raivo Korstnik\",\"description\":\"\",\"potentialAction\":[{\"@type\":\"SearchAction\",\"target\":{\"@type\":\"EntryPoint\",\"urlTemplate\":\"https:\\\/\\\/raivo.korstnik.eu\\\/?s={search_term_string}\"},\"query-input\":{\"@type\":\"PropertyValueSpecification\",\"valueRequired\":true,\"valueName\":\"search_term_string\"}}],\"inLanguage\":\"en-GB\"}]}<\/script>\n<!-- \/ Yoast SEO plugin. -->","yoast_head_json":{"title":"\u00dchisn\u00e4itus: S\u00c4H kunst - Raivo Korstnik","robots":{"index":"index","follow":"follow","max-snippet":"max-snippet:-1","max-image-preview":"max-image-preview:large","max-video-preview":"max-video-preview:-1"},"canonical":"https:\/\/raivo.korstnik.eu\/en\/naitused\/sah-kunst\/","og_locale":"en_GB","og_type":"article","og_title":"\u00dchisn\u00e4itus: S\u00c4H kunst - Raivo Korstnik","og_description":"S\u00c4H kunst Solarise keskus, Tallinn. 11.04.2023 11. aprillil 2023 avatakse SOLARISe keskuse II korrusel mitme \u00fchisn\u00e4itus \u201cS\u00c4H Kunst \/ SAH Exhibition\u201d. N\u00e4itusel on esindatud mitmed kaasaegsed kui ka l\u00e4inud kunstnikud, nende seas ka Raivo Korstnik. N\u00e4itus esitleb kunstiajalugu v\u00e4rskel ja huvitaval moel, luues vaataja jaoks seoseid \u2013 esimene inimese loodud t\u00f6\u00f6, k\u00e4ej\u00e4ljed koopaseinal \u2013 \u0161abloontehnika, &hellip; \u00dchisn\u00e4itus: S\u00c4H kunst Read More &raquo;","og_url":"https:\/\/raivo.korstnik.eu\/en\/naitused\/sah-kunst\/","og_site_name":"Raivo Korstnik","article_modified_time":"2023-06-01T20:13:29+00:00","og_image":[{"url":"https:\/\/raivo.korstnik.eu\/wp-content\/uploads\/sah-kunst-solaris-plakat-773x1030.jpeg","type":"","width":"","height":""}],"twitter_card":"summary_large_image","twitter_misc":{"Estimated reading time":"2 minutes"},"schema":{"@context":"https:\/\/schema.org","@graph":[{"@type":"WebPage","@id":"https:\/\/raivo.korstnik.eu\/naitused\/sah-kunst\/","url":"https:\/\/raivo.korstnik.eu\/naitused\/sah-kunst\/","name":"\u00dchisn\u00e4itus: S\u00c4H kunst - Raivo Korstnik","isPartOf":{"@id":"https:\/\/raivo.korstnik.eu\/#website"},"primaryImageOfPage":{"@id":"https:\/\/raivo.korstnik.eu\/naitused\/sah-kunst\/#primaryimage"},"image":{"@id":"https:\/\/raivo.korstnik.eu\/naitused\/sah-kunst\/#primaryimage"},"thumbnailUrl":"https:\/\/raivo.korstnik.eu\/wp-content\/uploads\/sah-kunst-solaris-plakat-773x1030.jpeg","datePublished":"2023-06-01T19:25:26+00:00","dateModified":"2023-06-01T20:13:29+00:00","breadcrumb":{"@id":"https:\/\/raivo.korstnik.eu\/naitused\/sah-kunst\/#breadcrumb"},"inLanguage":"en-GB","potentialAction":[{"@type":"ReadAction","target":["https:\/\/raivo.korstnik.eu\/naitused\/sah-kunst\/"]}]},{"@type":"ImageObject","inLanguage":"en-GB","@id":"https:\/\/raivo.korstnik.eu\/naitused\/sah-kunst\/#primaryimage","url":"https:\/\/raivo.korstnik.eu\/wp-content\/uploads\/sah-kunst-solaris-plakat-773x1030.jpeg","contentUrl":"https:\/\/raivo.korstnik.eu\/wp-content\/uploads\/sah-kunst-solaris-plakat-773x1030.jpeg"},{"@type":"BreadcrumbList","@id":"https:\/\/raivo.korstnik.eu\/naitused\/sah-kunst\/#breadcrumb","itemListElement":[{"@type":"ListItem","position":1,"name":"Home","item":"https:\/\/raivo.korstnik.eu\/"},{"@type":"ListItem","position":2,"name":"N\u00e4itused","item":"https:\/\/raivo.korstnik.eu\/naitused\/"},{"@type":"ListItem","position":3,"name":"\u00dchisn\u00e4itus: S\u00c4H kunst"}]},{"@type":"WebSite","@id":"https:\/\/raivo.korstnik.eu\/#website","url":"https:\/\/raivo.korstnik.eu\/","name":"Raivo Korstnik","description":"","potentialAction":[{"@type":"SearchAction","target":{"@type":"EntryPoint","urlTemplate":"https:\/\/raivo.korstnik.eu\/?s={search_term_string}"},"query-input":{"@type":"PropertyValueSpecification","valueRequired":true,"valueName":"search_term_string"}}],"inLanguage":"en-GB"}]}},"_links":{"self":[{"href":"https:\/\/raivo.korstnik.eu\/en\/wp-json\/wp\/v2\/pages\/4221","targetHints":{"allow":["GET"]}}],"collection":[{"href":"https:\/\/raivo.korstnik.eu\/en\/wp-json\/wp\/v2\/pages"}],"about":[{"href":"https:\/\/raivo.korstnik.eu\/en\/wp-json\/wp\/v2\/types\/page"}],"author":[{"embeddable":true,"href":"https:\/\/raivo.korstnik.eu\/en\/wp-json\/wp\/v2\/users\/1"}],"replies":[{"embeddable":true,"href":"https:\/\/raivo.korstnik.eu\/en\/wp-json\/wp\/v2\/comments?post=4221"}],"version-history":[{"count":5,"href":"https:\/\/raivo.korstnik.eu\/en\/wp-json\/wp\/v2\/pages\/4221\/revisions"}],"predecessor-version":[{"id":4265,"href":"https:\/\/raivo.korstnik.eu\/en\/wp-json\/wp\/v2\/pages\/4221\/revisions\/4265"}],"up":[{"embeddable":true,"href":"https:\/\/raivo.korstnik.eu\/en\/wp-json\/wp\/v2\/pages\/3645"}],"wp:attachment":[{"href":"https:\/\/raivo.korstnik.eu\/en\/wp-json\/wp\/v2\/media?parent=4221"}],"curies":[{"name":"wp","href":"https:\/\/api.w.org\/{rel}","templated":true}]}}