{"id":4246,"date":"2023-06-01T19:47:45","date_gmt":"2023-06-01T19:47:45","guid":{"rendered":"https:\/\/raivo.korstnik.eu\/naitused\/tartu-ta%cc%88navatel-tartu-kunstimajas-copy\/"},"modified":"2023-06-01T20:18:02","modified_gmt":"2023-06-01T20:18:02","slug":"uhisnaitus-konfliktid-ja-kohandumised-noukogude-aja-eesti-kunst-kumu","status":"publish","type":"page","link":"https:\/\/raivo.korstnik.eu\/en\/naitused\/uhisnaitus-konfliktid-ja-kohandumised-noukogude-aja-eesti-kunst-kumu\/","title":{"rendered":"\u00dchisn\u00e4itus: Konfliktid ja kohandumised. N\u00f5ukogude aja Eesti kunst. KUMU"},"content":{"rendered":"<div data-elementor-type=\"wp-page\" data-elementor-id=\"4246\" class=\"elementor elementor-4246\">\n\t\t\t\t\t\t<section class=\"elementor-section elementor-top-section elementor-element elementor-element-24c73eb0 elementor-section-boxed elementor-section-height-default elementor-section-height-default\" data-id=\"24c73eb0\" data-element_type=\"section\" data-e-type=\"section\">\n\t\t\t\t\t\t<div class=\"elementor-container elementor-column-gap-default\">\n\t\t\t\t\t<div class=\"elementor-column elementor-col-100 elementor-top-column elementor-element elementor-element-2716a09f\" data-id=\"2716a09f\" data-element_type=\"column\" data-e-type=\"column\">\n\t\t\t<div class=\"elementor-widget-wrap elementor-element-populated\">\n\t\t\t\t\t\t<div class=\"elementor-element elementor-element-58ad75b0 elementor-invisible elementor-widget elementor-widget-heading\" data-id=\"58ad75b0\" data-element_type=\"widget\" data-e-type=\"widget\" data-settings=\"{&quot;_animation&quot;:&quot;fadeInLeft&quot;}\" data-widget_type=\"heading.default\">\n\t\t\t\t<div class=\"elementor-widget-container\">\n\t\t\t\t\t<h1 class=\"elementor-heading-title elementor-size-default\">Konfliktid ja kohandumised. N\u00f5ukogude aja Eesti kunst (1940\u20131991) <\/h1>\t\t\t\t<\/div>\n\t\t\t\t<\/div>\n\t\t\t\t<div class=\"elementor-element elementor-element-65269254 elementor-invisible elementor-widget elementor-widget-heading\" data-id=\"65269254\" data-element_type=\"widget\" data-e-type=\"widget\" data-settings=\"{&quot;_animation&quot;:&quot;fadeInLeft&quot;}\" data-widget_type=\"heading.default\">\n\t\t\t\t<div class=\"elementor-widget-container\">\n\t\t\t\t\t<h2 class=\"elementor-heading-title elementor-size-default\"> KUMU, Tallinn. Alates 2016.<\/h2>\t\t\t\t<\/div>\n\t\t\t\t<\/div>\n\t\t\t\t\t<\/div>\n\t\t<\/div>\n\t\t\t\t\t<\/div>\n\t\t<\/section>\n\t\t\t\t<section class=\"elementor-section elementor-top-section elementor-element elementor-element-79f629e0 elementor-section-boxed elementor-section-height-default elementor-section-height-default\" data-id=\"79f629e0\" data-element_type=\"section\" data-e-type=\"section\">\n\t\t\t\t\t\t<div class=\"elementor-container elementor-column-gap-default\">\n\t\t\t\t\t<div class=\"elementor-column elementor-col-50 elementor-top-column elementor-element elementor-element-4165940c\" data-id=\"4165940c\" data-element_type=\"column\" data-e-type=\"column\">\n\t\t\t<div class=\"elementor-widget-wrap elementor-element-populated\">\n\t\t\t\t\t\t<div class=\"elementor-element elementor-element-56d8c773 elementor-widget elementor-widget-text-editor\" data-id=\"56d8c773\" data-element_type=\"widget\" data-e-type=\"widget\" data-widget_type=\"text-editor.default\">\n\t\t\t\t<div class=\"elementor-widget-container\">\n\t\t\t\t\t\t\t\t\t<p><strong>KUMU p\u00fcsin\u00e4itus &#8220;Konfliktid ja kohandumised&#8221; esitab \u00fche vaate 20.\u00a0sajandi keskpaiga ja teise poole Eesti kunstile, mida kujundasid suures osas konfliktid ja kohandumised II maailmas\u00f5ja j\u00e4rgse uue poliitilise olukorraga.\u00a0<br \/><\/strong><\/p><p>Tutvustus:<\/p><p><strong>N\u00f5ukogude v\u00f5imu<\/strong> arusaam kunsti ja kunstnike rollist \u00fchiskonnas oli radikaalselt erinev neist hoiakutest, mis kujundasid s\u00f5jaeelse Eesti Vabariigi kunstielu. 1940.\u00a0aastate l\u00f5pus ja 1950.\u00a0aastate alguses kehtis N\u00f5ukogude Liidus range <strong>stalinistliku sotsrealismi<\/strong> kaanon, mis n\u00f5udis kunstilt kommunistliku partei ideoloogiat toetavate s\u00f5numite vahendamist realistlikus vormis. 1950.\u00a0aastate teisel poolel algas n\u00f5ukogude \u00fchiskonna <strong>liberaliseerimine<\/strong> ja partei n\u00f5udmised kunstile leevenesid, kuid ametlikud ettekirjutused n\u00f5ukogude kultuurielule p\u00fcsisid kuni 1980.\u00a0aastateni.<\/p><p>Vaatamata sellele \u00fcsna selgepiirilisele raamistikule leiab n\u00f5ukogude aja Eesti kunstist v\u00e4ga mitmesuguseid, sageli \u00fcksteisest p\u00f5him\u00f5tteliselt erinevaid suundumusi ja n\u00e4htusi. Ei ole olemas \u00fcht 20. sajandi teise poole Eesti kunsti arengulugu: neid lugusid on mitmeid ja selle perioodi kunstist v\u00f5iks teha k\u00fcmneid erinevaid n\u00e4itusi.<\/p><p>\u201eKonfliktid ja kohandumised\u201c ei kata kaugeltki k\u00f5ike, mis poole sajandi Eesti kunstis toimus, kuid p\u00fc\u00fcab esitada sellest v\u00f5imalikult mitmek\u00fclgse pildi. Iga ruumi v\u00f5ib vaadata v\u00e4ikese omaette n\u00e4itusena, aga ka osana suuremast, kuigi paratamatult fragmentaarsest tervikust. N\u00e4itusel ei ole t\u00f5mmatud ranget piiri <strong>\u201eametliku\u201c<\/strong> ja <strong>\u201emitteametliku\u201c kunsti<\/strong> vahele: need eksisteerisid \u00fches ruumis ning olid sageli otsesemal v\u00f5i kaudsemal viisil seotud. R\u00f5huasetused on saalides siiski erinevad: m\u00f5ned teoste kooslused toovad meelde omaaegse n\u00e4itusepildi, mitmed t\u00f6\u00f6d on j\u00e4lle sellised, mida n\u00f5ukogude ajal avalikult n\u00e4ha ei saanud.<\/p><p>N\u00e4itus on \u00fcles ehitatud l\u00e4htuvalt <strong>kunsti<\/strong> ja <strong>keskkonna <\/strong>suhte muutumisest: teatud hetkedel on see suhe olnud intensiivne ja valuline, m\u00f5nikord rahulikum, kohati on kunst p\u00fc\u00fcdnud \u00fcmbritsevast k\u00f5rgemale t\u00f5usta, siis j\u00e4lle sellega kontakti v\u00f5tta. Siiski on ka kunstis ilmnevad igap\u00e4evaelust eemaldumise strateegiad ja sellele vastandumise mudelid alati tingitud keskkonnast. Et n\u00f5ukogude aega ja selle erip\u00e4ra meelde tuletada, tutvustada ja avada, l\u00e4bib n\u00e4itust <strong>arhiivikoridor<\/strong>, mille fotod, filmid ja tekstid peaksid aitama tolleaegset kunsti ja kultuurielu paremini m\u00f5ista. Tegemist ei ole \u00fclevaatega Eesti NSV ajaloost, vaid pigem t\u00e4henduslike v\u00e4ljat\u00f5stete kogumiga, mis loob \u00fchendusliine kunstiga nii sisulises, meeleolulises kui ka visuaalses plaanis.<\/p><p>N\u00e4ituse algusse ja l\u00f5ppu on lisatud ka m\u00f5ned hilisemad, <strong>1990. <\/strong>ja <strong>2000. aastatel<\/strong> loodud ning n\u00f5ukogude ajale tagasi vaatavad teosed. Need n\u00e4itavad, et ajaloo ja kunstiajaloo m\u00e4letamise viise on mitmeid, \u00fckski neist pole ainu\u00f5ige v\u00f5i vale, ning et arusaama minevikust kujundab alati meie praegune vaatepunkt ja ajalooline asukoht.<\/p><p><strong>Kuraator:<\/strong> Anu Allas<br \/><strong>N\u00e4ituse t\u00f6\u00f6grupp:<\/strong> Maarin Ektermann, Liisa Kaljula, Eha Komissarov, Elnara Taidre<br \/><strong>N\u00e4ituse kujundajad:<\/strong> Raul Kalvo, Helen Oja, T\u00f5nis Saadoja<br \/><strong>Graafiline kujundaja:<\/strong> Tuuli Aule<\/p><p>Allikas: <a href=\"https:\/\/kumu.ekm.ee\/syndmus\/konfliktid-ja-kohandumised-noukogude-aja-eesti-kunst-19401991\/\">https:\/\/kumu.ekm.ee\/syndmus\/konfliktid-ja-kohandumised-noukogude-aja-eesti-kunst-19401991\/<\/a><\/p><p>Kajastus:<\/p><p><a href=\"https:\/\/maaleht.delfi.ee\/artikkel\/73808835\/vaatamismulje-kas-konflikt-voi-kohandumine\">https:\/\/maaleht.delfi.ee\/artikkel\/73808835\/vaatamismulje-kas-konflikt-voi-kohandumine<\/a><br \/><a href=\"https:\/\/kultuur.err.ee\/310653\/kumus-avatakse-uus-pusiekspositsioon\">https:\/\/kultuur.err.ee\/310653\/kumus-avatakse-uus-pusiekspositsioon<\/a><\/p>\t\t\t\t\t\t\t\t<\/div>\n\t\t\t\t<\/div>\n\t\t\t\t<div class=\"elementor-element elementor-element-568c5a0 elementor-widget elementor-widget-video\" data-id=\"568c5a0\" data-element_type=\"widget\" data-e-type=\"widget\" data-settings=\"{&quot;youtube_url&quot;:&quot;https:\\\/\\\/youtu.be\\\/xOVTD1VLFd8&quot;,&quot;video_type&quot;:&quot;youtube&quot;,&quot;controls&quot;:&quot;yes&quot;}\" data-widget_type=\"video.default\">\n\t\t\t\t<div class=\"elementor-widget-container\">\n\t\t\t\t\t\t\t<div class=\"elementor-wrapper elementor-open-inline\">\n\t\t\t<div class=\"elementor-video\"><\/div>\t\t<\/div>\n\t\t\t\t\t\t<\/div>\n\t\t\t\t<\/div>\n\t\t\t\t\t<\/div>\n\t\t<\/div>\n\t\t\t\t<div class=\"elementor-column elementor-col-50 elementor-top-column elementor-element elementor-element-5112c469\" data-id=\"5112c469\" data-element_type=\"column\" data-e-type=\"column\">\n\t\t\t<div class=\"elementor-widget-wrap elementor-element-populated\">\n\t\t\t\t\t\t<div class=\"elementor-element elementor-element-60229669 elementor-widget elementor-widget-image\" data-id=\"60229669\" data-element_type=\"widget\" data-e-type=\"widget\" data-widget_type=\"image.default\">\n\t\t\t\t<div class=\"elementor-widget-container\">\n\t\t\t\t\t\t\t\t\t\t\t\t\t\t\t<img fetchpriority=\"high\" decoding=\"async\" width=\"1030\" height=\"773\" src=\"https:\/\/raivo.korstnik.eu\/wp-content\/uploads\/IMG_0462-1030x773.jpg\" class=\"attachment-large size-large wp-image-4266\" alt=\"\" srcset=\"https:\/\/raivo.korstnik.eu\/wp-content\/uploads\/IMG_0462-1030x773.jpg 1030w, https:\/\/raivo.korstnik.eu\/wp-content\/uploads\/IMG_0462-600x450.jpg 600w, https:\/\/raivo.korstnik.eu\/wp-content\/uploads\/IMG_0462-768x576.jpg 768w, https:\/\/raivo.korstnik.eu\/wp-content\/uploads\/IMG_0462-1536x1152.jpg 1536w, https:\/\/raivo.korstnik.eu\/wp-content\/uploads\/IMG_0462-2048x1536.jpg 2048w, https:\/\/raivo.korstnik.eu\/wp-content\/uploads\/IMG_0462-16x12.jpg 16w\" sizes=\"(max-width: 1030px) 100vw, 1030px\" \/>\t\t\t\t\t\t\t\t\t\t\t\t\t\t\t<\/div>\n\t\t\t\t<\/div>\n\t\t\t\t<div class=\"elementor-element elementor-element-aa64441 elementor-widget elementor-widget-text-editor\" data-id=\"aa64441\" data-element_type=\"widget\" data-e-type=\"widget\" data-widget_type=\"text-editor.default\">\n\t\t\t\t<div class=\"elementor-widget-container\">\n\t\t\t\t\t\t\t\t\t<p>Konfliktid ja kohandumised. N\u00f5ukogude aja Eesti kunst. KUMU.<\/p>\t\t\t\t\t\t\t\t<\/div>\n\t\t\t\t<\/div>\n\t\t\t\t\t<\/div>\n\t\t<\/div>\n\t\t\t\t\t<\/div>\n\t\t<\/section>\n\t\t\t\t<section class=\"elementor-section elementor-top-section elementor-element elementor-element-5a795913 elementor-section-boxed elementor-section-height-default elementor-section-height-default\" data-id=\"5a795913\" data-element_type=\"section\" data-e-type=\"section\">\n\t\t\t\t\t\t<div class=\"elementor-container elementor-column-gap-default\">\n\t\t\t\t\t<div class=\"elementor-column elementor-col-100 elementor-top-column elementor-element elementor-element-33d20bee\" data-id=\"33d20bee\" data-element_type=\"column\" data-e-type=\"column\">\n\t\t\t<div class=\"elementor-widget-wrap elementor-element-populated\">\n\t\t\t\t\t\t<div class=\"elementor-element elementor-element-46cdbbf9 elementor-widget elementor-widget-text-editor\" data-id=\"46cdbbf9\" data-element_type=\"widget\" data-e-type=\"widget\" data-widget_type=\"text-editor.default\">\n\t\t\t\t<div class=\"elementor-widget-container\">\n\t\t\t\t\t\t\t\t\t<h3>N\u00e4itusel olid teosed:<\/h3><p><div class=\"woocommerce columns-4\"><ul class=\"products columns-4\">\n<li class=\"product type-product post-2265 status-publish first outofstock product_cat-moodne product_cat-eesti-kunstimuuseumi-kogu product_tag-kompositsioon product_tag-konfliktid-ja-kohandumised-kumu product_tag-kumu product_tag-maastik product_tag-meri product_tag-moodne has-post-thumbnail shipping-taxable product-type-simple\">\n\t<a href=\"https:\/\/raivo.korstnik.eu\/en\/kataloog\/280\/\" class=\"woocommerce-LoopProduct-link woocommerce-loop-product__link\"><img decoding=\"async\" width=\"600\" height=\"600\" src=\"https:\/\/raivo.korstnik.eu\/wp-content\/uploads\/RK280_EKM47302-600x600.jpg\" class=\"attachment-woocommerce_thumbnail size-woocommerce_thumbnail\" alt=\"K\u00f5rv\" srcset=\"https:\/\/raivo.korstnik.eu\/wp-content\/uploads\/RK280_EKM47302-600x600.jpg 600w, https:\/\/raivo.korstnik.eu\/wp-content\/uploads\/RK280_EKM47302-100x100.jpg 100w, https:\/\/raivo.korstnik.eu\/wp-content\/uploads\/RK280_EKM47302-80x80.jpg 80w\" sizes=\"(max-width: 600px) 100vw, 600px\" \/><h2 class=\"woocommerce-loop-product__title\">K\u00f5rv<\/h2><\/a><\/li>\n<li class=\"product type-product post-2258 status-publish outofstock product_cat-moodne product_cat-eesti-kunstimuuseumi-kogu product_tag-kompositsioon product_tag-konfliktid-ja-kohandumised-kumu product_tag-kumu product_tag-maastik product_tag-moodne has-post-thumbnail shipping-taxable product-type-simple\">\n\t<a href=\"https:\/\/raivo.korstnik.eu\/en\/kataloog\/281\/\" class=\"woocommerce-LoopProduct-link woocommerce-loop-product__link\"><img decoding=\"async\" width=\"600\" height=\"600\" src=\"https:\/\/raivo.korstnik.eu\/wp-content\/uploads\/RK281_EKM42647-600x600.jpg\" class=\"attachment-woocommerce_thumbnail size-woocommerce_thumbnail\" alt=\"K\u00e4nnud\" srcset=\"https:\/\/raivo.korstnik.eu\/wp-content\/uploads\/RK281_EKM42647-600x600.jpg 600w, https:\/\/raivo.korstnik.eu\/wp-content\/uploads\/RK281_EKM42647-100x100.jpg 100w, https:\/\/raivo.korstnik.eu\/wp-content\/uploads\/RK281_EKM42647-80x80.jpg 80w\" sizes=\"(max-width: 600px) 100vw, 600px\" \/><h2 class=\"woocommerce-loop-product__title\">K\u00e4nnud<\/h2><\/a><\/li>\n<\/ul>\n<\/div><\/p>\t\t\t\t\t\t\t\t<\/div>\n\t\t\t\t<\/div>\n\t\t\t\t\t<\/div>\n\t\t<\/div>\n\t\t\t\t\t<\/div>\n\t\t<\/section>\n\t\t\t\t<\/div>","protected":false},"excerpt":{"rendered":"<p>Konfliktid ja kohandumised. N\u00f5ukogude aja Eesti kunst (1940\u20131991) KUMU, Tallinn. Alates 2016. KUMU p\u00fcsin\u00e4itus &#8220;Konfliktid ja kohandumised&#8221; esitab \u00fche vaate 20.\u00a0sajandi keskpaiga ja teise poole Eesti kunstile, mida kujundasid suures osas konfliktid ja kohandumised II maailmas\u00f5ja j\u00e4rgse uue poliitilise olukorraga.\u00a0 Tutvustus: N\u00f5ukogude v\u00f5imu arusaam kunsti ja kunstnike rollist \u00fchiskonnas oli radikaalselt erinev neist hoiakutest, mis &hellip;<\/p>\n<p class=\"read-more\"> <a class=\"\" href=\"https:\/\/raivo.korstnik.eu\/en\/naitused\/uhisnaitus-konfliktid-ja-kohandumised-noukogude-aja-eesti-kunst-kumu\/\"> <span class=\"screen-reader-text\">\u00dchisn\u00e4itus: Konfliktid ja kohandumised. N\u00f5ukogude aja Eesti kunst. KUMU<\/span> Read More &raquo;<\/a><\/p>","protected":false},"author":1,"featured_media":0,"parent":3645,"menu_order":0,"comment_status":"closed","ping_status":"closed","template":"","meta":{"footnotes":""},"class_list":["post-4246","page","type-page","status-publish","hentry"],"yoast_head":"<!-- This site is optimized with the Yoast SEO plugin v27.4 - https:\/\/yoast.com\/product\/yoast-seo-wordpress\/ -->\n<title>\u00dchisn\u00e4itus: Konfliktid ja kohandumised. N\u00f5ukogude aja Eesti kunst. KUMU - Raivo Korstnik<\/title>\n<meta name=\"robots\" content=\"index, follow, max-snippet:-1, max-image-preview:large, max-video-preview:-1\" \/>\n<link rel=\"canonical\" href=\"https:\/\/raivo.korstnik.eu\/en\/naitused\/uhisnaitus-konfliktid-ja-kohandumised-noukogude-aja-eesti-kunst-kumu\/\" \/>\n<meta property=\"og:locale\" content=\"en_GB\" \/>\n<meta property=\"og:type\" content=\"article\" \/>\n<meta property=\"og:title\" content=\"\u00dchisn\u00e4itus: Konfliktid ja kohandumised. N\u00f5ukogude aja Eesti kunst. KUMU - Raivo Korstnik\" \/>\n<meta property=\"og:description\" content=\"Konfliktid ja kohandumised. N\u00f5ukogude aja Eesti kunst (1940\u20131991) KUMU, Tallinn. Alates 2016. KUMU p\u00fcsin\u00e4itus &#8220;Konfliktid ja kohandumised&#8221; esitab \u00fche vaate 20.\u00a0sajandi keskpaiga ja teise poole Eesti kunstile, mida kujundasid suures osas konfliktid ja kohandumised II maailmas\u00f5ja j\u00e4rgse uue poliitilise olukorraga.\u00a0 Tutvustus: N\u00f5ukogude v\u00f5imu arusaam kunsti ja kunstnike rollist \u00fchiskonnas oli radikaalselt erinev neist hoiakutest, mis &hellip; \u00dchisn\u00e4itus: Konfliktid ja kohandumised. N\u00f5ukogude aja Eesti kunst. KUMU Read More &raquo;\" \/>\n<meta property=\"og:url\" content=\"https:\/\/raivo.korstnik.eu\/en\/naitused\/uhisnaitus-konfliktid-ja-kohandumised-noukogude-aja-eesti-kunst-kumu\/\" \/>\n<meta property=\"og:site_name\" content=\"Raivo Korstnik\" \/>\n<meta property=\"article:modified_time\" content=\"2023-06-01T20:18:02+00:00\" \/>\n<meta property=\"og:image\" content=\"https:\/\/raivo.korstnik.eu\/wp-content\/uploads\/IMG_0462-1030x773.jpg\" \/>\n<meta name=\"twitter:card\" content=\"summary_large_image\" \/>\n<meta name=\"twitter:label1\" content=\"Estimated reading time\" \/>\n\t<meta name=\"twitter:data1\" content=\"2 minutes\" \/>\n<script type=\"application\/ld+json\" class=\"yoast-schema-graph\">{\"@context\":\"https:\\\/\\\/schema.org\",\"@graph\":[{\"@type\":\"WebPage\",\"@id\":\"https:\\\/\\\/raivo.korstnik.eu\\\/naitused\\\/uhisnaitus-konfliktid-ja-kohandumised-noukogude-aja-eesti-kunst-kumu\\\/\",\"url\":\"https:\\\/\\\/raivo.korstnik.eu\\\/naitused\\\/uhisnaitus-konfliktid-ja-kohandumised-noukogude-aja-eesti-kunst-kumu\\\/\",\"name\":\"\u00dchisn\u00e4itus: Konfliktid ja kohandumised. N\u00f5ukogude aja Eesti kunst. KUMU - Raivo Korstnik\",\"isPartOf\":{\"@id\":\"https:\\\/\\\/raivo.korstnik.eu\\\/#website\"},\"primaryImageOfPage\":{\"@id\":\"https:\\\/\\\/raivo.korstnik.eu\\\/naitused\\\/uhisnaitus-konfliktid-ja-kohandumised-noukogude-aja-eesti-kunst-kumu\\\/#primaryimage\"},\"image\":{\"@id\":\"https:\\\/\\\/raivo.korstnik.eu\\\/naitused\\\/uhisnaitus-konfliktid-ja-kohandumised-noukogude-aja-eesti-kunst-kumu\\\/#primaryimage\"},\"thumbnailUrl\":\"https:\\\/\\\/raivo.korstnik.eu\\\/wp-content\\\/uploads\\\/IMG_0462-1030x773.jpg\",\"datePublished\":\"2023-06-01T19:47:45+00:00\",\"dateModified\":\"2023-06-01T20:18:02+00:00\",\"breadcrumb\":{\"@id\":\"https:\\\/\\\/raivo.korstnik.eu\\\/naitused\\\/uhisnaitus-konfliktid-ja-kohandumised-noukogude-aja-eesti-kunst-kumu\\\/#breadcrumb\"},\"inLanguage\":\"en-GB\",\"potentialAction\":[{\"@type\":\"ReadAction\",\"target\":[\"https:\\\/\\\/raivo.korstnik.eu\\\/naitused\\\/uhisnaitus-konfliktid-ja-kohandumised-noukogude-aja-eesti-kunst-kumu\\\/\"]}]},{\"@type\":\"ImageObject\",\"inLanguage\":\"en-GB\",\"@id\":\"https:\\\/\\\/raivo.korstnik.eu\\\/naitused\\\/uhisnaitus-konfliktid-ja-kohandumised-noukogude-aja-eesti-kunst-kumu\\\/#primaryimage\",\"url\":\"https:\\\/\\\/raivo.korstnik.eu\\\/wp-content\\\/uploads\\\/IMG_0462-1030x773.jpg\",\"contentUrl\":\"https:\\\/\\\/raivo.korstnik.eu\\\/wp-content\\\/uploads\\\/IMG_0462-1030x773.jpg\"},{\"@type\":\"BreadcrumbList\",\"@id\":\"https:\\\/\\\/raivo.korstnik.eu\\\/naitused\\\/uhisnaitus-konfliktid-ja-kohandumised-noukogude-aja-eesti-kunst-kumu\\\/#breadcrumb\",\"itemListElement\":[{\"@type\":\"ListItem\",\"position\":1,\"name\":\"Home\",\"item\":\"https:\\\/\\\/raivo.korstnik.eu\\\/\"},{\"@type\":\"ListItem\",\"position\":2,\"name\":\"N\u00e4itused\",\"item\":\"https:\\\/\\\/raivo.korstnik.eu\\\/naitused\\\/\"},{\"@type\":\"ListItem\",\"position\":3,\"name\":\"\u00dchisn\u00e4itus: Konfliktid ja kohandumised. N\u00f5ukogude aja Eesti kunst. KUMU\"}]},{\"@type\":\"WebSite\",\"@id\":\"https:\\\/\\\/raivo.korstnik.eu\\\/#website\",\"url\":\"https:\\\/\\\/raivo.korstnik.eu\\\/\",\"name\":\"Raivo Korstnik\",\"description\":\"\",\"potentialAction\":[{\"@type\":\"SearchAction\",\"target\":{\"@type\":\"EntryPoint\",\"urlTemplate\":\"https:\\\/\\\/raivo.korstnik.eu\\\/?s={search_term_string}\"},\"query-input\":{\"@type\":\"PropertyValueSpecification\",\"valueRequired\":true,\"valueName\":\"search_term_string\"}}],\"inLanguage\":\"en-GB\"}]}<\/script>\n<!-- \/ Yoast SEO plugin. -->","yoast_head_json":{"title":"\u00dchisn\u00e4itus: Konfliktid ja kohandumised. N\u00f5ukogude aja Eesti kunst. KUMU - Raivo Korstnik","robots":{"index":"index","follow":"follow","max-snippet":"max-snippet:-1","max-image-preview":"max-image-preview:large","max-video-preview":"max-video-preview:-1"},"canonical":"https:\/\/raivo.korstnik.eu\/en\/naitused\/uhisnaitus-konfliktid-ja-kohandumised-noukogude-aja-eesti-kunst-kumu\/","og_locale":"en_GB","og_type":"article","og_title":"\u00dchisn\u00e4itus: Konfliktid ja kohandumised. N\u00f5ukogude aja Eesti kunst. KUMU - Raivo Korstnik","og_description":"Konfliktid ja kohandumised. N\u00f5ukogude aja Eesti kunst (1940\u20131991) KUMU, Tallinn. Alates 2016. KUMU p\u00fcsin\u00e4itus &#8220;Konfliktid ja kohandumised&#8221; esitab \u00fche vaate 20.\u00a0sajandi keskpaiga ja teise poole Eesti kunstile, mida kujundasid suures osas konfliktid ja kohandumised II maailmas\u00f5ja j\u00e4rgse uue poliitilise olukorraga.\u00a0 Tutvustus: N\u00f5ukogude v\u00f5imu arusaam kunsti ja kunstnike rollist \u00fchiskonnas oli radikaalselt erinev neist hoiakutest, mis &hellip; \u00dchisn\u00e4itus: Konfliktid ja kohandumised. N\u00f5ukogude aja Eesti kunst. KUMU Read More &raquo;","og_url":"https:\/\/raivo.korstnik.eu\/en\/naitused\/uhisnaitus-konfliktid-ja-kohandumised-noukogude-aja-eesti-kunst-kumu\/","og_site_name":"Raivo Korstnik","article_modified_time":"2023-06-01T20:18:02+00:00","og_image":[{"url":"https:\/\/raivo.korstnik.eu\/wp-content\/uploads\/IMG_0462-1030x773.jpg","type":"","width":"","height":""}],"twitter_card":"summary_large_image","twitter_misc":{"Estimated reading time":"2 minutes"},"schema":{"@context":"https:\/\/schema.org","@graph":[{"@type":"WebPage","@id":"https:\/\/raivo.korstnik.eu\/naitused\/uhisnaitus-konfliktid-ja-kohandumised-noukogude-aja-eesti-kunst-kumu\/","url":"https:\/\/raivo.korstnik.eu\/naitused\/uhisnaitus-konfliktid-ja-kohandumised-noukogude-aja-eesti-kunst-kumu\/","name":"\u00dchisn\u00e4itus: Konfliktid ja kohandumised. N\u00f5ukogude aja Eesti kunst. KUMU - Raivo Korstnik","isPartOf":{"@id":"https:\/\/raivo.korstnik.eu\/#website"},"primaryImageOfPage":{"@id":"https:\/\/raivo.korstnik.eu\/naitused\/uhisnaitus-konfliktid-ja-kohandumised-noukogude-aja-eesti-kunst-kumu\/#primaryimage"},"image":{"@id":"https:\/\/raivo.korstnik.eu\/naitused\/uhisnaitus-konfliktid-ja-kohandumised-noukogude-aja-eesti-kunst-kumu\/#primaryimage"},"thumbnailUrl":"https:\/\/raivo.korstnik.eu\/wp-content\/uploads\/IMG_0462-1030x773.jpg","datePublished":"2023-06-01T19:47:45+00:00","dateModified":"2023-06-01T20:18:02+00:00","breadcrumb":{"@id":"https:\/\/raivo.korstnik.eu\/naitused\/uhisnaitus-konfliktid-ja-kohandumised-noukogude-aja-eesti-kunst-kumu\/#breadcrumb"},"inLanguage":"en-GB","potentialAction":[{"@type":"ReadAction","target":["https:\/\/raivo.korstnik.eu\/naitused\/uhisnaitus-konfliktid-ja-kohandumised-noukogude-aja-eesti-kunst-kumu\/"]}]},{"@type":"ImageObject","inLanguage":"en-GB","@id":"https:\/\/raivo.korstnik.eu\/naitused\/uhisnaitus-konfliktid-ja-kohandumised-noukogude-aja-eesti-kunst-kumu\/#primaryimage","url":"https:\/\/raivo.korstnik.eu\/wp-content\/uploads\/IMG_0462-1030x773.jpg","contentUrl":"https:\/\/raivo.korstnik.eu\/wp-content\/uploads\/IMG_0462-1030x773.jpg"},{"@type":"BreadcrumbList","@id":"https:\/\/raivo.korstnik.eu\/naitused\/uhisnaitus-konfliktid-ja-kohandumised-noukogude-aja-eesti-kunst-kumu\/#breadcrumb","itemListElement":[{"@type":"ListItem","position":1,"name":"Home","item":"https:\/\/raivo.korstnik.eu\/"},{"@type":"ListItem","position":2,"name":"N\u00e4itused","item":"https:\/\/raivo.korstnik.eu\/naitused\/"},{"@type":"ListItem","position":3,"name":"\u00dchisn\u00e4itus: Konfliktid ja kohandumised. N\u00f5ukogude aja Eesti kunst. KUMU"}]},{"@type":"WebSite","@id":"https:\/\/raivo.korstnik.eu\/#website","url":"https:\/\/raivo.korstnik.eu\/","name":"Raivo Korstnik","description":"","potentialAction":[{"@type":"SearchAction","target":{"@type":"EntryPoint","urlTemplate":"https:\/\/raivo.korstnik.eu\/?s={search_term_string}"},"query-input":{"@type":"PropertyValueSpecification","valueRequired":true,"valueName":"search_term_string"}}],"inLanguage":"en-GB"}]}},"_links":{"self":[{"href":"https:\/\/raivo.korstnik.eu\/en\/wp-json\/wp\/v2\/pages\/4246","targetHints":{"allow":["GET"]}}],"collection":[{"href":"https:\/\/raivo.korstnik.eu\/en\/wp-json\/wp\/v2\/pages"}],"about":[{"href":"https:\/\/raivo.korstnik.eu\/en\/wp-json\/wp\/v2\/types\/page"}],"author":[{"embeddable":true,"href":"https:\/\/raivo.korstnik.eu\/en\/wp-json\/wp\/v2\/users\/1"}],"replies":[{"embeddable":true,"href":"https:\/\/raivo.korstnik.eu\/en\/wp-json\/wp\/v2\/comments?post=4246"}],"version-history":[{"count":5,"href":"https:\/\/raivo.korstnik.eu\/en\/wp-json\/wp\/v2\/pages\/4246\/revisions"}],"predecessor-version":[{"id":4272,"href":"https:\/\/raivo.korstnik.eu\/en\/wp-json\/wp\/v2\/pages\/4246\/revisions\/4272"}],"up":[{"embeddable":true,"href":"https:\/\/raivo.korstnik.eu\/en\/wp-json\/wp\/v2\/pages\/3645"}],"wp:attachment":[{"href":"https:\/\/raivo.korstnik.eu\/en\/wp-json\/wp\/v2\/media?parent=4246"}],"curies":[{"name":"wp","href":"https:\/\/api.w.org\/{rel}","templated":true}]}}