{"id":1847,"date":"2020-10-24T17:22:58","date_gmt":"2020-10-24T17:22:58","guid":{"rendered":"https:\/\/www.lennuk.eu\/korstnik\/korstnik\/raivo\/?post_type=product&#038;p=1847"},"modified":"2021-12-08T13:43:39","modified_gmt":"2021-12-08T13:43:39","slug":"642","status":"publish","type":"product","link":"https:\/\/raivo.korstnik.eu\/en\/kataloog\/642\/","title":{"rendered":"Akt kuuga"},"content":{"rendered":"<p>https:\/\/alleegalerii.ee\/kunstioksjon\/raivo-korstnik-lamav-akt-ja-kuu-1962-36-x-50-cm\/<\/p>\n<p>M\u00f5\u00f5dud 36 x 50 cm<br \/>\nAlghind 1200 EUR<br \/>\nPakkumisi 18<br \/>\nHaamrihind 2100 EUR<\/p>","protected":false},"excerpt":{"rendered":"<p>V\u00e4heldane t\u00f6\u00f6 on omas laadis t\u00e4iuslik. Sinipunapruun palett on 1960ndate Korstnikule iseloomulik. Esimeses veerandis kuu, mis astroloogide arvates olevat sobiv uuteks algusteks, annab aktimaalile teatava erootilise t\u00e4henduse.<\/p>\n<p>Allikas: <a href=\"https:\/\/alleegalerii.ee\/kunstioksjon\/raivo-korstnik-lamav-akt-ja-kuu-1962-36-x-50-cm\/\">Galerii Allee<\/a><\/p>","protected":false},"featured_media":1958,"template":"","meta":[],"product_brand":[],"product_cat":[113,22],"product_tag":[120,133],"class_list":{"0":"post-1847","1":"product","2":"type-product","3":"status-publish","4":"has-post-thumbnail","6":"product_cat-aktid","7":"product_cat-portreed-ja-aktid","8":"product_tag-akt","9":"product_tag-noar","11":"first","12":"outofstock","13":"shipping-taxable","14":"product-type-simple"},"yoast_head":"<!-- This site is optimized with the Yoast SEO plugin v27.4 - https:\/\/yoast.com\/product\/yoast-seo-wordpress\/ -->\n<title>Akt kuuga - Raivo Korstnik<\/title>\n<meta name=\"robots\" content=\"index, follow, max-snippet:-1, max-image-preview:large, max-video-preview:-1\" \/>\n<link rel=\"canonical\" href=\"https:\/\/raivo.korstnik.eu\/en\/kataloog\/642\/\" \/>\n<meta property=\"og:locale\" content=\"en_GB\" \/>\n<meta property=\"og:type\" content=\"article\" \/>\n<meta property=\"og:title\" content=\"Akt kuuga - Raivo Korstnik\" \/>\n<meta property=\"og:description\" content=\"V\u00e4heldane t\u00f6\u00f6 on omas laadis t\u00e4iuslik. Sinipunapruun palett on 1960ndate Korstnikule iseloomulik. Esimeses veerandis kuu, mis astroloogide arvates olevat sobiv uuteks algusteks, annab aktimaalile teatava erootilise t\u00e4henduse.  Allikas: Galerii Allee\" \/>\n<meta property=\"og:url\" content=\"https:\/\/raivo.korstnik.eu\/en\/kataloog\/642\/\" \/>\n<meta property=\"og:site_name\" content=\"Raivo Korstnik\" \/>\n<meta property=\"article:modified_time\" content=\"2021-12-08T13:43:39+00:00\" \/>\n<meta property=\"og:image\" content=\"https:\/\/raivo.korstnik.eu\/wp-content\/uploads\/23-1-1024x733.png\" \/>\n\t<meta property=\"og:image:width\" content=\"1024\" \/>\n\t<meta property=\"og:image:height\" content=\"733\" \/>\n\t<meta property=\"og:image:type\" content=\"image\/png\" \/>\n<meta name=\"twitter:card\" content=\"summary_large_image\" \/>\n<meta name=\"twitter:label1\" content=\"Estimated reading time\" \/>\n\t<meta name=\"twitter:data1\" content=\"1 minute\" \/>\n<script type=\"application\/ld+json\" class=\"yoast-schema-graph\">{\"@context\":\"https:\\\/\\\/schema.org\",\"@graph\":[{\"@type\":\"WebPage\",\"@id\":\"https:\\\/\\\/raivo.korstnik.eu\\\/kataloog\\\/642\\\/\",\"url\":\"https:\\\/\\\/raivo.korstnik.eu\\\/kataloog\\\/642\\\/\",\"name\":\"Akt kuuga - Raivo Korstnik\",\"isPartOf\":{\"@id\":\"https:\\\/\\\/raivo.korstnik.eu\\\/#website\"},\"primaryImageOfPage\":{\"@id\":\"https:\\\/\\\/raivo.korstnik.eu\\\/kataloog\\\/642\\\/#primaryimage\"},\"image\":{\"@id\":\"https:\\\/\\\/raivo.korstnik.eu\\\/kataloog\\\/642\\\/#primaryimage\"},\"thumbnailUrl\":\"https:\\\/\\\/raivo.korstnik.eu\\\/wp-content\\\/uploads\\\/23-1.png\",\"datePublished\":\"2020-10-24T17:22:58+00:00\",\"dateModified\":\"2021-12-08T13:43:39+00:00\",\"breadcrumb\":{\"@id\":\"https:\\\/\\\/raivo.korstnik.eu\\\/kataloog\\\/642\\\/#breadcrumb\"},\"inLanguage\":\"en-GB\",\"potentialAction\":[{\"@type\":\"ReadAction\",\"target\":[\"https:\\\/\\\/raivo.korstnik.eu\\\/kataloog\\\/642\\\/\"]}]},{\"@type\":\"ImageObject\",\"inLanguage\":\"en-GB\",\"@id\":\"https:\\\/\\\/raivo.korstnik.eu\\\/kataloog\\\/642\\\/#primaryimage\",\"url\":\"https:\\\/\\\/raivo.korstnik.eu\\\/wp-content\\\/uploads\\\/23-1.png\",\"contentUrl\":\"https:\\\/\\\/raivo.korstnik.eu\\\/wp-content\\\/uploads\\\/23-1.png\",\"width\":1321,\"height\":945},{\"@type\":\"BreadcrumbList\",\"@id\":\"https:\\\/\\\/raivo.korstnik.eu\\\/kataloog\\\/642\\\/#breadcrumb\",\"itemListElement\":[{\"@type\":\"ListItem\",\"position\":1,\"name\":\"Home\",\"item\":\"https:\\\/\\\/raivo.korstnik.eu\\\/\"},{\"@type\":\"ListItem\",\"position\":2,\"name\":\"Teosed\",\"item\":\"https:\\\/\\\/raivo.korstnik.eu\\\/teosed\\\/\"},{\"@type\":\"ListItem\",\"position\":3,\"name\":\"Akt kuuga\"}]},{\"@type\":\"WebSite\",\"@id\":\"https:\\\/\\\/raivo.korstnik.eu\\\/#website\",\"url\":\"https:\\\/\\\/raivo.korstnik.eu\\\/\",\"name\":\"Raivo Korstnik\",\"description\":\"\",\"potentialAction\":[{\"@type\":\"SearchAction\",\"target\":{\"@type\":\"EntryPoint\",\"urlTemplate\":\"https:\\\/\\\/raivo.korstnik.eu\\\/?s={search_term_string}\"},\"query-input\":{\"@type\":\"PropertyValueSpecification\",\"valueRequired\":true,\"valueName\":\"search_term_string\"}}],\"inLanguage\":\"en-GB\"}]}<\/script>\n<!-- \/ Yoast SEO plugin. -->","yoast_head_json":{"title":"Akt kuuga - Raivo Korstnik","robots":{"index":"index","follow":"follow","max-snippet":"max-snippet:-1","max-image-preview":"max-image-preview:large","max-video-preview":"max-video-preview:-1"},"canonical":"https:\/\/raivo.korstnik.eu\/en\/kataloog\/642\/","og_locale":"en_GB","og_type":"article","og_title":"Akt kuuga - Raivo Korstnik","og_description":"V\u00e4heldane t\u00f6\u00f6 on omas laadis t\u00e4iuslik. Sinipunapruun palett on 1960ndate Korstnikule iseloomulik. Esimeses veerandis kuu, mis astroloogide arvates olevat sobiv uuteks algusteks, annab aktimaalile teatava erootilise t\u00e4henduse.  Allikas: Galerii Allee","og_url":"https:\/\/raivo.korstnik.eu\/en\/kataloog\/642\/","og_site_name":"Raivo Korstnik","article_modified_time":"2021-12-08T13:43:39+00:00","og_image":[{"width":1024,"height":733,"url":"https:\/\/raivo.korstnik.eu\/wp-content\/uploads\/23-1-1024x733.png","type":"image\/png"}],"twitter_card":"summary_large_image","twitter_misc":{"Estimated reading time":"1 minute"},"schema":{"@context":"https:\/\/schema.org","@graph":[{"@type":"WebPage","@id":"https:\/\/raivo.korstnik.eu\/kataloog\/642\/","url":"https:\/\/raivo.korstnik.eu\/kataloog\/642\/","name":"Akt kuuga - Raivo Korstnik","isPartOf":{"@id":"https:\/\/raivo.korstnik.eu\/#website"},"primaryImageOfPage":{"@id":"https:\/\/raivo.korstnik.eu\/kataloog\/642\/#primaryimage"},"image":{"@id":"https:\/\/raivo.korstnik.eu\/kataloog\/642\/#primaryimage"},"thumbnailUrl":"https:\/\/raivo.korstnik.eu\/wp-content\/uploads\/23-1.png","datePublished":"2020-10-24T17:22:58+00:00","dateModified":"2021-12-08T13:43:39+00:00","breadcrumb":{"@id":"https:\/\/raivo.korstnik.eu\/kataloog\/642\/#breadcrumb"},"inLanguage":"en-GB","potentialAction":[{"@type":"ReadAction","target":["https:\/\/raivo.korstnik.eu\/kataloog\/642\/"]}]},{"@type":"ImageObject","inLanguage":"en-GB","@id":"https:\/\/raivo.korstnik.eu\/kataloog\/642\/#primaryimage","url":"https:\/\/raivo.korstnik.eu\/wp-content\/uploads\/23-1.png","contentUrl":"https:\/\/raivo.korstnik.eu\/wp-content\/uploads\/23-1.png","width":1321,"height":945},{"@type":"BreadcrumbList","@id":"https:\/\/raivo.korstnik.eu\/kataloog\/642\/#breadcrumb","itemListElement":[{"@type":"ListItem","position":1,"name":"Home","item":"https:\/\/raivo.korstnik.eu\/"},{"@type":"ListItem","position":2,"name":"Teosed","item":"https:\/\/raivo.korstnik.eu\/teosed\/"},{"@type":"ListItem","position":3,"name":"Akt kuuga"}]},{"@type":"WebSite","@id":"https:\/\/raivo.korstnik.eu\/#website","url":"https:\/\/raivo.korstnik.eu\/","name":"Raivo Korstnik","description":"","potentialAction":[{"@type":"SearchAction","target":{"@type":"EntryPoint","urlTemplate":"https:\/\/raivo.korstnik.eu\/?s={search_term_string}"},"query-input":{"@type":"PropertyValueSpecification","valueRequired":true,"valueName":"search_term_string"}}],"inLanguage":"en-GB"}]}},"_links":{"self":[{"href":"https:\/\/raivo.korstnik.eu\/en\/wp-json\/wp\/v2\/product\/1847","targetHints":{"allow":["GET"]}}],"collection":[{"href":"https:\/\/raivo.korstnik.eu\/en\/wp-json\/wp\/v2\/product"}],"about":[{"href":"https:\/\/raivo.korstnik.eu\/en\/wp-json\/wp\/v2\/types\/product"}],"wp:featuredmedia":[{"embeddable":true,"href":"https:\/\/raivo.korstnik.eu\/en\/wp-json\/wp\/v2\/media\/1958"}],"wp:attachment":[{"href":"https:\/\/raivo.korstnik.eu\/en\/wp-json\/wp\/v2\/media?parent=1847"}],"wp:term":[{"taxonomy":"product_brand","embeddable":true,"href":"https:\/\/raivo.korstnik.eu\/en\/wp-json\/wp\/v2\/product_brand?post=1847"},{"taxonomy":"product_cat","embeddable":true,"href":"https:\/\/raivo.korstnik.eu\/en\/wp-json\/wp\/v2\/product_cat?post=1847"},{"taxonomy":"product_tag","embeddable":true,"href":"https:\/\/raivo.korstnik.eu\/en\/wp-json\/wp\/v2\/product_tag?post=1847"}],"curies":[{"name":"wp","href":"https:\/\/api.w.org\/{rel}","templated":true}]}}