{"id":1853,"date":"2020-10-24T17:29:58","date_gmt":"2020-10-24T17:29:58","guid":{"rendered":"https:\/\/www.lennuk.eu\/korstnik\/korstnik\/raivo\/?post_type=product&#038;p=1853"},"modified":"2024-09-20T11:12:09","modified_gmt":"2024-09-20T11:12:09","slug":"765","status":"publish","type":"product","link":"https:\/\/raivo.korstnik.eu\/en\/kataloog\/765\/","title":{"rendered":"Mehe portree"},"content":{"rendered":"<p>Nurk \u00fcleval paremalt on katki.<\/p>\n<p>Noaris m\u00fc\u00fcgis, 900\u20ac, siis Vernissage 2024 kevad.<\/p>\n<h2 class=\"product_title entry-title show-product-nav\">Raivo Korstnik. \u201eMeesmodell punase r\u00e4tiga\u201c. 1960. aastad. \u00d5li. Papp. 50 x 34,8 cm. Alghind: 1500 \u20ac Haamrihind: 4600 \u20ac<\/h2>\n<div class=\"product-nav\">\n<div class=\"product-next\"><\/div>\n<\/div>\n<div id=\"product-tab\" class=\"woocommerce-tabs woocommerce-tabs-7y2vtcge resp-htabs\">\n<div class=\"resp-tabs-container\">\n<div id=\"tab-description\" class=\"tab-content resp-tab-content resp-tab-content-active\" aria-labelledby=\"tab_item-0\">\n<p>L\u00f5petatud ja terviklik, ent kunstniku poolt signeerimata j\u00e4\u00e4nud et\u00fc\u00fcd, milles ruumilahendust<br \/>\nrikastab vasakul olev trepp ning kus v\u00e4rv k\u00f5lab k\u00fcpselt ja s\u00fcgavalt. (Mai Levin)<\/p>\n<p>P\u00f6\u00f6rdel all vasakul abikaasa m\u00e4rge autorsuse kohta: Raivo Kortsnik EKorstnik<\/p>\n<\/div>\n<\/div>\n<\/div>\n<div class=\"product_meta\"><span class=\"posted_in\">Kategooria: <a href=\"https:\/\/vernissage.ee\/tootekategooria\/oksjonid\/kevad\/kevadoksjon-2024\/\" rel=\"tag\">Kevadoksjon 2024<\/a><\/span><\/div>\n<p>&nbsp;<\/p>\n<blockquote class=\"wp-embedded-content\" data-secret=\"QIpS7kPsqL\"><p><a href=\"https:\/\/vernissage.ee\/toode\/raivo-korstnik-meesmodell-punase-ratiga-1960-aastad-oli-papp-50-x-348-cm-alghind-1500-e\/\">Raivo Korstnik. \u201eMeesmodell punase r\u00e4tiga\u201c. 1960. aastad. \u00d5li. Papp. 50 x 34,8 cm. Alghind: 1500 \u20ac Haamrihind: 4600 \u20ac<\/a><\/p><\/blockquote>\n<p><iframe class=\"wp-embedded-content\" sandbox=\"allow-scripts\" security=\"restricted\" style=\"position: absolute; visibility: hidden;\" title=\"&#8220;Raivo Korstnik. \u201eMeesmodell punase r\u00e4tiga\u201c. 1960. aastad. \u00d5li. Papp. 50 x 34,8 cm. Alghind: 1500 \u20ac Haamrihind: 4600 \u20ac&#8221; &#8212; VERNISSAGE kunstigalerii\" src=\"https:\/\/vernissage.ee\/toode\/raivo-korstnik-meesmodell-punase-ratiga-1960-aastad-oli-papp-50-x-348-cm-alghind-1500-e\/embed\/#?secret=QIpS7kPsqL\" data-secret=\"QIpS7kPsqL\" width=\"500\" height=\"282\" frameborder=\"0\" marginwidth=\"0\" marginheight=\"0\" scrolling=\"no\"><\/iframe><\/p>","protected":false},"excerpt":{"rendered":"<p>Nurk \u00fcleval paremalt on katki. Noaris m\u00fc\u00fcgis, 900\u20ac, siis Vernissage 2024 kevad. Raivo Korstnik. \u201eMeesmodell punase r\u00e4tiga\u201c. 1960. aastad. \u00d5li. Papp. 50 x 34,8 cm. Alghind: 1500 \u20ac Haamrihind: 4600 \u20ac L\u00f5petatud ja terviklik, ent kunstniku poolt signeerimata j\u00e4\u00e4nud et\u00fc\u00fcd, milles ruumilahendust rikastab vasakul olev trepp ning kus v\u00e4rv k\u00f5lab k\u00fcpselt ja s\u00fcgavalt. (Mai Levin) &hellip;<\/p>\n<p class=\"read-more\"> <a class=\"\" href=\"https:\/\/raivo.korstnik.eu\/en\/kataloog\/765\/\"> <span class=\"screen-reader-text\">Mehe portree<\/span> Read More &raquo;<\/a><\/p>","protected":false},"featured_media":1962,"template":"","meta":[],"product_brand":[],"product_cat":[113,114,22],"product_tag":[77,120,133,124,121,174,132],"class_list":{"0":"post-1853","1":"product","2":"type-product","3":"status-publish","4":"has-post-thumbnail","6":"product_cat-aktid","7":"product_cat-portreed","8":"product_cat-portreed-ja-aktid","9":"product_tag-35x50","10":"product_tag-akt","11":"product_tag-noar","12":"product_tag-perekogu","13":"product_tag-portree","14":"product_tag-salongis-ja-ateljees-solaris-galerii","15":"product_tag-vernissage","17":"first","18":"outofstock","19":"shipping-taxable","20":"purchasable","21":"product-type-simple"},"yoast_head":"<!-- This site is optimized with the Yoast SEO plugin v27.4 - https:\/\/yoast.com\/product\/yoast-seo-wordpress\/ -->\n<title>Mehe portree - Raivo Korstnik<\/title>\n<meta name=\"robots\" content=\"index, follow, max-snippet:-1, max-image-preview:large, max-video-preview:-1\" \/>\n<link rel=\"canonical\" href=\"https:\/\/raivo.korstnik.eu\/en\/kataloog\/765\/\" \/>\n<meta property=\"og:locale\" content=\"en_GB\" \/>\n<meta property=\"og:type\" content=\"article\" \/>\n<meta property=\"og:title\" content=\"Mehe portree - Raivo Korstnik\" \/>\n<meta property=\"og:description\" content=\"Nurk \u00fcleval paremalt on katki. Noaris m\u00fc\u00fcgis, 900\u20ac, siis Vernissage 2024 kevad. Raivo Korstnik. \u201eMeesmodell punase r\u00e4tiga\u201c. 1960. aastad. \u00d5li. Papp. 50 x 34,8 cm. Alghind: 1500 \u20ac Haamrihind: 4600 \u20ac L\u00f5petatud ja terviklik, ent kunstniku poolt signeerimata j\u00e4\u00e4nud et\u00fc\u00fcd, milles ruumilahendust rikastab vasakul olev trepp ning kus v\u00e4rv k\u00f5lab k\u00fcpselt ja s\u00fcgavalt. (Mai Levin) &hellip; Mehe portree Read More &raquo;\" \/>\n<meta property=\"og:url\" content=\"https:\/\/raivo.korstnik.eu\/en\/kataloog\/765\/\" \/>\n<meta property=\"og:site_name\" content=\"Raivo Korstnik\" \/>\n<meta property=\"article:modified_time\" content=\"2024-09-20T11:12:09+00:00\" \/>\n<meta property=\"og:image\" content=\"https:\/\/raivo.korstnik.eu\/wp-content\/uploads\/24-726x1024.png\" \/>\n\t<meta property=\"og:image:width\" content=\"726\" \/>\n\t<meta property=\"og:image:height\" content=\"1024\" \/>\n\t<meta property=\"og:image:type\" content=\"image\/png\" \/>\n<meta name=\"twitter:card\" content=\"summary_large_image\" \/>\n<meta name=\"twitter:label1\" content=\"Estimated reading time\" \/>\n\t<meta name=\"twitter:data1\" content=\"1 minute\" \/>\n<script type=\"application\/ld+json\" class=\"yoast-schema-graph\">{\"@context\":\"https:\\\/\\\/schema.org\",\"@graph\":[{\"@type\":\"WebPage\",\"@id\":\"https:\\\/\\\/raivo.korstnik.eu\\\/kataloog\\\/765\\\/\",\"url\":\"https:\\\/\\\/raivo.korstnik.eu\\\/kataloog\\\/765\\\/\",\"name\":\"Mehe portree - Raivo Korstnik\",\"isPartOf\":{\"@id\":\"https:\\\/\\\/raivo.korstnik.eu\\\/#website\"},\"primaryImageOfPage\":{\"@id\":\"https:\\\/\\\/raivo.korstnik.eu\\\/kataloog\\\/765\\\/#primaryimage\"},\"image\":{\"@id\":\"https:\\\/\\\/raivo.korstnik.eu\\\/kataloog\\\/765\\\/#primaryimage\"},\"thumbnailUrl\":\"https:\\\/\\\/raivo.korstnik.eu\\\/wp-content\\\/uploads\\\/24.png\",\"datePublished\":\"2020-10-24T17:29:58+00:00\",\"dateModified\":\"2024-09-20T11:12:09+00:00\",\"breadcrumb\":{\"@id\":\"https:\\\/\\\/raivo.korstnik.eu\\\/kataloog\\\/765\\\/#breadcrumb\"},\"inLanguage\":\"en-GB\",\"potentialAction\":[{\"@type\":\"ReadAction\",\"target\":[\"https:\\\/\\\/raivo.korstnik.eu\\\/kataloog\\\/765\\\/\"]}]},{\"@type\":\"ImageObject\",\"inLanguage\":\"en-GB\",\"@id\":\"https:\\\/\\\/raivo.korstnik.eu\\\/kataloog\\\/765\\\/#primaryimage\",\"url\":\"https:\\\/\\\/raivo.korstnik.eu\\\/wp-content\\\/uploads\\\/24.png\",\"contentUrl\":\"https:\\\/\\\/raivo.korstnik.eu\\\/wp-content\\\/uploads\\\/24.png\",\"width\":937,\"height\":1322},{\"@type\":\"BreadcrumbList\",\"@id\":\"https:\\\/\\\/raivo.korstnik.eu\\\/kataloog\\\/765\\\/#breadcrumb\",\"itemListElement\":[{\"@type\":\"ListItem\",\"position\":1,\"name\":\"Home\",\"item\":\"https:\\\/\\\/raivo.korstnik.eu\\\/\"},{\"@type\":\"ListItem\",\"position\":2,\"name\":\"Teosed\",\"item\":\"https:\\\/\\\/raivo.korstnik.eu\\\/teosed\\\/\"},{\"@type\":\"ListItem\",\"position\":3,\"name\":\"Mehe portree\"}]},{\"@type\":\"WebSite\",\"@id\":\"https:\\\/\\\/raivo.korstnik.eu\\\/#website\",\"url\":\"https:\\\/\\\/raivo.korstnik.eu\\\/\",\"name\":\"Raivo Korstnik\",\"description\":\"\",\"potentialAction\":[{\"@type\":\"SearchAction\",\"target\":{\"@type\":\"EntryPoint\",\"urlTemplate\":\"https:\\\/\\\/raivo.korstnik.eu\\\/?s={search_term_string}\"},\"query-input\":{\"@type\":\"PropertyValueSpecification\",\"valueRequired\":true,\"valueName\":\"search_term_string\"}}],\"inLanguage\":\"en-GB\"}]}<\/script>\n<!-- \/ Yoast SEO plugin. -->","yoast_head_json":{"title":"Mehe portree - Raivo Korstnik","robots":{"index":"index","follow":"follow","max-snippet":"max-snippet:-1","max-image-preview":"max-image-preview:large","max-video-preview":"max-video-preview:-1"},"canonical":"https:\/\/raivo.korstnik.eu\/en\/kataloog\/765\/","og_locale":"en_GB","og_type":"article","og_title":"Mehe portree - Raivo Korstnik","og_description":"Nurk \u00fcleval paremalt on katki. Noaris m\u00fc\u00fcgis, 900\u20ac, siis Vernissage 2024 kevad. Raivo Korstnik. \u201eMeesmodell punase r\u00e4tiga\u201c. 1960. aastad. \u00d5li. Papp. 50 x 34,8 cm. Alghind: 1500 \u20ac Haamrihind: 4600 \u20ac L\u00f5petatud ja terviklik, ent kunstniku poolt signeerimata j\u00e4\u00e4nud et\u00fc\u00fcd, milles ruumilahendust rikastab vasakul olev trepp ning kus v\u00e4rv k\u00f5lab k\u00fcpselt ja s\u00fcgavalt. (Mai Levin) &hellip; Mehe portree Read More &raquo;","og_url":"https:\/\/raivo.korstnik.eu\/en\/kataloog\/765\/","og_site_name":"Raivo Korstnik","article_modified_time":"2024-09-20T11:12:09+00:00","og_image":[{"width":726,"height":1024,"url":"https:\/\/raivo.korstnik.eu\/wp-content\/uploads\/24-726x1024.png","type":"image\/png"}],"twitter_card":"summary_large_image","twitter_misc":{"Estimated reading time":"1 minute"},"schema":{"@context":"https:\/\/schema.org","@graph":[{"@type":"WebPage","@id":"https:\/\/raivo.korstnik.eu\/kataloog\/765\/","url":"https:\/\/raivo.korstnik.eu\/kataloog\/765\/","name":"Mehe portree - Raivo Korstnik","isPartOf":{"@id":"https:\/\/raivo.korstnik.eu\/#website"},"primaryImageOfPage":{"@id":"https:\/\/raivo.korstnik.eu\/kataloog\/765\/#primaryimage"},"image":{"@id":"https:\/\/raivo.korstnik.eu\/kataloog\/765\/#primaryimage"},"thumbnailUrl":"https:\/\/raivo.korstnik.eu\/wp-content\/uploads\/24.png","datePublished":"2020-10-24T17:29:58+00:00","dateModified":"2024-09-20T11:12:09+00:00","breadcrumb":{"@id":"https:\/\/raivo.korstnik.eu\/kataloog\/765\/#breadcrumb"},"inLanguage":"en-GB","potentialAction":[{"@type":"ReadAction","target":["https:\/\/raivo.korstnik.eu\/kataloog\/765\/"]}]},{"@type":"ImageObject","inLanguage":"en-GB","@id":"https:\/\/raivo.korstnik.eu\/kataloog\/765\/#primaryimage","url":"https:\/\/raivo.korstnik.eu\/wp-content\/uploads\/24.png","contentUrl":"https:\/\/raivo.korstnik.eu\/wp-content\/uploads\/24.png","width":937,"height":1322},{"@type":"BreadcrumbList","@id":"https:\/\/raivo.korstnik.eu\/kataloog\/765\/#breadcrumb","itemListElement":[{"@type":"ListItem","position":1,"name":"Home","item":"https:\/\/raivo.korstnik.eu\/"},{"@type":"ListItem","position":2,"name":"Teosed","item":"https:\/\/raivo.korstnik.eu\/teosed\/"},{"@type":"ListItem","position":3,"name":"Mehe portree"}]},{"@type":"WebSite","@id":"https:\/\/raivo.korstnik.eu\/#website","url":"https:\/\/raivo.korstnik.eu\/","name":"Raivo Korstnik","description":"","potentialAction":[{"@type":"SearchAction","target":{"@type":"EntryPoint","urlTemplate":"https:\/\/raivo.korstnik.eu\/?s={search_term_string}"},"query-input":{"@type":"PropertyValueSpecification","valueRequired":true,"valueName":"search_term_string"}}],"inLanguage":"en-GB"}]}},"_links":{"self":[{"href":"https:\/\/raivo.korstnik.eu\/en\/wp-json\/wp\/v2\/product\/1853","targetHints":{"allow":["GET"]}}],"collection":[{"href":"https:\/\/raivo.korstnik.eu\/en\/wp-json\/wp\/v2\/product"}],"about":[{"href":"https:\/\/raivo.korstnik.eu\/en\/wp-json\/wp\/v2\/types\/product"}],"wp:featuredmedia":[{"embeddable":true,"href":"https:\/\/raivo.korstnik.eu\/en\/wp-json\/wp\/v2\/media\/1962"}],"wp:attachment":[{"href":"https:\/\/raivo.korstnik.eu\/en\/wp-json\/wp\/v2\/media?parent=1853"}],"wp:term":[{"taxonomy":"product_brand","embeddable":true,"href":"https:\/\/raivo.korstnik.eu\/en\/wp-json\/wp\/v2\/product_brand?post=1853"},{"taxonomy":"product_cat","embeddable":true,"href":"https:\/\/raivo.korstnik.eu\/en\/wp-json\/wp\/v2\/product_cat?post=1853"},{"taxonomy":"product_tag","embeddable":true,"href":"https:\/\/raivo.korstnik.eu\/en\/wp-json\/wp\/v2\/product_tag?post=1853"}],"curies":[{"name":"wp","href":"https:\/\/api.w.org\/{rel}","templated":true}]}}