{"id":1870,"date":"2020-10-24T17:46:24","date_gmt":"2020-10-24T17:46:24","guid":{"rendered":"https:\/\/www.lennuk.eu\/korstnik\/korstnik\/raivo\/?post_type=product&#038;p=1870"},"modified":"2024-09-20T11:19:51","modified_gmt":"2024-09-20T11:19:51","slug":"221","status":"publish","type":"product","link":"https:\/\/raivo.korstnik.eu\/en\/kataloog\/221\/","title":{"rendered":"Surnud maastik"},"content":{"rendered":"<p>Huvitav s\u00fcrrealistliku h\u00f5nguga t\u00f6\u00f6, mis \u00fchtlasi kajastab juba tollal \u00fchiskonnale muret teinud keskkonnaprobleeme. (ML)<\/p>\n<p>Korstniku loomep\u00e4rand on oksjonil esinema hakanud suhteliselt hiljuti, seda peamiselt aktide, aga ka loodus,- linna- ja t\u00f6\u00f6stusmaastike n\u00e4ol, millest enamus on identifitseeritavad, konkreetsed. Selles perspektiivis on taoline anon\u00fc\u00fcmne, justkui teiselt planeedilt p\u00e4rit maastik kahtlemata erandlik. Teost v\u00f5ib v\u00f5rrelda Eesti Kunstimuuseumi kogusse kuuluva, k\u00fcmmekond aastat varasema \u201eK\u00e4ndudega\u201c, m\u00f5lemast aimdub Salvador Dali\u2019le omaseid s\u00fcrreaalseid vorme. (TS)<\/p>\n<p>All vasakul: RK76 P\u00f6\u00f6rdel kunstniku autograaf: Raivo Korstnik \u201cSurnud maastik\u201d 1976.a \u00f5li,l\u00f5uend \/kartong (50 x 70)<\/p>\n<p>Suurus raamiga: 59.5 x 79.5 cm.<br \/>\nKategooria: Eesti moodsa klassika kevadoksjon 2022<\/p>\n<blockquote class=\"wp-embedded-content\" data-secret=\"lDCYz5x55K\"><p><a href=\"https:\/\/vernissage.ee\/toode\/raivo-korstnik-surnud-maastik-1976-oli-louend-kleebitud-papile-50-x-70-cm-alghind-3100-e-haamrihind-e\/\">17. Raivo Korstnik. Surnud maastik. 1976. \u00d5li. L\u00f5uend, kleebitud papile. 50 x 70 cm. Alghind: 3100 \u20ac Haamrihind: 3100 \u20ac<\/a><\/p><\/blockquote>\n<p><iframe class=\"wp-embedded-content\" sandbox=\"allow-scripts\" security=\"restricted\" style=\"position: absolute; visibility: hidden;\" title=\"&#8220;17. Raivo Korstnik. Surnud maastik. 1976. \u00d5li. L\u00f5uend, kleebitud papile. 50 x 70 cm. Alghind: 3100 \u20ac Haamrihind: 3100 \u20ac&#8221; &#8212; VERNISSAGE kunstigalerii\" src=\"https:\/\/vernissage.ee\/toode\/raivo-korstnik-surnud-maastik-1976-oli-louend-kleebitud-papile-50-x-70-cm-alghind-3100-e-haamrihind-e\/embed\/#?secret=lDCYz5x55K\" data-secret=\"lDCYz5x55K\" width=\"500\" height=\"282\" frameborder=\"0\" marginwidth=\"0\" marginheight=\"0\" scrolling=\"no\"><\/iframe><\/p>","protected":false},"excerpt":{"rendered":"<p>Huvitav s\u00fcrrealistliku h\u00f5nguga t\u00f6\u00f6, mis \u00fchtlasi kajastab juba tollal \u00fchiskonnale muret teinud keskkonnaprobleeme. (ML)<\/p>\n<p>Korstniku loomep\u00e4rand on oksjonil esinema hakanud suhteliselt hiljuti, seda peamiselt aktide, aga ka loodus,- linna- ja t\u00f6\u00f6stusmaastike n\u00e4ol, millest enamus on identifitseeritavad, konkreetsed. Selles perspektiivis on taoline anon\u00fc\u00fcmne, justkui teiselt planeedilt p\u00e4rit maastik kahtlemata erandlik. Teost v\u00f5ib v\u00f5rrelda Eesti Kunstimuuseumi kogusse kuuluva, k\u00fcmmekond aastat varasema \u201eK\u00e4ndudega\u201c, m\u00f5lemast aimdub Salvador Dali\u2019le omaseid s\u00fcrreaalseid vorme. (TS)<\/p>\n<p>All vasakul: RK76 P\u00f6\u00f6rdel kunstniku autograaf: Raivo Korstnik \u201cSurnud maastik\u201d 1976.a \u00f5li,l\u00f5uend \/kartong (50 x 70)<\/p>\n<p>Suurus raamiga: 59.5 x 79.5 cm.<\/p>\n<p>Allikas: <a href=\"https:\/\/vernissage.ee\/toode\/raivo-korstnik-surnud-maastik-1976-oli-louend-kleebitud-papile-50-x-70-cm-alghind-3100-e-haamrihind-e\/\">galerii Vernissage<\/a><\/p>","protected":false},"featured_media":1968,"template":"","meta":[],"product_brand":[],"product_cat":[21,23],"product_tag":[27,122,123,132],"class_list":{"0":"post-1870","1":"product","2":"type-product","3":"status-publish","4":"has-post-thumbnail","6":"product_cat-moodne","7":"product_cat-maastikud","8":"product_tag-70x50","9":"product_tag-maastik","10":"product_tag-moodne","11":"product_tag-vernissage","13":"first","14":"outofstock","15":"shipping-taxable","16":"purchasable","17":"product-type-simple"},"yoast_head":"<!-- This site is optimized with the Yoast SEO plugin v27.4 - https:\/\/yoast.com\/product\/yoast-seo-wordpress\/ -->\n<title>Surnud maastik - Raivo Korstnik<\/title>\n<meta name=\"robots\" content=\"index, follow, max-snippet:-1, max-image-preview:large, max-video-preview:-1\" \/>\n<link rel=\"canonical\" href=\"https:\/\/raivo.korstnik.eu\/en\/kataloog\/221\/\" \/>\n<meta property=\"og:locale\" content=\"en_GB\" \/>\n<meta property=\"og:type\" content=\"article\" \/>\n<meta property=\"og:title\" content=\"Surnud maastik - Raivo Korstnik\" \/>\n<meta property=\"og:description\" content=\"Huvitav s\u00fcrrealistliku h\u00f5nguga t\u00f6\u00f6, mis \u00fchtlasi kajastab juba tollal \u00fchiskonnale muret teinud keskkonnaprobleeme. (ML)  Korstniku loomep\u00e4rand on oksjonil esinema hakanud suhteliselt hiljuti, seda peamiselt aktide, aga ka loodus,- linna- ja t\u00f6\u00f6stusmaastike n\u00e4ol, millest enamus on identifitseeritavad, konkreetsed. Selles perspektiivis on taoline anon\u00fc\u00fcmne, justkui teiselt planeedilt p\u00e4rit maastik kahtlemata erandlik. Teost v\u00f5ib v\u00f5rrelda Eesti Kunstimuuseumi kogusse kuuluva, k\u00fcmmekond aastat varasema \u201eK\u00e4ndudega\u201c, m\u00f5lemast aimdub Salvador Dali\u2019le omaseid s\u00fcrreaalseid vorme. (TS)  All vasakul: RK76 P\u00f6\u00f6rdel kunstniku autograaf: Raivo Korstnik \u201cSurnud maastik\u201d 1976.a \u00f5li,l\u00f5uend \/kartong (50 x 70)  Suurus raamiga: 59.5 x 79.5 cm.  Allikas: galerii Vernissage\" \/>\n<meta property=\"og:url\" content=\"https:\/\/raivo.korstnik.eu\/en\/kataloog\/221\/\" \/>\n<meta property=\"og:site_name\" content=\"Raivo Korstnik\" \/>\n<meta property=\"article:modified_time\" content=\"2024-09-20T11:19:51+00:00\" \/>\n<meta property=\"og:image\" content=\"https:\/\/raivo.korstnik.eu\/wp-content\/uploads\/32-1024x739.png\" \/>\n\t<meta property=\"og:image:width\" content=\"1024\" \/>\n\t<meta property=\"og:image:height\" content=\"739\" \/>\n\t<meta property=\"og:image:type\" content=\"image\/png\" \/>\n<meta name=\"twitter:card\" content=\"summary_large_image\" \/>\n<meta name=\"twitter:label1\" content=\"Estimated reading time\" \/>\n\t<meta name=\"twitter:data1\" content=\"1 minute\" \/>\n<script type=\"application\/ld+json\" class=\"yoast-schema-graph\">{\"@context\":\"https:\\\/\\\/schema.org\",\"@graph\":[{\"@type\":\"WebPage\",\"@id\":\"https:\\\/\\\/raivo.korstnik.eu\\\/kataloog\\\/221\\\/\",\"url\":\"https:\\\/\\\/raivo.korstnik.eu\\\/kataloog\\\/221\\\/\",\"name\":\"Surnud maastik - Raivo Korstnik\",\"isPartOf\":{\"@id\":\"https:\\\/\\\/raivo.korstnik.eu\\\/#website\"},\"primaryImageOfPage\":{\"@id\":\"https:\\\/\\\/raivo.korstnik.eu\\\/kataloog\\\/221\\\/#primaryimage\"},\"image\":{\"@id\":\"https:\\\/\\\/raivo.korstnik.eu\\\/kataloog\\\/221\\\/#primaryimage\"},\"thumbnailUrl\":\"https:\\\/\\\/raivo.korstnik.eu\\\/wp-content\\\/uploads\\\/32.png\",\"datePublished\":\"2020-10-24T17:46:24+00:00\",\"dateModified\":\"2024-09-20T11:19:51+00:00\",\"breadcrumb\":{\"@id\":\"https:\\\/\\\/raivo.korstnik.eu\\\/kataloog\\\/221\\\/#breadcrumb\"},\"inLanguage\":\"en-GB\",\"potentialAction\":[{\"@type\":\"ReadAction\",\"target\":[\"https:\\\/\\\/raivo.korstnik.eu\\\/kataloog\\\/221\\\/\"]}]},{\"@type\":\"ImageObject\",\"inLanguage\":\"en-GB\",\"@id\":\"https:\\\/\\\/raivo.korstnik.eu\\\/kataloog\\\/221\\\/#primaryimage\",\"url\":\"https:\\\/\\\/raivo.korstnik.eu\\\/wp-content\\\/uploads\\\/32.png\",\"contentUrl\":\"https:\\\/\\\/raivo.korstnik.eu\\\/wp-content\\\/uploads\\\/32.png\",\"width\":1754,\"height\":1266},{\"@type\":\"BreadcrumbList\",\"@id\":\"https:\\\/\\\/raivo.korstnik.eu\\\/kataloog\\\/221\\\/#breadcrumb\",\"itemListElement\":[{\"@type\":\"ListItem\",\"position\":1,\"name\":\"Home\",\"item\":\"https:\\\/\\\/raivo.korstnik.eu\\\/\"},{\"@type\":\"ListItem\",\"position\":2,\"name\":\"Teosed\",\"item\":\"https:\\\/\\\/raivo.korstnik.eu\\\/teosed\\\/\"},{\"@type\":\"ListItem\",\"position\":3,\"name\":\"Surnud maastik\"}]},{\"@type\":\"WebSite\",\"@id\":\"https:\\\/\\\/raivo.korstnik.eu\\\/#website\",\"url\":\"https:\\\/\\\/raivo.korstnik.eu\\\/\",\"name\":\"Raivo Korstnik\",\"description\":\"\",\"potentialAction\":[{\"@type\":\"SearchAction\",\"target\":{\"@type\":\"EntryPoint\",\"urlTemplate\":\"https:\\\/\\\/raivo.korstnik.eu\\\/?s={search_term_string}\"},\"query-input\":{\"@type\":\"PropertyValueSpecification\",\"valueRequired\":true,\"valueName\":\"search_term_string\"}}],\"inLanguage\":\"en-GB\"}]}<\/script>\n<!-- \/ Yoast SEO plugin. -->","yoast_head_json":{"title":"Surnud maastik - Raivo Korstnik","robots":{"index":"index","follow":"follow","max-snippet":"max-snippet:-1","max-image-preview":"max-image-preview:large","max-video-preview":"max-video-preview:-1"},"canonical":"https:\/\/raivo.korstnik.eu\/en\/kataloog\/221\/","og_locale":"en_GB","og_type":"article","og_title":"Surnud maastik - Raivo Korstnik","og_description":"Huvitav s\u00fcrrealistliku h\u00f5nguga t\u00f6\u00f6, mis \u00fchtlasi kajastab juba tollal \u00fchiskonnale muret teinud keskkonnaprobleeme. (ML)  Korstniku loomep\u00e4rand on oksjonil esinema hakanud suhteliselt hiljuti, seda peamiselt aktide, aga ka loodus,- linna- ja t\u00f6\u00f6stusmaastike n\u00e4ol, millest enamus on identifitseeritavad, konkreetsed. Selles perspektiivis on taoline anon\u00fc\u00fcmne, justkui teiselt planeedilt p\u00e4rit maastik kahtlemata erandlik. Teost v\u00f5ib v\u00f5rrelda Eesti Kunstimuuseumi kogusse kuuluva, k\u00fcmmekond aastat varasema \u201eK\u00e4ndudega\u201c, m\u00f5lemast aimdub Salvador Dali\u2019le omaseid s\u00fcrreaalseid vorme. (TS)  All vasakul: RK76 P\u00f6\u00f6rdel kunstniku autograaf: Raivo Korstnik \u201cSurnud maastik\u201d 1976.a \u00f5li,l\u00f5uend \/kartong (50 x 70)  Suurus raamiga: 59.5 x 79.5 cm.  Allikas: galerii Vernissage","og_url":"https:\/\/raivo.korstnik.eu\/en\/kataloog\/221\/","og_site_name":"Raivo Korstnik","article_modified_time":"2024-09-20T11:19:51+00:00","og_image":[{"width":1024,"height":739,"url":"https:\/\/raivo.korstnik.eu\/wp-content\/uploads\/32-1024x739.png","type":"image\/png"}],"twitter_card":"summary_large_image","twitter_misc":{"Estimated reading time":"1 minute"},"schema":{"@context":"https:\/\/schema.org","@graph":[{"@type":"WebPage","@id":"https:\/\/raivo.korstnik.eu\/kataloog\/221\/","url":"https:\/\/raivo.korstnik.eu\/kataloog\/221\/","name":"Surnud maastik - Raivo Korstnik","isPartOf":{"@id":"https:\/\/raivo.korstnik.eu\/#website"},"primaryImageOfPage":{"@id":"https:\/\/raivo.korstnik.eu\/kataloog\/221\/#primaryimage"},"image":{"@id":"https:\/\/raivo.korstnik.eu\/kataloog\/221\/#primaryimage"},"thumbnailUrl":"https:\/\/raivo.korstnik.eu\/wp-content\/uploads\/32.png","datePublished":"2020-10-24T17:46:24+00:00","dateModified":"2024-09-20T11:19:51+00:00","breadcrumb":{"@id":"https:\/\/raivo.korstnik.eu\/kataloog\/221\/#breadcrumb"},"inLanguage":"en-GB","potentialAction":[{"@type":"ReadAction","target":["https:\/\/raivo.korstnik.eu\/kataloog\/221\/"]}]},{"@type":"ImageObject","inLanguage":"en-GB","@id":"https:\/\/raivo.korstnik.eu\/kataloog\/221\/#primaryimage","url":"https:\/\/raivo.korstnik.eu\/wp-content\/uploads\/32.png","contentUrl":"https:\/\/raivo.korstnik.eu\/wp-content\/uploads\/32.png","width":1754,"height":1266},{"@type":"BreadcrumbList","@id":"https:\/\/raivo.korstnik.eu\/kataloog\/221\/#breadcrumb","itemListElement":[{"@type":"ListItem","position":1,"name":"Home","item":"https:\/\/raivo.korstnik.eu\/"},{"@type":"ListItem","position":2,"name":"Teosed","item":"https:\/\/raivo.korstnik.eu\/teosed\/"},{"@type":"ListItem","position":3,"name":"Surnud maastik"}]},{"@type":"WebSite","@id":"https:\/\/raivo.korstnik.eu\/#website","url":"https:\/\/raivo.korstnik.eu\/","name":"Raivo Korstnik","description":"","potentialAction":[{"@type":"SearchAction","target":{"@type":"EntryPoint","urlTemplate":"https:\/\/raivo.korstnik.eu\/?s={search_term_string}"},"query-input":{"@type":"PropertyValueSpecification","valueRequired":true,"valueName":"search_term_string"}}],"inLanguage":"en-GB"}]}},"_links":{"self":[{"href":"https:\/\/raivo.korstnik.eu\/en\/wp-json\/wp\/v2\/product\/1870","targetHints":{"allow":["GET"]}}],"collection":[{"href":"https:\/\/raivo.korstnik.eu\/en\/wp-json\/wp\/v2\/product"}],"about":[{"href":"https:\/\/raivo.korstnik.eu\/en\/wp-json\/wp\/v2\/types\/product"}],"wp:featuredmedia":[{"embeddable":true,"href":"https:\/\/raivo.korstnik.eu\/en\/wp-json\/wp\/v2\/media\/1968"}],"wp:attachment":[{"href":"https:\/\/raivo.korstnik.eu\/en\/wp-json\/wp\/v2\/media?parent=1870"}],"wp:term":[{"taxonomy":"product_brand","embeddable":true,"href":"https:\/\/raivo.korstnik.eu\/en\/wp-json\/wp\/v2\/product_brand?post=1870"},{"taxonomy":"product_cat","embeddable":true,"href":"https:\/\/raivo.korstnik.eu\/en\/wp-json\/wp\/v2\/product_cat?post=1870"},{"taxonomy":"product_tag","embeddable":true,"href":"https:\/\/raivo.korstnik.eu\/en\/wp-json\/wp\/v2\/product_tag?post=1870"}],"curies":[{"name":"wp","href":"https:\/\/api.w.org\/{rel}","templated":true}]}}