{"id":2092,"date":"2020-10-26T10:52:34","date_gmt":"2020-10-26T10:52:34","guid":{"rendered":"https:\/\/www.lennuk.eu\/korstnik\/korstnik\/raivo\/?post_type=product&#038;p=2092"},"modified":"2023-02-20T12:47:11","modified_gmt":"2023-02-20T12:47:11","slug":"133","status":"publish","type":"product","link":"https:\/\/raivo.korstnik.eu\/en\/kataloog\/133\/","title":{"rendered":"J\u00e4rv paadi ja sillaga"},"content":{"rendered":"<h2 id=\"pealkiri\">J\u00e4rv paadi ja sillaga. 1961<\/h2>\n<p id=\"teos\">\u00d5li, l\u00f5uend. 58 x 79 cm<br \/>\nhind <strong>1 152<\/strong> <strong class=\"myydud\">(m\u00fc\u00fcdud)<\/strong><\/p>\n<p>Haus.ee<\/p>\n<p>&nbsp;<\/p>\n<p>Raivo Korstnik on \u00fcks 1960ndate omap\u00e4rasemaid kunstnikke, kelle t\u00f6\u00f6d jagasid suuresti samal perioodil teiste kunstnike t\u00f6\u00f6des esile kerkinud uuenduslikke jooni. \u201cJ\u00e4rv paadi ja sillaga\u201d kannab temaatiliselt edasi 30ndate \u00f5rna taluromantilist vaimu, kujutades loodusmotiivi koos j\u00e4lgedega inimesest. Ent vormiliselt liigub Korstnik juba teises laines, n\u00e4hes maastikku geomeetriliste skeemidena ning liikudes pintsliga \u00e4kilisi l\u00f6\u00f6ke andes. Tema v\u00e4rvid on kantud l\u00f5uendile v\u00e4ga konkreetsetena, loobudes pallaslikust v\u00e4rvik\u00e4sitlusest ja asendades selle j\u00f5uliselt uuendusliku l\u00e4henemisega.<\/p>","protected":false},"excerpt":{"rendered":"<p>J\u00e4rv paadi ja sillaga. 1961 \u00d5li, l\u00f5uend. 58 x 79 cm hind 1 152 (m\u00fc\u00fcdud) Haus.ee &nbsp; Raivo Korstnik on \u00fcks 1960ndate omap\u00e4rasemaid kunstnikke, kelle t\u00f6\u00f6d jagasid suuresti samal perioodil teiste kunstnike t\u00f6\u00f6des esile kerkinud uuenduslikke jooni. \u201cJ\u00e4rv paadi ja sillaga\u201d kannab temaatiliselt edasi 30ndate \u00f5rna taluromantilist vaimu, kujutades loodusmotiivi koos j\u00e4lgedega inimesest. Ent vormiliselt &hellip;<\/p>\n<p class=\"read-more\"> <a class=\"\" href=\"https:\/\/raivo.korstnik.eu\/en\/kataloog\/133\/\"> <span class=\"screen-reader-text\">J\u00e4rv paadi ja sillaga<\/span> Read More &raquo;<\/a><\/p>","protected":false},"featured_media":4163,"template":"","meta":[],"product_brand":[],"product_cat":[31,23],"product_tag":[88,128,122],"class_list":{"0":"post-2092","1":"product","2":"type-product","3":"status-publish","4":"has-post-thumbnail","6":"product_cat-kalurid-ja-meri","7":"product_cat-maastikud","8":"product_tag-haus","9":"product_tag-kalurid","10":"product_tag-maastik","12":"first","13":"outofstock","14":"shipping-taxable","15":"product-type-simple"},"yoast_head":"<!-- This site is optimized with the Yoast SEO plugin v27.4 - https:\/\/yoast.com\/product\/yoast-seo-wordpress\/ -->\n<title>J\u00e4rv paadi ja sillaga - Raivo Korstnik<\/title>\n<meta name=\"robots\" content=\"index, follow, max-snippet:-1, max-image-preview:large, max-video-preview:-1\" \/>\n<link rel=\"canonical\" href=\"https:\/\/raivo.korstnik.eu\/en\/kataloog\/133\/\" \/>\n<meta property=\"og:locale\" content=\"en_GB\" \/>\n<meta property=\"og:type\" content=\"article\" \/>\n<meta property=\"og:title\" content=\"J\u00e4rv paadi ja sillaga - Raivo Korstnik\" \/>\n<meta property=\"og:description\" content=\"J\u00e4rv paadi ja sillaga. 1961 \u00d5li, l\u00f5uend. 58 x 79 cm hind 1 152 (m\u00fc\u00fcdud) Haus.ee &nbsp; Raivo Korstnik on \u00fcks 1960ndate omap\u00e4rasemaid kunstnikke, kelle t\u00f6\u00f6d jagasid suuresti samal perioodil teiste kunstnike t\u00f6\u00f6des esile kerkinud uuenduslikke jooni. \u201cJ\u00e4rv paadi ja sillaga\u201d kannab temaatiliselt edasi 30ndate \u00f5rna taluromantilist vaimu, kujutades loodusmotiivi koos j\u00e4lgedega inimesest. Ent vormiliselt &hellip; J\u00e4rv paadi ja sillaga Read More &raquo;\" \/>\n<meta property=\"og:url\" content=\"https:\/\/raivo.korstnik.eu\/en\/kataloog\/133\/\" \/>\n<meta property=\"og:site_name\" content=\"Raivo Korstnik\" \/>\n<meta property=\"article:modified_time\" content=\"2023-02-20T12:47:11+00:00\" \/>\n<meta property=\"og:image\" content=\"https:\/\/raivo.korstnik.eu\/wp-content\/uploads\/RK133-Ja\u0308rv-paadi-ja-sillaga-haus.jpg\" \/>\n\t<meta property=\"og:image:width\" content=\"1401\" \/>\n\t<meta property=\"og:image:height\" content=\"1000\" \/>\n\t<meta property=\"og:image:type\" content=\"image\/jpeg\" \/>\n<meta name=\"twitter:card\" content=\"summary_large_image\" \/>\n<script type=\"application\/ld+json\" class=\"yoast-schema-graph\">{\"@context\":\"https:\\\/\\\/schema.org\",\"@graph\":[{\"@type\":\"WebPage\",\"@id\":\"https:\\\/\\\/raivo.korstnik.eu\\\/kataloog\\\/133\\\/\",\"url\":\"https:\\\/\\\/raivo.korstnik.eu\\\/kataloog\\\/133\\\/\",\"name\":\"J\u00e4rv paadi ja sillaga - Raivo Korstnik\",\"isPartOf\":{\"@id\":\"https:\\\/\\\/raivo.korstnik.eu\\\/#website\"},\"primaryImageOfPage\":{\"@id\":\"https:\\\/\\\/raivo.korstnik.eu\\\/kataloog\\\/133\\\/#primaryimage\"},\"image\":{\"@id\":\"https:\\\/\\\/raivo.korstnik.eu\\\/kataloog\\\/133\\\/#primaryimage\"},\"thumbnailUrl\":\"https:\\\/\\\/raivo.korstnik.eu\\\/wp-content\\\/uploads\\\/RK133-Ja\u0308rv-paadi-ja-sillaga-haus.jpg\",\"datePublished\":\"2020-10-26T10:52:34+00:00\",\"dateModified\":\"2023-02-20T12:47:11+00:00\",\"breadcrumb\":{\"@id\":\"https:\\\/\\\/raivo.korstnik.eu\\\/kataloog\\\/133\\\/#breadcrumb\"},\"inLanguage\":\"en-GB\",\"potentialAction\":[{\"@type\":\"ReadAction\",\"target\":[\"https:\\\/\\\/raivo.korstnik.eu\\\/kataloog\\\/133\\\/\"]}]},{\"@type\":\"ImageObject\",\"inLanguage\":\"en-GB\",\"@id\":\"https:\\\/\\\/raivo.korstnik.eu\\\/kataloog\\\/133\\\/#primaryimage\",\"url\":\"https:\\\/\\\/raivo.korstnik.eu\\\/wp-content\\\/uploads\\\/RK133-Ja\u0308rv-paadi-ja-sillaga-haus.jpg\",\"contentUrl\":\"https:\\\/\\\/raivo.korstnik.eu\\\/wp-content\\\/uploads\\\/RK133-Ja\u0308rv-paadi-ja-sillaga-haus.jpg\",\"width\":1401,\"height\":1000},{\"@type\":\"BreadcrumbList\",\"@id\":\"https:\\\/\\\/raivo.korstnik.eu\\\/kataloog\\\/133\\\/#breadcrumb\",\"itemListElement\":[{\"@type\":\"ListItem\",\"position\":1,\"name\":\"Home\",\"item\":\"https:\\\/\\\/raivo.korstnik.eu\\\/\"},{\"@type\":\"ListItem\",\"position\":2,\"name\":\"Teosed\",\"item\":\"https:\\\/\\\/raivo.korstnik.eu\\\/teosed\\\/\"},{\"@type\":\"ListItem\",\"position\":3,\"name\":\"J\u00e4rv paadi ja sillaga\"}]},{\"@type\":\"WebSite\",\"@id\":\"https:\\\/\\\/raivo.korstnik.eu\\\/#website\",\"url\":\"https:\\\/\\\/raivo.korstnik.eu\\\/\",\"name\":\"Raivo Korstnik\",\"description\":\"\",\"potentialAction\":[{\"@type\":\"SearchAction\",\"target\":{\"@type\":\"EntryPoint\",\"urlTemplate\":\"https:\\\/\\\/raivo.korstnik.eu\\\/?s={search_term_string}\"},\"query-input\":{\"@type\":\"PropertyValueSpecification\",\"valueRequired\":true,\"valueName\":\"search_term_string\"}}],\"inLanguage\":\"en-GB\"}]}<\/script>\n<!-- \/ Yoast SEO plugin. -->","yoast_head_json":{"title":"J\u00e4rv paadi ja sillaga - Raivo Korstnik","robots":{"index":"index","follow":"follow","max-snippet":"max-snippet:-1","max-image-preview":"max-image-preview:large","max-video-preview":"max-video-preview:-1"},"canonical":"https:\/\/raivo.korstnik.eu\/en\/kataloog\/133\/","og_locale":"en_GB","og_type":"article","og_title":"J\u00e4rv paadi ja sillaga - Raivo Korstnik","og_description":"J\u00e4rv paadi ja sillaga. 1961 \u00d5li, l\u00f5uend. 58 x 79 cm hind 1 152 (m\u00fc\u00fcdud) Haus.ee &nbsp; Raivo Korstnik on \u00fcks 1960ndate omap\u00e4rasemaid kunstnikke, kelle t\u00f6\u00f6d jagasid suuresti samal perioodil teiste kunstnike t\u00f6\u00f6des esile kerkinud uuenduslikke jooni. \u201cJ\u00e4rv paadi ja sillaga\u201d kannab temaatiliselt edasi 30ndate \u00f5rna taluromantilist vaimu, kujutades loodusmotiivi koos j\u00e4lgedega inimesest. Ent vormiliselt &hellip; J\u00e4rv paadi ja sillaga Read More &raquo;","og_url":"https:\/\/raivo.korstnik.eu\/en\/kataloog\/133\/","og_site_name":"Raivo Korstnik","article_modified_time":"2023-02-20T12:47:11+00:00","og_image":[{"width":1401,"height":1000,"url":"https:\/\/raivo.korstnik.eu\/wp-content\/uploads\/RK133-Ja\u0308rv-paadi-ja-sillaga-haus.jpg","type":"image\/jpeg"}],"twitter_card":"summary_large_image","schema":{"@context":"https:\/\/schema.org","@graph":[{"@type":"WebPage","@id":"https:\/\/raivo.korstnik.eu\/kataloog\/133\/","url":"https:\/\/raivo.korstnik.eu\/kataloog\/133\/","name":"J\u00e4rv paadi ja sillaga - Raivo Korstnik","isPartOf":{"@id":"https:\/\/raivo.korstnik.eu\/#website"},"primaryImageOfPage":{"@id":"https:\/\/raivo.korstnik.eu\/kataloog\/133\/#primaryimage"},"image":{"@id":"https:\/\/raivo.korstnik.eu\/kataloog\/133\/#primaryimage"},"thumbnailUrl":"https:\/\/raivo.korstnik.eu\/wp-content\/uploads\/RK133-Ja\u0308rv-paadi-ja-sillaga-haus.jpg","datePublished":"2020-10-26T10:52:34+00:00","dateModified":"2023-02-20T12:47:11+00:00","breadcrumb":{"@id":"https:\/\/raivo.korstnik.eu\/kataloog\/133\/#breadcrumb"},"inLanguage":"en-GB","potentialAction":[{"@type":"ReadAction","target":["https:\/\/raivo.korstnik.eu\/kataloog\/133\/"]}]},{"@type":"ImageObject","inLanguage":"en-GB","@id":"https:\/\/raivo.korstnik.eu\/kataloog\/133\/#primaryimage","url":"https:\/\/raivo.korstnik.eu\/wp-content\/uploads\/RK133-Ja\u0308rv-paadi-ja-sillaga-haus.jpg","contentUrl":"https:\/\/raivo.korstnik.eu\/wp-content\/uploads\/RK133-Ja\u0308rv-paadi-ja-sillaga-haus.jpg","width":1401,"height":1000},{"@type":"BreadcrumbList","@id":"https:\/\/raivo.korstnik.eu\/kataloog\/133\/#breadcrumb","itemListElement":[{"@type":"ListItem","position":1,"name":"Home","item":"https:\/\/raivo.korstnik.eu\/"},{"@type":"ListItem","position":2,"name":"Teosed","item":"https:\/\/raivo.korstnik.eu\/teosed\/"},{"@type":"ListItem","position":3,"name":"J\u00e4rv paadi ja sillaga"}]},{"@type":"WebSite","@id":"https:\/\/raivo.korstnik.eu\/#website","url":"https:\/\/raivo.korstnik.eu\/","name":"Raivo Korstnik","description":"","potentialAction":[{"@type":"SearchAction","target":{"@type":"EntryPoint","urlTemplate":"https:\/\/raivo.korstnik.eu\/?s={search_term_string}"},"query-input":{"@type":"PropertyValueSpecification","valueRequired":true,"valueName":"search_term_string"}}],"inLanguage":"en-GB"}]}},"_links":{"self":[{"href":"https:\/\/raivo.korstnik.eu\/en\/wp-json\/wp\/v2\/product\/2092","targetHints":{"allow":["GET"]}}],"collection":[{"href":"https:\/\/raivo.korstnik.eu\/en\/wp-json\/wp\/v2\/product"}],"about":[{"href":"https:\/\/raivo.korstnik.eu\/en\/wp-json\/wp\/v2\/types\/product"}],"wp:featuredmedia":[{"embeddable":true,"href":"https:\/\/raivo.korstnik.eu\/en\/wp-json\/wp\/v2\/media\/4163"}],"wp:attachment":[{"href":"https:\/\/raivo.korstnik.eu\/en\/wp-json\/wp\/v2\/media?parent=2092"}],"wp:term":[{"taxonomy":"product_brand","embeddable":true,"href":"https:\/\/raivo.korstnik.eu\/en\/wp-json\/wp\/v2\/product_brand?post=2092"},{"taxonomy":"product_cat","embeddable":true,"href":"https:\/\/raivo.korstnik.eu\/en\/wp-json\/wp\/v2\/product_cat?post=2092"},{"taxonomy":"product_tag","embeddable":true,"href":"https:\/\/raivo.korstnik.eu\/en\/wp-json\/wp\/v2\/product_tag?post=2092"}],"curies":[{"name":"wp","href":"https:\/\/api.w.org\/{rel}","templated":true}]}}