{"id":2095,"date":"2020-10-26T10:55:00","date_gmt":"2020-10-26T10:55:00","guid":{"rendered":"https:\/\/www.lennuk.eu\/korstnik\/korstnik\/raivo\/?post_type=product&#038;p=2095"},"modified":"2023-02-20T12:24:09","modified_gmt":"2023-02-20T12:24:09","slug":"405","status":"publish","type":"product","link":"https:\/\/raivo.korstnik.eu\/en\/kataloog\/405\/","title":{"rendered":"Valli t\u00e4nava ja P\u00e4rnu maantee nurgal"},"content":{"rendered":"<h2 id=\"pealkiri\">Valli t\u00e4nava ja P\u00e4rnu maantee nurgal. 1960<\/h2>\n<p id=\"teos\">\u00d5li, l\u00f5uend. 58 x 79 cm<br \/>\nhind <strong>767<\/strong> <strong class=\"myydud\">(m\u00fc\u00fcdud)<\/strong><\/p>\n<p>haus.ee<\/p>\n<p>Raivo Korstnik oli oma eluajal k\u00fcll tunnustatud (\u00fcle 30 aasta kestnud \u00f5ppej\u00f5u-karj\u00e4\u00e4r), ent teatud isiklike ja loominguliste vastuolude t\u00f5ttu siiski tahaplaanile t\u00f5rjutud kunstnik, kellel toimus elu jooksul vaid \u00fcks isikn\u00e4itus. Valli t\u00e4nava ja P\u00e4rnu maantee nurgal on ilmekas n\u00e4ide, miks realismi kaanoneid r\u00f5hutanud kunstinomenklatuur Korstnikku t\u00f5rjus, ent kuidas kunstnik siiski enesele kindlaks j\u00e4\u00e4des hoopis teistsugust laadi viljeles, kui ette n\u00e4htud. Lisaks t\u00f6\u00f6 kultuuriloolisele v\u00e4\u00e4rtusele tuleb ikka ja j\u00e4lle vaadata maalimisaastat, mis muudab Korstniku t\u00f6\u00f6 silmapaistvaks mitte ainult 1950ndate sotsialistliku realismi kontekstis, vaid m\u00f5jub koguni eelm\u00e4nguna 1960ndate popkunstile. Teos on m\u00e4rkimisv\u00e4\u00e4rne ka Korstniku loomingu \u00fcldpilti arvestades, kuna erineb kohati ekspressiivsuseni ulatuvatest maastikuvaadetest.<br \/>\nKorstnik, kes kogu elu oli tihedalt seotud kinoga, j\u00e4\u00e4dvustab sarnaselt filmikaamerale oletatavasti maiparaadi toimumise kevadises Tallinnas. Esiplaanile t\u00f5usevad hoopis kergelt naivistlikud, isegi multifilmilikud v\u00e4rvid ning suur loosung Rahu m\u00f5jub propaganda asemel irooniana.<br \/>\nJa kes on see seal vasakul kolmandal korrusel?<\/p>","protected":false},"excerpt":{"rendered":"<p>Valli t\u00e4nava ja P\u00e4rnu maantee nurgal. 1960 \u00d5li, l\u00f5uend. 58 x 79 cm hind 767 (m\u00fc\u00fcdud) haus.ee Raivo Korstnik oli oma eluajal k\u00fcll tunnustatud (\u00fcle 30 aasta kestnud \u00f5ppej\u00f5u-karj\u00e4\u00e4r), ent teatud isiklike ja loominguliste vastuolude t\u00f5ttu siiski tahaplaanile t\u00f5rjutud kunstnik, kellel toimus elu jooksul vaid \u00fcks isikn\u00e4itus. Valli t\u00e4nava ja P\u00e4rnu maantee nurgal on ilmekas &hellip;<\/p>\n<p class=\"read-more\"> <a class=\"\" href=\"https:\/\/raivo.korstnik.eu\/en\/kataloog\/405\/\"> <span class=\"screen-reader-text\">Valli t\u00e4nava ja P\u00e4rnu maantee nurgal<\/span> Read More &raquo;<\/a><\/p>","protected":false},"featured_media":4159,"template":"","meta":[],"product_brand":[],"product_cat":[82],"product_tag":[88,139],"class_list":{"0":"post-2095","1":"product","2":"type-product","3":"status-publish","4":"has-post-thumbnail","6":"product_cat-linnavaade","7":"product_tag-haus","8":"product_tag-linnamaastik","10":"first","11":"outofstock","12":"shipping-taxable","13":"product-type-simple"},"yoast_head":"<!-- This site is optimized with the Yoast SEO plugin v27.4 - https:\/\/yoast.com\/product\/yoast-seo-wordpress\/ -->\n<title>Valli t\u00e4nava ja P\u00e4rnu maantee nurgal - Raivo Korstnik<\/title>\n<meta name=\"robots\" content=\"index, follow, max-snippet:-1, max-image-preview:large, max-video-preview:-1\" \/>\n<link rel=\"canonical\" href=\"https:\/\/raivo.korstnik.eu\/en\/kataloog\/405\/\" \/>\n<meta property=\"og:locale\" content=\"en_GB\" \/>\n<meta property=\"og:type\" content=\"article\" \/>\n<meta property=\"og:title\" content=\"Valli t\u00e4nava ja P\u00e4rnu maantee nurgal - Raivo Korstnik\" \/>\n<meta property=\"og:description\" content=\"Valli t\u00e4nava ja P\u00e4rnu maantee nurgal. 1960 \u00d5li, l\u00f5uend. 58 x 79 cm hind 767 (m\u00fc\u00fcdud) haus.ee Raivo Korstnik oli oma eluajal k\u00fcll tunnustatud (\u00fcle 30 aasta kestnud \u00f5ppej\u00f5u-karj\u00e4\u00e4r), ent teatud isiklike ja loominguliste vastuolude t\u00f5ttu siiski tahaplaanile t\u00f5rjutud kunstnik, kellel toimus elu jooksul vaid \u00fcks isikn\u00e4itus. Valli t\u00e4nava ja P\u00e4rnu maantee nurgal on ilmekas &hellip; Valli t\u00e4nava ja P\u00e4rnu maantee nurgal Read More &raquo;\" \/>\n<meta property=\"og:url\" content=\"https:\/\/raivo.korstnik.eu\/en\/kataloog\/405\/\" \/>\n<meta property=\"og:site_name\" content=\"Raivo Korstnik\" \/>\n<meta property=\"article:modified_time\" content=\"2023-02-20T12:24:09+00:00\" \/>\n<meta property=\"og:image\" content=\"https:\/\/raivo.korstnik.eu\/wp-content\/uploads\/RK405-haus.jpg\" \/>\n\t<meta property=\"og:image:width\" content=\"1789\" \/>\n\t<meta property=\"og:image:height\" content=\"1288\" \/>\n\t<meta property=\"og:image:type\" content=\"image\/jpeg\" \/>\n<meta name=\"twitter:card\" content=\"summary_large_image\" \/>\n<meta name=\"twitter:label1\" content=\"Estimated reading time\" \/>\n\t<meta name=\"twitter:data1\" content=\"1 minute\" \/>\n<script type=\"application\/ld+json\" class=\"yoast-schema-graph\">{\"@context\":\"https:\\\/\\\/schema.org\",\"@graph\":[{\"@type\":\"WebPage\",\"@id\":\"https:\\\/\\\/raivo.korstnik.eu\\\/kataloog\\\/405\\\/\",\"url\":\"https:\\\/\\\/raivo.korstnik.eu\\\/kataloog\\\/405\\\/\",\"name\":\"Valli t\u00e4nava ja P\u00e4rnu maantee nurgal - Raivo Korstnik\",\"isPartOf\":{\"@id\":\"https:\\\/\\\/raivo.korstnik.eu\\\/#website\"},\"primaryImageOfPage\":{\"@id\":\"https:\\\/\\\/raivo.korstnik.eu\\\/kataloog\\\/405\\\/#primaryimage\"},\"image\":{\"@id\":\"https:\\\/\\\/raivo.korstnik.eu\\\/kataloog\\\/405\\\/#primaryimage\"},\"thumbnailUrl\":\"https:\\\/\\\/raivo.korstnik.eu\\\/wp-content\\\/uploads\\\/RK405-haus.jpg\",\"datePublished\":\"2020-10-26T10:55:00+00:00\",\"dateModified\":\"2023-02-20T12:24:09+00:00\",\"breadcrumb\":{\"@id\":\"https:\\\/\\\/raivo.korstnik.eu\\\/kataloog\\\/405\\\/#breadcrumb\"},\"inLanguage\":\"en-GB\",\"potentialAction\":[{\"@type\":\"ReadAction\",\"target\":[\"https:\\\/\\\/raivo.korstnik.eu\\\/kataloog\\\/405\\\/\"]}]},{\"@type\":\"ImageObject\",\"inLanguage\":\"en-GB\",\"@id\":\"https:\\\/\\\/raivo.korstnik.eu\\\/kataloog\\\/405\\\/#primaryimage\",\"url\":\"https:\\\/\\\/raivo.korstnik.eu\\\/wp-content\\\/uploads\\\/RK405-haus.jpg\",\"contentUrl\":\"https:\\\/\\\/raivo.korstnik.eu\\\/wp-content\\\/uploads\\\/RK405-haus.jpg\",\"width\":1789,\"height\":1288},{\"@type\":\"BreadcrumbList\",\"@id\":\"https:\\\/\\\/raivo.korstnik.eu\\\/kataloog\\\/405\\\/#breadcrumb\",\"itemListElement\":[{\"@type\":\"ListItem\",\"position\":1,\"name\":\"Home\",\"item\":\"https:\\\/\\\/raivo.korstnik.eu\\\/\"},{\"@type\":\"ListItem\",\"position\":2,\"name\":\"Teosed\",\"item\":\"https:\\\/\\\/raivo.korstnik.eu\\\/teosed\\\/\"},{\"@type\":\"ListItem\",\"position\":3,\"name\":\"Valli t\u00e4nava ja P\u00e4rnu maantee nurgal\"}]},{\"@type\":\"WebSite\",\"@id\":\"https:\\\/\\\/raivo.korstnik.eu\\\/#website\",\"url\":\"https:\\\/\\\/raivo.korstnik.eu\\\/\",\"name\":\"Raivo Korstnik\",\"description\":\"\",\"potentialAction\":[{\"@type\":\"SearchAction\",\"target\":{\"@type\":\"EntryPoint\",\"urlTemplate\":\"https:\\\/\\\/raivo.korstnik.eu\\\/?s={search_term_string}\"},\"query-input\":{\"@type\":\"PropertyValueSpecification\",\"valueRequired\":true,\"valueName\":\"search_term_string\"}}],\"inLanguage\":\"en-GB\"}]}<\/script>\n<!-- \/ Yoast SEO plugin. -->","yoast_head_json":{"title":"Valli t\u00e4nava ja P\u00e4rnu maantee nurgal - Raivo Korstnik","robots":{"index":"index","follow":"follow","max-snippet":"max-snippet:-1","max-image-preview":"max-image-preview:large","max-video-preview":"max-video-preview:-1"},"canonical":"https:\/\/raivo.korstnik.eu\/en\/kataloog\/405\/","og_locale":"en_GB","og_type":"article","og_title":"Valli t\u00e4nava ja P\u00e4rnu maantee nurgal - Raivo Korstnik","og_description":"Valli t\u00e4nava ja P\u00e4rnu maantee nurgal. 1960 \u00d5li, l\u00f5uend. 58 x 79 cm hind 767 (m\u00fc\u00fcdud) haus.ee Raivo Korstnik oli oma eluajal k\u00fcll tunnustatud (\u00fcle 30 aasta kestnud \u00f5ppej\u00f5u-karj\u00e4\u00e4r), ent teatud isiklike ja loominguliste vastuolude t\u00f5ttu siiski tahaplaanile t\u00f5rjutud kunstnik, kellel toimus elu jooksul vaid \u00fcks isikn\u00e4itus. Valli t\u00e4nava ja P\u00e4rnu maantee nurgal on ilmekas &hellip; Valli t\u00e4nava ja P\u00e4rnu maantee nurgal Read More &raquo;","og_url":"https:\/\/raivo.korstnik.eu\/en\/kataloog\/405\/","og_site_name":"Raivo Korstnik","article_modified_time":"2023-02-20T12:24:09+00:00","og_image":[{"width":1789,"height":1288,"url":"https:\/\/raivo.korstnik.eu\/wp-content\/uploads\/RK405-haus.jpg","type":"image\/jpeg"}],"twitter_card":"summary_large_image","twitter_misc":{"Estimated reading time":"1 minute"},"schema":{"@context":"https:\/\/schema.org","@graph":[{"@type":"WebPage","@id":"https:\/\/raivo.korstnik.eu\/kataloog\/405\/","url":"https:\/\/raivo.korstnik.eu\/kataloog\/405\/","name":"Valli t\u00e4nava ja P\u00e4rnu maantee nurgal - Raivo Korstnik","isPartOf":{"@id":"https:\/\/raivo.korstnik.eu\/#website"},"primaryImageOfPage":{"@id":"https:\/\/raivo.korstnik.eu\/kataloog\/405\/#primaryimage"},"image":{"@id":"https:\/\/raivo.korstnik.eu\/kataloog\/405\/#primaryimage"},"thumbnailUrl":"https:\/\/raivo.korstnik.eu\/wp-content\/uploads\/RK405-haus.jpg","datePublished":"2020-10-26T10:55:00+00:00","dateModified":"2023-02-20T12:24:09+00:00","breadcrumb":{"@id":"https:\/\/raivo.korstnik.eu\/kataloog\/405\/#breadcrumb"},"inLanguage":"en-GB","potentialAction":[{"@type":"ReadAction","target":["https:\/\/raivo.korstnik.eu\/kataloog\/405\/"]}]},{"@type":"ImageObject","inLanguage":"en-GB","@id":"https:\/\/raivo.korstnik.eu\/kataloog\/405\/#primaryimage","url":"https:\/\/raivo.korstnik.eu\/wp-content\/uploads\/RK405-haus.jpg","contentUrl":"https:\/\/raivo.korstnik.eu\/wp-content\/uploads\/RK405-haus.jpg","width":1789,"height":1288},{"@type":"BreadcrumbList","@id":"https:\/\/raivo.korstnik.eu\/kataloog\/405\/#breadcrumb","itemListElement":[{"@type":"ListItem","position":1,"name":"Home","item":"https:\/\/raivo.korstnik.eu\/"},{"@type":"ListItem","position":2,"name":"Teosed","item":"https:\/\/raivo.korstnik.eu\/teosed\/"},{"@type":"ListItem","position":3,"name":"Valli t\u00e4nava ja P\u00e4rnu maantee nurgal"}]},{"@type":"WebSite","@id":"https:\/\/raivo.korstnik.eu\/#website","url":"https:\/\/raivo.korstnik.eu\/","name":"Raivo Korstnik","description":"","potentialAction":[{"@type":"SearchAction","target":{"@type":"EntryPoint","urlTemplate":"https:\/\/raivo.korstnik.eu\/?s={search_term_string}"},"query-input":{"@type":"PropertyValueSpecification","valueRequired":true,"valueName":"search_term_string"}}],"inLanguage":"en-GB"}]}},"_links":{"self":[{"href":"https:\/\/raivo.korstnik.eu\/en\/wp-json\/wp\/v2\/product\/2095","targetHints":{"allow":["GET"]}}],"collection":[{"href":"https:\/\/raivo.korstnik.eu\/en\/wp-json\/wp\/v2\/product"}],"about":[{"href":"https:\/\/raivo.korstnik.eu\/en\/wp-json\/wp\/v2\/types\/product"}],"wp:featuredmedia":[{"embeddable":true,"href":"https:\/\/raivo.korstnik.eu\/en\/wp-json\/wp\/v2\/media\/4159"}],"wp:attachment":[{"href":"https:\/\/raivo.korstnik.eu\/en\/wp-json\/wp\/v2\/media?parent=2095"}],"wp:term":[{"taxonomy":"product_brand","embeddable":true,"href":"https:\/\/raivo.korstnik.eu\/en\/wp-json\/wp\/v2\/product_brand?post=2095"},{"taxonomy":"product_cat","embeddable":true,"href":"https:\/\/raivo.korstnik.eu\/en\/wp-json\/wp\/v2\/product_cat?post=2095"},{"taxonomy":"product_tag","embeddable":true,"href":"https:\/\/raivo.korstnik.eu\/en\/wp-json\/wp\/v2\/product_tag?post=2095"}],"curies":[{"name":"wp","href":"https:\/\/api.w.org\/{rel}","templated":true}]}}