{"id":2098,"date":"2020-10-26T10:59:18","date_gmt":"2020-10-26T10:59:18","guid":{"rendered":"https:\/\/www.lennuk.eu\/korstnik\/korstnik\/raivo\/?post_type=product&#038;p=2098"},"modified":"2023-02-16T22:40:52","modified_gmt":"2023-02-16T22:40:52","slug":"124","status":"publish","type":"product","link":"https:\/\/raivo.korstnik.eu\/en\/kataloog\/124\/","title":{"rendered":"Ellamaa maastik"},"content":{"rendered":"<h2 id=\"pealkiri\">Ellamaa maastik. 1961<\/h2>\n<p id=\"teos\">\u00d5li, kartong. 49 x 96 cm<br \/>\nhind <strong>1 407<\/strong><\/p>\n<p>haus<\/p>\n<p>Raivo Korstnik on Eesti kunstiajaloos j\u00e4\u00e4nud omaette seisjaks &#8211; tunnustatud ja tuntud kunstnikuks, kes aktiivsele n\u00e4itustegevusele eelistas \u00f5ppej\u00f5una t\u00f6\u00f6tamist. P\u00e4rast ERKI l\u00f5petamist 1957. aastal algas 1960ndatel Korstniku loomingu hinnatuim ajaj\u00e4rk. Sellesse aega mahub ka \u00fcks v\u00e4heseid Korstniku \u00fclesastumisi 1966.aasta noorten\u00e4itusel, mida loetakse \u00fcheks olulisimaks uuele kunstile keskendunud v\u00e4ljapanekuks l\u00e4bi aegade.<br \/>\nKorstniku eemalseisja positsioon tuleb v\u00e4lja ka tema t\u00f6\u00f6des. J\u00e4rgides \u00fchelt poolt vana hea id\u00fcllilise maastikukujutamise traditsiooni, toob Korstnik teiselt poolt sisse s\u00e4\u00e4rase maalimistehnika, mis kohati hakkab liginema \u201cvasohoitud ekspressionismile\u201d. Autorit pole huvitanud enam t\u00f5etruu tegelikkuse kujutamine, maastik pole tema jaoks enam eesm\u00e4rk, vaid ettek\u00e4\u00e4ne, mille abil uurida maalimise v\u00f5imalusi. Samas ei ole kunstnik sukeldunud \u00e4\u00e4rmuslikesse katsetustesse, vaid j\u00e4\u00e4nud ikkagi m\u00e4eveerule seisma ja vaatama. See on t\u00f5epoolest nagu kinos \u2013 n\u00e4ha midagi tuttavat, aga siiski teistsugust.<\/p>","protected":false},"excerpt":{"rendered":"<p>Ellamaa maastik. 1961 \u00d5li, kartong. 49 x 96 cm hind 1 407 haus Raivo Korstnik on Eesti kunstiajaloos j\u00e4\u00e4nud omaette seisjaks &#8211; tunnustatud ja tuntud kunstnikuks, kes aktiivsele n\u00e4itustegevusele eelistas \u00f5ppej\u00f5una t\u00f6\u00f6tamist. P\u00e4rast ERKI l\u00f5petamist 1957. aastal algas 1960ndatel Korstniku loomingu hinnatuim ajaj\u00e4rk. Sellesse aega mahub ka \u00fcks v\u00e4heseid Korstniku \u00fclesastumisi 1966.aasta noorten\u00e4itusel, mida loetakse &hellip;<\/p>\n<p class=\"read-more\"> <a class=\"\" href=\"https:\/\/raivo.korstnik.eu\/en\/kataloog\/124\/\"> <span class=\"screen-reader-text\">Ellamaa maastik<\/span> Read More &raquo;<\/a><\/p>","protected":false},"featured_media":2099,"template":"","meta":[],"product_brand":[],"product_cat":[23],"product_tag":[88,122],"class_list":{"0":"post-2098","1":"product","2":"type-product","3":"status-publish","4":"has-post-thumbnail","6":"product_cat-maastikud","7":"product_tag-haus","8":"product_tag-maastik","10":"first","11":"outofstock","12":"shipping-taxable","13":"product-type-simple"},"yoast_head":"<!-- This site is optimized with the Yoast SEO plugin v27.4 - https:\/\/yoast.com\/product\/yoast-seo-wordpress\/ -->\n<title>Ellamaa maastik - Raivo Korstnik<\/title>\n<meta name=\"robots\" content=\"index, follow, max-snippet:-1, max-image-preview:large, max-video-preview:-1\" \/>\n<link rel=\"canonical\" href=\"https:\/\/raivo.korstnik.eu\/en\/kataloog\/124\/\" \/>\n<meta property=\"og:locale\" content=\"en_GB\" \/>\n<meta property=\"og:type\" content=\"article\" \/>\n<meta property=\"og:title\" content=\"Ellamaa maastik - Raivo Korstnik\" \/>\n<meta property=\"og:description\" content=\"Ellamaa maastik. 1961 \u00d5li, kartong. 49 x 96 cm hind 1 407 haus Raivo Korstnik on Eesti kunstiajaloos j\u00e4\u00e4nud omaette seisjaks &#8211; tunnustatud ja tuntud kunstnikuks, kes aktiivsele n\u00e4itustegevusele eelistas \u00f5ppej\u00f5una t\u00f6\u00f6tamist. P\u00e4rast ERKI l\u00f5petamist 1957. aastal algas 1960ndatel Korstniku loomingu hinnatuim ajaj\u00e4rk. Sellesse aega mahub ka \u00fcks v\u00e4heseid Korstniku \u00fclesastumisi 1966.aasta noorten\u00e4itusel, mida loetakse &hellip; Ellamaa maastik Read More &raquo;\" \/>\n<meta property=\"og:url\" content=\"https:\/\/raivo.korstnik.eu\/en\/kataloog\/124\/\" \/>\n<meta property=\"og:site_name\" content=\"Raivo Korstnik\" \/>\n<meta property=\"article:modified_time\" content=\"2023-02-16T22:40:52+00:00\" \/>\n<meta property=\"og:image\" content=\"https:\/\/raivo.korstnik.eu\/wp-content\/uploads\/Ellamaa-maastik.jpg\" \/>\n\t<meta property=\"og:image:width\" content=\"470\" \/>\n\t<meta property=\"og:image:height\" content=\"325\" \/>\n\t<meta property=\"og:image:type\" content=\"image\/jpeg\" \/>\n<meta name=\"twitter:card\" content=\"summary_large_image\" \/>\n<meta name=\"twitter:label1\" content=\"Estimated reading time\" \/>\n\t<meta name=\"twitter:data1\" content=\"1 minute\" \/>\n<script type=\"application\/ld+json\" class=\"yoast-schema-graph\">{\"@context\":\"https:\\\/\\\/schema.org\",\"@graph\":[{\"@type\":\"WebPage\",\"@id\":\"https:\\\/\\\/raivo.korstnik.eu\\\/kataloog\\\/124\\\/\",\"url\":\"https:\\\/\\\/raivo.korstnik.eu\\\/kataloog\\\/124\\\/\",\"name\":\"Ellamaa maastik - Raivo Korstnik\",\"isPartOf\":{\"@id\":\"https:\\\/\\\/raivo.korstnik.eu\\\/#website\"},\"primaryImageOfPage\":{\"@id\":\"https:\\\/\\\/raivo.korstnik.eu\\\/kataloog\\\/124\\\/#primaryimage\"},\"image\":{\"@id\":\"https:\\\/\\\/raivo.korstnik.eu\\\/kataloog\\\/124\\\/#primaryimage\"},\"thumbnailUrl\":\"https:\\\/\\\/raivo.korstnik.eu\\\/wp-content\\\/uploads\\\/Ellamaa-maastik.jpg\",\"datePublished\":\"2020-10-26T10:59:18+00:00\",\"dateModified\":\"2023-02-16T22:40:52+00:00\",\"breadcrumb\":{\"@id\":\"https:\\\/\\\/raivo.korstnik.eu\\\/kataloog\\\/124\\\/#breadcrumb\"},\"inLanguage\":\"en-GB\",\"potentialAction\":[{\"@type\":\"ReadAction\",\"target\":[\"https:\\\/\\\/raivo.korstnik.eu\\\/kataloog\\\/124\\\/\"]}]},{\"@type\":\"ImageObject\",\"inLanguage\":\"en-GB\",\"@id\":\"https:\\\/\\\/raivo.korstnik.eu\\\/kataloog\\\/124\\\/#primaryimage\",\"url\":\"https:\\\/\\\/raivo.korstnik.eu\\\/wp-content\\\/uploads\\\/Ellamaa-maastik.jpg\",\"contentUrl\":\"https:\\\/\\\/raivo.korstnik.eu\\\/wp-content\\\/uploads\\\/Ellamaa-maastik.jpg\",\"width\":470,\"height\":325},{\"@type\":\"BreadcrumbList\",\"@id\":\"https:\\\/\\\/raivo.korstnik.eu\\\/kataloog\\\/124\\\/#breadcrumb\",\"itemListElement\":[{\"@type\":\"ListItem\",\"position\":1,\"name\":\"Home\",\"item\":\"https:\\\/\\\/raivo.korstnik.eu\\\/\"},{\"@type\":\"ListItem\",\"position\":2,\"name\":\"Teosed\",\"item\":\"https:\\\/\\\/raivo.korstnik.eu\\\/teosed\\\/\"},{\"@type\":\"ListItem\",\"position\":3,\"name\":\"Ellamaa maastik\"}]},{\"@type\":\"WebSite\",\"@id\":\"https:\\\/\\\/raivo.korstnik.eu\\\/#website\",\"url\":\"https:\\\/\\\/raivo.korstnik.eu\\\/\",\"name\":\"Raivo Korstnik\",\"description\":\"\",\"potentialAction\":[{\"@type\":\"SearchAction\",\"target\":{\"@type\":\"EntryPoint\",\"urlTemplate\":\"https:\\\/\\\/raivo.korstnik.eu\\\/?s={search_term_string}\"},\"query-input\":{\"@type\":\"PropertyValueSpecification\",\"valueRequired\":true,\"valueName\":\"search_term_string\"}}],\"inLanguage\":\"en-GB\"}]}<\/script>\n<!-- \/ Yoast SEO plugin. -->","yoast_head_json":{"title":"Ellamaa maastik - Raivo Korstnik","robots":{"index":"index","follow":"follow","max-snippet":"max-snippet:-1","max-image-preview":"max-image-preview:large","max-video-preview":"max-video-preview:-1"},"canonical":"https:\/\/raivo.korstnik.eu\/en\/kataloog\/124\/","og_locale":"en_GB","og_type":"article","og_title":"Ellamaa maastik - Raivo Korstnik","og_description":"Ellamaa maastik. 1961 \u00d5li, kartong. 49 x 96 cm hind 1 407 haus Raivo Korstnik on Eesti kunstiajaloos j\u00e4\u00e4nud omaette seisjaks &#8211; tunnustatud ja tuntud kunstnikuks, kes aktiivsele n\u00e4itustegevusele eelistas \u00f5ppej\u00f5una t\u00f6\u00f6tamist. P\u00e4rast ERKI l\u00f5petamist 1957. aastal algas 1960ndatel Korstniku loomingu hinnatuim ajaj\u00e4rk. Sellesse aega mahub ka \u00fcks v\u00e4heseid Korstniku \u00fclesastumisi 1966.aasta noorten\u00e4itusel, mida loetakse &hellip; Ellamaa maastik Read More &raquo;","og_url":"https:\/\/raivo.korstnik.eu\/en\/kataloog\/124\/","og_site_name":"Raivo Korstnik","article_modified_time":"2023-02-16T22:40:52+00:00","og_image":[{"width":470,"height":325,"url":"https:\/\/raivo.korstnik.eu\/wp-content\/uploads\/Ellamaa-maastik.jpg","type":"image\/jpeg"}],"twitter_card":"summary_large_image","twitter_misc":{"Estimated reading time":"1 minute"},"schema":{"@context":"https:\/\/schema.org","@graph":[{"@type":"WebPage","@id":"https:\/\/raivo.korstnik.eu\/kataloog\/124\/","url":"https:\/\/raivo.korstnik.eu\/kataloog\/124\/","name":"Ellamaa maastik - Raivo Korstnik","isPartOf":{"@id":"https:\/\/raivo.korstnik.eu\/#website"},"primaryImageOfPage":{"@id":"https:\/\/raivo.korstnik.eu\/kataloog\/124\/#primaryimage"},"image":{"@id":"https:\/\/raivo.korstnik.eu\/kataloog\/124\/#primaryimage"},"thumbnailUrl":"https:\/\/raivo.korstnik.eu\/wp-content\/uploads\/Ellamaa-maastik.jpg","datePublished":"2020-10-26T10:59:18+00:00","dateModified":"2023-02-16T22:40:52+00:00","breadcrumb":{"@id":"https:\/\/raivo.korstnik.eu\/kataloog\/124\/#breadcrumb"},"inLanguage":"en-GB","potentialAction":[{"@type":"ReadAction","target":["https:\/\/raivo.korstnik.eu\/kataloog\/124\/"]}]},{"@type":"ImageObject","inLanguage":"en-GB","@id":"https:\/\/raivo.korstnik.eu\/kataloog\/124\/#primaryimage","url":"https:\/\/raivo.korstnik.eu\/wp-content\/uploads\/Ellamaa-maastik.jpg","contentUrl":"https:\/\/raivo.korstnik.eu\/wp-content\/uploads\/Ellamaa-maastik.jpg","width":470,"height":325},{"@type":"BreadcrumbList","@id":"https:\/\/raivo.korstnik.eu\/kataloog\/124\/#breadcrumb","itemListElement":[{"@type":"ListItem","position":1,"name":"Home","item":"https:\/\/raivo.korstnik.eu\/"},{"@type":"ListItem","position":2,"name":"Teosed","item":"https:\/\/raivo.korstnik.eu\/teosed\/"},{"@type":"ListItem","position":3,"name":"Ellamaa maastik"}]},{"@type":"WebSite","@id":"https:\/\/raivo.korstnik.eu\/#website","url":"https:\/\/raivo.korstnik.eu\/","name":"Raivo Korstnik","description":"","potentialAction":[{"@type":"SearchAction","target":{"@type":"EntryPoint","urlTemplate":"https:\/\/raivo.korstnik.eu\/?s={search_term_string}"},"query-input":{"@type":"PropertyValueSpecification","valueRequired":true,"valueName":"search_term_string"}}],"inLanguage":"en-GB"}]}},"_links":{"self":[{"href":"https:\/\/raivo.korstnik.eu\/en\/wp-json\/wp\/v2\/product\/2098","targetHints":{"allow":["GET"]}}],"collection":[{"href":"https:\/\/raivo.korstnik.eu\/en\/wp-json\/wp\/v2\/product"}],"about":[{"href":"https:\/\/raivo.korstnik.eu\/en\/wp-json\/wp\/v2\/types\/product"}],"wp:featuredmedia":[{"embeddable":true,"href":"https:\/\/raivo.korstnik.eu\/en\/wp-json\/wp\/v2\/media\/2099"}],"wp:attachment":[{"href":"https:\/\/raivo.korstnik.eu\/en\/wp-json\/wp\/v2\/media?parent=2098"}],"wp:term":[{"taxonomy":"product_brand","embeddable":true,"href":"https:\/\/raivo.korstnik.eu\/en\/wp-json\/wp\/v2\/product_brand?post=2098"},{"taxonomy":"product_cat","embeddable":true,"href":"https:\/\/raivo.korstnik.eu\/en\/wp-json\/wp\/v2\/product_cat?post=2098"},{"taxonomy":"product_tag","embeddable":true,"href":"https:\/\/raivo.korstnik.eu\/en\/wp-json\/wp\/v2\/product_tag?post=2098"}],"curies":[{"name":"wp","href":"https:\/\/api.w.org\/{rel}","templated":true}]}}