{"id":2105,"date":"2020-10-26T11:06:26","date_gmt":"2020-10-26T11:06:26","guid":{"rendered":"https:\/\/www.lennuk.eu\/korstnik\/korstnik\/raivo\/?post_type=product&#038;p=2105"},"modified":"2023-02-20T12:51:37","modified_gmt":"2023-02-20T12:51:37","slug":"401","status":"publish","type":"product","link":"https:\/\/raivo.korstnik.eu\/en\/kataloog\/401\/","title":{"rendered":"Vanalinna vaade"},"content":{"rendered":"<h2 id=\"pealkiri\">Vanalinna vaade. 1968<\/h2>\n<p id=\"teos\">\u00d5li, l\u00f5uend. 79 x 110 cm<br \/>\nhind <strong>3 132<\/strong><\/p>\n<p>Raivo Korstnik on kummalise ning eba\u00f5iglase saatusega kunstnik. Surutisk\u00fcmnenditel ERKIs \u00f5ppinud ning 1960ndate alguses aktiivse loometegevusega alustanud Korstnikku nimetatakse \u00fcha enam samas reas Henn Roode ning Olav Maraniga. Esile t\u00f5stetakse tema rolli 1960ndate maaliuuenduses ning vihjatakse kunstniku headele suhetele noore pealet\u00f5usva avangardp\u00f5lvkonnaga. On siis m\u00f5istetav, miks Korstnik agarast n\u00e4itustegevusest tagasi t\u00f5mbus ning seda enam \u00f5ppej\u00f5utegevusele keskendus.<br \/>\n\u201cVanalinna vaade\u201d on valminud Raivo Korstniku parimal loomeperioodil ning siitki saame t\u00f5mmata erinevaid juhtl\u00f5ngu. \u00dcks viib meid otsejoones 1960ndatel valitsenud kubistlike venitamiste ning moonutamiste juurde, teine legendaarse \u201868 aastani, mil piiratud vabadus oli veel v\u00f5imalik ka kunstis. Kolmas viib meid aga vanalinna kujutamistraditsioonideni, mille postkaardilikust iseloomust erineb Korstniku maal otsustavalt. Tavalise turismivaate asemel tabab Korstnik t\u00f5epoolest linna olemust &#8211; tabab liikumist, voogavust, elu, aga ka kummalisi murtud vaatenurki ning k\u00f5rgele t\u00f5stetud horisonti. See maal on omalaadne noodikiri, mille j\u00e4rgi m\u00e4ngitud muusikat iseloomustab l\u00f5puni viimistletud ning t\u00e4pselt arvestatud vahekordade ning \u00fcleminekutega r\u00fctm.<\/p>","protected":false},"excerpt":{"rendered":"<p>\u201cVanalinna vaade\u201d on valminud Raivo Korstniku parimal loomeperioodil ning siitki saame t\u00f5mmata erinevaid juhtl\u00f5ngu. \u00dcks viib meid otsejoones 1960ndatel valitsenud kubistlike venitamiste ning moonutamiste juurde, teine legendaarse \u201868 aastani, mil piiratud vabadus oli veel v\u00f5imalik ka kunstis. Kolmas viib meid aga vanalinna kujutamistraditsioonideni, mille postkaardilikust iseloomust erineb Korstniku maal otsustavalt. Tavalise turismivaate asemel tabab Korstnik t\u00f5epoolest linna olemust &#8211; tabab liikumist, voogavust, elu, aga ka kummalisi murtud vaatenurki ning k\u00f5rgele t\u00f5stetud horisonti. See maal on omalaadne noodikiri, mille j\u00e4rgi m\u00e4ngitud muusikat iseloomustab l\u00f5puni viimistletud ning t\u00e4pselt arvestatud vahekordade ning \u00fcleminekutega r\u00fctm.<\/p>","protected":false},"featured_media":4164,"template":"","meta":[],"product_brand":[],"product_cat":[82],"product_tag":[88,139],"class_list":{"0":"post-2105","1":"product","2":"type-product","3":"status-publish","4":"has-post-thumbnail","6":"product_cat-linnavaade","7":"product_tag-haus","8":"product_tag-linnamaastik","10":"first","11":"outofstock","12":"shipping-taxable","13":"product-type-simple"},"yoast_head":"<!-- This site is optimized with the Yoast SEO plugin v27.4 - https:\/\/yoast.com\/product\/yoast-seo-wordpress\/ -->\n<title>Vanalinna vaade - Raivo Korstnik<\/title>\n<meta name=\"robots\" content=\"index, follow, max-snippet:-1, max-image-preview:large, max-video-preview:-1\" \/>\n<link rel=\"canonical\" href=\"https:\/\/raivo.korstnik.eu\/en\/kataloog\/401\/\" \/>\n<meta property=\"og:locale\" content=\"en_GB\" \/>\n<meta property=\"og:type\" content=\"article\" \/>\n<meta property=\"og:title\" content=\"Vanalinna vaade - Raivo Korstnik\" \/>\n<meta property=\"og:description\" content=\"\u201cVanalinna vaade\u201d on valminud Raivo Korstniku parimal loomeperioodil ning siitki saame t\u00f5mmata erinevaid juhtl\u00f5ngu. \u00dcks viib meid otsejoones 1960ndatel valitsenud kubistlike venitamiste ning moonutamiste juurde, teine legendaarse \u201868 aastani, mil piiratud vabadus oli veel v\u00f5imalik ka kunstis. Kolmas viib meid aga vanalinna kujutamistraditsioonideni, mille postkaardilikust iseloomust erineb Korstniku maal otsustavalt. Tavalise turismivaate asemel tabab Korstnik t\u00f5epoolest linna olemust - tabab liikumist, voogavust, elu, aga ka kummalisi murtud vaatenurki ning k\u00f5rgele t\u00f5stetud horisonti. See maal on omalaadne noodikiri, mille j\u00e4rgi m\u00e4ngitud muusikat iseloomustab l\u00f5puni viimistletud ning t\u00e4pselt arvestatud vahekordade ning \u00fcleminekutega r\u00fctm.\" \/>\n<meta property=\"og:url\" content=\"https:\/\/raivo.korstnik.eu\/en\/kataloog\/401\/\" \/>\n<meta property=\"og:site_name\" content=\"Raivo Korstnik\" \/>\n<meta property=\"article:modified_time\" content=\"2023-02-20T12:51:37+00:00\" \/>\n<meta property=\"og:image\" content=\"https:\/\/raivo.korstnik.eu\/wp-content\/uploads\/RK401-haus.jpg\" \/>\n\t<meta property=\"og:image:width\" content=\"1380\" \/>\n\t<meta property=\"og:image:height\" content=\"1000\" \/>\n\t<meta property=\"og:image:type\" content=\"image\/jpeg\" \/>\n<meta name=\"twitter:card\" content=\"summary_large_image\" \/>\n<meta name=\"twitter:label1\" content=\"Estimated reading time\" \/>\n\t<meta name=\"twitter:data1\" content=\"1 minute\" \/>\n<script type=\"application\/ld+json\" class=\"yoast-schema-graph\">{\"@context\":\"https:\\\/\\\/schema.org\",\"@graph\":[{\"@type\":\"WebPage\",\"@id\":\"https:\\\/\\\/raivo.korstnik.eu\\\/kataloog\\\/401\\\/\",\"url\":\"https:\\\/\\\/raivo.korstnik.eu\\\/kataloog\\\/401\\\/\",\"name\":\"Vanalinna vaade - Raivo Korstnik\",\"isPartOf\":{\"@id\":\"https:\\\/\\\/raivo.korstnik.eu\\\/#website\"},\"primaryImageOfPage\":{\"@id\":\"https:\\\/\\\/raivo.korstnik.eu\\\/kataloog\\\/401\\\/#primaryimage\"},\"image\":{\"@id\":\"https:\\\/\\\/raivo.korstnik.eu\\\/kataloog\\\/401\\\/#primaryimage\"},\"thumbnailUrl\":\"https:\\\/\\\/raivo.korstnik.eu\\\/wp-content\\\/uploads\\\/RK401-haus.jpg\",\"datePublished\":\"2020-10-26T11:06:26+00:00\",\"dateModified\":\"2023-02-20T12:51:37+00:00\",\"breadcrumb\":{\"@id\":\"https:\\\/\\\/raivo.korstnik.eu\\\/kataloog\\\/401\\\/#breadcrumb\"},\"inLanguage\":\"en-GB\",\"potentialAction\":[{\"@type\":\"ReadAction\",\"target\":[\"https:\\\/\\\/raivo.korstnik.eu\\\/kataloog\\\/401\\\/\"]}]},{\"@type\":\"ImageObject\",\"inLanguage\":\"en-GB\",\"@id\":\"https:\\\/\\\/raivo.korstnik.eu\\\/kataloog\\\/401\\\/#primaryimage\",\"url\":\"https:\\\/\\\/raivo.korstnik.eu\\\/wp-content\\\/uploads\\\/RK401-haus.jpg\",\"contentUrl\":\"https:\\\/\\\/raivo.korstnik.eu\\\/wp-content\\\/uploads\\\/RK401-haus.jpg\",\"width\":1380,\"height\":1000},{\"@type\":\"BreadcrumbList\",\"@id\":\"https:\\\/\\\/raivo.korstnik.eu\\\/kataloog\\\/401\\\/#breadcrumb\",\"itemListElement\":[{\"@type\":\"ListItem\",\"position\":1,\"name\":\"Home\",\"item\":\"https:\\\/\\\/raivo.korstnik.eu\\\/\"},{\"@type\":\"ListItem\",\"position\":2,\"name\":\"Teosed\",\"item\":\"https:\\\/\\\/raivo.korstnik.eu\\\/teosed\\\/\"},{\"@type\":\"ListItem\",\"position\":3,\"name\":\"Vanalinna vaade\"}]},{\"@type\":\"WebSite\",\"@id\":\"https:\\\/\\\/raivo.korstnik.eu\\\/#website\",\"url\":\"https:\\\/\\\/raivo.korstnik.eu\\\/\",\"name\":\"Raivo Korstnik\",\"description\":\"\",\"potentialAction\":[{\"@type\":\"SearchAction\",\"target\":{\"@type\":\"EntryPoint\",\"urlTemplate\":\"https:\\\/\\\/raivo.korstnik.eu\\\/?s={search_term_string}\"},\"query-input\":{\"@type\":\"PropertyValueSpecification\",\"valueRequired\":true,\"valueName\":\"search_term_string\"}}],\"inLanguage\":\"en-GB\"}]}<\/script>\n<!-- \/ Yoast SEO plugin. -->","yoast_head_json":{"title":"Vanalinna vaade - Raivo Korstnik","robots":{"index":"index","follow":"follow","max-snippet":"max-snippet:-1","max-image-preview":"max-image-preview:large","max-video-preview":"max-video-preview:-1"},"canonical":"https:\/\/raivo.korstnik.eu\/en\/kataloog\/401\/","og_locale":"en_GB","og_type":"article","og_title":"Vanalinna vaade - Raivo Korstnik","og_description":"\u201cVanalinna vaade\u201d on valminud Raivo Korstniku parimal loomeperioodil ning siitki saame t\u00f5mmata erinevaid juhtl\u00f5ngu. \u00dcks viib meid otsejoones 1960ndatel valitsenud kubistlike venitamiste ning moonutamiste juurde, teine legendaarse \u201868 aastani, mil piiratud vabadus oli veel v\u00f5imalik ka kunstis. Kolmas viib meid aga vanalinna kujutamistraditsioonideni, mille postkaardilikust iseloomust erineb Korstniku maal otsustavalt. Tavalise turismivaate asemel tabab Korstnik t\u00f5epoolest linna olemust - tabab liikumist, voogavust, elu, aga ka kummalisi murtud vaatenurki ning k\u00f5rgele t\u00f5stetud horisonti. See maal on omalaadne noodikiri, mille j\u00e4rgi m\u00e4ngitud muusikat iseloomustab l\u00f5puni viimistletud ning t\u00e4pselt arvestatud vahekordade ning \u00fcleminekutega r\u00fctm.","og_url":"https:\/\/raivo.korstnik.eu\/en\/kataloog\/401\/","og_site_name":"Raivo Korstnik","article_modified_time":"2023-02-20T12:51:37+00:00","og_image":[{"width":1380,"height":1000,"url":"https:\/\/raivo.korstnik.eu\/wp-content\/uploads\/RK401-haus.jpg","type":"image\/jpeg"}],"twitter_card":"summary_large_image","twitter_misc":{"Estimated reading time":"1 minute"},"schema":{"@context":"https:\/\/schema.org","@graph":[{"@type":"WebPage","@id":"https:\/\/raivo.korstnik.eu\/kataloog\/401\/","url":"https:\/\/raivo.korstnik.eu\/kataloog\/401\/","name":"Vanalinna vaade - Raivo Korstnik","isPartOf":{"@id":"https:\/\/raivo.korstnik.eu\/#website"},"primaryImageOfPage":{"@id":"https:\/\/raivo.korstnik.eu\/kataloog\/401\/#primaryimage"},"image":{"@id":"https:\/\/raivo.korstnik.eu\/kataloog\/401\/#primaryimage"},"thumbnailUrl":"https:\/\/raivo.korstnik.eu\/wp-content\/uploads\/RK401-haus.jpg","datePublished":"2020-10-26T11:06:26+00:00","dateModified":"2023-02-20T12:51:37+00:00","breadcrumb":{"@id":"https:\/\/raivo.korstnik.eu\/kataloog\/401\/#breadcrumb"},"inLanguage":"en-GB","potentialAction":[{"@type":"ReadAction","target":["https:\/\/raivo.korstnik.eu\/kataloog\/401\/"]}]},{"@type":"ImageObject","inLanguage":"en-GB","@id":"https:\/\/raivo.korstnik.eu\/kataloog\/401\/#primaryimage","url":"https:\/\/raivo.korstnik.eu\/wp-content\/uploads\/RK401-haus.jpg","contentUrl":"https:\/\/raivo.korstnik.eu\/wp-content\/uploads\/RK401-haus.jpg","width":1380,"height":1000},{"@type":"BreadcrumbList","@id":"https:\/\/raivo.korstnik.eu\/kataloog\/401\/#breadcrumb","itemListElement":[{"@type":"ListItem","position":1,"name":"Home","item":"https:\/\/raivo.korstnik.eu\/"},{"@type":"ListItem","position":2,"name":"Teosed","item":"https:\/\/raivo.korstnik.eu\/teosed\/"},{"@type":"ListItem","position":3,"name":"Vanalinna vaade"}]},{"@type":"WebSite","@id":"https:\/\/raivo.korstnik.eu\/#website","url":"https:\/\/raivo.korstnik.eu\/","name":"Raivo Korstnik","description":"","potentialAction":[{"@type":"SearchAction","target":{"@type":"EntryPoint","urlTemplate":"https:\/\/raivo.korstnik.eu\/?s={search_term_string}"},"query-input":{"@type":"PropertyValueSpecification","valueRequired":true,"valueName":"search_term_string"}}],"inLanguage":"en-GB"}]}},"_links":{"self":[{"href":"https:\/\/raivo.korstnik.eu\/en\/wp-json\/wp\/v2\/product\/2105","targetHints":{"allow":["GET"]}}],"collection":[{"href":"https:\/\/raivo.korstnik.eu\/en\/wp-json\/wp\/v2\/product"}],"about":[{"href":"https:\/\/raivo.korstnik.eu\/en\/wp-json\/wp\/v2\/types\/product"}],"wp:featuredmedia":[{"embeddable":true,"href":"https:\/\/raivo.korstnik.eu\/en\/wp-json\/wp\/v2\/media\/4164"}],"wp:attachment":[{"href":"https:\/\/raivo.korstnik.eu\/en\/wp-json\/wp\/v2\/media?parent=2105"}],"wp:term":[{"taxonomy":"product_brand","embeddable":true,"href":"https:\/\/raivo.korstnik.eu\/en\/wp-json\/wp\/v2\/product_brand?post=2105"},{"taxonomy":"product_cat","embeddable":true,"href":"https:\/\/raivo.korstnik.eu\/en\/wp-json\/wp\/v2\/product_cat?post=2105"},{"taxonomy":"product_tag","embeddable":true,"href":"https:\/\/raivo.korstnik.eu\/en\/wp-json\/wp\/v2\/product_tag?post=2105"}],"curies":[{"name":"wp","href":"https:\/\/api.w.org\/{rel}","templated":true}]}}