{"id":2114,"date":"2020-10-26T11:11:55","date_gmt":"2020-10-26T11:11:55","guid":{"rendered":"https:\/\/www.lennuk.eu\/korstnik\/korstnik\/raivo\/?post_type=product&#038;p=2114"},"modified":"2023-02-16T22:38:51","modified_gmt":"2023-02-16T22:38:51","slug":"174","status":"publish","type":"product","link":"https:\/\/raivo.korstnik.eu\/en\/kataloog\/174\/","title":{"rendered":"Karjus Armeenia m\u00e4gik\u00fclas"},"content":{"rendered":"<p>Kunstikollektsion\u00e4\u00e4r Laur Kivistikul on 3 Raivo t\u00f6\u00f6d (2 maalireprot tulevad j\u00e4rgmise meiliga). Laur on v\u00e4ga lahe ja abivalmis tegelane \u2013 temaga v\u00f5ib huvi korral julgelt \u00fchendust v\u00f5tta.\u00a0Laur Kivistiku kontaktid on siin: 5015869, laur \u00e4t <a href=\"http:\/\/aconto.ee\/\">aconto.ee<\/a><\/p>\n<h2><\/h2>\n<h2 id=\"pealkiri\">Karjus Armeenia m\u00e4gik\u00fclas. 1962<\/h2>\n<p id=\"teos\">\u00d5li, l\u00f5uend. 39 x 60 cm<br \/>\nhind <strong>1 439<\/strong> <strong class=\"myydud\">(m\u00fc\u00fcdud)<\/strong><\/p>\n<p>Raivo Korstnik on j\u00e4\u00e4nud suureks \u00fcksiklaseks, kes esines v\u00e4ga loetud isikn\u00e4itustel ning kelle loomingut teame t\u00e4naseni ainult t\u00e4nu \u00fcksikutele juhuslikele n\u00e4idetele. Ometi on see v\u00e4hene loonud meile pildi kunstnikust, kes oli kogu aeg kunstimaailma huviorbiidis. Omaaegsed reprod, \u00fchisn\u00e4itused, aga ka Eesti Kunstimuuseumi j\u00e4rjekindlad ostud, mis keskendusid eelk\u00f5ige Korstniku 1960ndatele aastatele. Seda perioodi ongi nimetatud tema viljakaimaks ja olulisimaks.<br \/>\nJuba 1940ndatel sai alguse eesti autorite sage viibimine Kesk-Aasias ning Taga-Kaukaasias, kust toodi siinsesse kunsti olulisi uusi impulsse. Korstniku Armeenia vaade kuulub kahtlemata sellesse ritta. Selle perioodi \u00fcldvaimu seiskohast ootamatult on Korstnik siin v\u00e4ga julge, ta ei nikerda \u00fcksikasjade kallal, vaid \u00fcldistab. Eriti tuleb esile t\u00f5sta aga tema suurep\u00e4rast v\u00e4rvik\u00e4sitlust, kus ta suurte pindadega loob efektse tulemuse. Isegi kuut-seitset eri v\u00e4rvi lambad ning karjuse kahtlane nahav\u00e4rv saavad seel\u00e4bi p\u00f5hjenduse &#8230;<\/p>\n<p>&nbsp;<\/p>\n<p>Kindlasti! Laur Kivistiku kontaktid on siin: 5015869, laur \u00e4t <a href=\"http:\/\/aconto.ee\/\">aconto.ee<\/a><\/p>","protected":false},"excerpt":{"rendered":"<p>Juba 1940ndatel sai alguse eesti autorite sage viibimine Kesk-Aasias ning Taga-Kaukaasias, kust toodi siinsesse kunsti olulisi uusi impulsse. Korstniku Armeenia vaade kuulub kahtlemata sellesse ritta. Selle perioodi \u00fcldvaimu seiskohast ootamatult on Korstnik siin v\u00e4ga julge, ta ei nikerda \u00fcksikasjade kallal, vaid \u00fcldistab. Eriti tuleb esile t\u00f5sta aga tema suurep\u00e4rast v\u00e4rvik\u00e4sitlust, kus ta suurte pindadega loob efektse tulemuse. Isegi kuut-seitset eri v\u00e4rvi lambad ning karjuse kahtlane nahav\u00e4rv saavad seel\u00e4bi p\u00f5hjenduse.<\/p>","protected":false},"featured_media":3621,"template":"","meta":[],"product_brand":[],"product_cat":[23],"product_tag":[88,140,117,122],"class_list":{"0":"post-2114","1":"product","2":"type-product","3":"status-publish","4":"has-post-thumbnail","6":"product_cat-maastikud","7":"product_tag-haus","8":"product_tag-kivistik","9":"product_tag-kontrolli","10":"product_tag-maastik","12":"first","13":"outofstock","14":"shipping-taxable","15":"product-type-simple"},"yoast_head":"<!-- This site is optimized with the Yoast SEO plugin v27.4 - https:\/\/yoast.com\/product\/yoast-seo-wordpress\/ -->\n<title>Karjus Armeenia m\u00e4gik\u00fclas - Raivo Korstnik<\/title>\n<meta name=\"robots\" content=\"index, follow, max-snippet:-1, max-image-preview:large, max-video-preview:-1\" \/>\n<link rel=\"canonical\" href=\"https:\/\/raivo.korstnik.eu\/en\/kataloog\/174\/\" \/>\n<meta property=\"og:locale\" content=\"en_GB\" \/>\n<meta property=\"og:type\" content=\"article\" \/>\n<meta property=\"og:title\" content=\"Karjus Armeenia m\u00e4gik\u00fclas - Raivo Korstnik\" \/>\n<meta property=\"og:description\" content=\"Juba 1940ndatel sai alguse eesti autorite sage viibimine Kesk-Aasias ning Taga-Kaukaasias, kust toodi siinsesse kunsti olulisi uusi impulsse. Korstniku Armeenia vaade kuulub kahtlemata sellesse ritta. Selle perioodi \u00fcldvaimu seiskohast ootamatult on Korstnik siin v\u00e4ga julge, ta ei nikerda \u00fcksikasjade kallal, vaid \u00fcldistab. Eriti tuleb esile t\u00f5sta aga tema suurep\u00e4rast v\u00e4rvik\u00e4sitlust, kus ta suurte pindadega loob efektse tulemuse. Isegi kuut-seitset eri v\u00e4rvi lambad ning karjuse kahtlane nahav\u00e4rv saavad seel\u00e4bi p\u00f5hjenduse.\" \/>\n<meta property=\"og:url\" content=\"https:\/\/raivo.korstnik.eu\/en\/kataloog\/174\/\" \/>\n<meta property=\"og:site_name\" content=\"Raivo Korstnik\" \/>\n<meta property=\"article:modified_time\" content=\"2023-02-16T22:38:51+00:00\" \/>\n<meta property=\"og:image\" content=\"https:\/\/raivo.korstnik.eu\/wp-content\/uploads\/RK174-karjus-v.jpg\" \/>\n\t<meta property=\"og:image:width\" content=\"1000\" \/>\n\t<meta property=\"og:image:height\" content=\"655\" \/>\n\t<meta property=\"og:image:type\" content=\"image\/jpeg\" \/>\n<meta name=\"twitter:card\" content=\"summary_large_image\" \/>\n<meta name=\"twitter:label1\" content=\"Estimated reading time\" \/>\n\t<meta name=\"twitter:data1\" content=\"1 minute\" \/>\n<script type=\"application\/ld+json\" class=\"yoast-schema-graph\">{\"@context\":\"https:\\\/\\\/schema.org\",\"@graph\":[{\"@type\":\"WebPage\",\"@id\":\"https:\\\/\\\/raivo.korstnik.eu\\\/kataloog\\\/174\\\/\",\"url\":\"https:\\\/\\\/raivo.korstnik.eu\\\/kataloog\\\/174\\\/\",\"name\":\"Karjus Armeenia m\u00e4gik\u00fclas - Raivo Korstnik\",\"isPartOf\":{\"@id\":\"https:\\\/\\\/raivo.korstnik.eu\\\/#website\"},\"primaryImageOfPage\":{\"@id\":\"https:\\\/\\\/raivo.korstnik.eu\\\/kataloog\\\/174\\\/#primaryimage\"},\"image\":{\"@id\":\"https:\\\/\\\/raivo.korstnik.eu\\\/kataloog\\\/174\\\/#primaryimage\"},\"thumbnailUrl\":\"https:\\\/\\\/raivo.korstnik.eu\\\/wp-content\\\/uploads\\\/RK174-karjus-v.jpg\",\"datePublished\":\"2020-10-26T11:11:55+00:00\",\"dateModified\":\"2023-02-16T22:38:51+00:00\",\"breadcrumb\":{\"@id\":\"https:\\\/\\\/raivo.korstnik.eu\\\/kataloog\\\/174\\\/#breadcrumb\"},\"inLanguage\":\"en-GB\",\"potentialAction\":[{\"@type\":\"ReadAction\",\"target\":[\"https:\\\/\\\/raivo.korstnik.eu\\\/kataloog\\\/174\\\/\"]}]},{\"@type\":\"ImageObject\",\"inLanguage\":\"en-GB\",\"@id\":\"https:\\\/\\\/raivo.korstnik.eu\\\/kataloog\\\/174\\\/#primaryimage\",\"url\":\"https:\\\/\\\/raivo.korstnik.eu\\\/wp-content\\\/uploads\\\/RK174-karjus-v.jpg\",\"contentUrl\":\"https:\\\/\\\/raivo.korstnik.eu\\\/wp-content\\\/uploads\\\/RK174-karjus-v.jpg\",\"width\":1000,\"height\":655},{\"@type\":\"BreadcrumbList\",\"@id\":\"https:\\\/\\\/raivo.korstnik.eu\\\/kataloog\\\/174\\\/#breadcrumb\",\"itemListElement\":[{\"@type\":\"ListItem\",\"position\":1,\"name\":\"Home\",\"item\":\"https:\\\/\\\/raivo.korstnik.eu\\\/\"},{\"@type\":\"ListItem\",\"position\":2,\"name\":\"Teosed\",\"item\":\"https:\\\/\\\/raivo.korstnik.eu\\\/teosed\\\/\"},{\"@type\":\"ListItem\",\"position\":3,\"name\":\"Karjus Armeenia m\u00e4gik\u00fclas\"}]},{\"@type\":\"WebSite\",\"@id\":\"https:\\\/\\\/raivo.korstnik.eu\\\/#website\",\"url\":\"https:\\\/\\\/raivo.korstnik.eu\\\/\",\"name\":\"Raivo Korstnik\",\"description\":\"\",\"potentialAction\":[{\"@type\":\"SearchAction\",\"target\":{\"@type\":\"EntryPoint\",\"urlTemplate\":\"https:\\\/\\\/raivo.korstnik.eu\\\/?s={search_term_string}\"},\"query-input\":{\"@type\":\"PropertyValueSpecification\",\"valueRequired\":true,\"valueName\":\"search_term_string\"}}],\"inLanguage\":\"en-GB\"}]}<\/script>\n<!-- \/ Yoast SEO plugin. -->","yoast_head_json":{"title":"Karjus Armeenia m\u00e4gik\u00fclas - Raivo Korstnik","robots":{"index":"index","follow":"follow","max-snippet":"max-snippet:-1","max-image-preview":"max-image-preview:large","max-video-preview":"max-video-preview:-1"},"canonical":"https:\/\/raivo.korstnik.eu\/en\/kataloog\/174\/","og_locale":"en_GB","og_type":"article","og_title":"Karjus Armeenia m\u00e4gik\u00fclas - Raivo Korstnik","og_description":"Juba 1940ndatel sai alguse eesti autorite sage viibimine Kesk-Aasias ning Taga-Kaukaasias, kust toodi siinsesse kunsti olulisi uusi impulsse. Korstniku Armeenia vaade kuulub kahtlemata sellesse ritta. Selle perioodi \u00fcldvaimu seiskohast ootamatult on Korstnik siin v\u00e4ga julge, ta ei nikerda \u00fcksikasjade kallal, vaid \u00fcldistab. Eriti tuleb esile t\u00f5sta aga tema suurep\u00e4rast v\u00e4rvik\u00e4sitlust, kus ta suurte pindadega loob efektse tulemuse. Isegi kuut-seitset eri v\u00e4rvi lambad ning karjuse kahtlane nahav\u00e4rv saavad seel\u00e4bi p\u00f5hjenduse.","og_url":"https:\/\/raivo.korstnik.eu\/en\/kataloog\/174\/","og_site_name":"Raivo Korstnik","article_modified_time":"2023-02-16T22:38:51+00:00","og_image":[{"width":1000,"height":655,"url":"https:\/\/raivo.korstnik.eu\/wp-content\/uploads\/RK174-karjus-v.jpg","type":"image\/jpeg"}],"twitter_card":"summary_large_image","twitter_misc":{"Estimated reading time":"1 minute"},"schema":{"@context":"https:\/\/schema.org","@graph":[{"@type":"WebPage","@id":"https:\/\/raivo.korstnik.eu\/kataloog\/174\/","url":"https:\/\/raivo.korstnik.eu\/kataloog\/174\/","name":"Karjus Armeenia m\u00e4gik\u00fclas - Raivo Korstnik","isPartOf":{"@id":"https:\/\/raivo.korstnik.eu\/#website"},"primaryImageOfPage":{"@id":"https:\/\/raivo.korstnik.eu\/kataloog\/174\/#primaryimage"},"image":{"@id":"https:\/\/raivo.korstnik.eu\/kataloog\/174\/#primaryimage"},"thumbnailUrl":"https:\/\/raivo.korstnik.eu\/wp-content\/uploads\/RK174-karjus-v.jpg","datePublished":"2020-10-26T11:11:55+00:00","dateModified":"2023-02-16T22:38:51+00:00","breadcrumb":{"@id":"https:\/\/raivo.korstnik.eu\/kataloog\/174\/#breadcrumb"},"inLanguage":"en-GB","potentialAction":[{"@type":"ReadAction","target":["https:\/\/raivo.korstnik.eu\/kataloog\/174\/"]}]},{"@type":"ImageObject","inLanguage":"en-GB","@id":"https:\/\/raivo.korstnik.eu\/kataloog\/174\/#primaryimage","url":"https:\/\/raivo.korstnik.eu\/wp-content\/uploads\/RK174-karjus-v.jpg","contentUrl":"https:\/\/raivo.korstnik.eu\/wp-content\/uploads\/RK174-karjus-v.jpg","width":1000,"height":655},{"@type":"BreadcrumbList","@id":"https:\/\/raivo.korstnik.eu\/kataloog\/174\/#breadcrumb","itemListElement":[{"@type":"ListItem","position":1,"name":"Home","item":"https:\/\/raivo.korstnik.eu\/"},{"@type":"ListItem","position":2,"name":"Teosed","item":"https:\/\/raivo.korstnik.eu\/teosed\/"},{"@type":"ListItem","position":3,"name":"Karjus Armeenia m\u00e4gik\u00fclas"}]},{"@type":"WebSite","@id":"https:\/\/raivo.korstnik.eu\/#website","url":"https:\/\/raivo.korstnik.eu\/","name":"Raivo Korstnik","description":"","potentialAction":[{"@type":"SearchAction","target":{"@type":"EntryPoint","urlTemplate":"https:\/\/raivo.korstnik.eu\/?s={search_term_string}"},"query-input":{"@type":"PropertyValueSpecification","valueRequired":true,"valueName":"search_term_string"}}],"inLanguage":"en-GB"}]}},"_links":{"self":[{"href":"https:\/\/raivo.korstnik.eu\/en\/wp-json\/wp\/v2\/product\/2114","targetHints":{"allow":["GET"]}}],"collection":[{"href":"https:\/\/raivo.korstnik.eu\/en\/wp-json\/wp\/v2\/product"}],"about":[{"href":"https:\/\/raivo.korstnik.eu\/en\/wp-json\/wp\/v2\/types\/product"}],"wp:featuredmedia":[{"embeddable":true,"href":"https:\/\/raivo.korstnik.eu\/en\/wp-json\/wp\/v2\/media\/3621"}],"wp:attachment":[{"href":"https:\/\/raivo.korstnik.eu\/en\/wp-json\/wp\/v2\/media?parent=2114"}],"wp:term":[{"taxonomy":"product_brand","embeddable":true,"href":"https:\/\/raivo.korstnik.eu\/en\/wp-json\/wp\/v2\/product_brand?post=2114"},{"taxonomy":"product_cat","embeddable":true,"href":"https:\/\/raivo.korstnik.eu\/en\/wp-json\/wp\/v2\/product_cat?post=2114"},{"taxonomy":"product_tag","embeddable":true,"href":"https:\/\/raivo.korstnik.eu\/en\/wp-json\/wp\/v2\/product_tag?post=2114"}],"curies":[{"name":"wp","href":"https:\/\/api.w.org\/{rel}","templated":true}]}}