{"id":2117,"date":"2020-10-26T11:13:28","date_gmt":"2020-10-26T11:13:28","guid":{"rendered":"https:\/\/www.lennuk.eu\/korstnik\/korstnik\/raivo\/?post_type=product&#038;p=2117"},"modified":"2023-02-20T13:09:18","modified_gmt":"2023-02-20T13:09:18","slug":"906","status":"publish","type":"product","link":"https:\/\/raivo.korstnik.eu\/en\/kataloog\/906\/","title":{"rendered":"Kivil istudes"},"content":{"rendered":"<h2 id=\"pealkiri\">Kivil istudes. 1959<\/h2>\n<p id=\"teos\">\u00d5li, l\u00f5uend. 40 x 60 cm<br \/>\nhind <strong>1 854<\/strong> <strong class=\"myydud\">(m\u00fc\u00fcdud)<\/strong><\/p>\n<p>Raivo Korstniku looming liikus sageli kahe teema \u00fcmber. \u00dchelt poolt linnamaastikud, Tallinna katused, popilikud v\u00e4rvid. Ent teisalt veidi m\u00f5tlikud, s\u00fcvenenumate toonidega loodud rannaelu pildistused. Korstnik ei olnud kunagi eemaltvaataja, lihtne looduse naudiskleja. Jah, ka tema kujundab kive v\u00e4ikeste pintslil\u00f6\u00f6kidega, loob \u00f5rnade \u00fcleminekutega mulje p\u00e4ikeseloojangust, n\u00e4eb nostalgilist ilu isegi katkises puitaias. Ent ennek\u00f5ike on see pilt neist, kes merega seotud. Alles inimene annab kogu maastikule m\u00f5tte. Pole imestada, et ta on n\u00e4oga mitte meie, vaid mere poole.<\/p>","protected":false},"excerpt":{"rendered":"<p>Kivil istudes. 1959 \u00d5li, l\u00f5uend. 40 x 60 cm hind 1 854 (m\u00fc\u00fcdud) Raivo Korstniku looming liikus sageli kahe teema \u00fcmber. \u00dchelt poolt linnamaastikud, Tallinna katused, popilikud v\u00e4rvid. Ent teisalt veidi m\u00f5tlikud, s\u00fcvenenumate toonidega loodud rannaelu pildistused. Korstnik ei olnud kunagi eemaltvaataja, lihtne looduse naudiskleja. Jah, ka tema kujundab kive v\u00e4ikeste pintslil\u00f6\u00f6kidega, loob \u00f5rnade \u00fcleminekutega &hellip;<\/p>\n<p class=\"read-more\"> <a class=\"\" href=\"https:\/\/raivo.korstnik.eu\/en\/kataloog\/906\/\"> <span class=\"screen-reader-text\">Kivil istudes<\/span> Read More &raquo;<\/a><\/p>","protected":false},"featured_media":4173,"template":"","meta":[],"product_brand":[],"product_cat":[110,114,22,112],"product_tag":[88,121,125],"class_list":{"0":"post-2117","1":"product","2":"type-product","3":"status-publish","4":"has-post-thumbnail","6":"product_cat-figuraalne","7":"product_cat-portreed","8":"product_cat-portreed-ja-aktid","9":"product_cat-soviet","10":"product_tag-haus","11":"product_tag-portree","12":"product_tag-soviet","14":"first","15":"outofstock","16":"shipping-taxable","17":"product-type-simple"},"yoast_head":"<!-- This site is optimized with the Yoast SEO plugin v27.6 - https:\/\/yoast.com\/product\/yoast-seo-wordpress\/ -->\n<title>Kivil istudes - Raivo Korstnik<\/title>\n<meta name=\"robots\" content=\"index, follow, max-snippet:-1, max-image-preview:large, max-video-preview:-1\" \/>\n<link rel=\"canonical\" href=\"https:\/\/raivo.korstnik.eu\/en\/kataloog\/906\/\" \/>\n<meta property=\"og:locale\" content=\"en_GB\" \/>\n<meta property=\"og:type\" content=\"article\" \/>\n<meta property=\"og:title\" content=\"Kivil istudes - Raivo Korstnik\" \/>\n<meta property=\"og:description\" content=\"Kivil istudes. 1959 \u00d5li, l\u00f5uend. 40 x 60 cm hind 1 854 (m\u00fc\u00fcdud) Raivo Korstniku looming liikus sageli kahe teema \u00fcmber. \u00dchelt poolt linnamaastikud, Tallinna katused, popilikud v\u00e4rvid. Ent teisalt veidi m\u00f5tlikud, s\u00fcvenenumate toonidega loodud rannaelu pildistused. Korstnik ei olnud kunagi eemaltvaataja, lihtne looduse naudiskleja. Jah, ka tema kujundab kive v\u00e4ikeste pintslil\u00f6\u00f6kidega, loob \u00f5rnade \u00fcleminekutega &hellip; Kivil istudes Read More &raquo;\" \/>\n<meta property=\"og:url\" content=\"https:\/\/raivo.korstnik.eu\/en\/kataloog\/906\/\" \/>\n<meta property=\"og:site_name\" content=\"Raivo Korstnik\" \/>\n<meta property=\"article:modified_time\" content=\"2023-02-20T13:09:18+00:00\" \/>\n<meta property=\"og:image\" content=\"https:\/\/raivo.korstnik.eu\/wp-content\/uploads\/RK906-haus-Kivil-istudes.jpg\" \/>\n\t<meta property=\"og:image:width\" content=\"1508\" \/>\n\t<meta property=\"og:image:height\" content=\"1000\" \/>\n\t<meta property=\"og:image:type\" content=\"image\/jpeg\" \/>\n<meta name=\"twitter:card\" content=\"summary_large_image\" \/>\n<script type=\"application\/ld+json\" class=\"yoast-schema-graph\">{\"@context\":\"https:\\\/\\\/schema.org\",\"@graph\":[{\"@type\":\"WebPage\",\"@id\":\"https:\\\/\\\/raivo.korstnik.eu\\\/kataloog\\\/906\\\/\",\"url\":\"https:\\\/\\\/raivo.korstnik.eu\\\/kataloog\\\/906\\\/\",\"name\":\"Kivil istudes - Raivo Korstnik\",\"isPartOf\":{\"@id\":\"https:\\\/\\\/raivo.korstnik.eu\\\/#website\"},\"primaryImageOfPage\":{\"@id\":\"https:\\\/\\\/raivo.korstnik.eu\\\/kataloog\\\/906\\\/#primaryimage\"},\"image\":{\"@id\":\"https:\\\/\\\/raivo.korstnik.eu\\\/kataloog\\\/906\\\/#primaryimage\"},\"thumbnailUrl\":\"https:\\\/\\\/raivo.korstnik.eu\\\/wp-content\\\/uploads\\\/RK906-haus-Kivil-istudes.jpg\",\"datePublished\":\"2020-10-26T11:13:28+00:00\",\"dateModified\":\"2023-02-20T13:09:18+00:00\",\"breadcrumb\":{\"@id\":\"https:\\\/\\\/raivo.korstnik.eu\\\/kataloog\\\/906\\\/#breadcrumb\"},\"inLanguage\":\"en-GB\",\"potentialAction\":[{\"@type\":\"ReadAction\",\"target\":[\"https:\\\/\\\/raivo.korstnik.eu\\\/kataloog\\\/906\\\/\"]}]},{\"@type\":\"ImageObject\",\"inLanguage\":\"en-GB\",\"@id\":\"https:\\\/\\\/raivo.korstnik.eu\\\/kataloog\\\/906\\\/#primaryimage\",\"url\":\"https:\\\/\\\/raivo.korstnik.eu\\\/wp-content\\\/uploads\\\/RK906-haus-Kivil-istudes.jpg\",\"contentUrl\":\"https:\\\/\\\/raivo.korstnik.eu\\\/wp-content\\\/uploads\\\/RK906-haus-Kivil-istudes.jpg\",\"width\":1508,\"height\":1000},{\"@type\":\"BreadcrumbList\",\"@id\":\"https:\\\/\\\/raivo.korstnik.eu\\\/kataloog\\\/906\\\/#breadcrumb\",\"itemListElement\":[{\"@type\":\"ListItem\",\"position\":1,\"name\":\"Home\",\"item\":\"https:\\\/\\\/raivo.korstnik.eu\\\/\"},{\"@type\":\"ListItem\",\"position\":2,\"name\":\"Teosed\",\"item\":\"https:\\\/\\\/raivo.korstnik.eu\\\/teosed\\\/\"},{\"@type\":\"ListItem\",\"position\":3,\"name\":\"Kivil istudes\"}]},{\"@type\":\"WebSite\",\"@id\":\"https:\\\/\\\/raivo.korstnik.eu\\\/#website\",\"url\":\"https:\\\/\\\/raivo.korstnik.eu\\\/\",\"name\":\"Raivo Korstnik\",\"description\":\"\",\"potentialAction\":[{\"@type\":\"SearchAction\",\"target\":{\"@type\":\"EntryPoint\",\"urlTemplate\":\"https:\\\/\\\/raivo.korstnik.eu\\\/?s={search_term_string}\"},\"query-input\":{\"@type\":\"PropertyValueSpecification\",\"valueRequired\":true,\"valueName\":\"search_term_string\"}}],\"inLanguage\":\"en-GB\"}]}<\/script>\n<!-- \/ Yoast SEO plugin. -->","yoast_head_json":{"title":"Kivil istudes - Raivo Korstnik","robots":{"index":"index","follow":"follow","max-snippet":"max-snippet:-1","max-image-preview":"max-image-preview:large","max-video-preview":"max-video-preview:-1"},"canonical":"https:\/\/raivo.korstnik.eu\/en\/kataloog\/906\/","og_locale":"en_GB","og_type":"article","og_title":"Kivil istudes - Raivo Korstnik","og_description":"Kivil istudes. 1959 \u00d5li, l\u00f5uend. 40 x 60 cm hind 1 854 (m\u00fc\u00fcdud) Raivo Korstniku looming liikus sageli kahe teema \u00fcmber. \u00dchelt poolt linnamaastikud, Tallinna katused, popilikud v\u00e4rvid. Ent teisalt veidi m\u00f5tlikud, s\u00fcvenenumate toonidega loodud rannaelu pildistused. Korstnik ei olnud kunagi eemaltvaataja, lihtne looduse naudiskleja. Jah, ka tema kujundab kive v\u00e4ikeste pintslil\u00f6\u00f6kidega, loob \u00f5rnade \u00fcleminekutega &hellip; Kivil istudes Read More &raquo;","og_url":"https:\/\/raivo.korstnik.eu\/en\/kataloog\/906\/","og_site_name":"Raivo Korstnik","article_modified_time":"2023-02-20T13:09:18+00:00","og_image":[{"width":1508,"height":1000,"url":"https:\/\/raivo.korstnik.eu\/wp-content\/uploads\/RK906-haus-Kivil-istudes.jpg","type":"image\/jpeg"}],"twitter_card":"summary_large_image","schema":{"@context":"https:\/\/schema.org","@graph":[{"@type":"WebPage","@id":"https:\/\/raivo.korstnik.eu\/kataloog\/906\/","url":"https:\/\/raivo.korstnik.eu\/kataloog\/906\/","name":"Kivil istudes - Raivo Korstnik","isPartOf":{"@id":"https:\/\/raivo.korstnik.eu\/#website"},"primaryImageOfPage":{"@id":"https:\/\/raivo.korstnik.eu\/kataloog\/906\/#primaryimage"},"image":{"@id":"https:\/\/raivo.korstnik.eu\/kataloog\/906\/#primaryimage"},"thumbnailUrl":"https:\/\/raivo.korstnik.eu\/wp-content\/uploads\/RK906-haus-Kivil-istudes.jpg","datePublished":"2020-10-26T11:13:28+00:00","dateModified":"2023-02-20T13:09:18+00:00","breadcrumb":{"@id":"https:\/\/raivo.korstnik.eu\/kataloog\/906\/#breadcrumb"},"inLanguage":"en-GB","potentialAction":[{"@type":"ReadAction","target":["https:\/\/raivo.korstnik.eu\/kataloog\/906\/"]}]},{"@type":"ImageObject","inLanguage":"en-GB","@id":"https:\/\/raivo.korstnik.eu\/kataloog\/906\/#primaryimage","url":"https:\/\/raivo.korstnik.eu\/wp-content\/uploads\/RK906-haus-Kivil-istudes.jpg","contentUrl":"https:\/\/raivo.korstnik.eu\/wp-content\/uploads\/RK906-haus-Kivil-istudes.jpg","width":1508,"height":1000},{"@type":"BreadcrumbList","@id":"https:\/\/raivo.korstnik.eu\/kataloog\/906\/#breadcrumb","itemListElement":[{"@type":"ListItem","position":1,"name":"Home","item":"https:\/\/raivo.korstnik.eu\/"},{"@type":"ListItem","position":2,"name":"Teosed","item":"https:\/\/raivo.korstnik.eu\/teosed\/"},{"@type":"ListItem","position":3,"name":"Kivil istudes"}]},{"@type":"WebSite","@id":"https:\/\/raivo.korstnik.eu\/#website","url":"https:\/\/raivo.korstnik.eu\/","name":"Raivo Korstnik","description":"","potentialAction":[{"@type":"SearchAction","target":{"@type":"EntryPoint","urlTemplate":"https:\/\/raivo.korstnik.eu\/?s={search_term_string}"},"query-input":{"@type":"PropertyValueSpecification","valueRequired":true,"valueName":"search_term_string"}}],"inLanguage":"en-GB"}]}},"_links":{"self":[{"href":"https:\/\/raivo.korstnik.eu\/en\/wp-json\/wp\/v2\/product\/2117","targetHints":{"allow":["GET"]}}],"collection":[{"href":"https:\/\/raivo.korstnik.eu\/en\/wp-json\/wp\/v2\/product"}],"about":[{"href":"https:\/\/raivo.korstnik.eu\/en\/wp-json\/wp\/v2\/types\/product"}],"wp:featuredmedia":[{"embeddable":true,"href":"https:\/\/raivo.korstnik.eu\/en\/wp-json\/wp\/v2\/media\/4173"}],"wp:attachment":[{"href":"https:\/\/raivo.korstnik.eu\/en\/wp-json\/wp\/v2\/media?parent=2117"}],"wp:term":[{"taxonomy":"product_brand","embeddable":true,"href":"https:\/\/raivo.korstnik.eu\/en\/wp-json\/wp\/v2\/product_brand?post=2117"},{"taxonomy":"product_cat","embeddable":true,"href":"https:\/\/raivo.korstnik.eu\/en\/wp-json\/wp\/v2\/product_cat?post=2117"},{"taxonomy":"product_tag","embeddable":true,"href":"https:\/\/raivo.korstnik.eu\/en\/wp-json\/wp\/v2\/product_tag?post=2117"}],"curies":[{"name":"wp","href":"https:\/\/api.w.org\/{rel}","templated":true}]}}