{"id":2120,"date":"2020-10-26T11:15:13","date_gmt":"2020-10-26T11:15:13","guid":{"rendered":"https:\/\/www.lennuk.eu\/korstnik\/korstnik\/raivo\/?post_type=product&#038;p=2120"},"modified":"2023-02-16T22:21:50","modified_gmt":"2023-02-16T22:21:50","slug":"720","status":"publish","type":"product","link":"https:\/\/raivo.korstnik.eu\/en\/kataloog\/720\/","title":{"rendered":"Baleriinid"},"content":{"rendered":"<h2 id=\"pealkiri\">Baleriinid. 1962<\/h2>\n<p id=\"teos\">\u00d5li, papp. 69 x 81 cm<br \/>\nhind <strong>1 216<\/strong> <strong class=\"myydud\">(m\u00fc\u00fcdud)<\/strong><\/p>\n<p>\u201cBaleriinid\u201d j\u00e4tkavad vormilahenduses t\u00f6\u00f6s \u201cJ\u00e4rv paadi ja sillaga\u201d esilekerkinud v\u00e4\u00e4rtusi. Ent seekord on Korstnik ka temaatiliselt omas ajas. 1960ndatel oli teiste erialade kujutamine maalikunstis \u00e4\u00e4rmiselt populaarne, sh oli eraldi lemmikteemaks just baleriinide kujutamine. Viimast kohtas n\u00e4iteks nii Elmar Kitse kui ka Olev Subbi loomingus. K\u00fcmnendi meeleolusid arvestades pole muidugi eriti imestada, et ka Korstnik kujutab meelsasti just hoogsaid ja elegantseid baleriine.<\/p>","protected":false},"excerpt":{"rendered":"<p>Baleriinid. 1962 \u00d5li, papp. 69 x 81 cm hind 1 216 (m\u00fc\u00fcdud) \u201cBaleriinid\u201d j\u00e4tkavad vormilahenduses t\u00f6\u00f6s \u201cJ\u00e4rv paadi ja sillaga\u201d esilekerkinud v\u00e4\u00e4rtusi. Ent seekord on Korstnik ka temaatiliselt omas ajas. 1960ndatel oli teiste erialade kujutamine maalikunstis \u00e4\u00e4rmiselt populaarne, sh oli eraldi lemmikteemaks just baleriinide kujutamine. Viimast kohtas n\u00e4iteks nii Elmar Kitse kui ka Olev Subbi &hellip;<\/p>\n<p class=\"read-more\"> <a class=\"\" href=\"https:\/\/raivo.korstnik.eu\/en\/kataloog\/720\/\"> <span class=\"screen-reader-text\">Baleriinid<\/span> Read More &raquo;<\/a><\/p>","protected":false},"featured_media":2121,"template":"","meta":[],"product_brand":[],"product_cat":[110,114,22],"product_tag":[88,121],"class_list":{"0":"post-2120","1":"product","2":"type-product","3":"status-publish","4":"has-post-thumbnail","6":"product_cat-figuraalne","7":"product_cat-portreed","8":"product_cat-portreed-ja-aktid","9":"product_tag-haus","10":"product_tag-portree","12":"first","13":"outofstock","14":"shipping-taxable","15":"product-type-simple"},"yoast_head":"<!-- This site is optimized with the Yoast SEO plugin v27.4 - https:\/\/yoast.com\/product\/yoast-seo-wordpress\/ -->\n<title>Baleriinid - Raivo Korstnik<\/title>\n<meta name=\"robots\" content=\"index, follow, max-snippet:-1, max-image-preview:large, max-video-preview:-1\" \/>\n<link rel=\"canonical\" href=\"https:\/\/raivo.korstnik.eu\/en\/kataloog\/720\/\" \/>\n<meta property=\"og:locale\" content=\"en_GB\" \/>\n<meta property=\"og:type\" content=\"article\" \/>\n<meta property=\"og:title\" content=\"Baleriinid - Raivo Korstnik\" \/>\n<meta property=\"og:description\" content=\"Baleriinid. 1962 \u00d5li, papp. 69 x 81 cm hind 1 216 (m\u00fc\u00fcdud) \u201cBaleriinid\u201d j\u00e4tkavad vormilahenduses t\u00f6\u00f6s \u201cJ\u00e4rv paadi ja sillaga\u201d esilekerkinud v\u00e4\u00e4rtusi. Ent seekord on Korstnik ka temaatiliselt omas ajas. 1960ndatel oli teiste erialade kujutamine maalikunstis \u00e4\u00e4rmiselt populaarne, sh oli eraldi lemmikteemaks just baleriinide kujutamine. Viimast kohtas n\u00e4iteks nii Elmar Kitse kui ka Olev Subbi &hellip; Baleriinid Read More &raquo;\" \/>\n<meta property=\"og:url\" content=\"https:\/\/raivo.korstnik.eu\/en\/kataloog\/720\/\" \/>\n<meta property=\"og:site_name\" content=\"Raivo Korstnik\" \/>\n<meta property=\"article:modified_time\" content=\"2023-02-16T22:21:50+00:00\" \/>\n<meta property=\"og:image\" content=\"https:\/\/raivo.korstnik.eu\/wp-content\/uploads\/Baleriinid.jpg\" \/>\n\t<meta property=\"og:image:width\" content=\"470\" \/>\n\t<meta property=\"og:image:height\" content=\"400\" \/>\n\t<meta property=\"og:image:type\" content=\"image\/jpeg\" \/>\n<meta name=\"twitter:card\" content=\"summary_large_image\" \/>\n<script type=\"application\/ld+json\" class=\"yoast-schema-graph\">{\"@context\":\"https:\\\/\\\/schema.org\",\"@graph\":[{\"@type\":\"WebPage\",\"@id\":\"https:\\\/\\\/raivo.korstnik.eu\\\/kataloog\\\/720\\\/\",\"url\":\"https:\\\/\\\/raivo.korstnik.eu\\\/kataloog\\\/720\\\/\",\"name\":\"Baleriinid - Raivo Korstnik\",\"isPartOf\":{\"@id\":\"https:\\\/\\\/raivo.korstnik.eu\\\/#website\"},\"primaryImageOfPage\":{\"@id\":\"https:\\\/\\\/raivo.korstnik.eu\\\/kataloog\\\/720\\\/#primaryimage\"},\"image\":{\"@id\":\"https:\\\/\\\/raivo.korstnik.eu\\\/kataloog\\\/720\\\/#primaryimage\"},\"thumbnailUrl\":\"https:\\\/\\\/raivo.korstnik.eu\\\/wp-content\\\/uploads\\\/Baleriinid.jpg\",\"datePublished\":\"2020-10-26T11:15:13+00:00\",\"dateModified\":\"2023-02-16T22:21:50+00:00\",\"breadcrumb\":{\"@id\":\"https:\\\/\\\/raivo.korstnik.eu\\\/kataloog\\\/720\\\/#breadcrumb\"},\"inLanguage\":\"en-GB\",\"potentialAction\":[{\"@type\":\"ReadAction\",\"target\":[\"https:\\\/\\\/raivo.korstnik.eu\\\/kataloog\\\/720\\\/\"]}]},{\"@type\":\"ImageObject\",\"inLanguage\":\"en-GB\",\"@id\":\"https:\\\/\\\/raivo.korstnik.eu\\\/kataloog\\\/720\\\/#primaryimage\",\"url\":\"https:\\\/\\\/raivo.korstnik.eu\\\/wp-content\\\/uploads\\\/Baleriinid.jpg\",\"contentUrl\":\"https:\\\/\\\/raivo.korstnik.eu\\\/wp-content\\\/uploads\\\/Baleriinid.jpg\",\"width\":470,\"height\":400},{\"@type\":\"BreadcrumbList\",\"@id\":\"https:\\\/\\\/raivo.korstnik.eu\\\/kataloog\\\/720\\\/#breadcrumb\",\"itemListElement\":[{\"@type\":\"ListItem\",\"position\":1,\"name\":\"Home\",\"item\":\"https:\\\/\\\/raivo.korstnik.eu\\\/\"},{\"@type\":\"ListItem\",\"position\":2,\"name\":\"Teosed\",\"item\":\"https:\\\/\\\/raivo.korstnik.eu\\\/teosed\\\/\"},{\"@type\":\"ListItem\",\"position\":3,\"name\":\"Baleriinid\"}]},{\"@type\":\"WebSite\",\"@id\":\"https:\\\/\\\/raivo.korstnik.eu\\\/#website\",\"url\":\"https:\\\/\\\/raivo.korstnik.eu\\\/\",\"name\":\"Raivo Korstnik\",\"description\":\"\",\"potentialAction\":[{\"@type\":\"SearchAction\",\"target\":{\"@type\":\"EntryPoint\",\"urlTemplate\":\"https:\\\/\\\/raivo.korstnik.eu\\\/?s={search_term_string}\"},\"query-input\":{\"@type\":\"PropertyValueSpecification\",\"valueRequired\":true,\"valueName\":\"search_term_string\"}}],\"inLanguage\":\"en-GB\"}]}<\/script>\n<!-- \/ Yoast SEO plugin. -->","yoast_head_json":{"title":"Baleriinid - Raivo Korstnik","robots":{"index":"index","follow":"follow","max-snippet":"max-snippet:-1","max-image-preview":"max-image-preview:large","max-video-preview":"max-video-preview:-1"},"canonical":"https:\/\/raivo.korstnik.eu\/en\/kataloog\/720\/","og_locale":"en_GB","og_type":"article","og_title":"Baleriinid - Raivo Korstnik","og_description":"Baleriinid. 1962 \u00d5li, papp. 69 x 81 cm hind 1 216 (m\u00fc\u00fcdud) \u201cBaleriinid\u201d j\u00e4tkavad vormilahenduses t\u00f6\u00f6s \u201cJ\u00e4rv paadi ja sillaga\u201d esilekerkinud v\u00e4\u00e4rtusi. Ent seekord on Korstnik ka temaatiliselt omas ajas. 1960ndatel oli teiste erialade kujutamine maalikunstis \u00e4\u00e4rmiselt populaarne, sh oli eraldi lemmikteemaks just baleriinide kujutamine. Viimast kohtas n\u00e4iteks nii Elmar Kitse kui ka Olev Subbi &hellip; Baleriinid Read More &raquo;","og_url":"https:\/\/raivo.korstnik.eu\/en\/kataloog\/720\/","og_site_name":"Raivo Korstnik","article_modified_time":"2023-02-16T22:21:50+00:00","og_image":[{"width":470,"height":400,"url":"https:\/\/raivo.korstnik.eu\/wp-content\/uploads\/Baleriinid.jpg","type":"image\/jpeg"}],"twitter_card":"summary_large_image","schema":{"@context":"https:\/\/schema.org","@graph":[{"@type":"WebPage","@id":"https:\/\/raivo.korstnik.eu\/kataloog\/720\/","url":"https:\/\/raivo.korstnik.eu\/kataloog\/720\/","name":"Baleriinid - Raivo Korstnik","isPartOf":{"@id":"https:\/\/raivo.korstnik.eu\/#website"},"primaryImageOfPage":{"@id":"https:\/\/raivo.korstnik.eu\/kataloog\/720\/#primaryimage"},"image":{"@id":"https:\/\/raivo.korstnik.eu\/kataloog\/720\/#primaryimage"},"thumbnailUrl":"https:\/\/raivo.korstnik.eu\/wp-content\/uploads\/Baleriinid.jpg","datePublished":"2020-10-26T11:15:13+00:00","dateModified":"2023-02-16T22:21:50+00:00","breadcrumb":{"@id":"https:\/\/raivo.korstnik.eu\/kataloog\/720\/#breadcrumb"},"inLanguage":"en-GB","potentialAction":[{"@type":"ReadAction","target":["https:\/\/raivo.korstnik.eu\/kataloog\/720\/"]}]},{"@type":"ImageObject","inLanguage":"en-GB","@id":"https:\/\/raivo.korstnik.eu\/kataloog\/720\/#primaryimage","url":"https:\/\/raivo.korstnik.eu\/wp-content\/uploads\/Baleriinid.jpg","contentUrl":"https:\/\/raivo.korstnik.eu\/wp-content\/uploads\/Baleriinid.jpg","width":470,"height":400},{"@type":"BreadcrumbList","@id":"https:\/\/raivo.korstnik.eu\/kataloog\/720\/#breadcrumb","itemListElement":[{"@type":"ListItem","position":1,"name":"Home","item":"https:\/\/raivo.korstnik.eu\/"},{"@type":"ListItem","position":2,"name":"Teosed","item":"https:\/\/raivo.korstnik.eu\/teosed\/"},{"@type":"ListItem","position":3,"name":"Baleriinid"}]},{"@type":"WebSite","@id":"https:\/\/raivo.korstnik.eu\/#website","url":"https:\/\/raivo.korstnik.eu\/","name":"Raivo Korstnik","description":"","potentialAction":[{"@type":"SearchAction","target":{"@type":"EntryPoint","urlTemplate":"https:\/\/raivo.korstnik.eu\/?s={search_term_string}"},"query-input":{"@type":"PropertyValueSpecification","valueRequired":true,"valueName":"search_term_string"}}],"inLanguage":"en-GB"}]}},"_links":{"self":[{"href":"https:\/\/raivo.korstnik.eu\/en\/wp-json\/wp\/v2\/product\/2120","targetHints":{"allow":["GET"]}}],"collection":[{"href":"https:\/\/raivo.korstnik.eu\/en\/wp-json\/wp\/v2\/product"}],"about":[{"href":"https:\/\/raivo.korstnik.eu\/en\/wp-json\/wp\/v2\/types\/product"}],"wp:featuredmedia":[{"embeddable":true,"href":"https:\/\/raivo.korstnik.eu\/en\/wp-json\/wp\/v2\/media\/2121"}],"wp:attachment":[{"href":"https:\/\/raivo.korstnik.eu\/en\/wp-json\/wp\/v2\/media?parent=2120"}],"wp:term":[{"taxonomy":"product_brand","embeddable":true,"href":"https:\/\/raivo.korstnik.eu\/en\/wp-json\/wp\/v2\/product_brand?post=2120"},{"taxonomy":"product_cat","embeddable":true,"href":"https:\/\/raivo.korstnik.eu\/en\/wp-json\/wp\/v2\/product_cat?post=2120"},{"taxonomy":"product_tag","embeddable":true,"href":"https:\/\/raivo.korstnik.eu\/en\/wp-json\/wp\/v2\/product_tag?post=2120"}],"curies":[{"name":"wp","href":"https:\/\/api.w.org\/{rel}","templated":true}]}}