{"id":2123,"date":"2020-10-26T11:16:59","date_gmt":"2020-10-26T11:16:59","guid":{"rendered":"https:\/\/www.lennuk.eu\/korstnik\/korstnik\/raivo\/?post_type=product&#038;p=2123"},"modified":"2023-02-20T12:20:58","modified_gmt":"2023-02-20T12:20:58","slug":"414","status":"publish","type":"product","link":"https:\/\/raivo.korstnik.eu\/en\/kataloog\/414\/","title":{"rendered":"Tallinna katused"},"content":{"rendered":"<p>Kunstikollektsion\u00e4\u00e4r Laur Kivistikul on 3 Raivo t\u00f6\u00f6d (2 maalireprot tulevad j\u00e4rgmise meiliga). Laur on v\u00e4ga lahe ja abivalmis tegelane \u2013 temaga v\u00f5ib huvi korral julgelt \u00fchendust v\u00f5tta.\u00a0Laur Kivistiku kontaktid on siin: 5015869, laur \u00e4t <a href=\"http:\/\/aconto.ee\/\">aconto.ee<\/a><\/p>\n<p>&nbsp;<\/p>\n<h2 id=\"pealkiri\">Tallinna katused. 1974<\/h2>\n<p id=\"teos\">\u00d5li, papp. 50 x 70 cm<br \/>\nhind <strong>960<\/strong> <strong class=\"myydud\">(m\u00fc\u00fcdud)<\/strong><\/p>\n<p>\u201cTallinna katused\u201d ei ole motiivilt haruldane, kuna Tallinna vanalinna vaated ka just s\u00e4\u00e4rase nurga alt on siinses kunstis suhteliselt levinud. T\u00f6\u00f6 p\u00f5hiv\u00e4\u00e4rtus seisneb tema valmimise ajas \u2013 ateljeest maalitud ajastupildistus, kus m\u00f6\u00f6da katuseid libisedes tuuakse linna vanimale osale juurde uus ning moodsat ajastut kuulutav hotell. Erinevaid kaasaegseid vorme kasutades loob Korstnik kaasaegse linnavaate, kus romantilise v\u00e4rvitunde asemel imetletakse kiiret arengut ja vormide muutumist.<\/p>","protected":false},"excerpt":{"rendered":"<p>\u201cTallinna katused\u201d ei ole motiivilt haruldane, kuna Tallinna vanalinna vaated ka just s\u00e4\u00e4rase nurga alt on siinses kunstis suhteliselt levinud. T\u00f6\u00f6 p\u00f5hiv\u00e4\u00e4rtus seisneb tema valmimise ajas \u2013 ateljeest maalitud ajastupildistus, kus m\u00f6\u00f6da katuseid libisedes tuuakse linna vanimale osale juurde uus ning moodsat ajastut kuulutav hotell. Erinevaid kaasaegseid vorme kasutades loob Korstnik kaasaegse linnavaate, kus romantilise v\u00e4rvitunde asemel imetletakse kiiret arengut ja vormide muutumist.<\/p>","protected":false},"featured_media":4158,"template":"","meta":[],"product_brand":[],"product_cat":[82],"product_tag":[88,140,117,139],"class_list":{"0":"post-2123","1":"product","2":"type-product","3":"status-publish","4":"has-post-thumbnail","6":"product_cat-linnavaade","7":"product_tag-haus","8":"product_tag-kivistik","9":"product_tag-kontrolli","10":"product_tag-linnamaastik","12":"first","13":"outofstock","14":"shipping-taxable","15":"product-type-simple"},"yoast_head":"<!-- This site is optimized with the Yoast SEO plugin v27.4 - https:\/\/yoast.com\/product\/yoast-seo-wordpress\/ -->\n<title>Tallinna katused - Raivo Korstnik<\/title>\n<meta name=\"robots\" content=\"index, follow, max-snippet:-1, max-image-preview:large, max-video-preview:-1\" \/>\n<link rel=\"canonical\" href=\"https:\/\/raivo.korstnik.eu\/en\/kataloog\/414\/\" \/>\n<meta property=\"og:locale\" content=\"en_GB\" \/>\n<meta property=\"og:type\" content=\"article\" \/>\n<meta property=\"og:title\" content=\"Tallinna katused - Raivo Korstnik\" \/>\n<meta property=\"og:description\" content=\"\u201cTallinna katused\u201d ei ole motiivilt haruldane, kuna Tallinna vanalinna vaated ka just s\u00e4\u00e4rase nurga alt on siinses kunstis suhteliselt levinud. T\u00f6\u00f6 p\u00f5hiv\u00e4\u00e4rtus seisneb tema valmimise ajas \u2013 ateljeest maalitud ajastupildistus, kus m\u00f6\u00f6da katuseid libisedes tuuakse linna vanimale osale juurde uus ning moodsat ajastut kuulutav hotell. Erinevaid kaasaegseid vorme kasutades loob Korstnik kaasaegse linnavaate, kus romantilise v\u00e4rvitunde asemel imetletakse kiiret arengut ja vormide muutumist.\" \/>\n<meta property=\"og:url\" content=\"https:\/\/raivo.korstnik.eu\/en\/kataloog\/414\/\" \/>\n<meta property=\"og:site_name\" content=\"Raivo Korstnik\" \/>\n<meta property=\"article:modified_time\" content=\"2023-02-20T12:20:58+00:00\" \/>\n<meta property=\"og:image\" content=\"https:\/\/raivo.korstnik.eu\/wp-content\/uploads\/korstnik-katused-scaled.jpg\" \/>\n\t<meta property=\"og:image:width\" content=\"2560\" \/>\n\t<meta property=\"og:image:height\" content=\"1847\" \/>\n\t<meta property=\"og:image:type\" content=\"image\/jpeg\" \/>\n<meta name=\"twitter:card\" content=\"summary_large_image\" \/>\n<meta name=\"twitter:label1\" content=\"Estimated reading time\" \/>\n\t<meta name=\"twitter:data1\" content=\"1 minute\" \/>\n<script type=\"application\/ld+json\" class=\"yoast-schema-graph\">{\"@context\":\"https:\\\/\\\/schema.org\",\"@graph\":[{\"@type\":\"WebPage\",\"@id\":\"https:\\\/\\\/raivo.korstnik.eu\\\/kataloog\\\/414\\\/\",\"url\":\"https:\\\/\\\/raivo.korstnik.eu\\\/kataloog\\\/414\\\/\",\"name\":\"Tallinna katused - Raivo Korstnik\",\"isPartOf\":{\"@id\":\"https:\\\/\\\/raivo.korstnik.eu\\\/#website\"},\"primaryImageOfPage\":{\"@id\":\"https:\\\/\\\/raivo.korstnik.eu\\\/kataloog\\\/414\\\/#primaryimage\"},\"image\":{\"@id\":\"https:\\\/\\\/raivo.korstnik.eu\\\/kataloog\\\/414\\\/#primaryimage\"},\"thumbnailUrl\":\"https:\\\/\\\/raivo.korstnik.eu\\\/wp-content\\\/uploads\\\/korstnik-katused-scaled.jpg\",\"datePublished\":\"2020-10-26T11:16:59+00:00\",\"dateModified\":\"2023-02-20T12:20:58+00:00\",\"breadcrumb\":{\"@id\":\"https:\\\/\\\/raivo.korstnik.eu\\\/kataloog\\\/414\\\/#breadcrumb\"},\"inLanguage\":\"en-GB\",\"potentialAction\":[{\"@type\":\"ReadAction\",\"target\":[\"https:\\\/\\\/raivo.korstnik.eu\\\/kataloog\\\/414\\\/\"]}]},{\"@type\":\"ImageObject\",\"inLanguage\":\"en-GB\",\"@id\":\"https:\\\/\\\/raivo.korstnik.eu\\\/kataloog\\\/414\\\/#primaryimage\",\"url\":\"https:\\\/\\\/raivo.korstnik.eu\\\/wp-content\\\/uploads\\\/korstnik-katused-scaled.jpg\",\"contentUrl\":\"https:\\\/\\\/raivo.korstnik.eu\\\/wp-content\\\/uploads\\\/korstnik-katused-scaled.jpg\",\"width\":2560,\"height\":1847},{\"@type\":\"BreadcrumbList\",\"@id\":\"https:\\\/\\\/raivo.korstnik.eu\\\/kataloog\\\/414\\\/#breadcrumb\",\"itemListElement\":[{\"@type\":\"ListItem\",\"position\":1,\"name\":\"Home\",\"item\":\"https:\\\/\\\/raivo.korstnik.eu\\\/\"},{\"@type\":\"ListItem\",\"position\":2,\"name\":\"Teosed\",\"item\":\"https:\\\/\\\/raivo.korstnik.eu\\\/teosed\\\/\"},{\"@type\":\"ListItem\",\"position\":3,\"name\":\"Tallinna katused\"}]},{\"@type\":\"WebSite\",\"@id\":\"https:\\\/\\\/raivo.korstnik.eu\\\/#website\",\"url\":\"https:\\\/\\\/raivo.korstnik.eu\\\/\",\"name\":\"Raivo Korstnik\",\"description\":\"\",\"potentialAction\":[{\"@type\":\"SearchAction\",\"target\":{\"@type\":\"EntryPoint\",\"urlTemplate\":\"https:\\\/\\\/raivo.korstnik.eu\\\/?s={search_term_string}\"},\"query-input\":{\"@type\":\"PropertyValueSpecification\",\"valueRequired\":true,\"valueName\":\"search_term_string\"}}],\"inLanguage\":\"en-GB\"}]}<\/script>\n<!-- \/ Yoast SEO plugin. -->","yoast_head_json":{"title":"Tallinna katused - Raivo Korstnik","robots":{"index":"index","follow":"follow","max-snippet":"max-snippet:-1","max-image-preview":"max-image-preview:large","max-video-preview":"max-video-preview:-1"},"canonical":"https:\/\/raivo.korstnik.eu\/en\/kataloog\/414\/","og_locale":"en_GB","og_type":"article","og_title":"Tallinna katused - Raivo Korstnik","og_description":"\u201cTallinna katused\u201d ei ole motiivilt haruldane, kuna Tallinna vanalinna vaated ka just s\u00e4\u00e4rase nurga alt on siinses kunstis suhteliselt levinud. T\u00f6\u00f6 p\u00f5hiv\u00e4\u00e4rtus seisneb tema valmimise ajas \u2013 ateljeest maalitud ajastupildistus, kus m\u00f6\u00f6da katuseid libisedes tuuakse linna vanimale osale juurde uus ning moodsat ajastut kuulutav hotell. Erinevaid kaasaegseid vorme kasutades loob Korstnik kaasaegse linnavaate, kus romantilise v\u00e4rvitunde asemel imetletakse kiiret arengut ja vormide muutumist.","og_url":"https:\/\/raivo.korstnik.eu\/en\/kataloog\/414\/","og_site_name":"Raivo Korstnik","article_modified_time":"2023-02-20T12:20:58+00:00","og_image":[{"width":2560,"height":1847,"url":"https:\/\/raivo.korstnik.eu\/wp-content\/uploads\/korstnik-katused-scaled.jpg","type":"image\/jpeg"}],"twitter_card":"summary_large_image","twitter_misc":{"Estimated reading time":"1 minute"},"schema":{"@context":"https:\/\/schema.org","@graph":[{"@type":"WebPage","@id":"https:\/\/raivo.korstnik.eu\/kataloog\/414\/","url":"https:\/\/raivo.korstnik.eu\/kataloog\/414\/","name":"Tallinna katused - Raivo Korstnik","isPartOf":{"@id":"https:\/\/raivo.korstnik.eu\/#website"},"primaryImageOfPage":{"@id":"https:\/\/raivo.korstnik.eu\/kataloog\/414\/#primaryimage"},"image":{"@id":"https:\/\/raivo.korstnik.eu\/kataloog\/414\/#primaryimage"},"thumbnailUrl":"https:\/\/raivo.korstnik.eu\/wp-content\/uploads\/korstnik-katused-scaled.jpg","datePublished":"2020-10-26T11:16:59+00:00","dateModified":"2023-02-20T12:20:58+00:00","breadcrumb":{"@id":"https:\/\/raivo.korstnik.eu\/kataloog\/414\/#breadcrumb"},"inLanguage":"en-GB","potentialAction":[{"@type":"ReadAction","target":["https:\/\/raivo.korstnik.eu\/kataloog\/414\/"]}]},{"@type":"ImageObject","inLanguage":"en-GB","@id":"https:\/\/raivo.korstnik.eu\/kataloog\/414\/#primaryimage","url":"https:\/\/raivo.korstnik.eu\/wp-content\/uploads\/korstnik-katused-scaled.jpg","contentUrl":"https:\/\/raivo.korstnik.eu\/wp-content\/uploads\/korstnik-katused-scaled.jpg","width":2560,"height":1847},{"@type":"BreadcrumbList","@id":"https:\/\/raivo.korstnik.eu\/kataloog\/414\/#breadcrumb","itemListElement":[{"@type":"ListItem","position":1,"name":"Home","item":"https:\/\/raivo.korstnik.eu\/"},{"@type":"ListItem","position":2,"name":"Teosed","item":"https:\/\/raivo.korstnik.eu\/teosed\/"},{"@type":"ListItem","position":3,"name":"Tallinna katused"}]},{"@type":"WebSite","@id":"https:\/\/raivo.korstnik.eu\/#website","url":"https:\/\/raivo.korstnik.eu\/","name":"Raivo Korstnik","description":"","potentialAction":[{"@type":"SearchAction","target":{"@type":"EntryPoint","urlTemplate":"https:\/\/raivo.korstnik.eu\/?s={search_term_string}"},"query-input":{"@type":"PropertyValueSpecification","valueRequired":true,"valueName":"search_term_string"}}],"inLanguage":"en-GB"}]}},"_links":{"self":[{"href":"https:\/\/raivo.korstnik.eu\/en\/wp-json\/wp\/v2\/product\/2123","targetHints":{"allow":["GET"]}}],"collection":[{"href":"https:\/\/raivo.korstnik.eu\/en\/wp-json\/wp\/v2\/product"}],"about":[{"href":"https:\/\/raivo.korstnik.eu\/en\/wp-json\/wp\/v2\/types\/product"}],"wp:featuredmedia":[{"embeddable":true,"href":"https:\/\/raivo.korstnik.eu\/en\/wp-json\/wp\/v2\/media\/4158"}],"wp:attachment":[{"href":"https:\/\/raivo.korstnik.eu\/en\/wp-json\/wp\/v2\/media?parent=2123"}],"wp:term":[{"taxonomy":"product_brand","embeddable":true,"href":"https:\/\/raivo.korstnik.eu\/en\/wp-json\/wp\/v2\/product_brand?post=2123"},{"taxonomy":"product_cat","embeddable":true,"href":"https:\/\/raivo.korstnik.eu\/en\/wp-json\/wp\/v2\/product_cat?post=2123"},{"taxonomy":"product_tag","embeddable":true,"href":"https:\/\/raivo.korstnik.eu\/en\/wp-json\/wp\/v2\/product_tag?post=2123"}],"curies":[{"name":"wp","href":"https:\/\/api.w.org\/{rel}","templated":true}]}}