{"id":2126,"date":"2020-10-26T11:30:02","date_gmt":"2020-10-26T11:30:02","guid":{"rendered":"https:\/\/www.lennuk.eu\/korstnik\/korstnik\/raivo\/?post_type=product&#038;p=2126"},"modified":"2023-02-16T22:08:45","modified_gmt":"2023-02-16T22:08:45","slug":"314","status":"publish","type":"product","link":"https:\/\/raivo.korstnik.eu\/en\/kataloog\/314\/","title":{"rendered":"Ruuporiga kavand (Rahvapidustused)"},"content":{"rendered":"<p id=\"pealkiri\">Kunstikollektsion\u00e4\u00e4r Laur Kivistikul on 3 Raivo t\u00f6\u00f6d (2 maalireprot tulevad j\u00e4rgmise meiliga). Laur on v\u00e4ga lahe ja abivalmis tegelane \u2013 temaga v\u00f5ib huvi korral julgelt \u00fchendust v\u00f5tta.\u00a0Laur Kivistiku kontaktid on siin: 5015869, laur \u00e4t <a href=\"http:\/\/aconto.ee\/\">aconto.ee<\/a><\/p>\n<h2><\/h2>\n<h2>Rahvapidustused (kavand). dateerimata<\/h2>\n<p id=\"teos\">\u00d5li, kartong. 43 x 22 cm (raamimata)<br \/>\nhind <strong>767<\/strong> <strong class=\"myydud\">(m\u00fc\u00fcdud)<\/strong><\/p>\n<p>Raivo Korstnik on \u00fcks t\u00e4psemini ajastu meeleolusid kandvaid kunstnikke. Tema t\u00f6\u00f6des peegeldub nii ajastu esteetika kui ka meeleolud. \u201cRahvapidustused\u201d on muidugi viide paraadide poolkohustuslikule atmosf\u00e4\u00e4rile. K\u00e4skiv megafon troonib publiku kohal, kutsudes k\u00f5iki midagi t\u00e4histama. Osavalt on kunstnik k\u00e4sitlenud v\u00e4rvide ja vormide mitmekesisust, mis tekib inimmasside kogunemisel ja liikumisel. V\u00f5ib-olla ei tunne me sellel t\u00f6\u00f6l t\u00e4pselt \u00e4ra kohta, kuup\u00e4eva ja inimeste n\u00e4gusid, k\u00fcll aga n\u00e4eme siin p\u00fc\u00fcet midagi organiseerida ning v\u00f5imet r\u00f5\u00f5mustada k\u00e4sust hoolimata.<\/p>","protected":false},"excerpt":{"rendered":"<p>Raivo Korstnik on \u00fcks t\u00e4psemini ajastu meeleolusid kandvaid kunstnikke. Tema t\u00f6\u00f6des peegeldub nii ajastu esteetika kui ka meeleolud. \u201cRahvapidustused\u201d on muidugi viide paraadide poolkohustuslikule atmosf\u00e4\u00e4rile. K\u00e4skiv megafon troonib publiku kohal, kutsudes k\u00f5iki midagi t\u00e4histama. Osavalt on kunstnik k\u00e4sitlenud v\u00e4rvide ja vormide mitmekesisust, mis tekib inimmasside kogunemisel ja liikumisel. V\u00f5ib-olla ei tunne me sellel t\u00f6\u00f6l t\u00e4pselt \u00e4ra kohta, kuup\u00e4eva ja inimeste n\u00e4gusid, k\u00fcll aga n\u00e4eme siin p\u00fc\u00fcet midagi organiseerida ning v\u00f5imet r\u00f5\u00f5mustada k\u00e4sust hoolimata.<\/p>","protected":false},"featured_media":2127,"template":"","meta":[],"product_brand":[],"product_cat":[21,110],"product_tag":[88,140,136,117,123],"class_list":{"0":"post-2126","1":"product","2":"type-product","3":"status-publish","4":"has-post-thumbnail","6":"product_cat-moodne","7":"product_cat-figuraalne","8":"product_tag-haus","9":"product_tag-kivistik","10":"product_tag-kompositsioon","11":"product_tag-kontrolli","12":"product_tag-moodne","14":"first","15":"outofstock","16":"shipping-taxable","17":"product-type-simple"},"yoast_head":"<!-- This site is optimized with the Yoast SEO plugin v27.6 - https:\/\/yoast.com\/product\/yoast-seo-wordpress\/ -->\n<title>Ruuporiga kavand (Rahvapidustused) - Raivo Korstnik<\/title>\n<meta name=\"robots\" content=\"index, follow, max-snippet:-1, max-image-preview:large, max-video-preview:-1\" \/>\n<link rel=\"canonical\" href=\"https:\/\/raivo.korstnik.eu\/en\/kataloog\/314\/\" \/>\n<meta property=\"og:locale\" content=\"en_GB\" \/>\n<meta property=\"og:type\" content=\"article\" \/>\n<meta property=\"og:title\" content=\"Ruuporiga kavand (Rahvapidustused) - Raivo Korstnik\" \/>\n<meta property=\"og:description\" content=\"Raivo Korstnik on \u00fcks t\u00e4psemini ajastu meeleolusid kandvaid kunstnikke. Tema t\u00f6\u00f6des peegeldub nii ajastu esteetika kui ka meeleolud. \u201cRahvapidustused\u201d on muidugi viide paraadide poolkohustuslikule atmosf\u00e4\u00e4rile. K\u00e4skiv megafon troonib publiku kohal, kutsudes k\u00f5iki midagi t\u00e4histama. Osavalt on kunstnik k\u00e4sitlenud v\u00e4rvide ja vormide mitmekesisust, mis tekib inimmasside kogunemisel ja liikumisel. V\u00f5ib-olla ei tunne me sellel t\u00f6\u00f6l t\u00e4pselt \u00e4ra kohta, kuup\u00e4eva ja inimeste n\u00e4gusid, k\u00fcll aga n\u00e4eme siin p\u00fc\u00fcet midagi organiseerida ning v\u00f5imet r\u00f5\u00f5mustada k\u00e4sust hoolimata.\" \/>\n<meta property=\"og:url\" content=\"https:\/\/raivo.korstnik.eu\/en\/kataloog\/314\/\" \/>\n<meta property=\"og:site_name\" content=\"Raivo Korstnik\" \/>\n<meta property=\"article:modified_time\" content=\"2023-02-16T22:08:45+00:00\" \/>\n<meta property=\"og:image\" content=\"https:\/\/raivo.korstnik.eu\/wp-content\/uploads\/Rahvapidustused.jpg\" \/>\n\t<meta property=\"og:image:width\" content=\"345\" \/>\n\t<meta property=\"og:image:height\" content=\"470\" \/>\n\t<meta property=\"og:image:type\" content=\"image\/jpeg\" \/>\n<meta name=\"twitter:card\" content=\"summary_large_image\" \/>\n<meta name=\"twitter:label1\" content=\"Estimated reading time\" \/>\n\t<meta name=\"twitter:data1\" content=\"1 minute\" \/>\n<script type=\"application\/ld+json\" class=\"yoast-schema-graph\">{\"@context\":\"https:\\\/\\\/schema.org\",\"@graph\":[{\"@type\":\"WebPage\",\"@id\":\"https:\\\/\\\/raivo.korstnik.eu\\\/kataloog\\\/314\\\/\",\"url\":\"https:\\\/\\\/raivo.korstnik.eu\\\/kataloog\\\/314\\\/\",\"name\":\"Ruuporiga kavand (Rahvapidustused) - Raivo Korstnik\",\"isPartOf\":{\"@id\":\"https:\\\/\\\/raivo.korstnik.eu\\\/#website\"},\"primaryImageOfPage\":{\"@id\":\"https:\\\/\\\/raivo.korstnik.eu\\\/kataloog\\\/314\\\/#primaryimage\"},\"image\":{\"@id\":\"https:\\\/\\\/raivo.korstnik.eu\\\/kataloog\\\/314\\\/#primaryimage\"},\"thumbnailUrl\":\"https:\\\/\\\/raivo.korstnik.eu\\\/wp-content\\\/uploads\\\/Rahvapidustused.jpg\",\"datePublished\":\"2020-10-26T11:30:02+00:00\",\"dateModified\":\"2023-02-16T22:08:45+00:00\",\"breadcrumb\":{\"@id\":\"https:\\\/\\\/raivo.korstnik.eu\\\/kataloog\\\/314\\\/#breadcrumb\"},\"inLanguage\":\"en-GB\",\"potentialAction\":[{\"@type\":\"ReadAction\",\"target\":[\"https:\\\/\\\/raivo.korstnik.eu\\\/kataloog\\\/314\\\/\"]}]},{\"@type\":\"ImageObject\",\"inLanguage\":\"en-GB\",\"@id\":\"https:\\\/\\\/raivo.korstnik.eu\\\/kataloog\\\/314\\\/#primaryimage\",\"url\":\"https:\\\/\\\/raivo.korstnik.eu\\\/wp-content\\\/uploads\\\/Rahvapidustused.jpg\",\"contentUrl\":\"https:\\\/\\\/raivo.korstnik.eu\\\/wp-content\\\/uploads\\\/Rahvapidustused.jpg\",\"width\":345,\"height\":470},{\"@type\":\"BreadcrumbList\",\"@id\":\"https:\\\/\\\/raivo.korstnik.eu\\\/kataloog\\\/314\\\/#breadcrumb\",\"itemListElement\":[{\"@type\":\"ListItem\",\"position\":1,\"name\":\"Home\",\"item\":\"https:\\\/\\\/raivo.korstnik.eu\\\/\"},{\"@type\":\"ListItem\",\"position\":2,\"name\":\"Teosed\",\"item\":\"https:\\\/\\\/raivo.korstnik.eu\\\/teosed\\\/\"},{\"@type\":\"ListItem\",\"position\":3,\"name\":\"Ruuporiga kavand (Rahvapidustused)\"}]},{\"@type\":\"WebSite\",\"@id\":\"https:\\\/\\\/raivo.korstnik.eu\\\/#website\",\"url\":\"https:\\\/\\\/raivo.korstnik.eu\\\/\",\"name\":\"Raivo Korstnik\",\"description\":\"\",\"potentialAction\":[{\"@type\":\"SearchAction\",\"target\":{\"@type\":\"EntryPoint\",\"urlTemplate\":\"https:\\\/\\\/raivo.korstnik.eu\\\/?s={search_term_string}\"},\"query-input\":{\"@type\":\"PropertyValueSpecification\",\"valueRequired\":true,\"valueName\":\"search_term_string\"}}],\"inLanguage\":\"en-GB\"}]}<\/script>\n<!-- \/ Yoast SEO plugin. -->","yoast_head_json":{"title":"Ruuporiga kavand (Rahvapidustused) - Raivo Korstnik","robots":{"index":"index","follow":"follow","max-snippet":"max-snippet:-1","max-image-preview":"max-image-preview:large","max-video-preview":"max-video-preview:-1"},"canonical":"https:\/\/raivo.korstnik.eu\/en\/kataloog\/314\/","og_locale":"en_GB","og_type":"article","og_title":"Ruuporiga kavand (Rahvapidustused) - Raivo Korstnik","og_description":"Raivo Korstnik on \u00fcks t\u00e4psemini ajastu meeleolusid kandvaid kunstnikke. Tema t\u00f6\u00f6des peegeldub nii ajastu esteetika kui ka meeleolud. \u201cRahvapidustused\u201d on muidugi viide paraadide poolkohustuslikule atmosf\u00e4\u00e4rile. K\u00e4skiv megafon troonib publiku kohal, kutsudes k\u00f5iki midagi t\u00e4histama. Osavalt on kunstnik k\u00e4sitlenud v\u00e4rvide ja vormide mitmekesisust, mis tekib inimmasside kogunemisel ja liikumisel. V\u00f5ib-olla ei tunne me sellel t\u00f6\u00f6l t\u00e4pselt \u00e4ra kohta, kuup\u00e4eva ja inimeste n\u00e4gusid, k\u00fcll aga n\u00e4eme siin p\u00fc\u00fcet midagi organiseerida ning v\u00f5imet r\u00f5\u00f5mustada k\u00e4sust hoolimata.","og_url":"https:\/\/raivo.korstnik.eu\/en\/kataloog\/314\/","og_site_name":"Raivo Korstnik","article_modified_time":"2023-02-16T22:08:45+00:00","og_image":[{"width":345,"height":470,"url":"https:\/\/raivo.korstnik.eu\/wp-content\/uploads\/Rahvapidustused.jpg","type":"image\/jpeg"}],"twitter_card":"summary_large_image","twitter_misc":{"Estimated reading time":"1 minute"},"schema":{"@context":"https:\/\/schema.org","@graph":[{"@type":"WebPage","@id":"https:\/\/raivo.korstnik.eu\/kataloog\/314\/","url":"https:\/\/raivo.korstnik.eu\/kataloog\/314\/","name":"Ruuporiga kavand (Rahvapidustused) - Raivo Korstnik","isPartOf":{"@id":"https:\/\/raivo.korstnik.eu\/#website"},"primaryImageOfPage":{"@id":"https:\/\/raivo.korstnik.eu\/kataloog\/314\/#primaryimage"},"image":{"@id":"https:\/\/raivo.korstnik.eu\/kataloog\/314\/#primaryimage"},"thumbnailUrl":"https:\/\/raivo.korstnik.eu\/wp-content\/uploads\/Rahvapidustused.jpg","datePublished":"2020-10-26T11:30:02+00:00","dateModified":"2023-02-16T22:08:45+00:00","breadcrumb":{"@id":"https:\/\/raivo.korstnik.eu\/kataloog\/314\/#breadcrumb"},"inLanguage":"en-GB","potentialAction":[{"@type":"ReadAction","target":["https:\/\/raivo.korstnik.eu\/kataloog\/314\/"]}]},{"@type":"ImageObject","inLanguage":"en-GB","@id":"https:\/\/raivo.korstnik.eu\/kataloog\/314\/#primaryimage","url":"https:\/\/raivo.korstnik.eu\/wp-content\/uploads\/Rahvapidustused.jpg","contentUrl":"https:\/\/raivo.korstnik.eu\/wp-content\/uploads\/Rahvapidustused.jpg","width":345,"height":470},{"@type":"BreadcrumbList","@id":"https:\/\/raivo.korstnik.eu\/kataloog\/314\/#breadcrumb","itemListElement":[{"@type":"ListItem","position":1,"name":"Home","item":"https:\/\/raivo.korstnik.eu\/"},{"@type":"ListItem","position":2,"name":"Teosed","item":"https:\/\/raivo.korstnik.eu\/teosed\/"},{"@type":"ListItem","position":3,"name":"Ruuporiga kavand (Rahvapidustused)"}]},{"@type":"WebSite","@id":"https:\/\/raivo.korstnik.eu\/#website","url":"https:\/\/raivo.korstnik.eu\/","name":"Raivo Korstnik","description":"","potentialAction":[{"@type":"SearchAction","target":{"@type":"EntryPoint","urlTemplate":"https:\/\/raivo.korstnik.eu\/?s={search_term_string}"},"query-input":{"@type":"PropertyValueSpecification","valueRequired":true,"valueName":"search_term_string"}}],"inLanguage":"en-GB"}]}},"_links":{"self":[{"href":"https:\/\/raivo.korstnik.eu\/en\/wp-json\/wp\/v2\/product\/2126","targetHints":{"allow":["GET"]}}],"collection":[{"href":"https:\/\/raivo.korstnik.eu\/en\/wp-json\/wp\/v2\/product"}],"about":[{"href":"https:\/\/raivo.korstnik.eu\/en\/wp-json\/wp\/v2\/types\/product"}],"wp:featuredmedia":[{"embeddable":true,"href":"https:\/\/raivo.korstnik.eu\/en\/wp-json\/wp\/v2\/media\/2127"}],"wp:attachment":[{"href":"https:\/\/raivo.korstnik.eu\/en\/wp-json\/wp\/v2\/media?parent=2126"}],"wp:term":[{"taxonomy":"product_brand","embeddable":true,"href":"https:\/\/raivo.korstnik.eu\/en\/wp-json\/wp\/v2\/product_brand?post=2126"},{"taxonomy":"product_cat","embeddable":true,"href":"https:\/\/raivo.korstnik.eu\/en\/wp-json\/wp\/v2\/product_cat?post=2126"},{"taxonomy":"product_tag","embeddable":true,"href":"https:\/\/raivo.korstnik.eu\/en\/wp-json\/wp\/v2\/product_tag?post=2126"}],"curies":[{"name":"wp","href":"https:\/\/api.w.org\/{rel}","templated":true}]}}