{"id":2129,"date":"2020-10-26T11:32:20","date_gmt":"2020-10-26T11:32:20","guid":{"rendered":"https:\/\/www.lennuk.eu\/korstnik\/korstnik\/raivo\/?post_type=product&#038;p=2129"},"modified":"2023-02-20T12:09:38","modified_gmt":"2023-02-20T12:09:38","slug":"416","status":"publish","type":"product","link":"https:\/\/raivo.korstnik.eu\/en\/kataloog\/416\/","title":{"rendered":"Tallinna vanalinna t\u00e4nav"},"content":{"rendered":"<h2 id=\"pealkiri\">Tallinna vanalinna t\u00e4nav. 1963<\/h2>\n<p id=\"teos\">\u00d5li, papp. 69.5 x 49.5 cm (raamimata)<br \/>\nhind <strong>1 023<\/strong> <strong class=\"myydud\">(m\u00fc\u00fcdud)<\/strong><\/p>\n<p>Raske \u00f6elda, mitu protsenti t\u00e4pselt moodustavad maalipinnal need kaks v\u00e4ikest inimfiguuri, kuid nende kohalolu annab kogu teosele sootuks teise t\u00e4henduse. Ilma jalutajateta oleks tegemist k\u00fcll kahtlemata kunstilise \u00f5nnestumisega, kus enim torkab silma vormide geomeetriliste omaduste r\u00f5hutamine ja huvitava perspektiivi ning ruumi kasutamine. Ent inimeste lisamine annab kogu vaatele juurde elu, majad ei ole enam \u00fcksnes k\u00fclmad arhitektuuriteosed. Soovi korral v\u00f5ib \u00fches jalutajas n\u00e4ha ka meremeest, mis on tagasihoidlik kommentaar Tallinna vanalinna asupaigale.<\/p>","protected":false},"excerpt":{"rendered":"<p>Raske \u00f6elda, mitu protsenti t\u00e4pselt moodustavad maalipinnal need kaks v\u00e4ikest inimfiguuri, kuid nende kohalolu annab kogu teosele sootuks teise t\u00e4henduse. Ilma jalutajateta oleks tegemist k\u00fcll kahtlemata kunstilise \u00f5nnestumisega, kus enim torkab silma vormide geomeetriliste omaduste r\u00f5hutamine ja huvitava perspektiivi ning ruumi kasutamine. Ent inimeste lisamine annab kogu vaatele juurde elu, majad ei ole enam \u00fcksnes k\u00fclmad arhitektuuriteosed. Soovi korral v\u00f5ib \u00fches jalutajas n\u00e4ha ka meremeest, mis on tagasihoidlik kommentaar Tallinna vanalinna asupaigale.<\/p>\n<p>Teos asub Viinistu Kunstimuuseumi kogus.<\/p>","protected":false},"featured_media":4155,"template":"","meta":[],"product_brand":[],"product_cat":[82],"product_tag":[88,139,174,138,143],"class_list":{"0":"post-2129","1":"product","2":"type-product","3":"status-publish","4":"has-post-thumbnail","6":"product_cat-linnavaade","7":"product_tag-haus","8":"product_tag-linnamaastik","9":"product_tag-salongis-ja-ateljees-solaris-galerii","10":"product_tag-tartu-tanavatel-tartu-kunstimajas","11":"product_tag-viinistu-kunstimuuseum","13":"first","14":"outofstock","15":"shipping-taxable","16":"product-type-simple"},"yoast_head":"<!-- This site is optimized with the Yoast SEO plugin v27.5 - https:\/\/yoast.com\/product\/yoast-seo-wordpress\/ -->\n<title>Tallinna vanalinna t\u00e4nav - Raivo Korstnik<\/title>\n<meta name=\"robots\" content=\"index, follow, max-snippet:-1, max-image-preview:large, max-video-preview:-1\" \/>\n<link rel=\"canonical\" href=\"https:\/\/raivo.korstnik.eu\/en\/kataloog\/416\/\" \/>\n<meta property=\"og:locale\" content=\"en_GB\" \/>\n<meta property=\"og:type\" content=\"article\" \/>\n<meta property=\"og:title\" content=\"Tallinna vanalinna t\u00e4nav - Raivo Korstnik\" \/>\n<meta property=\"og:description\" content=\"Raske \u00f6elda, mitu protsenti t\u00e4pselt moodustavad maalipinnal need kaks v\u00e4ikest inimfiguuri, kuid nende kohalolu annab kogu teosele sootuks teise t\u00e4henduse. Ilma jalutajateta oleks tegemist k\u00fcll kahtlemata kunstilise \u00f5nnestumisega, kus enim torkab silma vormide geomeetriliste omaduste r\u00f5hutamine ja huvitava perspektiivi ning ruumi kasutamine. Ent inimeste lisamine annab kogu vaatele juurde elu, majad ei ole enam \u00fcksnes k\u00fclmad arhitektuuriteosed. Soovi korral v\u00f5ib \u00fches jalutajas n\u00e4ha ka meremeest, mis on tagasihoidlik kommentaar Tallinna vanalinna asupaigale.  Teos asub Viinistu Kunstimuuseumi kogus.\" \/>\n<meta property=\"og:url\" content=\"https:\/\/raivo.korstnik.eu\/en\/kataloog\/416\/\" \/>\n<meta property=\"og:site_name\" content=\"Raivo Korstnik\" \/>\n<meta property=\"article:modified_time\" content=\"2023-02-20T12:09:38+00:00\" \/>\n<meta property=\"og:image\" content=\"https:\/\/raivo.korstnik.eu\/wp-content\/uploads\/RK416-viinistu-2.jpg\" \/>\n\t<meta property=\"og:image:width\" content=\"600\" \/>\n\t<meta property=\"og:image:height\" content=\"853\" \/>\n\t<meta property=\"og:image:type\" content=\"image\/jpeg\" \/>\n<meta name=\"twitter:card\" content=\"summary_large_image\" \/>\n<script type=\"application\/ld+json\" class=\"yoast-schema-graph\">{\"@context\":\"https:\\\/\\\/schema.org\",\"@graph\":[{\"@type\":\"WebPage\",\"@id\":\"https:\\\/\\\/raivo.korstnik.eu\\\/kataloog\\\/416\\\/\",\"url\":\"https:\\\/\\\/raivo.korstnik.eu\\\/kataloog\\\/416\\\/\",\"name\":\"Tallinna vanalinna t\u00e4nav - Raivo Korstnik\",\"isPartOf\":{\"@id\":\"https:\\\/\\\/raivo.korstnik.eu\\\/#website\"},\"primaryImageOfPage\":{\"@id\":\"https:\\\/\\\/raivo.korstnik.eu\\\/kataloog\\\/416\\\/#primaryimage\"},\"image\":{\"@id\":\"https:\\\/\\\/raivo.korstnik.eu\\\/kataloog\\\/416\\\/#primaryimage\"},\"thumbnailUrl\":\"https:\\\/\\\/raivo.korstnik.eu\\\/wp-content\\\/uploads\\\/RK416-viinistu-2.jpg\",\"datePublished\":\"2020-10-26T11:32:20+00:00\",\"dateModified\":\"2023-02-20T12:09:38+00:00\",\"breadcrumb\":{\"@id\":\"https:\\\/\\\/raivo.korstnik.eu\\\/kataloog\\\/416\\\/#breadcrumb\"},\"inLanguage\":\"en-GB\",\"potentialAction\":[{\"@type\":\"ReadAction\",\"target\":[\"https:\\\/\\\/raivo.korstnik.eu\\\/kataloog\\\/416\\\/\"]}]},{\"@type\":\"ImageObject\",\"inLanguage\":\"en-GB\",\"@id\":\"https:\\\/\\\/raivo.korstnik.eu\\\/kataloog\\\/416\\\/#primaryimage\",\"url\":\"https:\\\/\\\/raivo.korstnik.eu\\\/wp-content\\\/uploads\\\/RK416-viinistu-2.jpg\",\"contentUrl\":\"https:\\\/\\\/raivo.korstnik.eu\\\/wp-content\\\/uploads\\\/RK416-viinistu-2.jpg\",\"width\":600,\"height\":853},{\"@type\":\"BreadcrumbList\",\"@id\":\"https:\\\/\\\/raivo.korstnik.eu\\\/kataloog\\\/416\\\/#breadcrumb\",\"itemListElement\":[{\"@type\":\"ListItem\",\"position\":1,\"name\":\"Home\",\"item\":\"https:\\\/\\\/raivo.korstnik.eu\\\/\"},{\"@type\":\"ListItem\",\"position\":2,\"name\":\"Teosed\",\"item\":\"https:\\\/\\\/raivo.korstnik.eu\\\/teosed\\\/\"},{\"@type\":\"ListItem\",\"position\":3,\"name\":\"Tallinna vanalinna t\u00e4nav\"}]},{\"@type\":\"WebSite\",\"@id\":\"https:\\\/\\\/raivo.korstnik.eu\\\/#website\",\"url\":\"https:\\\/\\\/raivo.korstnik.eu\\\/\",\"name\":\"Raivo Korstnik\",\"description\":\"\",\"potentialAction\":[{\"@type\":\"SearchAction\",\"target\":{\"@type\":\"EntryPoint\",\"urlTemplate\":\"https:\\\/\\\/raivo.korstnik.eu\\\/?s={search_term_string}\"},\"query-input\":{\"@type\":\"PropertyValueSpecification\",\"valueRequired\":true,\"valueName\":\"search_term_string\"}}],\"inLanguage\":\"en-GB\"}]}<\/script>\n<!-- \/ Yoast SEO plugin. -->","yoast_head_json":{"title":"Tallinna vanalinna t\u00e4nav - Raivo Korstnik","robots":{"index":"index","follow":"follow","max-snippet":"max-snippet:-1","max-image-preview":"max-image-preview:large","max-video-preview":"max-video-preview:-1"},"canonical":"https:\/\/raivo.korstnik.eu\/en\/kataloog\/416\/","og_locale":"en_GB","og_type":"article","og_title":"Tallinna vanalinna t\u00e4nav - Raivo Korstnik","og_description":"Raske \u00f6elda, mitu protsenti t\u00e4pselt moodustavad maalipinnal need kaks v\u00e4ikest inimfiguuri, kuid nende kohalolu annab kogu teosele sootuks teise t\u00e4henduse. Ilma jalutajateta oleks tegemist k\u00fcll kahtlemata kunstilise \u00f5nnestumisega, kus enim torkab silma vormide geomeetriliste omaduste r\u00f5hutamine ja huvitava perspektiivi ning ruumi kasutamine. Ent inimeste lisamine annab kogu vaatele juurde elu, majad ei ole enam \u00fcksnes k\u00fclmad arhitektuuriteosed. Soovi korral v\u00f5ib \u00fches jalutajas n\u00e4ha ka meremeest, mis on tagasihoidlik kommentaar Tallinna vanalinna asupaigale.  Teos asub Viinistu Kunstimuuseumi kogus.","og_url":"https:\/\/raivo.korstnik.eu\/en\/kataloog\/416\/","og_site_name":"Raivo Korstnik","article_modified_time":"2023-02-20T12:09:38+00:00","og_image":[{"width":600,"height":853,"url":"https:\/\/raivo.korstnik.eu\/wp-content\/uploads\/RK416-viinistu-2.jpg","type":"image\/jpeg"}],"twitter_card":"summary_large_image","schema":{"@context":"https:\/\/schema.org","@graph":[{"@type":"WebPage","@id":"https:\/\/raivo.korstnik.eu\/kataloog\/416\/","url":"https:\/\/raivo.korstnik.eu\/kataloog\/416\/","name":"Tallinna vanalinna t\u00e4nav - Raivo Korstnik","isPartOf":{"@id":"https:\/\/raivo.korstnik.eu\/#website"},"primaryImageOfPage":{"@id":"https:\/\/raivo.korstnik.eu\/kataloog\/416\/#primaryimage"},"image":{"@id":"https:\/\/raivo.korstnik.eu\/kataloog\/416\/#primaryimage"},"thumbnailUrl":"https:\/\/raivo.korstnik.eu\/wp-content\/uploads\/RK416-viinistu-2.jpg","datePublished":"2020-10-26T11:32:20+00:00","dateModified":"2023-02-20T12:09:38+00:00","breadcrumb":{"@id":"https:\/\/raivo.korstnik.eu\/kataloog\/416\/#breadcrumb"},"inLanguage":"en-GB","potentialAction":[{"@type":"ReadAction","target":["https:\/\/raivo.korstnik.eu\/kataloog\/416\/"]}]},{"@type":"ImageObject","inLanguage":"en-GB","@id":"https:\/\/raivo.korstnik.eu\/kataloog\/416\/#primaryimage","url":"https:\/\/raivo.korstnik.eu\/wp-content\/uploads\/RK416-viinistu-2.jpg","contentUrl":"https:\/\/raivo.korstnik.eu\/wp-content\/uploads\/RK416-viinistu-2.jpg","width":600,"height":853},{"@type":"BreadcrumbList","@id":"https:\/\/raivo.korstnik.eu\/kataloog\/416\/#breadcrumb","itemListElement":[{"@type":"ListItem","position":1,"name":"Home","item":"https:\/\/raivo.korstnik.eu\/"},{"@type":"ListItem","position":2,"name":"Teosed","item":"https:\/\/raivo.korstnik.eu\/teosed\/"},{"@type":"ListItem","position":3,"name":"Tallinna vanalinna t\u00e4nav"}]},{"@type":"WebSite","@id":"https:\/\/raivo.korstnik.eu\/#website","url":"https:\/\/raivo.korstnik.eu\/","name":"Raivo Korstnik","description":"","potentialAction":[{"@type":"SearchAction","target":{"@type":"EntryPoint","urlTemplate":"https:\/\/raivo.korstnik.eu\/?s={search_term_string}"},"query-input":{"@type":"PropertyValueSpecification","valueRequired":true,"valueName":"search_term_string"}}],"inLanguage":"en-GB"}]}},"_links":{"self":[{"href":"https:\/\/raivo.korstnik.eu\/en\/wp-json\/wp\/v2\/product\/2129","targetHints":{"allow":["GET"]}}],"collection":[{"href":"https:\/\/raivo.korstnik.eu\/en\/wp-json\/wp\/v2\/product"}],"about":[{"href":"https:\/\/raivo.korstnik.eu\/en\/wp-json\/wp\/v2\/types\/product"}],"wp:featuredmedia":[{"embeddable":true,"href":"https:\/\/raivo.korstnik.eu\/en\/wp-json\/wp\/v2\/media\/4155"}],"wp:attachment":[{"href":"https:\/\/raivo.korstnik.eu\/en\/wp-json\/wp\/v2\/media?parent=2129"}],"wp:term":[{"taxonomy":"product_brand","embeddable":true,"href":"https:\/\/raivo.korstnik.eu\/en\/wp-json\/wp\/v2\/product_brand?post=2129"},{"taxonomy":"product_cat","embeddable":true,"href":"https:\/\/raivo.korstnik.eu\/en\/wp-json\/wp\/v2\/product_cat?post=2129"},{"taxonomy":"product_tag","embeddable":true,"href":"https:\/\/raivo.korstnik.eu\/en\/wp-json\/wp\/v2\/product_tag?post=2129"}],"curies":[{"name":"wp","href":"https:\/\/api.w.org\/{rel}","templated":true}]}}