{"id":2132,"date":"2020-10-26T11:33:46","date_gmt":"2020-10-26T11:33:46","guid":{"rendered":"https:\/\/www.lennuk.eu\/korstnik\/korstnik\/raivo\/?post_type=product&#038;p=2132"},"modified":"2022-11-30T17:05:11","modified_gmt":"2022-11-30T17:05:11","slug":"251","status":"publish","type":"product","link":"https:\/\/raivo.korstnik.eu\/en\/kataloog\/251\/","title":{"rendered":"V\u00e4\u00e4na"},"content":{"rendered":"<h2 id=\"pealkiri\">V\u00e4\u00e4na. 1992<\/h2>\n<p id=\"teos\">\u00d5li, papp. 40 x 50.5 cm (raamimata)<br \/>\nhind <strong>831<\/strong> <strong class=\"myydud\">(m\u00fc\u00fcdud)<\/strong><\/p>\n<p>On selge, kuid samas ikkagi raskesti s\u00f5nastatav, miks teatud maastikuvormid v\u00f5i kohad leiavad kunstnike poolt suuremat t\u00e4helepanu kui teised. V\u00e4\u00e4na randa on sageli kujutatud, kuid kas selle p\u00f5hjuseks olid suvekodud v\u00f5i juhus, on raske oletada. Maastik ei ole ju iseenesest midagi erakordset: rannariba, kivid vees, mets. T\u00e4iesti t\u00fc\u00fcpiline Eesti maastik. Ent Korstniku maalil saame korraga aru, miks suvekodud ja juhus ei puutu asjasse. Korstnik tahabki maalida eestilikku, \u00e4ratuntavat ja kodust maastikku, mis v\u00f5ib-olla v\u00f5\u00f5ramaalasele ei \u00fctle eriti midagi, j\u00e4tab isegi halli mulje, kuid mis k\u00f5igile siinolijatele t\u00e4hendab niiv\u00f5rd palju: minevikku ja tulevikku, kodus olemist ja v\u00f5\u00f5rsile minemist, juuri ja olemust.<\/p>","protected":false},"excerpt":{"rendered":"<p>V\u00e4\u00e4na. 1992 \u00d5li, papp. 40 x 50.5 cm (raamimata) hind 831 (m\u00fc\u00fcdud) On selge, kuid samas ikkagi raskesti s\u00f5nastatav, miks teatud maastikuvormid v\u00f5i kohad leiavad kunstnike poolt suuremat t\u00e4helepanu kui teised. V\u00e4\u00e4na randa on sageli kujutatud, kuid kas selle p\u00f5hjuseks olid suvekodud v\u00f5i juhus, on raske oletada. Maastik ei ole ju iseenesest midagi erakordset: rannariba, &hellip;<\/p>\n<p class=\"read-more\"> <a class=\"\" href=\"https:\/\/raivo.korstnik.eu\/en\/kataloog\/251\/\"> <span class=\"screen-reader-text\">V\u00e4\u00e4na<\/span> Read More &raquo;<\/a><\/p>","protected":false},"featured_media":3623,"template":"","meta":[],"product_brand":[],"product_cat":[31,23],"product_tag":[88,122,119,118],"class_list":{"0":"post-2132","1":"product","2":"type-product","3":"status-publish","4":"has-post-thumbnail","6":"product_cat-kalurid-ja-meri","7":"product_cat-maastikud","8":"product_tag-haus","9":"product_tag-maastik","10":"product_tag-meri","11":"product_tag-rand","13":"first","14":"outofstock","15":"shipping-taxable","16":"product-type-simple"},"yoast_head":"<!-- This site is optimized with the Yoast SEO plugin v27.5 - https:\/\/yoast.com\/product\/yoast-seo-wordpress\/ -->\n<title>V\u00e4\u00e4na - Raivo Korstnik<\/title>\n<meta name=\"robots\" content=\"index, follow, max-snippet:-1, max-image-preview:large, max-video-preview:-1\" \/>\n<link rel=\"canonical\" href=\"https:\/\/raivo.korstnik.eu\/en\/kataloog\/251\/\" \/>\n<meta property=\"og:locale\" content=\"en_GB\" \/>\n<meta property=\"og:type\" content=\"article\" \/>\n<meta property=\"og:title\" content=\"V\u00e4\u00e4na - Raivo Korstnik\" \/>\n<meta property=\"og:description\" content=\"V\u00e4\u00e4na. 1992 \u00d5li, papp. 40 x 50.5 cm (raamimata) hind 831 (m\u00fc\u00fcdud) On selge, kuid samas ikkagi raskesti s\u00f5nastatav, miks teatud maastikuvormid v\u00f5i kohad leiavad kunstnike poolt suuremat t\u00e4helepanu kui teised. V\u00e4\u00e4na randa on sageli kujutatud, kuid kas selle p\u00f5hjuseks olid suvekodud v\u00f5i juhus, on raske oletada. Maastik ei ole ju iseenesest midagi erakordset: rannariba, &hellip; V\u00e4\u00e4na Read More &raquo;\" \/>\n<meta property=\"og:url\" content=\"https:\/\/raivo.korstnik.eu\/en\/kataloog\/251\/\" \/>\n<meta property=\"og:site_name\" content=\"Raivo Korstnik\" \/>\n<meta property=\"article:modified_time\" content=\"2022-11-30T17:05:11+00:00\" \/>\n<meta property=\"og:image\" content=\"https:\/\/raivo.korstnik.eu\/wp-content\/uploads\/korstnik_vaana.jpg\" \/>\n\t<meta property=\"og:image:width\" content=\"470\" \/>\n\t<meta property=\"og:image:height\" content=\"375\" \/>\n\t<meta property=\"og:image:type\" content=\"image\/jpeg\" \/>\n<meta name=\"twitter:card\" content=\"summary_large_image\" \/>\n<meta name=\"twitter:label1\" content=\"Estimated reading time\" \/>\n\t<meta name=\"twitter:data1\" content=\"1 minute\" \/>\n<script type=\"application\/ld+json\" class=\"yoast-schema-graph\">{\"@context\":\"https:\\\/\\\/schema.org\",\"@graph\":[{\"@type\":\"WebPage\",\"@id\":\"https:\\\/\\\/raivo.korstnik.eu\\\/kataloog\\\/251\\\/\",\"url\":\"https:\\\/\\\/raivo.korstnik.eu\\\/kataloog\\\/251\\\/\",\"name\":\"V\u00e4\u00e4na - Raivo Korstnik\",\"isPartOf\":{\"@id\":\"https:\\\/\\\/raivo.korstnik.eu\\\/#website\"},\"primaryImageOfPage\":{\"@id\":\"https:\\\/\\\/raivo.korstnik.eu\\\/kataloog\\\/251\\\/#primaryimage\"},\"image\":{\"@id\":\"https:\\\/\\\/raivo.korstnik.eu\\\/kataloog\\\/251\\\/#primaryimage\"},\"thumbnailUrl\":\"https:\\\/\\\/raivo.korstnik.eu\\\/wp-content\\\/uploads\\\/korstnik_vaana.jpg\",\"datePublished\":\"2020-10-26T11:33:46+00:00\",\"dateModified\":\"2022-11-30T17:05:11+00:00\",\"breadcrumb\":{\"@id\":\"https:\\\/\\\/raivo.korstnik.eu\\\/kataloog\\\/251\\\/#breadcrumb\"},\"inLanguage\":\"en-GB\",\"potentialAction\":[{\"@type\":\"ReadAction\",\"target\":[\"https:\\\/\\\/raivo.korstnik.eu\\\/kataloog\\\/251\\\/\"]}]},{\"@type\":\"ImageObject\",\"inLanguage\":\"en-GB\",\"@id\":\"https:\\\/\\\/raivo.korstnik.eu\\\/kataloog\\\/251\\\/#primaryimage\",\"url\":\"https:\\\/\\\/raivo.korstnik.eu\\\/wp-content\\\/uploads\\\/korstnik_vaana.jpg\",\"contentUrl\":\"https:\\\/\\\/raivo.korstnik.eu\\\/wp-content\\\/uploads\\\/korstnik_vaana.jpg\",\"width\":470,\"height\":375},{\"@type\":\"BreadcrumbList\",\"@id\":\"https:\\\/\\\/raivo.korstnik.eu\\\/kataloog\\\/251\\\/#breadcrumb\",\"itemListElement\":[{\"@type\":\"ListItem\",\"position\":1,\"name\":\"Home\",\"item\":\"https:\\\/\\\/raivo.korstnik.eu\\\/\"},{\"@type\":\"ListItem\",\"position\":2,\"name\":\"Teosed\",\"item\":\"https:\\\/\\\/raivo.korstnik.eu\\\/teosed\\\/\"},{\"@type\":\"ListItem\",\"position\":3,\"name\":\"V\u00e4\u00e4na\"}]},{\"@type\":\"WebSite\",\"@id\":\"https:\\\/\\\/raivo.korstnik.eu\\\/#website\",\"url\":\"https:\\\/\\\/raivo.korstnik.eu\\\/\",\"name\":\"Raivo Korstnik\",\"description\":\"\",\"potentialAction\":[{\"@type\":\"SearchAction\",\"target\":{\"@type\":\"EntryPoint\",\"urlTemplate\":\"https:\\\/\\\/raivo.korstnik.eu\\\/?s={search_term_string}\"},\"query-input\":{\"@type\":\"PropertyValueSpecification\",\"valueRequired\":true,\"valueName\":\"search_term_string\"}}],\"inLanguage\":\"en-GB\"}]}<\/script>\n<!-- \/ Yoast SEO plugin. -->","yoast_head_json":{"title":"V\u00e4\u00e4na - Raivo Korstnik","robots":{"index":"index","follow":"follow","max-snippet":"max-snippet:-1","max-image-preview":"max-image-preview:large","max-video-preview":"max-video-preview:-1"},"canonical":"https:\/\/raivo.korstnik.eu\/en\/kataloog\/251\/","og_locale":"en_GB","og_type":"article","og_title":"V\u00e4\u00e4na - Raivo Korstnik","og_description":"V\u00e4\u00e4na. 1992 \u00d5li, papp. 40 x 50.5 cm (raamimata) hind 831 (m\u00fc\u00fcdud) On selge, kuid samas ikkagi raskesti s\u00f5nastatav, miks teatud maastikuvormid v\u00f5i kohad leiavad kunstnike poolt suuremat t\u00e4helepanu kui teised. V\u00e4\u00e4na randa on sageli kujutatud, kuid kas selle p\u00f5hjuseks olid suvekodud v\u00f5i juhus, on raske oletada. Maastik ei ole ju iseenesest midagi erakordset: rannariba, &hellip; V\u00e4\u00e4na Read More &raquo;","og_url":"https:\/\/raivo.korstnik.eu\/en\/kataloog\/251\/","og_site_name":"Raivo Korstnik","article_modified_time":"2022-11-30T17:05:11+00:00","og_image":[{"width":470,"height":375,"url":"https:\/\/raivo.korstnik.eu\/wp-content\/uploads\/korstnik_vaana.jpg","type":"image\/jpeg"}],"twitter_card":"summary_large_image","twitter_misc":{"Estimated reading time":"1 minute"},"schema":{"@context":"https:\/\/schema.org","@graph":[{"@type":"WebPage","@id":"https:\/\/raivo.korstnik.eu\/kataloog\/251\/","url":"https:\/\/raivo.korstnik.eu\/kataloog\/251\/","name":"V\u00e4\u00e4na - Raivo Korstnik","isPartOf":{"@id":"https:\/\/raivo.korstnik.eu\/#website"},"primaryImageOfPage":{"@id":"https:\/\/raivo.korstnik.eu\/kataloog\/251\/#primaryimage"},"image":{"@id":"https:\/\/raivo.korstnik.eu\/kataloog\/251\/#primaryimage"},"thumbnailUrl":"https:\/\/raivo.korstnik.eu\/wp-content\/uploads\/korstnik_vaana.jpg","datePublished":"2020-10-26T11:33:46+00:00","dateModified":"2022-11-30T17:05:11+00:00","breadcrumb":{"@id":"https:\/\/raivo.korstnik.eu\/kataloog\/251\/#breadcrumb"},"inLanguage":"en-GB","potentialAction":[{"@type":"ReadAction","target":["https:\/\/raivo.korstnik.eu\/kataloog\/251\/"]}]},{"@type":"ImageObject","inLanguage":"en-GB","@id":"https:\/\/raivo.korstnik.eu\/kataloog\/251\/#primaryimage","url":"https:\/\/raivo.korstnik.eu\/wp-content\/uploads\/korstnik_vaana.jpg","contentUrl":"https:\/\/raivo.korstnik.eu\/wp-content\/uploads\/korstnik_vaana.jpg","width":470,"height":375},{"@type":"BreadcrumbList","@id":"https:\/\/raivo.korstnik.eu\/kataloog\/251\/#breadcrumb","itemListElement":[{"@type":"ListItem","position":1,"name":"Home","item":"https:\/\/raivo.korstnik.eu\/"},{"@type":"ListItem","position":2,"name":"Teosed","item":"https:\/\/raivo.korstnik.eu\/teosed\/"},{"@type":"ListItem","position":3,"name":"V\u00e4\u00e4na"}]},{"@type":"WebSite","@id":"https:\/\/raivo.korstnik.eu\/#website","url":"https:\/\/raivo.korstnik.eu\/","name":"Raivo Korstnik","description":"","potentialAction":[{"@type":"SearchAction","target":{"@type":"EntryPoint","urlTemplate":"https:\/\/raivo.korstnik.eu\/?s={search_term_string}"},"query-input":{"@type":"PropertyValueSpecification","valueRequired":true,"valueName":"search_term_string"}}],"inLanguage":"en-GB"}]}},"_links":{"self":[{"href":"https:\/\/raivo.korstnik.eu\/en\/wp-json\/wp\/v2\/product\/2132","targetHints":{"allow":["GET"]}}],"collection":[{"href":"https:\/\/raivo.korstnik.eu\/en\/wp-json\/wp\/v2\/product"}],"about":[{"href":"https:\/\/raivo.korstnik.eu\/en\/wp-json\/wp\/v2\/types\/product"}],"wp:featuredmedia":[{"embeddable":true,"href":"https:\/\/raivo.korstnik.eu\/en\/wp-json\/wp\/v2\/media\/3623"}],"wp:attachment":[{"href":"https:\/\/raivo.korstnik.eu\/en\/wp-json\/wp\/v2\/media?parent=2132"}],"wp:term":[{"taxonomy":"product_brand","embeddable":true,"href":"https:\/\/raivo.korstnik.eu\/en\/wp-json\/wp\/v2\/product_brand?post=2132"},{"taxonomy":"product_cat","embeddable":true,"href":"https:\/\/raivo.korstnik.eu\/en\/wp-json\/wp\/v2\/product_cat?post=2132"},{"taxonomy":"product_tag","embeddable":true,"href":"https:\/\/raivo.korstnik.eu\/en\/wp-json\/wp\/v2\/product_tag?post=2132"}],"curies":[{"name":"wp","href":"https:\/\/api.w.org\/{rel}","templated":true}]}}