{"id":2145,"date":"2020-10-26T11:41:59","date_gmt":"2020-10-26T11:41:59","guid":{"rendered":"https:\/\/www.lennuk.eu\/korstnik\/korstnik\/raivo\/?post_type=product&#038;p=2145"},"modified":"2023-02-20T12:25:10","modified_gmt":"2023-02-20T12:25:10","slug":"411","status":"publish","type":"product","link":"https:\/\/raivo.korstnik.eu\/en\/kataloog\/411\/","title":{"rendered":"Talvine Tallinn"},"content":{"rendered":"<h2 id=\"pealkiri\">Talvine Tallinn. 1964<\/h2>\n<p id=\"teos\">\u00f5li, kartong. 69.5 x 49.5 cm (raamitud)<br \/>\nhind <strong>975<\/strong> <strong class=\"myydud\">(m\u00fc\u00fcdud)<\/strong><\/p>\n<p>All vasakul: RK 64<br \/>\nP\u00f6\u00f6rdel: Raivo Korstnik \u201cTalvine Tallinn\u201d 1964. a. (\u00f5li \/ kartong; 70,5 x 50 cm)<\/p>","protected":false},"excerpt":{"rendered":"<p>Talvine Tallinn. 1964 \u00f5li, kartong. 69.5 x 49.5 cm (raamitud) hind 975 (m\u00fc\u00fcdud) All vasakul: RK 64 P\u00f6\u00f6rdel: Raivo Korstnik \u201cTalvine Tallinn\u201d 1964. a. (\u00f5li \/ kartong; 70,5 x 50 cm)<\/p>","protected":false},"featured_media":4160,"template":"","meta":[],"product_brand":[],"product_cat":[82],"product_tag":[88,139],"class_list":{"0":"post-2145","1":"product","2":"type-product","3":"status-publish","4":"has-post-thumbnail","6":"product_cat-linnavaade","7":"product_tag-haus","8":"product_tag-linnamaastik","10":"first","11":"outofstock","12":"shipping-taxable","13":"product-type-simple"},"yoast_head":"<!-- This site is optimized with the Yoast SEO plugin v27.4 - https:\/\/yoast.com\/product\/yoast-seo-wordpress\/ -->\n<title>Talvine Tallinn - Raivo Korstnik<\/title>\n<meta name=\"robots\" content=\"index, follow, max-snippet:-1, max-image-preview:large, max-video-preview:-1\" \/>\n<link rel=\"canonical\" href=\"https:\/\/raivo.korstnik.eu\/en\/kataloog\/411\/\" \/>\n<meta property=\"og:locale\" content=\"en_GB\" \/>\n<meta property=\"og:type\" content=\"article\" \/>\n<meta property=\"og:title\" content=\"Talvine Tallinn - Raivo Korstnik\" \/>\n<meta property=\"og:description\" content=\"Talvine Tallinn. 1964 \u00f5li, kartong. 69.5 x 49.5 cm (raamitud) hind 975 (m\u00fc\u00fcdud) All vasakul: RK 64 P\u00f6\u00f6rdel: Raivo Korstnik \u201cTalvine Tallinn\u201d 1964. a. (\u00f5li \/ kartong; 70,5 x 50 cm)\" \/>\n<meta property=\"og:url\" content=\"https:\/\/raivo.korstnik.eu\/en\/kataloog\/411\/\" \/>\n<meta property=\"og:site_name\" content=\"Raivo Korstnik\" \/>\n<meta property=\"article:modified_time\" content=\"2023-02-20T12:25:10+00:00\" \/>\n<meta property=\"og:image\" content=\"https:\/\/raivo.korstnik.eu\/wp-content\/uploads\/RK411-haus.jpg\" \/>\n\t<meta property=\"og:image:width\" content=\"1610\" \/>\n\t<meta property=\"og:image:height\" content=\"2288\" \/>\n\t<meta property=\"og:image:type\" content=\"image\/jpeg\" \/>\n<meta name=\"twitter:card\" content=\"summary_large_image\" \/>\n<script type=\"application\/ld+json\" class=\"yoast-schema-graph\">{\"@context\":\"https:\\\/\\\/schema.org\",\"@graph\":[{\"@type\":\"WebPage\",\"@id\":\"https:\\\/\\\/raivo.korstnik.eu\\\/kataloog\\\/411\\\/\",\"url\":\"https:\\\/\\\/raivo.korstnik.eu\\\/kataloog\\\/411\\\/\",\"name\":\"Talvine Tallinn - Raivo Korstnik\",\"isPartOf\":{\"@id\":\"https:\\\/\\\/raivo.korstnik.eu\\\/#website\"},\"primaryImageOfPage\":{\"@id\":\"https:\\\/\\\/raivo.korstnik.eu\\\/kataloog\\\/411\\\/#primaryimage\"},\"image\":{\"@id\":\"https:\\\/\\\/raivo.korstnik.eu\\\/kataloog\\\/411\\\/#primaryimage\"},\"thumbnailUrl\":\"https:\\\/\\\/raivo.korstnik.eu\\\/wp-content\\\/uploads\\\/RK411-haus.jpg\",\"datePublished\":\"2020-10-26T11:41:59+00:00\",\"dateModified\":\"2023-02-20T12:25:10+00:00\",\"breadcrumb\":{\"@id\":\"https:\\\/\\\/raivo.korstnik.eu\\\/kataloog\\\/411\\\/#breadcrumb\"},\"inLanguage\":\"en-GB\",\"potentialAction\":[{\"@type\":\"ReadAction\",\"target\":[\"https:\\\/\\\/raivo.korstnik.eu\\\/kataloog\\\/411\\\/\"]}]},{\"@type\":\"ImageObject\",\"inLanguage\":\"en-GB\",\"@id\":\"https:\\\/\\\/raivo.korstnik.eu\\\/kataloog\\\/411\\\/#primaryimage\",\"url\":\"https:\\\/\\\/raivo.korstnik.eu\\\/wp-content\\\/uploads\\\/RK411-haus.jpg\",\"contentUrl\":\"https:\\\/\\\/raivo.korstnik.eu\\\/wp-content\\\/uploads\\\/RK411-haus.jpg\",\"width\":1610,\"height\":2288},{\"@type\":\"BreadcrumbList\",\"@id\":\"https:\\\/\\\/raivo.korstnik.eu\\\/kataloog\\\/411\\\/#breadcrumb\",\"itemListElement\":[{\"@type\":\"ListItem\",\"position\":1,\"name\":\"Home\",\"item\":\"https:\\\/\\\/raivo.korstnik.eu\\\/\"},{\"@type\":\"ListItem\",\"position\":2,\"name\":\"Teosed\",\"item\":\"https:\\\/\\\/raivo.korstnik.eu\\\/teosed\\\/\"},{\"@type\":\"ListItem\",\"position\":3,\"name\":\"Talvine Tallinn\"}]},{\"@type\":\"WebSite\",\"@id\":\"https:\\\/\\\/raivo.korstnik.eu\\\/#website\",\"url\":\"https:\\\/\\\/raivo.korstnik.eu\\\/\",\"name\":\"Raivo Korstnik\",\"description\":\"\",\"potentialAction\":[{\"@type\":\"SearchAction\",\"target\":{\"@type\":\"EntryPoint\",\"urlTemplate\":\"https:\\\/\\\/raivo.korstnik.eu\\\/?s={search_term_string}\"},\"query-input\":{\"@type\":\"PropertyValueSpecification\",\"valueRequired\":true,\"valueName\":\"search_term_string\"}}],\"inLanguage\":\"en-GB\"}]}<\/script>\n<!-- \/ Yoast SEO plugin. -->","yoast_head_json":{"title":"Talvine Tallinn - Raivo Korstnik","robots":{"index":"index","follow":"follow","max-snippet":"max-snippet:-1","max-image-preview":"max-image-preview:large","max-video-preview":"max-video-preview:-1"},"canonical":"https:\/\/raivo.korstnik.eu\/en\/kataloog\/411\/","og_locale":"en_GB","og_type":"article","og_title":"Talvine Tallinn - Raivo Korstnik","og_description":"Talvine Tallinn. 1964 \u00f5li, kartong. 69.5 x 49.5 cm (raamitud) hind 975 (m\u00fc\u00fcdud) All vasakul: RK 64 P\u00f6\u00f6rdel: Raivo Korstnik \u201cTalvine Tallinn\u201d 1964. a. (\u00f5li \/ kartong; 70,5 x 50 cm)","og_url":"https:\/\/raivo.korstnik.eu\/en\/kataloog\/411\/","og_site_name":"Raivo Korstnik","article_modified_time":"2023-02-20T12:25:10+00:00","og_image":[{"width":1610,"height":2288,"url":"https:\/\/raivo.korstnik.eu\/wp-content\/uploads\/RK411-haus.jpg","type":"image\/jpeg"}],"twitter_card":"summary_large_image","schema":{"@context":"https:\/\/schema.org","@graph":[{"@type":"WebPage","@id":"https:\/\/raivo.korstnik.eu\/kataloog\/411\/","url":"https:\/\/raivo.korstnik.eu\/kataloog\/411\/","name":"Talvine Tallinn - Raivo Korstnik","isPartOf":{"@id":"https:\/\/raivo.korstnik.eu\/#website"},"primaryImageOfPage":{"@id":"https:\/\/raivo.korstnik.eu\/kataloog\/411\/#primaryimage"},"image":{"@id":"https:\/\/raivo.korstnik.eu\/kataloog\/411\/#primaryimage"},"thumbnailUrl":"https:\/\/raivo.korstnik.eu\/wp-content\/uploads\/RK411-haus.jpg","datePublished":"2020-10-26T11:41:59+00:00","dateModified":"2023-02-20T12:25:10+00:00","breadcrumb":{"@id":"https:\/\/raivo.korstnik.eu\/kataloog\/411\/#breadcrumb"},"inLanguage":"en-GB","potentialAction":[{"@type":"ReadAction","target":["https:\/\/raivo.korstnik.eu\/kataloog\/411\/"]}]},{"@type":"ImageObject","inLanguage":"en-GB","@id":"https:\/\/raivo.korstnik.eu\/kataloog\/411\/#primaryimage","url":"https:\/\/raivo.korstnik.eu\/wp-content\/uploads\/RK411-haus.jpg","contentUrl":"https:\/\/raivo.korstnik.eu\/wp-content\/uploads\/RK411-haus.jpg","width":1610,"height":2288},{"@type":"BreadcrumbList","@id":"https:\/\/raivo.korstnik.eu\/kataloog\/411\/#breadcrumb","itemListElement":[{"@type":"ListItem","position":1,"name":"Home","item":"https:\/\/raivo.korstnik.eu\/"},{"@type":"ListItem","position":2,"name":"Teosed","item":"https:\/\/raivo.korstnik.eu\/teosed\/"},{"@type":"ListItem","position":3,"name":"Talvine Tallinn"}]},{"@type":"WebSite","@id":"https:\/\/raivo.korstnik.eu\/#website","url":"https:\/\/raivo.korstnik.eu\/","name":"Raivo Korstnik","description":"","potentialAction":[{"@type":"SearchAction","target":{"@type":"EntryPoint","urlTemplate":"https:\/\/raivo.korstnik.eu\/?s={search_term_string}"},"query-input":{"@type":"PropertyValueSpecification","valueRequired":true,"valueName":"search_term_string"}}],"inLanguage":"en-GB"}]}},"_links":{"self":[{"href":"https:\/\/raivo.korstnik.eu\/en\/wp-json\/wp\/v2\/product\/2145","targetHints":{"allow":["GET"]}}],"collection":[{"href":"https:\/\/raivo.korstnik.eu\/en\/wp-json\/wp\/v2\/product"}],"about":[{"href":"https:\/\/raivo.korstnik.eu\/en\/wp-json\/wp\/v2\/types\/product"}],"wp:featuredmedia":[{"embeddable":true,"href":"https:\/\/raivo.korstnik.eu\/en\/wp-json\/wp\/v2\/media\/4160"}],"wp:attachment":[{"href":"https:\/\/raivo.korstnik.eu\/en\/wp-json\/wp\/v2\/media?parent=2145"}],"wp:term":[{"taxonomy":"product_brand","embeddable":true,"href":"https:\/\/raivo.korstnik.eu\/en\/wp-json\/wp\/v2\/product_brand?post=2145"},{"taxonomy":"product_cat","embeddable":true,"href":"https:\/\/raivo.korstnik.eu\/en\/wp-json\/wp\/v2\/product_cat?post=2145"},{"taxonomy":"product_tag","embeddable":true,"href":"https:\/\/raivo.korstnik.eu\/en\/wp-json\/wp\/v2\/product_tag?post=2145"}],"curies":[{"name":"wp","href":"https:\/\/api.w.org\/{rel}","templated":true}]}}