{"id":2148,"date":"2020-10-26T11:46:05","date_gmt":"2020-10-26T11:46:05","guid":{"rendered":"https:\/\/www.lennuk.eu\/korstnik\/korstnik\/raivo\/?post_type=product&#038;p=2148"},"modified":"2023-02-16T20:39:57","modified_gmt":"2023-02-16T20:39:57","slug":"451","status":"publish","type":"product","link":"https:\/\/raivo.korstnik.eu\/en\/kataloog\/451\/","title":{"rendered":"Punane Kunda"},"content":{"rendered":"<p>M\u00fc\u00fcdud Hausi oksjonil<\/p>\n<h2><\/h2>\n<h2 id=\"pealkiri\">Punane Kunda. 1961<\/h2>\n<p id=\"teos\">\u00f5li, papp. 50 x 70.5 cm (raamitud)<br \/>\nhind <strong>1 800<\/strong> <strong class=\"myydud\">(m\u00fc\u00fcdud)<\/strong><\/p>\n<p>All paremal: RK 91<br \/>\nP\u00f6\u00f6rdel: R. Korstnik \/\u2026\/ \u201eELUKAS\u201c (\u00f5li papil; teost. 10-16. aug. 1991. a.) \/\u2026\/<\/p>","protected":false},"excerpt":{"rendered":"<p>M\u00fc\u00fcdud Hausi oksjonil Punane Kunda. 1961 \u00f5li, papp. 50 x 70.5 cm (raamitud) hind 1 800 (m\u00fc\u00fcdud) All paremal: RK 91 P\u00f6\u00f6rdel: R. Korstnik \/\u2026\/ \u201eELUKAS\u201c (\u00f5li papil; teost. 10-16. aug. 1991. a.) \/\u2026\/<\/p>","protected":false},"featured_media":2154,"template":"","meta":[],"product_brand":[],"product_cat":[82],"product_tag":[88,137,149,147,135],"class_list":{"0":"post-2148","1":"product","2":"type-product","3":"status-publish","4":"has-post-thumbnail","6":"product_cat-linnavaade","7":"product_tag-haus","8":"product_tag-meri-ja-naised-viinistu-kunstimuuseumis","9":"product_tag-sotsrealismist-modernismini-avangardis","10":"product_tag-tagasivaates-fahle-galeriis","11":"product_tag-toostusmaastik","13":"first","14":"outofstock","15":"shipping-taxable","16":"product-type-simple"},"yoast_head":"<!-- This site is optimized with the Yoast SEO plugin v27.4 - https:\/\/yoast.com\/product\/yoast-seo-wordpress\/ -->\n<title>Punane Kunda - Raivo Korstnik<\/title>\n<meta name=\"robots\" content=\"index, follow, max-snippet:-1, max-image-preview:large, max-video-preview:-1\" \/>\n<link rel=\"canonical\" href=\"https:\/\/raivo.korstnik.eu\/en\/kataloog\/451\/\" \/>\n<meta property=\"og:locale\" content=\"en_GB\" \/>\n<meta property=\"og:type\" content=\"article\" \/>\n<meta property=\"og:title\" content=\"Punane Kunda - Raivo Korstnik\" \/>\n<meta property=\"og:description\" content=\"M\u00fc\u00fcdud Hausi oksjonil Punane Kunda. 1961 \u00f5li, papp. 50 x 70.5 cm (raamitud) hind 1 800 (m\u00fc\u00fcdud) All paremal: RK 91 P\u00f6\u00f6rdel: R. Korstnik \/\u2026\/ \u201eELUKAS\u201c (\u00f5li papil; teost. 10-16. aug. 1991. a.) \/\u2026\/\" \/>\n<meta property=\"og:url\" content=\"https:\/\/raivo.korstnik.eu\/en\/kataloog\/451\/\" \/>\n<meta property=\"og:site_name\" content=\"Raivo Korstnik\" \/>\n<meta property=\"article:modified_time\" content=\"2023-02-16T20:39:57+00:00\" \/>\n<meta property=\"og:image\" content=\"https:\/\/raivo.korstnik.eu\/wp-content\/uploads\/Punane-Kunda.-Kavand.jpg\" \/>\n\t<meta property=\"og:image:width\" content=\"960\" \/>\n\t<meta property=\"og:image:height\" content=\"700\" \/>\n\t<meta property=\"og:image:type\" content=\"image\/jpeg\" \/>\n<meta name=\"twitter:card\" content=\"summary_large_image\" \/>\n<script type=\"application\/ld+json\" class=\"yoast-schema-graph\">{\"@context\":\"https:\\\/\\\/schema.org\",\"@graph\":[{\"@type\":\"WebPage\",\"@id\":\"https:\\\/\\\/raivo.korstnik.eu\\\/kataloog\\\/451\\\/\",\"url\":\"https:\\\/\\\/raivo.korstnik.eu\\\/kataloog\\\/451\\\/\",\"name\":\"Punane Kunda - Raivo Korstnik\",\"isPartOf\":{\"@id\":\"https:\\\/\\\/raivo.korstnik.eu\\\/#website\"},\"primaryImageOfPage\":{\"@id\":\"https:\\\/\\\/raivo.korstnik.eu\\\/kataloog\\\/451\\\/#primaryimage\"},\"image\":{\"@id\":\"https:\\\/\\\/raivo.korstnik.eu\\\/kataloog\\\/451\\\/#primaryimage\"},\"thumbnailUrl\":\"https:\\\/\\\/raivo.korstnik.eu\\\/wp-content\\\/uploads\\\/Punane-Kunda.-Kavand.jpg\",\"datePublished\":\"2020-10-26T11:46:05+00:00\",\"dateModified\":\"2023-02-16T20:39:57+00:00\",\"breadcrumb\":{\"@id\":\"https:\\\/\\\/raivo.korstnik.eu\\\/kataloog\\\/451\\\/#breadcrumb\"},\"inLanguage\":\"en-GB\",\"potentialAction\":[{\"@type\":\"ReadAction\",\"target\":[\"https:\\\/\\\/raivo.korstnik.eu\\\/kataloog\\\/451\\\/\"]}]},{\"@type\":\"ImageObject\",\"inLanguage\":\"en-GB\",\"@id\":\"https:\\\/\\\/raivo.korstnik.eu\\\/kataloog\\\/451\\\/#primaryimage\",\"url\":\"https:\\\/\\\/raivo.korstnik.eu\\\/wp-content\\\/uploads\\\/Punane-Kunda.-Kavand.jpg\",\"contentUrl\":\"https:\\\/\\\/raivo.korstnik.eu\\\/wp-content\\\/uploads\\\/Punane-Kunda.-Kavand.jpg\",\"width\":960,\"height\":700},{\"@type\":\"BreadcrumbList\",\"@id\":\"https:\\\/\\\/raivo.korstnik.eu\\\/kataloog\\\/451\\\/#breadcrumb\",\"itemListElement\":[{\"@type\":\"ListItem\",\"position\":1,\"name\":\"Home\",\"item\":\"https:\\\/\\\/raivo.korstnik.eu\\\/\"},{\"@type\":\"ListItem\",\"position\":2,\"name\":\"Teosed\",\"item\":\"https:\\\/\\\/raivo.korstnik.eu\\\/teosed\\\/\"},{\"@type\":\"ListItem\",\"position\":3,\"name\":\"Punane Kunda\"}]},{\"@type\":\"WebSite\",\"@id\":\"https:\\\/\\\/raivo.korstnik.eu\\\/#website\",\"url\":\"https:\\\/\\\/raivo.korstnik.eu\\\/\",\"name\":\"Raivo Korstnik\",\"description\":\"\",\"potentialAction\":[{\"@type\":\"SearchAction\",\"target\":{\"@type\":\"EntryPoint\",\"urlTemplate\":\"https:\\\/\\\/raivo.korstnik.eu\\\/?s={search_term_string}\"},\"query-input\":{\"@type\":\"PropertyValueSpecification\",\"valueRequired\":true,\"valueName\":\"search_term_string\"}}],\"inLanguage\":\"en-GB\"}]}<\/script>\n<!-- \/ Yoast SEO plugin. -->","yoast_head_json":{"title":"Punane Kunda - Raivo Korstnik","robots":{"index":"index","follow":"follow","max-snippet":"max-snippet:-1","max-image-preview":"max-image-preview:large","max-video-preview":"max-video-preview:-1"},"canonical":"https:\/\/raivo.korstnik.eu\/en\/kataloog\/451\/","og_locale":"en_GB","og_type":"article","og_title":"Punane Kunda - Raivo Korstnik","og_description":"M\u00fc\u00fcdud Hausi oksjonil Punane Kunda. 1961 \u00f5li, papp. 50 x 70.5 cm (raamitud) hind 1 800 (m\u00fc\u00fcdud) All paremal: RK 91 P\u00f6\u00f6rdel: R. Korstnik \/\u2026\/ \u201eELUKAS\u201c (\u00f5li papil; teost. 10-16. aug. 1991. a.) \/\u2026\/","og_url":"https:\/\/raivo.korstnik.eu\/en\/kataloog\/451\/","og_site_name":"Raivo Korstnik","article_modified_time":"2023-02-16T20:39:57+00:00","og_image":[{"width":960,"height":700,"url":"https:\/\/raivo.korstnik.eu\/wp-content\/uploads\/Punane-Kunda.-Kavand.jpg","type":"image\/jpeg"}],"twitter_card":"summary_large_image","schema":{"@context":"https:\/\/schema.org","@graph":[{"@type":"WebPage","@id":"https:\/\/raivo.korstnik.eu\/kataloog\/451\/","url":"https:\/\/raivo.korstnik.eu\/kataloog\/451\/","name":"Punane Kunda - Raivo Korstnik","isPartOf":{"@id":"https:\/\/raivo.korstnik.eu\/#website"},"primaryImageOfPage":{"@id":"https:\/\/raivo.korstnik.eu\/kataloog\/451\/#primaryimage"},"image":{"@id":"https:\/\/raivo.korstnik.eu\/kataloog\/451\/#primaryimage"},"thumbnailUrl":"https:\/\/raivo.korstnik.eu\/wp-content\/uploads\/Punane-Kunda.-Kavand.jpg","datePublished":"2020-10-26T11:46:05+00:00","dateModified":"2023-02-16T20:39:57+00:00","breadcrumb":{"@id":"https:\/\/raivo.korstnik.eu\/kataloog\/451\/#breadcrumb"},"inLanguage":"en-GB","potentialAction":[{"@type":"ReadAction","target":["https:\/\/raivo.korstnik.eu\/kataloog\/451\/"]}]},{"@type":"ImageObject","inLanguage":"en-GB","@id":"https:\/\/raivo.korstnik.eu\/kataloog\/451\/#primaryimage","url":"https:\/\/raivo.korstnik.eu\/wp-content\/uploads\/Punane-Kunda.-Kavand.jpg","contentUrl":"https:\/\/raivo.korstnik.eu\/wp-content\/uploads\/Punane-Kunda.-Kavand.jpg","width":960,"height":700},{"@type":"BreadcrumbList","@id":"https:\/\/raivo.korstnik.eu\/kataloog\/451\/#breadcrumb","itemListElement":[{"@type":"ListItem","position":1,"name":"Home","item":"https:\/\/raivo.korstnik.eu\/"},{"@type":"ListItem","position":2,"name":"Teosed","item":"https:\/\/raivo.korstnik.eu\/teosed\/"},{"@type":"ListItem","position":3,"name":"Punane Kunda"}]},{"@type":"WebSite","@id":"https:\/\/raivo.korstnik.eu\/#website","url":"https:\/\/raivo.korstnik.eu\/","name":"Raivo Korstnik","description":"","potentialAction":[{"@type":"SearchAction","target":{"@type":"EntryPoint","urlTemplate":"https:\/\/raivo.korstnik.eu\/?s={search_term_string}"},"query-input":{"@type":"PropertyValueSpecification","valueRequired":true,"valueName":"search_term_string"}}],"inLanguage":"en-GB"}]}},"_links":{"self":[{"href":"https:\/\/raivo.korstnik.eu\/en\/wp-json\/wp\/v2\/product\/2148","targetHints":{"allow":["GET"]}}],"collection":[{"href":"https:\/\/raivo.korstnik.eu\/en\/wp-json\/wp\/v2\/product"}],"about":[{"href":"https:\/\/raivo.korstnik.eu\/en\/wp-json\/wp\/v2\/types\/product"}],"wp:featuredmedia":[{"embeddable":true,"href":"https:\/\/raivo.korstnik.eu\/en\/wp-json\/wp\/v2\/media\/2154"}],"wp:attachment":[{"href":"https:\/\/raivo.korstnik.eu\/en\/wp-json\/wp\/v2\/media?parent=2148"}],"wp:term":[{"taxonomy":"product_brand","embeddable":true,"href":"https:\/\/raivo.korstnik.eu\/en\/wp-json\/wp\/v2\/product_brand?post=2148"},{"taxonomy":"product_cat","embeddable":true,"href":"https:\/\/raivo.korstnik.eu\/en\/wp-json\/wp\/v2\/product_cat?post=2148"},{"taxonomy":"product_tag","embeddable":true,"href":"https:\/\/raivo.korstnik.eu\/en\/wp-json\/wp\/v2\/product_tag?post=2148"}],"curies":[{"name":"wp","href":"https:\/\/api.w.org\/{rel}","templated":true}]}}