{"id":2156,"date":"2020-10-26T11:47:41","date_gmt":"2020-10-26T11:47:41","guid":{"rendered":"https:\/\/www.lennuk.eu\/korstnik\/korstnik\/raivo\/?post_type=product&#038;p=2156"},"modified":"2023-02-16T22:40:35","modified_gmt":"2023-02-16T22:40:35","slug":"134","status":"publish","type":"product","link":"https:\/\/raivo.korstnik.eu\/en\/kataloog\/134\/","title":{"rendered":"Kased"},"content":{"rendered":"<h2 id=\"pealkiri\">Kased. 1960<\/h2>\n<p id=\"teos\">\u00d5li, kartong. 25.2 x 35 cm (raamitud)<br \/>\nhind <strong>1 100<\/strong> <strong class=\"myydud\">(m\u00fc\u00fcdud)<\/strong><\/p>\n<p>1960. aastal maalis Raivo Korstnik korduvalt koduseid ja pastoraalseid motiive Viljandimaalt Soomaa l\u00e4hedalt Tipult. Kuigi kunstnik oli noor, alles 28-aastane, ning 1960ndate algus juhatas juba sisse \u00f5rnu vabamaid tuuli, on ta otsustanud maalida vanamoelist motiivi. N\u00e4eme puudesalu, selle taga aga hobust rohtu n\u00e4kitsemas ning heinakuhja (\u00fche teise maali peal kujutab ta ilma igasuguste modifikatsioonideta Tipu vana talumaja). V\u00f5imalik, et tegemist on suvise interluudiumiga: v\u00e4ikese iseendale maalitud t\u00f6\u00f6deseeriaga, mille eesm\u00e4rgiks ei olnud vallutada pealinna n\u00e4itusesaale, vaid k\u00f5netada ennast. Maalikunst on Korstniku jaoks siin vahend maailmaga harmoonia leidmisel, avangardi t\u00f6\u00f6riistad on j\u00e4etud ateljeesse ning tuldud \u00f5ue looduse r\u00fcppe, et maalida pretensioonitu, kuid seda kodusem ning helgem pilguheit \u00fcmbritsevale.<\/p>","protected":false},"excerpt":{"rendered":"<p>Kased. 1960 \u00d5li, kartong. 25.2 x 35 cm (raamitud) hind 1 100 (m\u00fc\u00fcdud) 1960. aastal maalis Raivo Korstnik korduvalt koduseid ja pastoraalseid motiive Viljandimaalt Soomaa l\u00e4hedalt Tipult. Kuigi kunstnik oli noor, alles 28-aastane, ning 1960ndate algus juhatas juba sisse \u00f5rnu vabamaid tuuli, on ta otsustanud maalida vanamoelist motiivi. N\u00e4eme puudesalu, selle taga aga hobust rohtu &hellip;<\/p>\n<p class=\"read-more\"> <a class=\"\" href=\"https:\/\/raivo.korstnik.eu\/en\/kataloog\/134\/\"> <span class=\"screen-reader-text\">Kased<\/span> Read More &raquo;<\/a><\/p>","protected":false},"featured_media":2157,"template":"","meta":[],"product_brand":[],"product_cat":[23],"product_tag":[88,122],"class_list":{"0":"post-2156","1":"product","2":"type-product","3":"status-publish","4":"has-post-thumbnail","6":"product_cat-maastikud","7":"product_tag-haus","8":"product_tag-maastik","10":"first","11":"outofstock","12":"shipping-taxable","13":"product-type-simple"},"yoast_head":"<!-- This site is optimized with the Yoast SEO plugin v27.6 - https:\/\/yoast.com\/product\/yoast-seo-wordpress\/ -->\n<title>Kased - Raivo Korstnik<\/title>\n<meta name=\"robots\" content=\"index, follow, max-snippet:-1, max-image-preview:large, max-video-preview:-1\" \/>\n<link rel=\"canonical\" href=\"https:\/\/raivo.korstnik.eu\/en\/kataloog\/134\/\" \/>\n<meta property=\"og:locale\" content=\"en_GB\" \/>\n<meta property=\"og:type\" content=\"article\" \/>\n<meta property=\"og:title\" content=\"Kased - Raivo Korstnik\" \/>\n<meta property=\"og:description\" content=\"Kased. 1960 \u00d5li, kartong. 25.2 x 35 cm (raamitud) hind 1 100 (m\u00fc\u00fcdud) 1960. aastal maalis Raivo Korstnik korduvalt koduseid ja pastoraalseid motiive Viljandimaalt Soomaa l\u00e4hedalt Tipult. Kuigi kunstnik oli noor, alles 28-aastane, ning 1960ndate algus juhatas juba sisse \u00f5rnu vabamaid tuuli, on ta otsustanud maalida vanamoelist motiivi. N\u00e4eme puudesalu, selle taga aga hobust rohtu &hellip; Kased Read More &raquo;\" \/>\n<meta property=\"og:url\" content=\"https:\/\/raivo.korstnik.eu\/en\/kataloog\/134\/\" \/>\n<meta property=\"og:site_name\" content=\"Raivo Korstnik\" \/>\n<meta property=\"article:modified_time\" content=\"2023-02-16T22:40:35+00:00\" \/>\n<meta property=\"og:image\" content=\"https:\/\/raivo.korstnik.eu\/wp-content\/uploads\/Kased.jpg\" \/>\n\t<meta property=\"og:image:width\" content=\"1062\" \/>\n\t<meta property=\"og:image:height\" content=\"750\" \/>\n\t<meta property=\"og:image:type\" content=\"image\/jpeg\" \/>\n<meta name=\"twitter:card\" content=\"summary_large_image\" \/>\n<meta name=\"twitter:label1\" content=\"Estimated reading time\" \/>\n\t<meta name=\"twitter:data1\" content=\"1 minute\" \/>\n<script type=\"application\/ld+json\" class=\"yoast-schema-graph\">{\"@context\":\"https:\\\/\\\/schema.org\",\"@graph\":[{\"@type\":\"WebPage\",\"@id\":\"https:\\\/\\\/raivo.korstnik.eu\\\/kataloog\\\/134\\\/\",\"url\":\"https:\\\/\\\/raivo.korstnik.eu\\\/kataloog\\\/134\\\/\",\"name\":\"Kased - Raivo Korstnik\",\"isPartOf\":{\"@id\":\"https:\\\/\\\/raivo.korstnik.eu\\\/#website\"},\"primaryImageOfPage\":{\"@id\":\"https:\\\/\\\/raivo.korstnik.eu\\\/kataloog\\\/134\\\/#primaryimage\"},\"image\":{\"@id\":\"https:\\\/\\\/raivo.korstnik.eu\\\/kataloog\\\/134\\\/#primaryimage\"},\"thumbnailUrl\":\"https:\\\/\\\/raivo.korstnik.eu\\\/wp-content\\\/uploads\\\/Kased.jpg\",\"datePublished\":\"2020-10-26T11:47:41+00:00\",\"dateModified\":\"2023-02-16T22:40:35+00:00\",\"breadcrumb\":{\"@id\":\"https:\\\/\\\/raivo.korstnik.eu\\\/kataloog\\\/134\\\/#breadcrumb\"},\"inLanguage\":\"en-GB\",\"potentialAction\":[{\"@type\":\"ReadAction\",\"target\":[\"https:\\\/\\\/raivo.korstnik.eu\\\/kataloog\\\/134\\\/\"]}]},{\"@type\":\"ImageObject\",\"inLanguage\":\"en-GB\",\"@id\":\"https:\\\/\\\/raivo.korstnik.eu\\\/kataloog\\\/134\\\/#primaryimage\",\"url\":\"https:\\\/\\\/raivo.korstnik.eu\\\/wp-content\\\/uploads\\\/Kased.jpg\",\"contentUrl\":\"https:\\\/\\\/raivo.korstnik.eu\\\/wp-content\\\/uploads\\\/Kased.jpg\",\"width\":1062,\"height\":750},{\"@type\":\"BreadcrumbList\",\"@id\":\"https:\\\/\\\/raivo.korstnik.eu\\\/kataloog\\\/134\\\/#breadcrumb\",\"itemListElement\":[{\"@type\":\"ListItem\",\"position\":1,\"name\":\"Home\",\"item\":\"https:\\\/\\\/raivo.korstnik.eu\\\/\"},{\"@type\":\"ListItem\",\"position\":2,\"name\":\"Teosed\",\"item\":\"https:\\\/\\\/raivo.korstnik.eu\\\/teosed\\\/\"},{\"@type\":\"ListItem\",\"position\":3,\"name\":\"Kased\"}]},{\"@type\":\"WebSite\",\"@id\":\"https:\\\/\\\/raivo.korstnik.eu\\\/#website\",\"url\":\"https:\\\/\\\/raivo.korstnik.eu\\\/\",\"name\":\"Raivo Korstnik\",\"description\":\"\",\"potentialAction\":[{\"@type\":\"SearchAction\",\"target\":{\"@type\":\"EntryPoint\",\"urlTemplate\":\"https:\\\/\\\/raivo.korstnik.eu\\\/?s={search_term_string}\"},\"query-input\":{\"@type\":\"PropertyValueSpecification\",\"valueRequired\":true,\"valueName\":\"search_term_string\"}}],\"inLanguage\":\"en-GB\"}]}<\/script>\n<!-- \/ Yoast SEO plugin. -->","yoast_head_json":{"title":"Kased - Raivo Korstnik","robots":{"index":"index","follow":"follow","max-snippet":"max-snippet:-1","max-image-preview":"max-image-preview:large","max-video-preview":"max-video-preview:-1"},"canonical":"https:\/\/raivo.korstnik.eu\/en\/kataloog\/134\/","og_locale":"en_GB","og_type":"article","og_title":"Kased - Raivo Korstnik","og_description":"Kased. 1960 \u00d5li, kartong. 25.2 x 35 cm (raamitud) hind 1 100 (m\u00fc\u00fcdud) 1960. aastal maalis Raivo Korstnik korduvalt koduseid ja pastoraalseid motiive Viljandimaalt Soomaa l\u00e4hedalt Tipult. Kuigi kunstnik oli noor, alles 28-aastane, ning 1960ndate algus juhatas juba sisse \u00f5rnu vabamaid tuuli, on ta otsustanud maalida vanamoelist motiivi. N\u00e4eme puudesalu, selle taga aga hobust rohtu &hellip; Kased Read More &raquo;","og_url":"https:\/\/raivo.korstnik.eu\/en\/kataloog\/134\/","og_site_name":"Raivo Korstnik","article_modified_time":"2023-02-16T22:40:35+00:00","og_image":[{"width":1062,"height":750,"url":"https:\/\/raivo.korstnik.eu\/wp-content\/uploads\/Kased.jpg","type":"image\/jpeg"}],"twitter_card":"summary_large_image","twitter_misc":{"Estimated reading time":"1 minute"},"schema":{"@context":"https:\/\/schema.org","@graph":[{"@type":"WebPage","@id":"https:\/\/raivo.korstnik.eu\/kataloog\/134\/","url":"https:\/\/raivo.korstnik.eu\/kataloog\/134\/","name":"Kased - Raivo Korstnik","isPartOf":{"@id":"https:\/\/raivo.korstnik.eu\/#website"},"primaryImageOfPage":{"@id":"https:\/\/raivo.korstnik.eu\/kataloog\/134\/#primaryimage"},"image":{"@id":"https:\/\/raivo.korstnik.eu\/kataloog\/134\/#primaryimage"},"thumbnailUrl":"https:\/\/raivo.korstnik.eu\/wp-content\/uploads\/Kased.jpg","datePublished":"2020-10-26T11:47:41+00:00","dateModified":"2023-02-16T22:40:35+00:00","breadcrumb":{"@id":"https:\/\/raivo.korstnik.eu\/kataloog\/134\/#breadcrumb"},"inLanguage":"en-GB","potentialAction":[{"@type":"ReadAction","target":["https:\/\/raivo.korstnik.eu\/kataloog\/134\/"]}]},{"@type":"ImageObject","inLanguage":"en-GB","@id":"https:\/\/raivo.korstnik.eu\/kataloog\/134\/#primaryimage","url":"https:\/\/raivo.korstnik.eu\/wp-content\/uploads\/Kased.jpg","contentUrl":"https:\/\/raivo.korstnik.eu\/wp-content\/uploads\/Kased.jpg","width":1062,"height":750},{"@type":"BreadcrumbList","@id":"https:\/\/raivo.korstnik.eu\/kataloog\/134\/#breadcrumb","itemListElement":[{"@type":"ListItem","position":1,"name":"Home","item":"https:\/\/raivo.korstnik.eu\/"},{"@type":"ListItem","position":2,"name":"Teosed","item":"https:\/\/raivo.korstnik.eu\/teosed\/"},{"@type":"ListItem","position":3,"name":"Kased"}]},{"@type":"WebSite","@id":"https:\/\/raivo.korstnik.eu\/#website","url":"https:\/\/raivo.korstnik.eu\/","name":"Raivo Korstnik","description":"","potentialAction":[{"@type":"SearchAction","target":{"@type":"EntryPoint","urlTemplate":"https:\/\/raivo.korstnik.eu\/?s={search_term_string}"},"query-input":{"@type":"PropertyValueSpecification","valueRequired":true,"valueName":"search_term_string"}}],"inLanguage":"en-GB"}]}},"_links":{"self":[{"href":"https:\/\/raivo.korstnik.eu\/en\/wp-json\/wp\/v2\/product\/2156","targetHints":{"allow":["GET"]}}],"collection":[{"href":"https:\/\/raivo.korstnik.eu\/en\/wp-json\/wp\/v2\/product"}],"about":[{"href":"https:\/\/raivo.korstnik.eu\/en\/wp-json\/wp\/v2\/types\/product"}],"wp:featuredmedia":[{"embeddable":true,"href":"https:\/\/raivo.korstnik.eu\/en\/wp-json\/wp\/v2\/media\/2157"}],"wp:attachment":[{"href":"https:\/\/raivo.korstnik.eu\/en\/wp-json\/wp\/v2\/media?parent=2156"}],"wp:term":[{"taxonomy":"product_brand","embeddable":true,"href":"https:\/\/raivo.korstnik.eu\/en\/wp-json\/wp\/v2\/product_brand?post=2156"},{"taxonomy":"product_cat","embeddable":true,"href":"https:\/\/raivo.korstnik.eu\/en\/wp-json\/wp\/v2\/product_cat?post=2156"},{"taxonomy":"product_tag","embeddable":true,"href":"https:\/\/raivo.korstnik.eu\/en\/wp-json\/wp\/v2\/product_tag?post=2156"}],"curies":[{"name":"wp","href":"https:\/\/api.w.org\/{rel}","templated":true}]}}