{"id":2185,"date":"2020-10-26T15:22:21","date_gmt":"2020-10-26T15:22:21","guid":{"rendered":"https:\/\/www.lennuk.eu\/korstnik\/korstnik\/raivo\/?post_type=product&#038;p=2185"},"modified":"2023-02-16T20:44:52","modified_gmt":"2023-02-16T20:44:52","slug":"131","status":"publish","type":"product","link":"https:\/\/raivo.korstnik.eu\/en\/kataloog\/131\/","title":{"rendered":"L\u00f5una- Eesti maastik"},"content":{"rendered":"<p>Jah see on see osta.ee t\u00f6\u00f6, see asub otep\u00e4\u00e4l, kui te siiakanti ei satu saab ehk ka pildistatud<br \/>\nerki<\/p>\n<p>Saadetud Windowsi jaoks m\u00f5eldud rakendusest Meil<\/p>\n<p>Saatja: maarja korstnik<br \/>\nSaadetud: kolmap\u00e4ev, 22. september 2021 15:10<br \/>\nAdressaat: Erki<br \/>\nTeema: Re: Raivo Kortsniku t\u00f6\u00f6<\/p>\n<p>Tere, Erki,<br \/>\nsuur t\u00e4nu, et \u00fchendust v\u00f5tsite!<br \/>\nJah, t\u00f5epoolest- oleme perega Raivo loomingut n\u00fc\u00fcd siit-sealt proovinud \u00fclesse pildistada ning omanikega ka v\u00f5imalusel kontakti hoida, et teoseid sobivuse korral n\u00e4iteks n\u00e4itustele deponeerida. Plaanime teha l\u00e4hiaastatel ka tema loomingust \u00fclevaatliku kataloogi raamatu kujul.<br \/>\nSee sama teos oli kunagi vist Osta keskkonnas m\u00fc\u00fcgil ning suurima r\u00f5\u00f5muga pildistaksime selle \u00fclesse, et saaks arhiivi sellest j\u00e4\u00e4dvustuse.<br \/>\nKas fotot oleks v\u00f5imalik Teilt paluda v\u00f5i siis &#8211; v\u00f5imalusel tuleksime ja pildistaksime selle ise \u00fcles?<\/p>\n<p>Tervitades<br \/>\n\u2014<br \/>\nMaarja Korstnik<br \/>\nmaarja.korstnik@gmail.com<br \/>\n+372 56 954 709<br \/>\nTere, mina olen see, kes ostis viimati Raivo t\u00f6\u00f6. Kuna sain aru, et teete arhiivi siis lisan pildi \u00fchest minu k\u00e4es olevast t\u00f6\u00f6st, 62 L\u00f5una Eesti maastik, sarnane oli vist Allees m\u00fc\u00fcgil, aga see pole see.<\/p>\n<p>&nbsp;<\/p>\n<p>Erki Saar 53585140<br \/>\nerki@tammuri.ee<\/p>","protected":false},"excerpt":{"rendered":"<p>Jah see on see osta.ee t\u00f6\u00f6, see asub otep\u00e4\u00e4l, kui te siiakanti ei satu saab ehk ka pildistatud erki Saadetud Windowsi jaoks m\u00f5eldud rakendusest Meil Saatja: maarja korstnik Saadetud: kolmap\u00e4ev, 22. september 2021 15:10 Adressaat: Erki Teema: Re: Raivo Kortsniku t\u00f6\u00f6 Tere, Erki, suur t\u00e4nu, et \u00fchendust v\u00f5tsite! Jah, t\u00f5epoolest- oleme perega Raivo loomingut n\u00fc\u00fcd &hellip;<\/p>\n<p class=\"read-more\"> <a class=\"\" href=\"https:\/\/raivo.korstnik.eu\/en\/kataloog\/131\/\"> <span class=\"screen-reader-text\">L\u00f5una- Eesti maastik<\/span> Read More &raquo;<\/a><\/p>","protected":false},"featured_media":3859,"template":"","meta":[],"product_brand":[],"product_cat":[23],"product_tag":[145,172,122],"class_list":{"0":"post-2185","1":"product","2":"type-product","3":"status-publish","4":"has-post-thumbnail","6":"product_cat-maastikud","7":"product_tag-erakogu","8":"product_tag-erki-saar","9":"product_tag-maastik","11":"first","12":"outofstock","13":"shipping-taxable","14":"product-type-simple"},"yoast_head":"<!-- This site is optimized with the Yoast SEO plugin v27.6 - https:\/\/yoast.com\/product\/yoast-seo-wordpress\/ -->\n<title>L\u00f5una- Eesti maastik - Raivo Korstnik<\/title>\n<meta name=\"robots\" content=\"index, follow, max-snippet:-1, max-image-preview:large, max-video-preview:-1\" \/>\n<link rel=\"canonical\" href=\"https:\/\/raivo.korstnik.eu\/en\/kataloog\/131\/\" \/>\n<meta property=\"og:locale\" content=\"en_GB\" \/>\n<meta property=\"og:type\" content=\"article\" \/>\n<meta property=\"og:title\" content=\"L\u00f5una- Eesti maastik - Raivo Korstnik\" \/>\n<meta property=\"og:description\" content=\"Jah see on see osta.ee t\u00f6\u00f6, see asub otep\u00e4\u00e4l, kui te siiakanti ei satu saab ehk ka pildistatud erki Saadetud Windowsi jaoks m\u00f5eldud rakendusest Meil Saatja: maarja korstnik Saadetud: kolmap\u00e4ev, 22. september 2021 15:10 Adressaat: Erki Teema: Re: Raivo Kortsniku t\u00f6\u00f6 Tere, Erki, suur t\u00e4nu, et \u00fchendust v\u00f5tsite! Jah, t\u00f5epoolest- oleme perega Raivo loomingut n\u00fc\u00fcd &hellip; L\u00f5una- Eesti maastik Read More &raquo;\" \/>\n<meta property=\"og:url\" content=\"https:\/\/raivo.korstnik.eu\/en\/kataloog\/131\/\" \/>\n<meta property=\"og:site_name\" content=\"Raivo Korstnik\" \/>\n<meta property=\"article:modified_time\" content=\"2023-02-16T20:44:52+00:00\" \/>\n<meta property=\"og:image\" content=\"https:\/\/raivo.korstnik.eu\/wp-content\/uploads\/image0.jpeg\" \/>\n\t<meta property=\"og:image:width\" content=\"640\" \/>\n\t<meta property=\"og:image:height\" content=\"446\" \/>\n\t<meta property=\"og:image:type\" content=\"image\/jpeg\" \/>\n<meta name=\"twitter:card\" content=\"summary_large_image\" \/>\n<meta name=\"twitter:label1\" content=\"Estimated reading time\" \/>\n\t<meta name=\"twitter:data1\" content=\"1 minute\" \/>\n<script type=\"application\/ld+json\" class=\"yoast-schema-graph\">{\"@context\":\"https:\\\/\\\/schema.org\",\"@graph\":[{\"@type\":\"WebPage\",\"@id\":\"https:\\\/\\\/raivo.korstnik.eu\\\/kataloog\\\/131\\\/\",\"url\":\"https:\\\/\\\/raivo.korstnik.eu\\\/kataloog\\\/131\\\/\",\"name\":\"L\u00f5una- Eesti maastik - Raivo Korstnik\",\"isPartOf\":{\"@id\":\"https:\\\/\\\/raivo.korstnik.eu\\\/#website\"},\"primaryImageOfPage\":{\"@id\":\"https:\\\/\\\/raivo.korstnik.eu\\\/kataloog\\\/131\\\/#primaryimage\"},\"image\":{\"@id\":\"https:\\\/\\\/raivo.korstnik.eu\\\/kataloog\\\/131\\\/#primaryimage\"},\"thumbnailUrl\":\"https:\\\/\\\/raivo.korstnik.eu\\\/wp-content\\\/uploads\\\/image0.jpeg\",\"datePublished\":\"2020-10-26T15:22:21+00:00\",\"dateModified\":\"2023-02-16T20:44:52+00:00\",\"breadcrumb\":{\"@id\":\"https:\\\/\\\/raivo.korstnik.eu\\\/kataloog\\\/131\\\/#breadcrumb\"},\"inLanguage\":\"en-GB\",\"potentialAction\":[{\"@type\":\"ReadAction\",\"target\":[\"https:\\\/\\\/raivo.korstnik.eu\\\/kataloog\\\/131\\\/\"]}]},{\"@type\":\"ImageObject\",\"inLanguage\":\"en-GB\",\"@id\":\"https:\\\/\\\/raivo.korstnik.eu\\\/kataloog\\\/131\\\/#primaryimage\",\"url\":\"https:\\\/\\\/raivo.korstnik.eu\\\/wp-content\\\/uploads\\\/image0.jpeg\",\"contentUrl\":\"https:\\\/\\\/raivo.korstnik.eu\\\/wp-content\\\/uploads\\\/image0.jpeg\",\"width\":640,\"height\":446},{\"@type\":\"BreadcrumbList\",\"@id\":\"https:\\\/\\\/raivo.korstnik.eu\\\/kataloog\\\/131\\\/#breadcrumb\",\"itemListElement\":[{\"@type\":\"ListItem\",\"position\":1,\"name\":\"Home\",\"item\":\"https:\\\/\\\/raivo.korstnik.eu\\\/\"},{\"@type\":\"ListItem\",\"position\":2,\"name\":\"Teosed\",\"item\":\"https:\\\/\\\/raivo.korstnik.eu\\\/teosed\\\/\"},{\"@type\":\"ListItem\",\"position\":3,\"name\":\"L\u00f5una- Eesti maastik\"}]},{\"@type\":\"WebSite\",\"@id\":\"https:\\\/\\\/raivo.korstnik.eu\\\/#website\",\"url\":\"https:\\\/\\\/raivo.korstnik.eu\\\/\",\"name\":\"Raivo Korstnik\",\"description\":\"\",\"potentialAction\":[{\"@type\":\"SearchAction\",\"target\":{\"@type\":\"EntryPoint\",\"urlTemplate\":\"https:\\\/\\\/raivo.korstnik.eu\\\/?s={search_term_string}\"},\"query-input\":{\"@type\":\"PropertyValueSpecification\",\"valueRequired\":true,\"valueName\":\"search_term_string\"}}],\"inLanguage\":\"en-GB\"}]}<\/script>\n<!-- \/ Yoast SEO plugin. -->","yoast_head_json":{"title":"L\u00f5una- Eesti maastik - Raivo Korstnik","robots":{"index":"index","follow":"follow","max-snippet":"max-snippet:-1","max-image-preview":"max-image-preview:large","max-video-preview":"max-video-preview:-1"},"canonical":"https:\/\/raivo.korstnik.eu\/en\/kataloog\/131\/","og_locale":"en_GB","og_type":"article","og_title":"L\u00f5una- Eesti maastik - Raivo Korstnik","og_description":"Jah see on see osta.ee t\u00f6\u00f6, see asub otep\u00e4\u00e4l, kui te siiakanti ei satu saab ehk ka pildistatud erki Saadetud Windowsi jaoks m\u00f5eldud rakendusest Meil Saatja: maarja korstnik Saadetud: kolmap\u00e4ev, 22. september 2021 15:10 Adressaat: Erki Teema: Re: Raivo Kortsniku t\u00f6\u00f6 Tere, Erki, suur t\u00e4nu, et \u00fchendust v\u00f5tsite! Jah, t\u00f5epoolest- oleme perega Raivo loomingut n\u00fc\u00fcd &hellip; L\u00f5una- Eesti maastik Read More &raquo;","og_url":"https:\/\/raivo.korstnik.eu\/en\/kataloog\/131\/","og_site_name":"Raivo Korstnik","article_modified_time":"2023-02-16T20:44:52+00:00","og_image":[{"width":640,"height":446,"url":"https:\/\/raivo.korstnik.eu\/wp-content\/uploads\/image0.jpeg","type":"image\/jpeg"}],"twitter_card":"summary_large_image","twitter_misc":{"Estimated reading time":"1 minute"},"schema":{"@context":"https:\/\/schema.org","@graph":[{"@type":"WebPage","@id":"https:\/\/raivo.korstnik.eu\/kataloog\/131\/","url":"https:\/\/raivo.korstnik.eu\/kataloog\/131\/","name":"L\u00f5una- Eesti maastik - Raivo Korstnik","isPartOf":{"@id":"https:\/\/raivo.korstnik.eu\/#website"},"primaryImageOfPage":{"@id":"https:\/\/raivo.korstnik.eu\/kataloog\/131\/#primaryimage"},"image":{"@id":"https:\/\/raivo.korstnik.eu\/kataloog\/131\/#primaryimage"},"thumbnailUrl":"https:\/\/raivo.korstnik.eu\/wp-content\/uploads\/image0.jpeg","datePublished":"2020-10-26T15:22:21+00:00","dateModified":"2023-02-16T20:44:52+00:00","breadcrumb":{"@id":"https:\/\/raivo.korstnik.eu\/kataloog\/131\/#breadcrumb"},"inLanguage":"en-GB","potentialAction":[{"@type":"ReadAction","target":["https:\/\/raivo.korstnik.eu\/kataloog\/131\/"]}]},{"@type":"ImageObject","inLanguage":"en-GB","@id":"https:\/\/raivo.korstnik.eu\/kataloog\/131\/#primaryimage","url":"https:\/\/raivo.korstnik.eu\/wp-content\/uploads\/image0.jpeg","contentUrl":"https:\/\/raivo.korstnik.eu\/wp-content\/uploads\/image0.jpeg","width":640,"height":446},{"@type":"BreadcrumbList","@id":"https:\/\/raivo.korstnik.eu\/kataloog\/131\/#breadcrumb","itemListElement":[{"@type":"ListItem","position":1,"name":"Home","item":"https:\/\/raivo.korstnik.eu\/"},{"@type":"ListItem","position":2,"name":"Teosed","item":"https:\/\/raivo.korstnik.eu\/teosed\/"},{"@type":"ListItem","position":3,"name":"L\u00f5una- Eesti maastik"}]},{"@type":"WebSite","@id":"https:\/\/raivo.korstnik.eu\/#website","url":"https:\/\/raivo.korstnik.eu\/","name":"Raivo Korstnik","description":"","potentialAction":[{"@type":"SearchAction","target":{"@type":"EntryPoint","urlTemplate":"https:\/\/raivo.korstnik.eu\/?s={search_term_string}"},"query-input":{"@type":"PropertyValueSpecification","valueRequired":true,"valueName":"search_term_string"}}],"inLanguage":"en-GB"}]}},"_links":{"self":[{"href":"https:\/\/raivo.korstnik.eu\/en\/wp-json\/wp\/v2\/product\/2185","targetHints":{"allow":["GET"]}}],"collection":[{"href":"https:\/\/raivo.korstnik.eu\/en\/wp-json\/wp\/v2\/product"}],"about":[{"href":"https:\/\/raivo.korstnik.eu\/en\/wp-json\/wp\/v2\/types\/product"}],"wp:featuredmedia":[{"embeddable":true,"href":"https:\/\/raivo.korstnik.eu\/en\/wp-json\/wp\/v2\/media\/3859"}],"wp:attachment":[{"href":"https:\/\/raivo.korstnik.eu\/en\/wp-json\/wp\/v2\/media?parent=2185"}],"wp:term":[{"taxonomy":"product_brand","embeddable":true,"href":"https:\/\/raivo.korstnik.eu\/en\/wp-json\/wp\/v2\/product_brand?post=2185"},{"taxonomy":"product_cat","embeddable":true,"href":"https:\/\/raivo.korstnik.eu\/en\/wp-json\/wp\/v2\/product_cat?post=2185"},{"taxonomy":"product_tag","embeddable":true,"href":"https:\/\/raivo.korstnik.eu\/en\/wp-json\/wp\/v2\/product_tag?post=2185"}],"curies":[{"name":"wp","href":"https:\/\/api.w.org\/{rel}","templated":true}]}}