{"id":2202,"date":"2020-10-26T15:33:32","date_gmt":"2020-10-26T15:33:32","guid":{"rendered":"https:\/\/www.lennuk.eu\/korstnik\/korstnik\/raivo\/?post_type=product&#038;p=2202"},"modified":"2023-02-16T22:15:57","modified_gmt":"2023-02-16T22:15:57","slug":"880","status":"publish","type":"product","link":"https:\/\/raivo.korstnik.eu\/en\/kataloog\/880\/","title":{"rendered":"Kalarannas"},"content":{"rendered":"<table border=\"0\" width=\"100%\" cellspacing=\"5\" cellpadding=\"0\">\n<tbody>\n<tr>\n<td class=\"field\" align=\"right\">Autor:<\/td>\n<td>33. Korstnik, Raivo (1932-1992)<\/td>\n<td class=\"field\" align=\"right\">M\u00f5\u00f5dud:<\/td>\n<td>96 x 119<\/td>\n<\/tr>\n<tr>\n<td class=\"field\" align=\"right\">Teos:<\/td>\n<td>Kalarannas (1965)<\/td>\n<td class=\"field\" align=\"right\">Kategooria:<\/td>\n<td>2011 s\u00fcgisoksjon<\/td>\n<\/tr>\n<tr>\n<td class=\"field\" align=\"right\">Tehnika:<\/td>\n<td>\u00f5li, l\u00f5uend<\/td>\n<td><\/td>\n<td><\/td>\n<\/tr>\n<tr>\n<td class=\"field\" align=\"right\">Alghind:<\/td>\n<td>1250.00 EUR<\/td>\n<td class=\"field\" align=\"right\">L\u00f5pphind:<\/td>\n<td>1350.00 EUR<\/td>\n<\/tr>\n<tr>\n<td colspan=\"4\">Raivo Korstnik on maalinud eelk\u00f5ige maastiku- ja merepilte, seekord enampakkumisele tuleval t\u00f6\u00f6l kujutab autor kalaranna olustikku. Kujutatud stseen on peatumine \u00fches t\u00f6ises hetkes, millele lisatud ka paras annus romantikat. Teos on signeeritud.<\/td>\n<\/tr>\n<\/tbody>\n<\/table>\n<p>http:\/\/www.vaal.ee\/est\/avaleht\/oksjon\/toimunud_oksjonid\/2011_sygisoksjon\/newwin\/hor\/pic_id-4786<\/p>","protected":false},"excerpt":{"rendered":"<p>Autor: 33. Korstnik, Raivo (1932-1992) M\u00f5\u00f5dud: 96 x 119 Teos: Kalarannas (1965) Kategooria: 2011 s\u00fcgisoksjon Tehnika: \u00f5li, l\u00f5uend Alghind: 1250.00 EUR L\u00f5pphind: 1350.00 EUR Raivo Korstnik on maalinud eelk\u00f5ige maastiku- ja merepilte, seekord enampakkumisele tuleval t\u00f6\u00f6l kujutab autor kalaranna olustikku. Kujutatud stseen on peatumine \u00fches t\u00f6ises hetkes, millele lisatud ka paras annus romantikat. Teos on &hellip;<\/p>\n<p class=\"read-more\"> <a class=\"\" href=\"https:\/\/raivo.korstnik.eu\/en\/kataloog\/880\/\"> <span class=\"screen-reader-text\">Kalarannas<\/span> Read More &raquo;<\/a><\/p>","protected":false},"featured_media":2213,"template":"","meta":[],"product_brand":[],"product_cat":[31],"product_tag":[128,135,91],"class_list":{"0":"post-2202","1":"product","2":"type-product","3":"status-publish","4":"has-post-thumbnail","6":"product_cat-kalurid-ja-meri","7":"product_tag-kalurid","8":"product_tag-toostusmaastik","9":"product_tag-vaal","11":"first","12":"outofstock","13":"shipping-taxable","14":"product-type-simple"},"yoast_head":"<!-- This site is optimized with the Yoast SEO plugin v27.5 - https:\/\/yoast.com\/product\/yoast-seo-wordpress\/ -->\n<title>Kalarannas - Raivo Korstnik<\/title>\n<meta name=\"robots\" content=\"index, follow, max-snippet:-1, max-image-preview:large, max-video-preview:-1\" \/>\n<link rel=\"canonical\" href=\"https:\/\/raivo.korstnik.eu\/en\/kataloog\/880\/\" \/>\n<meta property=\"og:locale\" content=\"en_GB\" \/>\n<meta property=\"og:type\" content=\"article\" \/>\n<meta property=\"og:title\" content=\"Kalarannas - Raivo Korstnik\" \/>\n<meta property=\"og:description\" content=\"Autor: 33. Korstnik, Raivo (1932-1992) M\u00f5\u00f5dud: 96 x 119 Teos: Kalarannas (1965) Kategooria: 2011 s\u00fcgisoksjon Tehnika: \u00f5li, l\u00f5uend Alghind: 1250.00 EUR L\u00f5pphind: 1350.00 EUR Raivo Korstnik on maalinud eelk\u00f5ige maastiku- ja merepilte, seekord enampakkumisele tuleval t\u00f6\u00f6l kujutab autor kalaranna olustikku. Kujutatud stseen on peatumine \u00fches t\u00f6ises hetkes, millele lisatud ka paras annus romantikat. Teos on &hellip; Kalarannas Read More &raquo;\" \/>\n<meta property=\"og:url\" content=\"https:\/\/raivo.korstnik.eu\/en\/kataloog\/880\/\" \/>\n<meta property=\"og:site_name\" content=\"Raivo Korstnik\" \/>\n<meta property=\"article:modified_time\" content=\"2023-02-16T22:15:57+00:00\" \/>\n<meta property=\"og:image\" content=\"https:\/\/raivo.korstnik.eu\/wp-content\/uploads\/kalarannas.jpg\" \/>\n\t<meta property=\"og:image:width\" content=\"400\" \/>\n\t<meta property=\"og:image:height\" content=\"325\" \/>\n\t<meta property=\"og:image:type\" content=\"image\/jpeg\" \/>\n<meta name=\"twitter:card\" content=\"summary_large_image\" \/>\n<script type=\"application\/ld+json\" class=\"yoast-schema-graph\">{\"@context\":\"https:\\\/\\\/schema.org\",\"@graph\":[{\"@type\":\"WebPage\",\"@id\":\"https:\\\/\\\/raivo.korstnik.eu\\\/kataloog\\\/880\\\/\",\"url\":\"https:\\\/\\\/raivo.korstnik.eu\\\/kataloog\\\/880\\\/\",\"name\":\"Kalarannas - Raivo Korstnik\",\"isPartOf\":{\"@id\":\"https:\\\/\\\/raivo.korstnik.eu\\\/#website\"},\"primaryImageOfPage\":{\"@id\":\"https:\\\/\\\/raivo.korstnik.eu\\\/kataloog\\\/880\\\/#primaryimage\"},\"image\":{\"@id\":\"https:\\\/\\\/raivo.korstnik.eu\\\/kataloog\\\/880\\\/#primaryimage\"},\"thumbnailUrl\":\"https:\\\/\\\/raivo.korstnik.eu\\\/wp-content\\\/uploads\\\/kalarannas.jpg\",\"datePublished\":\"2020-10-26T15:33:32+00:00\",\"dateModified\":\"2023-02-16T22:15:57+00:00\",\"breadcrumb\":{\"@id\":\"https:\\\/\\\/raivo.korstnik.eu\\\/kataloog\\\/880\\\/#breadcrumb\"},\"inLanguage\":\"en-GB\",\"potentialAction\":[{\"@type\":\"ReadAction\",\"target\":[\"https:\\\/\\\/raivo.korstnik.eu\\\/kataloog\\\/880\\\/\"]}]},{\"@type\":\"ImageObject\",\"inLanguage\":\"en-GB\",\"@id\":\"https:\\\/\\\/raivo.korstnik.eu\\\/kataloog\\\/880\\\/#primaryimage\",\"url\":\"https:\\\/\\\/raivo.korstnik.eu\\\/wp-content\\\/uploads\\\/kalarannas.jpg\",\"contentUrl\":\"https:\\\/\\\/raivo.korstnik.eu\\\/wp-content\\\/uploads\\\/kalarannas.jpg\",\"width\":400,\"height\":325},{\"@type\":\"BreadcrumbList\",\"@id\":\"https:\\\/\\\/raivo.korstnik.eu\\\/kataloog\\\/880\\\/#breadcrumb\",\"itemListElement\":[{\"@type\":\"ListItem\",\"position\":1,\"name\":\"Home\",\"item\":\"https:\\\/\\\/raivo.korstnik.eu\\\/\"},{\"@type\":\"ListItem\",\"position\":2,\"name\":\"Teosed\",\"item\":\"https:\\\/\\\/raivo.korstnik.eu\\\/teosed\\\/\"},{\"@type\":\"ListItem\",\"position\":3,\"name\":\"Kalarannas\"}]},{\"@type\":\"WebSite\",\"@id\":\"https:\\\/\\\/raivo.korstnik.eu\\\/#website\",\"url\":\"https:\\\/\\\/raivo.korstnik.eu\\\/\",\"name\":\"Raivo Korstnik\",\"description\":\"\",\"potentialAction\":[{\"@type\":\"SearchAction\",\"target\":{\"@type\":\"EntryPoint\",\"urlTemplate\":\"https:\\\/\\\/raivo.korstnik.eu\\\/?s={search_term_string}\"},\"query-input\":{\"@type\":\"PropertyValueSpecification\",\"valueRequired\":true,\"valueName\":\"search_term_string\"}}],\"inLanguage\":\"en-GB\"}]}<\/script>\n<!-- \/ Yoast SEO plugin. -->","yoast_head_json":{"title":"Kalarannas - Raivo Korstnik","robots":{"index":"index","follow":"follow","max-snippet":"max-snippet:-1","max-image-preview":"max-image-preview:large","max-video-preview":"max-video-preview:-1"},"canonical":"https:\/\/raivo.korstnik.eu\/en\/kataloog\/880\/","og_locale":"en_GB","og_type":"article","og_title":"Kalarannas - Raivo Korstnik","og_description":"Autor: 33. Korstnik, Raivo (1932-1992) M\u00f5\u00f5dud: 96 x 119 Teos: Kalarannas (1965) Kategooria: 2011 s\u00fcgisoksjon Tehnika: \u00f5li, l\u00f5uend Alghind: 1250.00 EUR L\u00f5pphind: 1350.00 EUR Raivo Korstnik on maalinud eelk\u00f5ige maastiku- ja merepilte, seekord enampakkumisele tuleval t\u00f6\u00f6l kujutab autor kalaranna olustikku. Kujutatud stseen on peatumine \u00fches t\u00f6ises hetkes, millele lisatud ka paras annus romantikat. Teos on &hellip; Kalarannas Read More &raquo;","og_url":"https:\/\/raivo.korstnik.eu\/en\/kataloog\/880\/","og_site_name":"Raivo Korstnik","article_modified_time":"2023-02-16T22:15:57+00:00","og_image":[{"width":400,"height":325,"url":"https:\/\/raivo.korstnik.eu\/wp-content\/uploads\/kalarannas.jpg","type":"image\/jpeg"}],"twitter_card":"summary_large_image","schema":{"@context":"https:\/\/schema.org","@graph":[{"@type":"WebPage","@id":"https:\/\/raivo.korstnik.eu\/kataloog\/880\/","url":"https:\/\/raivo.korstnik.eu\/kataloog\/880\/","name":"Kalarannas - Raivo Korstnik","isPartOf":{"@id":"https:\/\/raivo.korstnik.eu\/#website"},"primaryImageOfPage":{"@id":"https:\/\/raivo.korstnik.eu\/kataloog\/880\/#primaryimage"},"image":{"@id":"https:\/\/raivo.korstnik.eu\/kataloog\/880\/#primaryimage"},"thumbnailUrl":"https:\/\/raivo.korstnik.eu\/wp-content\/uploads\/kalarannas.jpg","datePublished":"2020-10-26T15:33:32+00:00","dateModified":"2023-02-16T22:15:57+00:00","breadcrumb":{"@id":"https:\/\/raivo.korstnik.eu\/kataloog\/880\/#breadcrumb"},"inLanguage":"en-GB","potentialAction":[{"@type":"ReadAction","target":["https:\/\/raivo.korstnik.eu\/kataloog\/880\/"]}]},{"@type":"ImageObject","inLanguage":"en-GB","@id":"https:\/\/raivo.korstnik.eu\/kataloog\/880\/#primaryimage","url":"https:\/\/raivo.korstnik.eu\/wp-content\/uploads\/kalarannas.jpg","contentUrl":"https:\/\/raivo.korstnik.eu\/wp-content\/uploads\/kalarannas.jpg","width":400,"height":325},{"@type":"BreadcrumbList","@id":"https:\/\/raivo.korstnik.eu\/kataloog\/880\/#breadcrumb","itemListElement":[{"@type":"ListItem","position":1,"name":"Home","item":"https:\/\/raivo.korstnik.eu\/"},{"@type":"ListItem","position":2,"name":"Teosed","item":"https:\/\/raivo.korstnik.eu\/teosed\/"},{"@type":"ListItem","position":3,"name":"Kalarannas"}]},{"@type":"WebSite","@id":"https:\/\/raivo.korstnik.eu\/#website","url":"https:\/\/raivo.korstnik.eu\/","name":"Raivo Korstnik","description":"","potentialAction":[{"@type":"SearchAction","target":{"@type":"EntryPoint","urlTemplate":"https:\/\/raivo.korstnik.eu\/?s={search_term_string}"},"query-input":{"@type":"PropertyValueSpecification","valueRequired":true,"valueName":"search_term_string"}}],"inLanguage":"en-GB"}]}},"_links":{"self":[{"href":"https:\/\/raivo.korstnik.eu\/en\/wp-json\/wp\/v2\/product\/2202","targetHints":{"allow":["GET"]}}],"collection":[{"href":"https:\/\/raivo.korstnik.eu\/en\/wp-json\/wp\/v2\/product"}],"about":[{"href":"https:\/\/raivo.korstnik.eu\/en\/wp-json\/wp\/v2\/types\/product"}],"wp:featuredmedia":[{"embeddable":true,"href":"https:\/\/raivo.korstnik.eu\/en\/wp-json\/wp\/v2\/media\/2213"}],"wp:attachment":[{"href":"https:\/\/raivo.korstnik.eu\/en\/wp-json\/wp\/v2\/media?parent=2202"}],"wp:term":[{"taxonomy":"product_brand","embeddable":true,"href":"https:\/\/raivo.korstnik.eu\/en\/wp-json\/wp\/v2\/product_brand?post=2202"},{"taxonomy":"product_cat","embeddable":true,"href":"https:\/\/raivo.korstnik.eu\/en\/wp-json\/wp\/v2\/product_cat?post=2202"},{"taxonomy":"product_tag","embeddable":true,"href":"https:\/\/raivo.korstnik.eu\/en\/wp-json\/wp\/v2\/product_tag?post=2202"}],"curies":[{"name":"wp","href":"https:\/\/api.w.org\/{rel}","templated":true}]}}