{"id":2203,"date":"2020-10-26T15:30:47","date_gmt":"2020-10-26T15:30:47","guid":{"rendered":"https:\/\/www.lennuk.eu\/korstnik\/korstnik\/raivo\/?post_type=product&#038;p=2203"},"modified":"2023-02-16T23:23:16","modified_gmt":"2023-02-16T23:23:16","slug":"rk510003","status":"publish","type":"product","link":"https:\/\/raivo.korstnik.eu\/en\/kataloog\/rk510003\/","title":{"rendered":"\u00d5htu Goris m\u00e4gedes"},"content":{"rendered":"<p>\u00d5htu Gorisi m\u00e4gedes. Armeenia NSV. (24.11) 1962. a.<\/p>\n<p>https:\/\/www.osta.ee\/raivo-korstnik-super-too-106700622.html<\/p>","protected":false},"excerpt":{"rendered":"<p>\u00d5htu Gorisi m\u00e4gedes. Armeenia NSV. (24.11) 1962. a. https:\/\/www.osta.ee\/raivo-korstnik-super-too-106700622.html<\/p>","protected":false},"featured_media":2204,"template":"","meta":[],"product_brand":[],"product_cat":[29],"product_tag":[122,141,93],"class_list":{"0":"post-2203","1":"product","2":"type-product","3":"status-publish","4":"has-post-thumbnail","6":"product_cat-pastell","7":"product_tag-maastik","8":"product_tag-maed","9":"product_tag-osta-ee","11":"first","12":"outofstock","13":"shipping-taxable","14":"product-type-simple"},"yoast_head":"<!-- This site is optimized with the Yoast SEO plugin v27.5 - https:\/\/yoast.com\/product\/yoast-seo-wordpress\/ -->\n<title>\u00d5htu Goris m\u00e4gedes - Raivo Korstnik<\/title>\n<meta name=\"robots\" content=\"index, follow, max-snippet:-1, max-image-preview:large, max-video-preview:-1\" \/>\n<link rel=\"canonical\" href=\"https:\/\/raivo.korstnik.eu\/en\/kataloog\/rk510003\/\" \/>\n<meta property=\"og:locale\" content=\"en_GB\" \/>\n<meta property=\"og:type\" content=\"article\" \/>\n<meta property=\"og:title\" content=\"\u00d5htu Goris m\u00e4gedes - Raivo Korstnik\" \/>\n<meta property=\"og:description\" content=\"\u00d5htu Gorisi m\u00e4gedes. Armeenia NSV. (24.11) 1962. a. https:\/\/www.osta.ee\/raivo-korstnik-super-too-106700622.html\" \/>\n<meta property=\"og:url\" content=\"https:\/\/raivo.korstnik.eu\/en\/kataloog\/rk510003\/\" \/>\n<meta property=\"og:site_name\" content=\"Raivo Korstnik\" \/>\n<meta property=\"article:modified_time\" content=\"2023-02-16T23:23:16+00:00\" \/>\n<meta property=\"og:image\" content=\"https:\/\/raivo.korstnik.eu\/wp-content\/uploads\/pastell_2.jpg\" \/>\n\t<meta property=\"og:image:width\" content=\"1333\" \/>\n\t<meta property=\"og:image:height\" content=\"750\" \/>\n\t<meta property=\"og:image:type\" content=\"image\/jpeg\" \/>\n<meta name=\"twitter:card\" content=\"summary_large_image\" \/>\n<script type=\"application\/ld+json\" class=\"yoast-schema-graph\">{\"@context\":\"https:\\\/\\\/schema.org\",\"@graph\":[{\"@type\":\"WebPage\",\"@id\":\"https:\\\/\\\/raivo.korstnik.eu\\\/kataloog\\\/rk510003\\\/\",\"url\":\"https:\\\/\\\/raivo.korstnik.eu\\\/kataloog\\\/rk510003\\\/\",\"name\":\"\u00d5htu Goris m\u00e4gedes - Raivo Korstnik\",\"isPartOf\":{\"@id\":\"https:\\\/\\\/raivo.korstnik.eu\\\/#website\"},\"primaryImageOfPage\":{\"@id\":\"https:\\\/\\\/raivo.korstnik.eu\\\/kataloog\\\/rk510003\\\/#primaryimage\"},\"image\":{\"@id\":\"https:\\\/\\\/raivo.korstnik.eu\\\/kataloog\\\/rk510003\\\/#primaryimage\"},\"thumbnailUrl\":\"https:\\\/\\\/raivo.korstnik.eu\\\/wp-content\\\/uploads\\\/pastell_2.jpg\",\"datePublished\":\"2020-10-26T15:30:47+00:00\",\"dateModified\":\"2023-02-16T23:23:16+00:00\",\"breadcrumb\":{\"@id\":\"https:\\\/\\\/raivo.korstnik.eu\\\/kataloog\\\/rk510003\\\/#breadcrumb\"},\"inLanguage\":\"en-GB\",\"potentialAction\":[{\"@type\":\"ReadAction\",\"target\":[\"https:\\\/\\\/raivo.korstnik.eu\\\/kataloog\\\/rk510003\\\/\"]}]},{\"@type\":\"ImageObject\",\"inLanguage\":\"en-GB\",\"@id\":\"https:\\\/\\\/raivo.korstnik.eu\\\/kataloog\\\/rk510003\\\/#primaryimage\",\"url\":\"https:\\\/\\\/raivo.korstnik.eu\\\/wp-content\\\/uploads\\\/pastell_2.jpg\",\"contentUrl\":\"https:\\\/\\\/raivo.korstnik.eu\\\/wp-content\\\/uploads\\\/pastell_2.jpg\",\"width\":1333,\"height\":750},{\"@type\":\"BreadcrumbList\",\"@id\":\"https:\\\/\\\/raivo.korstnik.eu\\\/kataloog\\\/rk510003\\\/#breadcrumb\",\"itemListElement\":[{\"@type\":\"ListItem\",\"position\":1,\"name\":\"Home\",\"item\":\"https:\\\/\\\/raivo.korstnik.eu\\\/\"},{\"@type\":\"ListItem\",\"position\":2,\"name\":\"Teosed\",\"item\":\"https:\\\/\\\/raivo.korstnik.eu\\\/teosed\\\/\"},{\"@type\":\"ListItem\",\"position\":3,\"name\":\"\u00d5htu Goris m\u00e4gedes\"}]},{\"@type\":\"WebSite\",\"@id\":\"https:\\\/\\\/raivo.korstnik.eu\\\/#website\",\"url\":\"https:\\\/\\\/raivo.korstnik.eu\\\/\",\"name\":\"Raivo Korstnik\",\"description\":\"\",\"potentialAction\":[{\"@type\":\"SearchAction\",\"target\":{\"@type\":\"EntryPoint\",\"urlTemplate\":\"https:\\\/\\\/raivo.korstnik.eu\\\/?s={search_term_string}\"},\"query-input\":{\"@type\":\"PropertyValueSpecification\",\"valueRequired\":true,\"valueName\":\"search_term_string\"}}],\"inLanguage\":\"en-GB\"}]}<\/script>\n<!-- \/ Yoast SEO plugin. -->","yoast_head_json":{"title":"\u00d5htu Goris m\u00e4gedes - Raivo Korstnik","robots":{"index":"index","follow":"follow","max-snippet":"max-snippet:-1","max-image-preview":"max-image-preview:large","max-video-preview":"max-video-preview:-1"},"canonical":"https:\/\/raivo.korstnik.eu\/en\/kataloog\/rk510003\/","og_locale":"en_GB","og_type":"article","og_title":"\u00d5htu Goris m\u00e4gedes - Raivo Korstnik","og_description":"\u00d5htu Gorisi m\u00e4gedes. Armeenia NSV. (24.11) 1962. a. https:\/\/www.osta.ee\/raivo-korstnik-super-too-106700622.html","og_url":"https:\/\/raivo.korstnik.eu\/en\/kataloog\/rk510003\/","og_site_name":"Raivo Korstnik","article_modified_time":"2023-02-16T23:23:16+00:00","og_image":[{"width":1333,"height":750,"url":"https:\/\/raivo.korstnik.eu\/wp-content\/uploads\/pastell_2.jpg","type":"image\/jpeg"}],"twitter_card":"summary_large_image","schema":{"@context":"https:\/\/schema.org","@graph":[{"@type":"WebPage","@id":"https:\/\/raivo.korstnik.eu\/kataloog\/rk510003\/","url":"https:\/\/raivo.korstnik.eu\/kataloog\/rk510003\/","name":"\u00d5htu Goris m\u00e4gedes - Raivo Korstnik","isPartOf":{"@id":"https:\/\/raivo.korstnik.eu\/#website"},"primaryImageOfPage":{"@id":"https:\/\/raivo.korstnik.eu\/kataloog\/rk510003\/#primaryimage"},"image":{"@id":"https:\/\/raivo.korstnik.eu\/kataloog\/rk510003\/#primaryimage"},"thumbnailUrl":"https:\/\/raivo.korstnik.eu\/wp-content\/uploads\/pastell_2.jpg","datePublished":"2020-10-26T15:30:47+00:00","dateModified":"2023-02-16T23:23:16+00:00","breadcrumb":{"@id":"https:\/\/raivo.korstnik.eu\/kataloog\/rk510003\/#breadcrumb"},"inLanguage":"en-GB","potentialAction":[{"@type":"ReadAction","target":["https:\/\/raivo.korstnik.eu\/kataloog\/rk510003\/"]}]},{"@type":"ImageObject","inLanguage":"en-GB","@id":"https:\/\/raivo.korstnik.eu\/kataloog\/rk510003\/#primaryimage","url":"https:\/\/raivo.korstnik.eu\/wp-content\/uploads\/pastell_2.jpg","contentUrl":"https:\/\/raivo.korstnik.eu\/wp-content\/uploads\/pastell_2.jpg","width":1333,"height":750},{"@type":"BreadcrumbList","@id":"https:\/\/raivo.korstnik.eu\/kataloog\/rk510003\/#breadcrumb","itemListElement":[{"@type":"ListItem","position":1,"name":"Home","item":"https:\/\/raivo.korstnik.eu\/"},{"@type":"ListItem","position":2,"name":"Teosed","item":"https:\/\/raivo.korstnik.eu\/teosed\/"},{"@type":"ListItem","position":3,"name":"\u00d5htu Goris m\u00e4gedes"}]},{"@type":"WebSite","@id":"https:\/\/raivo.korstnik.eu\/#website","url":"https:\/\/raivo.korstnik.eu\/","name":"Raivo Korstnik","description":"","potentialAction":[{"@type":"SearchAction","target":{"@type":"EntryPoint","urlTemplate":"https:\/\/raivo.korstnik.eu\/?s={search_term_string}"},"query-input":{"@type":"PropertyValueSpecification","valueRequired":true,"valueName":"search_term_string"}}],"inLanguage":"en-GB"}]}},"_links":{"self":[{"href":"https:\/\/raivo.korstnik.eu\/en\/wp-json\/wp\/v2\/product\/2203","targetHints":{"allow":["GET"]}}],"collection":[{"href":"https:\/\/raivo.korstnik.eu\/en\/wp-json\/wp\/v2\/product"}],"about":[{"href":"https:\/\/raivo.korstnik.eu\/en\/wp-json\/wp\/v2\/types\/product"}],"wp:featuredmedia":[{"embeddable":true,"href":"https:\/\/raivo.korstnik.eu\/en\/wp-json\/wp\/v2\/media\/2204"}],"wp:attachment":[{"href":"https:\/\/raivo.korstnik.eu\/en\/wp-json\/wp\/v2\/media?parent=2203"}],"wp:term":[{"taxonomy":"product_brand","embeddable":true,"href":"https:\/\/raivo.korstnik.eu\/en\/wp-json\/wp\/v2\/product_brand?post=2203"},{"taxonomy":"product_cat","embeddable":true,"href":"https:\/\/raivo.korstnik.eu\/en\/wp-json\/wp\/v2\/product_cat?post=2203"},{"taxonomy":"product_tag","embeddable":true,"href":"https:\/\/raivo.korstnik.eu\/en\/wp-json\/wp\/v2\/product_tag?post=2203"}],"curies":[{"name":"wp","href":"https:\/\/api.w.org\/{rel}","templated":true}]}}