{"id":2218,"date":"2020-10-26T15:36:27","date_gmt":"2020-10-26T15:36:27","guid":{"rendered":"https:\/\/www.lennuk.eu\/korstnik\/korstnik\/raivo\/?post_type=product&#038;p=2218"},"modified":"2023-02-16T22:45:33","modified_gmt":"2023-02-16T22:45:33","slug":"118","status":"publish","type":"product","link":"https:\/\/raivo.korstnik.eu\/en\/kataloog\/118\/","title":{"rendered":"Saaluse maastik"},"content":{"rendered":"<table border=\"0\" width=\"100%\" cellspacing=\"5\" cellpadding=\"0\">\n<tbody>\n<tr>\n<td class=\"field\" align=\"right\">Autor:<\/td>\n<td>38. Korstnik, Raivo (1932-1992)<\/td>\n<td class=\"field\" align=\"right\">M\u00f5\u00f5dud:<\/td>\n<td>49,5 x 69,5<\/td>\n<\/tr>\n<tr>\n<td class=\"field\" align=\"right\">Teos:<\/td>\n<td>Saaluse maastik (1963)<\/td>\n<td class=\"field\" align=\"right\">Kategooria:<\/td>\n<td>2007 s\u00fcgisoksjon<\/td>\n<\/tr>\n<tr>\n<td class=\"field\" align=\"right\">Tehnika:<\/td>\n<td>\u00f5li, papp<\/td>\n<td><\/td>\n<td><\/td>\n<\/tr>\n<tr>\n<td class=\"field\" align=\"right\">Alghind:<\/td>\n<td>1150.41 EUR<\/td>\n<td class=\"field\" align=\"right\">L\u00f5pphind:<\/td>\n<td>1597.79 EUR<\/td>\n<\/tr>\n<tr>\n<td colspan=\"4\">Raivo Korstnik on maalinud eelk\u00f5ige maastiku- ja merepilte ning tema k\u00e4ekirja iseloomustab \u00fcsna r\u00f5\u00f5msameelne koloriit. 1951-57 ERKIs \u00f5ppinud Korstnik on t\u00f6\u00f6tanud kino ja televisiooni juures ning sealne pildikeel on tema loomingule m\u00f5junud ilmselt ergutavalt ja positiivselt, andes ta maalik\u00e4sitlusele omap\u00e4ra. Virumaal s\u00fcndinud Korstnik kujutab \u201eSaaluse maastikul\u201c kodukanti ja annab edasi sealse kuplilise maastiku pinnavorme. Korstniku loodusmotiive v\u00fcrtsitavad m\u00f5nikord lennukad n\u00e4gemused ning siingi ei ole ta j\u00e4\u00e4nud ainiti realismi k\u00fctkesse, vaid on kujutlenud Saaluse pinnavorme v\u00e4rvika lopsakusega. T\u00f6\u00f6 on signeeritud.<\/p>\n<p>&nbsp;<\/p>\n<p>http:\/\/www.vaal.ee\/est\/avaleht\/oksjon\/toimunud_oksjonid\/2007_sygisoksjon\/newwin\/hor\/pic_id-2069<\/td>\n<\/tr>\n<\/tbody>\n<\/table>","protected":false},"excerpt":{"rendered":"<p>Autor: 38. Korstnik, Raivo (1932-1992) M\u00f5\u00f5dud: 49,5 x 69,5 Teos: Saaluse maastik (1963) Kategooria: 2007 s\u00fcgisoksjon Tehnika: \u00f5li, papp Alghind: 1150.41 EUR L\u00f5pphind: 1597.79 EUR Raivo Korstnik on maalinud eelk\u00f5ige maastiku- ja merepilte ning tema k\u00e4ekirja iseloomustab \u00fcsna r\u00f5\u00f5msameelne koloriit. 1951-57 ERKIs \u00f5ppinud Korstnik on t\u00f6\u00f6tanud kino ja televisiooni juures ning sealne pildikeel on tema &hellip;<\/p>\n<p class=\"read-more\"> <a class=\"\" href=\"https:\/\/raivo.korstnik.eu\/en\/kataloog\/118\/\"> <span class=\"screen-reader-text\">Saaluse maastik<\/span> Read More &raquo;<\/a><\/p>","protected":false},"featured_media":2231,"template":"","meta":[],"product_brand":[],"product_cat":[23],"product_tag":[27,122,124],"class_list":{"0":"post-2218","1":"product","2":"type-product","3":"status-publish","4":"has-post-thumbnail","6":"product_cat-maastikud","7":"product_tag-70x50","8":"product_tag-maastik","9":"product_tag-perekogu","11":"first","12":"instock","13":"shipping-taxable","14":"product-type-simple"},"yoast_head":"<!-- This site is optimized with the Yoast SEO plugin v27.5 - https:\/\/yoast.com\/product\/yoast-seo-wordpress\/ -->\n<title>Saaluse maastik - Raivo Korstnik<\/title>\n<meta name=\"robots\" content=\"index, follow, max-snippet:-1, max-image-preview:large, max-video-preview:-1\" \/>\n<link rel=\"canonical\" href=\"https:\/\/raivo.korstnik.eu\/en\/kataloog\/118\/\" \/>\n<meta property=\"og:locale\" content=\"en_GB\" \/>\n<meta property=\"og:type\" content=\"article\" \/>\n<meta property=\"og:title\" content=\"Saaluse maastik - Raivo Korstnik\" \/>\n<meta property=\"og:description\" content=\"Autor: 38. Korstnik, Raivo (1932-1992) M\u00f5\u00f5dud: 49,5 x 69,5 Teos: Saaluse maastik (1963) Kategooria: 2007 s\u00fcgisoksjon Tehnika: \u00f5li, papp Alghind: 1150.41 EUR L\u00f5pphind: 1597.79 EUR Raivo Korstnik on maalinud eelk\u00f5ige maastiku- ja merepilte ning tema k\u00e4ekirja iseloomustab \u00fcsna r\u00f5\u00f5msameelne koloriit. 1951-57 ERKIs \u00f5ppinud Korstnik on t\u00f6\u00f6tanud kino ja televisiooni juures ning sealne pildikeel on tema &hellip; Saaluse maastik Read More &raquo;\" \/>\n<meta property=\"og:url\" content=\"https:\/\/raivo.korstnik.eu\/en\/kataloog\/118\/\" \/>\n<meta property=\"og:site_name\" content=\"Raivo Korstnik\" \/>\n<meta property=\"article:modified_time\" content=\"2023-02-16T22:45:33+00:00\" \/>\n<meta property=\"og:image\" content=\"https:\/\/raivo.korstnik.eu\/wp-content\/uploads\/korstnik_raivo_saaluse_maastik_1.jpg\" \/>\n\t<meta property=\"og:image:width\" content=\"400\" \/>\n\t<meta property=\"og:image:height\" content=\"280\" \/>\n\t<meta property=\"og:image:type\" content=\"image\/jpeg\" \/>\n<meta name=\"twitter:card\" content=\"summary_large_image\" \/>\n<meta name=\"twitter:label1\" content=\"Estimated reading time\" \/>\n\t<meta name=\"twitter:data1\" content=\"1 minute\" \/>\n<script type=\"application\/ld+json\" class=\"yoast-schema-graph\">{\"@context\":\"https:\\\/\\\/schema.org\",\"@graph\":[{\"@type\":\"WebPage\",\"@id\":\"https:\\\/\\\/raivo.korstnik.eu\\\/kataloog\\\/118\\\/\",\"url\":\"https:\\\/\\\/raivo.korstnik.eu\\\/kataloog\\\/118\\\/\",\"name\":\"Saaluse maastik - Raivo Korstnik\",\"isPartOf\":{\"@id\":\"https:\\\/\\\/raivo.korstnik.eu\\\/#website\"},\"primaryImageOfPage\":{\"@id\":\"https:\\\/\\\/raivo.korstnik.eu\\\/kataloog\\\/118\\\/#primaryimage\"},\"image\":{\"@id\":\"https:\\\/\\\/raivo.korstnik.eu\\\/kataloog\\\/118\\\/#primaryimage\"},\"thumbnailUrl\":\"https:\\\/\\\/raivo.korstnik.eu\\\/wp-content\\\/uploads\\\/korstnik_raivo_saaluse_maastik_1.jpg\",\"datePublished\":\"2020-10-26T15:36:27+00:00\",\"dateModified\":\"2023-02-16T22:45:33+00:00\",\"breadcrumb\":{\"@id\":\"https:\\\/\\\/raivo.korstnik.eu\\\/kataloog\\\/118\\\/#breadcrumb\"},\"inLanguage\":\"en-GB\",\"potentialAction\":[{\"@type\":\"ReadAction\",\"target\":[\"https:\\\/\\\/raivo.korstnik.eu\\\/kataloog\\\/118\\\/\"]}]},{\"@type\":\"ImageObject\",\"inLanguage\":\"en-GB\",\"@id\":\"https:\\\/\\\/raivo.korstnik.eu\\\/kataloog\\\/118\\\/#primaryimage\",\"url\":\"https:\\\/\\\/raivo.korstnik.eu\\\/wp-content\\\/uploads\\\/korstnik_raivo_saaluse_maastik_1.jpg\",\"contentUrl\":\"https:\\\/\\\/raivo.korstnik.eu\\\/wp-content\\\/uploads\\\/korstnik_raivo_saaluse_maastik_1.jpg\",\"width\":400,\"height\":280},{\"@type\":\"BreadcrumbList\",\"@id\":\"https:\\\/\\\/raivo.korstnik.eu\\\/kataloog\\\/118\\\/#breadcrumb\",\"itemListElement\":[{\"@type\":\"ListItem\",\"position\":1,\"name\":\"Home\",\"item\":\"https:\\\/\\\/raivo.korstnik.eu\\\/\"},{\"@type\":\"ListItem\",\"position\":2,\"name\":\"Teosed\",\"item\":\"https:\\\/\\\/raivo.korstnik.eu\\\/teosed\\\/\"},{\"@type\":\"ListItem\",\"position\":3,\"name\":\"Saaluse maastik\"}]},{\"@type\":\"WebSite\",\"@id\":\"https:\\\/\\\/raivo.korstnik.eu\\\/#website\",\"url\":\"https:\\\/\\\/raivo.korstnik.eu\\\/\",\"name\":\"Raivo Korstnik\",\"description\":\"\",\"potentialAction\":[{\"@type\":\"SearchAction\",\"target\":{\"@type\":\"EntryPoint\",\"urlTemplate\":\"https:\\\/\\\/raivo.korstnik.eu\\\/?s={search_term_string}\"},\"query-input\":{\"@type\":\"PropertyValueSpecification\",\"valueRequired\":true,\"valueName\":\"search_term_string\"}}],\"inLanguage\":\"en-GB\"}]}<\/script>\n<!-- \/ Yoast SEO plugin. -->","yoast_head_json":{"title":"Saaluse maastik - Raivo Korstnik","robots":{"index":"index","follow":"follow","max-snippet":"max-snippet:-1","max-image-preview":"max-image-preview:large","max-video-preview":"max-video-preview:-1"},"canonical":"https:\/\/raivo.korstnik.eu\/en\/kataloog\/118\/","og_locale":"en_GB","og_type":"article","og_title":"Saaluse maastik - Raivo Korstnik","og_description":"Autor: 38. Korstnik, Raivo (1932-1992) M\u00f5\u00f5dud: 49,5 x 69,5 Teos: Saaluse maastik (1963) Kategooria: 2007 s\u00fcgisoksjon Tehnika: \u00f5li, papp Alghind: 1150.41 EUR L\u00f5pphind: 1597.79 EUR Raivo Korstnik on maalinud eelk\u00f5ige maastiku- ja merepilte ning tema k\u00e4ekirja iseloomustab \u00fcsna r\u00f5\u00f5msameelne koloriit. 1951-57 ERKIs \u00f5ppinud Korstnik on t\u00f6\u00f6tanud kino ja televisiooni juures ning sealne pildikeel on tema &hellip; Saaluse maastik Read More &raquo;","og_url":"https:\/\/raivo.korstnik.eu\/en\/kataloog\/118\/","og_site_name":"Raivo Korstnik","article_modified_time":"2023-02-16T22:45:33+00:00","og_image":[{"width":400,"height":280,"url":"https:\/\/raivo.korstnik.eu\/wp-content\/uploads\/korstnik_raivo_saaluse_maastik_1.jpg","type":"image\/jpeg"}],"twitter_card":"summary_large_image","twitter_misc":{"Estimated reading time":"1 minute"},"schema":{"@context":"https:\/\/schema.org","@graph":[{"@type":"WebPage","@id":"https:\/\/raivo.korstnik.eu\/kataloog\/118\/","url":"https:\/\/raivo.korstnik.eu\/kataloog\/118\/","name":"Saaluse maastik - Raivo Korstnik","isPartOf":{"@id":"https:\/\/raivo.korstnik.eu\/#website"},"primaryImageOfPage":{"@id":"https:\/\/raivo.korstnik.eu\/kataloog\/118\/#primaryimage"},"image":{"@id":"https:\/\/raivo.korstnik.eu\/kataloog\/118\/#primaryimage"},"thumbnailUrl":"https:\/\/raivo.korstnik.eu\/wp-content\/uploads\/korstnik_raivo_saaluse_maastik_1.jpg","datePublished":"2020-10-26T15:36:27+00:00","dateModified":"2023-02-16T22:45:33+00:00","breadcrumb":{"@id":"https:\/\/raivo.korstnik.eu\/kataloog\/118\/#breadcrumb"},"inLanguage":"en-GB","potentialAction":[{"@type":"ReadAction","target":["https:\/\/raivo.korstnik.eu\/kataloog\/118\/"]}]},{"@type":"ImageObject","inLanguage":"en-GB","@id":"https:\/\/raivo.korstnik.eu\/kataloog\/118\/#primaryimage","url":"https:\/\/raivo.korstnik.eu\/wp-content\/uploads\/korstnik_raivo_saaluse_maastik_1.jpg","contentUrl":"https:\/\/raivo.korstnik.eu\/wp-content\/uploads\/korstnik_raivo_saaluse_maastik_1.jpg","width":400,"height":280},{"@type":"BreadcrumbList","@id":"https:\/\/raivo.korstnik.eu\/kataloog\/118\/#breadcrumb","itemListElement":[{"@type":"ListItem","position":1,"name":"Home","item":"https:\/\/raivo.korstnik.eu\/"},{"@type":"ListItem","position":2,"name":"Teosed","item":"https:\/\/raivo.korstnik.eu\/teosed\/"},{"@type":"ListItem","position":3,"name":"Saaluse maastik"}]},{"@type":"WebSite","@id":"https:\/\/raivo.korstnik.eu\/#website","url":"https:\/\/raivo.korstnik.eu\/","name":"Raivo Korstnik","description":"","potentialAction":[{"@type":"SearchAction","target":{"@type":"EntryPoint","urlTemplate":"https:\/\/raivo.korstnik.eu\/?s={search_term_string}"},"query-input":{"@type":"PropertyValueSpecification","valueRequired":true,"valueName":"search_term_string"}}],"inLanguage":"en-GB"}]}},"_links":{"self":[{"href":"https:\/\/raivo.korstnik.eu\/en\/wp-json\/wp\/v2\/product\/2218","targetHints":{"allow":["GET"]}}],"collection":[{"href":"https:\/\/raivo.korstnik.eu\/en\/wp-json\/wp\/v2\/product"}],"about":[{"href":"https:\/\/raivo.korstnik.eu\/en\/wp-json\/wp\/v2\/types\/product"}],"wp:featuredmedia":[{"embeddable":true,"href":"https:\/\/raivo.korstnik.eu\/en\/wp-json\/wp\/v2\/media\/2231"}],"wp:attachment":[{"href":"https:\/\/raivo.korstnik.eu\/en\/wp-json\/wp\/v2\/media?parent=2218"}],"wp:term":[{"taxonomy":"product_brand","embeddable":true,"href":"https:\/\/raivo.korstnik.eu\/en\/wp-json\/wp\/v2\/product_brand?post=2218"},{"taxonomy":"product_cat","embeddable":true,"href":"https:\/\/raivo.korstnik.eu\/en\/wp-json\/wp\/v2\/product_cat?post=2218"},{"taxonomy":"product_tag","embeddable":true,"href":"https:\/\/raivo.korstnik.eu\/en\/wp-json\/wp\/v2\/product_tag?post=2218"}],"curies":[{"name":"wp","href":"https:\/\/api.w.org\/{rel}","templated":true}]}}