{"id":2272,"date":"2020-10-26T16:26:04","date_gmt":"2020-10-26T16:26:04","guid":{"rendered":"https:\/\/www.lennuk.eu\/korstnik\/korstnik\/raivo\/?post_type=product&#038;p=2272"},"modified":"2023-02-16T20:30:04","modified_gmt":"2023-02-16T20:30:04","slug":"271","status":"publish","type":"product","link":"https:\/\/raivo.korstnik.eu\/en\/kataloog\/271\/","title":{"rendered":"Mere\u00e4\u00e4rne"},"content":{"rendered":"<p>EKM j 59336 M 7669<\/p>\n<div class=\"caption\">P\u00fcsiviide: <a href=\"https:\/\/opendata.muis.ee\/object\/3489217\">https:\/\/opendata.muis.ee\/object\/3489217<\/a><\/div>\n<div class=\"caption\"><a href=\"https:\/\/www.muis.ee\/rdf\/object\/3489217\">Museaali andmed RDF\/XML kujul<\/a><\/div>","protected":false},"excerpt":{"rendered":"<p>Ammutades ainest oma vahetust \u00fcmbrusest \u2014 uuest haljastuseta paneelelamurajoonist v\u00f5i lohakile j\u00e4etud esemetega piiritsoonist \u2014 n\u00e4eb ta oma aega \u00fcheaegselt rikkaliku ja \u00f5\u00f5vastava kunstilise materjalina. Vabanenuna karmi stiili tumedast paletist on \u201eMere\u00e4\u00e4rne\u201c oma trepi ja t\u00fchja ukseavaga siiski nii p\u00e4ikseline rannavaade kui ka ebamugavustunnet tekitav n\u00f5ukogude j\u00e4\u00e4tmaa. (29.05.2018, allikas: https:\/\/www.muis.ee\/museaalview\/3489217)<\/p>","protected":false},"featured_media":3500,"template":"","meta":[],"product_brand":[],"product_cat":[21,166,23],"product_tag":[148,96,122,137,147],"class_list":{"0":"post-2272","1":"product","2":"type-product","3":"status-publish","4":"has-post-thumbnail","6":"product_cat-moodne","7":"product_cat-eesti-kunstimuuseumi-kogu","8":"product_cat-maastikud","9":"product_tag-kohvikus-fellin","10":"product_tag-kumu","11":"product_tag-maastik","12":"product_tag-meri-ja-naised-viinistu-kunstimuuseumis","13":"product_tag-tagasivaates-fahle-galeriis","15":"first","16":"outofstock","17":"shipping-taxable","18":"product-type-simple"},"yoast_head":"<!-- This site is optimized with the Yoast SEO plugin v27.4 - https:\/\/yoast.com\/product\/yoast-seo-wordpress\/ -->\n<title>Mere\u00e4\u00e4rne - Raivo Korstnik<\/title>\n<meta name=\"robots\" content=\"index, follow, max-snippet:-1, max-image-preview:large, max-video-preview:-1\" \/>\n<link rel=\"canonical\" href=\"https:\/\/raivo.korstnik.eu\/en\/kataloog\/271\/\" \/>\n<meta property=\"og:locale\" content=\"en_GB\" \/>\n<meta property=\"og:type\" content=\"article\" \/>\n<meta property=\"og:title\" content=\"Mere\u00e4\u00e4rne - Raivo Korstnik\" \/>\n<meta property=\"og:description\" content=\"Ammutades ainest oma vahetust \u00fcmbrusest \u2014 uuest haljastuseta paneelelamurajoonist v\u00f5i lohakile j\u00e4etud esemetega piiritsoonist \u2014 n\u00e4eb ta oma aega \u00fcheaegselt rikkaliku ja \u00f5\u00f5vastava kunstilise materjalina. Vabanenuna karmi stiili tumedast paletist on \u201eMere\u00e4\u00e4rne\u201c oma trepi ja t\u00fchja ukseavaga siiski nii p\u00e4ikseline rannavaade kui ka ebamugavustunnet tekitav n\u00f5ukogude j\u00e4\u00e4tmaa. (29.05.2018, allikas: https:\/\/www.muis.ee\/museaalview\/3489217)\" \/>\n<meta property=\"og:url\" content=\"https:\/\/raivo.korstnik.eu\/en\/kataloog\/271\/\" \/>\n<meta property=\"og:site_name\" content=\"Raivo Korstnik\" \/>\n<meta property=\"article:modified_time\" content=\"2023-02-16T20:30:04+00:00\" \/>\n<meta property=\"og:image\" content=\"https:\/\/raivo.korstnik.eu\/wp-content\/uploads\/RK271_EKM59336.jpg\" \/>\n\t<meta property=\"og:image:width\" content=\"1000\" \/>\n\t<meta property=\"og:image:height\" content=\"715\" \/>\n\t<meta property=\"og:image:type\" content=\"image\/jpeg\" \/>\n<meta name=\"twitter:card\" content=\"summary_large_image\" \/>\n<script type=\"application\/ld+json\" class=\"yoast-schema-graph\">{\"@context\":\"https:\\\/\\\/schema.org\",\"@graph\":[{\"@type\":\"WebPage\",\"@id\":\"https:\\\/\\\/raivo.korstnik.eu\\\/kataloog\\\/271\\\/\",\"url\":\"https:\\\/\\\/raivo.korstnik.eu\\\/kataloog\\\/271\\\/\",\"name\":\"Mere\u00e4\u00e4rne - Raivo Korstnik\",\"isPartOf\":{\"@id\":\"https:\\\/\\\/raivo.korstnik.eu\\\/#website\"},\"primaryImageOfPage\":{\"@id\":\"https:\\\/\\\/raivo.korstnik.eu\\\/kataloog\\\/271\\\/#primaryimage\"},\"image\":{\"@id\":\"https:\\\/\\\/raivo.korstnik.eu\\\/kataloog\\\/271\\\/#primaryimage\"},\"thumbnailUrl\":\"https:\\\/\\\/raivo.korstnik.eu\\\/wp-content\\\/uploads\\\/RK271_EKM59336.jpg\",\"datePublished\":\"2020-10-26T16:26:04+00:00\",\"dateModified\":\"2023-02-16T20:30:04+00:00\",\"breadcrumb\":{\"@id\":\"https:\\\/\\\/raivo.korstnik.eu\\\/kataloog\\\/271\\\/#breadcrumb\"},\"inLanguage\":\"en-GB\",\"potentialAction\":[{\"@type\":\"ReadAction\",\"target\":[\"https:\\\/\\\/raivo.korstnik.eu\\\/kataloog\\\/271\\\/\"]}]},{\"@type\":\"ImageObject\",\"inLanguage\":\"en-GB\",\"@id\":\"https:\\\/\\\/raivo.korstnik.eu\\\/kataloog\\\/271\\\/#primaryimage\",\"url\":\"https:\\\/\\\/raivo.korstnik.eu\\\/wp-content\\\/uploads\\\/RK271_EKM59336.jpg\",\"contentUrl\":\"https:\\\/\\\/raivo.korstnik.eu\\\/wp-content\\\/uploads\\\/RK271_EKM59336.jpg\",\"width\":1000,\"height\":715},{\"@type\":\"BreadcrumbList\",\"@id\":\"https:\\\/\\\/raivo.korstnik.eu\\\/kataloog\\\/271\\\/#breadcrumb\",\"itemListElement\":[{\"@type\":\"ListItem\",\"position\":1,\"name\":\"Home\",\"item\":\"https:\\\/\\\/raivo.korstnik.eu\\\/\"},{\"@type\":\"ListItem\",\"position\":2,\"name\":\"Teosed\",\"item\":\"https:\\\/\\\/raivo.korstnik.eu\\\/teosed\\\/\"},{\"@type\":\"ListItem\",\"position\":3,\"name\":\"Mere\u00e4\u00e4rne\"}]},{\"@type\":\"WebSite\",\"@id\":\"https:\\\/\\\/raivo.korstnik.eu\\\/#website\",\"url\":\"https:\\\/\\\/raivo.korstnik.eu\\\/\",\"name\":\"Raivo Korstnik\",\"description\":\"\",\"potentialAction\":[{\"@type\":\"SearchAction\",\"target\":{\"@type\":\"EntryPoint\",\"urlTemplate\":\"https:\\\/\\\/raivo.korstnik.eu\\\/?s={search_term_string}\"},\"query-input\":{\"@type\":\"PropertyValueSpecification\",\"valueRequired\":true,\"valueName\":\"search_term_string\"}}],\"inLanguage\":\"en-GB\"}]}<\/script>\n<!-- \/ Yoast SEO plugin. -->","yoast_head_json":{"title":"Mere\u00e4\u00e4rne - Raivo Korstnik","robots":{"index":"index","follow":"follow","max-snippet":"max-snippet:-1","max-image-preview":"max-image-preview:large","max-video-preview":"max-video-preview:-1"},"canonical":"https:\/\/raivo.korstnik.eu\/en\/kataloog\/271\/","og_locale":"en_GB","og_type":"article","og_title":"Mere\u00e4\u00e4rne - Raivo Korstnik","og_description":"Ammutades ainest oma vahetust \u00fcmbrusest \u2014 uuest haljastuseta paneelelamurajoonist v\u00f5i lohakile j\u00e4etud esemetega piiritsoonist \u2014 n\u00e4eb ta oma aega \u00fcheaegselt rikkaliku ja \u00f5\u00f5vastava kunstilise materjalina. Vabanenuna karmi stiili tumedast paletist on \u201eMere\u00e4\u00e4rne\u201c oma trepi ja t\u00fchja ukseavaga siiski nii p\u00e4ikseline rannavaade kui ka ebamugavustunnet tekitav n\u00f5ukogude j\u00e4\u00e4tmaa. (29.05.2018, allikas: https:\/\/www.muis.ee\/museaalview\/3489217)","og_url":"https:\/\/raivo.korstnik.eu\/en\/kataloog\/271\/","og_site_name":"Raivo Korstnik","article_modified_time":"2023-02-16T20:30:04+00:00","og_image":[{"width":1000,"height":715,"url":"https:\/\/raivo.korstnik.eu\/wp-content\/uploads\/RK271_EKM59336.jpg","type":"image\/jpeg"}],"twitter_card":"summary_large_image","schema":{"@context":"https:\/\/schema.org","@graph":[{"@type":"WebPage","@id":"https:\/\/raivo.korstnik.eu\/kataloog\/271\/","url":"https:\/\/raivo.korstnik.eu\/kataloog\/271\/","name":"Mere\u00e4\u00e4rne - Raivo Korstnik","isPartOf":{"@id":"https:\/\/raivo.korstnik.eu\/#website"},"primaryImageOfPage":{"@id":"https:\/\/raivo.korstnik.eu\/kataloog\/271\/#primaryimage"},"image":{"@id":"https:\/\/raivo.korstnik.eu\/kataloog\/271\/#primaryimage"},"thumbnailUrl":"https:\/\/raivo.korstnik.eu\/wp-content\/uploads\/RK271_EKM59336.jpg","datePublished":"2020-10-26T16:26:04+00:00","dateModified":"2023-02-16T20:30:04+00:00","breadcrumb":{"@id":"https:\/\/raivo.korstnik.eu\/kataloog\/271\/#breadcrumb"},"inLanguage":"en-GB","potentialAction":[{"@type":"ReadAction","target":["https:\/\/raivo.korstnik.eu\/kataloog\/271\/"]}]},{"@type":"ImageObject","inLanguage":"en-GB","@id":"https:\/\/raivo.korstnik.eu\/kataloog\/271\/#primaryimage","url":"https:\/\/raivo.korstnik.eu\/wp-content\/uploads\/RK271_EKM59336.jpg","contentUrl":"https:\/\/raivo.korstnik.eu\/wp-content\/uploads\/RK271_EKM59336.jpg","width":1000,"height":715},{"@type":"BreadcrumbList","@id":"https:\/\/raivo.korstnik.eu\/kataloog\/271\/#breadcrumb","itemListElement":[{"@type":"ListItem","position":1,"name":"Home","item":"https:\/\/raivo.korstnik.eu\/"},{"@type":"ListItem","position":2,"name":"Teosed","item":"https:\/\/raivo.korstnik.eu\/teosed\/"},{"@type":"ListItem","position":3,"name":"Mere\u00e4\u00e4rne"}]},{"@type":"WebSite","@id":"https:\/\/raivo.korstnik.eu\/#website","url":"https:\/\/raivo.korstnik.eu\/","name":"Raivo Korstnik","description":"","potentialAction":[{"@type":"SearchAction","target":{"@type":"EntryPoint","urlTemplate":"https:\/\/raivo.korstnik.eu\/?s={search_term_string}"},"query-input":{"@type":"PropertyValueSpecification","valueRequired":true,"valueName":"search_term_string"}}],"inLanguage":"en-GB"}]}},"_links":{"self":[{"href":"https:\/\/raivo.korstnik.eu\/en\/wp-json\/wp\/v2\/product\/2272","targetHints":{"allow":["GET"]}}],"collection":[{"href":"https:\/\/raivo.korstnik.eu\/en\/wp-json\/wp\/v2\/product"}],"about":[{"href":"https:\/\/raivo.korstnik.eu\/en\/wp-json\/wp\/v2\/types\/product"}],"wp:featuredmedia":[{"embeddable":true,"href":"https:\/\/raivo.korstnik.eu\/en\/wp-json\/wp\/v2\/media\/3500"}],"wp:attachment":[{"href":"https:\/\/raivo.korstnik.eu\/en\/wp-json\/wp\/v2\/media?parent=2272"}],"wp:term":[{"taxonomy":"product_brand","embeddable":true,"href":"https:\/\/raivo.korstnik.eu\/en\/wp-json\/wp\/v2\/product_brand?post=2272"},{"taxonomy":"product_cat","embeddable":true,"href":"https:\/\/raivo.korstnik.eu\/en\/wp-json\/wp\/v2\/product_cat?post=2272"},{"taxonomy":"product_tag","embeddable":true,"href":"https:\/\/raivo.korstnik.eu\/en\/wp-json\/wp\/v2\/product_tag?post=2272"}],"curies":[{"name":"wp","href":"https:\/\/api.w.org\/{rel}","templated":true}]}}