{"id":2284,"date":"2020-10-26T16:34:22","date_gmt":"2020-10-26T16:34:22","guid":{"rendered":"https:\/\/www.lennuk.eu\/korstnik\/korstnik\/raivo\/?post_type=product&#038;p=2284"},"modified":"2023-03-30T15:22:39","modified_gmt":"2023-03-30T15:22:39","slug":"360","status":"publish","type":"product","link":"https:\/\/raivo.korstnik.eu\/en\/kataloog\/360\/","title":{"rendered":"Puud mere \u00e4\u00e4res (R\u00fcblikud)"},"content":{"rendered":"<div id=\"general_museaal\">TKM TR 7645 M 1352<\/div>\n<div class=\"caption\">P\u00fcsiviide: <a href=\"https:\/\/opendata.muis.ee\/object\/259789\">https:\/\/opendata.muis.ee\/object\/259789<\/a><\/div>\n<div class=\"caption\"><a href=\"https:\/\/www.muis.ee\/rdf\/object\/259789\">Museaali andmed RDF\/XML kujul<\/a><\/div>","protected":false},"excerpt":{"rendered":"<p>TKM TR 7645 M 1352 P\u00fcsiviide: https:\/\/opendata.muis.ee\/object\/259789 Museaali andmed RDF\/XML kujul<\/p>","protected":false},"featured_media":4170,"template":"","meta":[],"product_brand":[],"product_cat":[21,167],"product_tag":[126,123,174,138,98],"class_list":{"0":"post-2284","1":"product","2":"type-product","3":"status-publish","4":"has-post-thumbnail","6":"product_cat-moodne","7":"product_cat-tartu-kunstimuuseumi-kogu","8":"product_tag-figuraalne","9":"product_tag-moodne","10":"product_tag-salongis-ja-ateljees-solaris-galerii","11":"product_tag-tartu-tanavatel-tartu-kunstimajas","12":"product_tag-tkm","14":"first","15":"outofstock","16":"shipping-taxable","17":"product-type-simple"},"yoast_head":"<!-- This site is optimized with the Yoast SEO plugin v27.4 - https:\/\/yoast.com\/product\/yoast-seo-wordpress\/ -->\n<title>Puud mere \u00e4\u00e4res (R\u00fcblikud) - Raivo Korstnik<\/title>\n<meta name=\"robots\" content=\"index, follow, max-snippet:-1, max-image-preview:large, max-video-preview:-1\" \/>\n<link rel=\"canonical\" href=\"https:\/\/raivo.korstnik.eu\/en\/kataloog\/360\/\" \/>\n<meta property=\"og:locale\" content=\"en_GB\" \/>\n<meta property=\"og:type\" content=\"article\" \/>\n<meta property=\"og:title\" content=\"Puud mere \u00e4\u00e4res (R\u00fcblikud) - Raivo Korstnik\" \/>\n<meta property=\"og:description\" content=\"TKM TR 7645 M 1352 P\u00fcsiviide: https:\/\/opendata.muis.ee\/object\/259789 Museaali andmed RDF\/XML kujul\" \/>\n<meta property=\"og:url\" content=\"https:\/\/raivo.korstnik.eu\/en\/kataloog\/360\/\" \/>\n<meta property=\"og:site_name\" content=\"Raivo Korstnik\" \/>\n<meta property=\"article:modified_time\" content=\"2023-03-30T15:22:39+00:00\" \/>\n<meta property=\"og:image\" content=\"https:\/\/raivo.korstnik.eu\/wp-content\/uploads\/RK360_TKM_1352M.jpg\" \/>\n\t<meta property=\"og:image:width\" content=\"1200\" \/>\n\t<meta property=\"og:image:height\" content=\"1544\" \/>\n\t<meta property=\"og:image:type\" content=\"image\/jpeg\" \/>\n<meta name=\"twitter:card\" content=\"summary_large_image\" \/>\n<script type=\"application\/ld+json\" class=\"yoast-schema-graph\">{\"@context\":\"https:\\\/\\\/schema.org\",\"@graph\":[{\"@type\":\"WebPage\",\"@id\":\"https:\\\/\\\/raivo.korstnik.eu\\\/kataloog\\\/360\\\/\",\"url\":\"https:\\\/\\\/raivo.korstnik.eu\\\/kataloog\\\/360\\\/\",\"name\":\"Puud mere \u00e4\u00e4res (R\u00fcblikud) - Raivo Korstnik\",\"isPartOf\":{\"@id\":\"https:\\\/\\\/raivo.korstnik.eu\\\/#website\"},\"primaryImageOfPage\":{\"@id\":\"https:\\\/\\\/raivo.korstnik.eu\\\/kataloog\\\/360\\\/#primaryimage\"},\"image\":{\"@id\":\"https:\\\/\\\/raivo.korstnik.eu\\\/kataloog\\\/360\\\/#primaryimage\"},\"thumbnailUrl\":\"https:\\\/\\\/raivo.korstnik.eu\\\/wp-content\\\/uploads\\\/RK360_TKM_1352M.jpg\",\"datePublished\":\"2020-10-26T16:34:22+00:00\",\"dateModified\":\"2023-03-30T15:22:39+00:00\",\"breadcrumb\":{\"@id\":\"https:\\\/\\\/raivo.korstnik.eu\\\/kataloog\\\/360\\\/#breadcrumb\"},\"inLanguage\":\"en-GB\",\"potentialAction\":[{\"@type\":\"ReadAction\",\"target\":[\"https:\\\/\\\/raivo.korstnik.eu\\\/kataloog\\\/360\\\/\"]}]},{\"@type\":\"ImageObject\",\"inLanguage\":\"en-GB\",\"@id\":\"https:\\\/\\\/raivo.korstnik.eu\\\/kataloog\\\/360\\\/#primaryimage\",\"url\":\"https:\\\/\\\/raivo.korstnik.eu\\\/wp-content\\\/uploads\\\/RK360_TKM_1352M.jpg\",\"contentUrl\":\"https:\\\/\\\/raivo.korstnik.eu\\\/wp-content\\\/uploads\\\/RK360_TKM_1352M.jpg\",\"width\":1200,\"height\":1544},{\"@type\":\"BreadcrumbList\",\"@id\":\"https:\\\/\\\/raivo.korstnik.eu\\\/kataloog\\\/360\\\/#breadcrumb\",\"itemListElement\":[{\"@type\":\"ListItem\",\"position\":1,\"name\":\"Home\",\"item\":\"https:\\\/\\\/raivo.korstnik.eu\\\/\"},{\"@type\":\"ListItem\",\"position\":2,\"name\":\"Teosed\",\"item\":\"https:\\\/\\\/raivo.korstnik.eu\\\/teosed\\\/\"},{\"@type\":\"ListItem\",\"position\":3,\"name\":\"Puud mere \u00e4\u00e4res (R\u00fcblikud)\"}]},{\"@type\":\"WebSite\",\"@id\":\"https:\\\/\\\/raivo.korstnik.eu\\\/#website\",\"url\":\"https:\\\/\\\/raivo.korstnik.eu\\\/\",\"name\":\"Raivo Korstnik\",\"description\":\"\",\"potentialAction\":[{\"@type\":\"SearchAction\",\"target\":{\"@type\":\"EntryPoint\",\"urlTemplate\":\"https:\\\/\\\/raivo.korstnik.eu\\\/?s={search_term_string}\"},\"query-input\":{\"@type\":\"PropertyValueSpecification\",\"valueRequired\":true,\"valueName\":\"search_term_string\"}}],\"inLanguage\":\"en-GB\"}]}<\/script>\n<!-- \/ Yoast SEO plugin. -->","yoast_head_json":{"title":"Puud mere \u00e4\u00e4res (R\u00fcblikud) - Raivo Korstnik","robots":{"index":"index","follow":"follow","max-snippet":"max-snippet:-1","max-image-preview":"max-image-preview:large","max-video-preview":"max-video-preview:-1"},"canonical":"https:\/\/raivo.korstnik.eu\/en\/kataloog\/360\/","og_locale":"en_GB","og_type":"article","og_title":"Puud mere \u00e4\u00e4res (R\u00fcblikud) - Raivo Korstnik","og_description":"TKM TR 7645 M 1352 P\u00fcsiviide: https:\/\/opendata.muis.ee\/object\/259789 Museaali andmed RDF\/XML kujul","og_url":"https:\/\/raivo.korstnik.eu\/en\/kataloog\/360\/","og_site_name":"Raivo Korstnik","article_modified_time":"2023-03-30T15:22:39+00:00","og_image":[{"width":1200,"height":1544,"url":"https:\/\/raivo.korstnik.eu\/wp-content\/uploads\/RK360_TKM_1352M.jpg","type":"image\/jpeg"}],"twitter_card":"summary_large_image","schema":{"@context":"https:\/\/schema.org","@graph":[{"@type":"WebPage","@id":"https:\/\/raivo.korstnik.eu\/kataloog\/360\/","url":"https:\/\/raivo.korstnik.eu\/kataloog\/360\/","name":"Puud mere \u00e4\u00e4res (R\u00fcblikud) - Raivo Korstnik","isPartOf":{"@id":"https:\/\/raivo.korstnik.eu\/#website"},"primaryImageOfPage":{"@id":"https:\/\/raivo.korstnik.eu\/kataloog\/360\/#primaryimage"},"image":{"@id":"https:\/\/raivo.korstnik.eu\/kataloog\/360\/#primaryimage"},"thumbnailUrl":"https:\/\/raivo.korstnik.eu\/wp-content\/uploads\/RK360_TKM_1352M.jpg","datePublished":"2020-10-26T16:34:22+00:00","dateModified":"2023-03-30T15:22:39+00:00","breadcrumb":{"@id":"https:\/\/raivo.korstnik.eu\/kataloog\/360\/#breadcrumb"},"inLanguage":"en-GB","potentialAction":[{"@type":"ReadAction","target":["https:\/\/raivo.korstnik.eu\/kataloog\/360\/"]}]},{"@type":"ImageObject","inLanguage":"en-GB","@id":"https:\/\/raivo.korstnik.eu\/kataloog\/360\/#primaryimage","url":"https:\/\/raivo.korstnik.eu\/wp-content\/uploads\/RK360_TKM_1352M.jpg","contentUrl":"https:\/\/raivo.korstnik.eu\/wp-content\/uploads\/RK360_TKM_1352M.jpg","width":1200,"height":1544},{"@type":"BreadcrumbList","@id":"https:\/\/raivo.korstnik.eu\/kataloog\/360\/#breadcrumb","itemListElement":[{"@type":"ListItem","position":1,"name":"Home","item":"https:\/\/raivo.korstnik.eu\/"},{"@type":"ListItem","position":2,"name":"Teosed","item":"https:\/\/raivo.korstnik.eu\/teosed\/"},{"@type":"ListItem","position":3,"name":"Puud mere \u00e4\u00e4res (R\u00fcblikud)"}]},{"@type":"WebSite","@id":"https:\/\/raivo.korstnik.eu\/#website","url":"https:\/\/raivo.korstnik.eu\/","name":"Raivo Korstnik","description":"","potentialAction":[{"@type":"SearchAction","target":{"@type":"EntryPoint","urlTemplate":"https:\/\/raivo.korstnik.eu\/?s={search_term_string}"},"query-input":{"@type":"PropertyValueSpecification","valueRequired":true,"valueName":"search_term_string"}}],"inLanguage":"en-GB"}]}},"_links":{"self":[{"href":"https:\/\/raivo.korstnik.eu\/en\/wp-json\/wp\/v2\/product\/2284","targetHints":{"allow":["GET"]}}],"collection":[{"href":"https:\/\/raivo.korstnik.eu\/en\/wp-json\/wp\/v2\/product"}],"about":[{"href":"https:\/\/raivo.korstnik.eu\/en\/wp-json\/wp\/v2\/types\/product"}],"wp:featuredmedia":[{"embeddable":true,"href":"https:\/\/raivo.korstnik.eu\/en\/wp-json\/wp\/v2\/media\/4170"}],"wp:attachment":[{"href":"https:\/\/raivo.korstnik.eu\/en\/wp-json\/wp\/v2\/media?parent=2284"}],"wp:term":[{"taxonomy":"product_brand","embeddable":true,"href":"https:\/\/raivo.korstnik.eu\/en\/wp-json\/wp\/v2\/product_brand?post=2284"},{"taxonomy":"product_cat","embeddable":true,"href":"https:\/\/raivo.korstnik.eu\/en\/wp-json\/wp\/v2\/product_cat?post=2284"},{"taxonomy":"product_tag","embeddable":true,"href":"https:\/\/raivo.korstnik.eu\/en\/wp-json\/wp\/v2\/product_tag?post=2284"}],"curies":[{"name":"wp","href":"https:\/\/api.w.org\/{rel}","templated":true}]}}