{"id":2312,"date":"2020-10-26T16:51:54","date_gmt":"2020-10-26T16:51:54","guid":{"rendered":"https:\/\/www.lennuk.eu\/korstnik\/korstnik\/raivo\/?post_type=product&#038;p=2312"},"modified":"2023-02-20T12:51:32","modified_gmt":"2023-02-20T12:51:32","slug":"415","status":"publish","type":"product","link":"https:\/\/raivo.korstnik.eu\/en\/kataloog\/415\/","title":{"rendered":"Tallinna vaade. Taani kuninga aed."},"content":{"rendered":"<div id=\"general_museaal\">\n<table class=\"data highlighted\">\n<tbody>\n<tr>\n<th><img decoding=\"async\" src=\"https:\/\/www.muis.ee\/logod\/logo-93619.png\" \/><\/th>\n<td>Tallinna Linnamuuseum<\/td>\n<\/tr>\n<tr>\n<th>Muuseumikogu<\/th>\n<td>kunstikogu<\/td>\n<\/tr>\n<tr>\n<th>Number<\/th>\n<td>TLM _ 20804 G 1795<\/td>\n<\/tr>\n<\/tbody>\n<\/table>\n<table class=\"data\">\n<tbody>\n<tr>\n<th>Autor<\/th>\n<td>Korstnik, Raivo<\/td>\n<\/tr>\n<tr>\n<th>Nimetus<\/th>\n<td>Tallinna vaade. Taani kuninga aed.<\/td>\n<\/tr>\n<tr>\n<th>Hinnang museaali kultuuriv\u00e4\u00e4rtuse kohta<\/th>\n<td><\/td>\n<\/tr>\n<tr>\n<th>Olemus<\/th>\n<td>maal<\/td>\n<\/tr>\n<tr>\n<th>Originaal<\/th>\n<td>originaal<\/td>\n<\/tr>\n<tr>\n<th>Seisund<\/th>\n<td>hea<\/td>\n<\/tr>\n<tr>\n<th>Eraldatavad osad<\/th>\n<td>\n<ul class=\"no_list_style\">\n<li><span class=\"void_label\">Tehnika<\/span> \u00f5li<\/li>\n<li><span class=\"void_label\">Materjal<\/span> papp<\/li>\n<li><span class=\"void_label\">M\u00f5\u00f5dud<\/span> k\u00f5rgus: 80.0 cm; laius: 50.0 cm<\/li>\n<\/ul>\n<\/td>\n<\/tr>\n<\/tbody>\n<\/table>\n<\/div>\n<p><span class=\"toggler\"><span id=\"morelink\">Rohkem \u00bb<\/span><\/span><\/p>\n<div class=\"caption\">P\u00fcsiviide: <a href=\"https:\/\/opendata.muis.ee\/object\/1530811\">https:\/\/opendata.muis.ee\/object\/1530811<\/a><\/div>\n<div class=\"caption\"><a href=\"https:\/\/www.muis.ee\/rdf\/object\/1530811\">Museaali andmed RDF\/XML kujul<\/a><\/div>","protected":false},"excerpt":{"rendered":"<p>Tallinna Linnamuuseum Muuseumikogu kunstikogu Number TLM _ 20804 G 1795 Autor Korstnik, Raivo Nimetus Tallinna vaade. Taani kuninga aed. Hinnang museaali kultuuriv\u00e4\u00e4rtuse kohta Olemus maal Originaal originaal Seisund hea Eraldatavad osad Tehnika \u00f5li Materjal papp M\u00f5\u00f5dud k\u00f5rgus: 80.0 cm; laius: 50.0 cm Rohkem \u00bb P\u00fcsiviide: https:\/\/opendata.muis.ee\/object\/1530811 Museaali andmed RDF\/XML kujul<\/p>","protected":false},"featured_media":4165,"template":"","meta":[],"product_brand":[],"product_cat":[82],"product_tag":[139,99],"class_list":{"0":"post-2312","1":"product","2":"type-product","3":"status-publish","4":"has-post-thumbnail","6":"product_cat-linnavaade","7":"product_tag-linnamaastik","8":"product_tag-tallinna-linnamuuseum","10":"first","11":"outofstock","12":"shipping-taxable","13":"product-type-simple"},"yoast_head":"<!-- This site is optimized with the Yoast SEO plugin v27.4 - https:\/\/yoast.com\/product\/yoast-seo-wordpress\/ -->\n<title>Tallinna vaade. Taani kuninga aed. - Raivo Korstnik<\/title>\n<meta name=\"robots\" content=\"index, follow, max-snippet:-1, max-image-preview:large, max-video-preview:-1\" \/>\n<link rel=\"canonical\" href=\"https:\/\/raivo.korstnik.eu\/en\/kataloog\/415\/\" \/>\n<meta property=\"og:locale\" content=\"en_GB\" \/>\n<meta property=\"og:type\" content=\"article\" \/>\n<meta property=\"og:title\" content=\"Tallinna vaade. Taani kuninga aed. - Raivo Korstnik\" \/>\n<meta property=\"og:description\" content=\"Tallinna Linnamuuseum Muuseumikogu kunstikogu Number TLM _ 20804 G 1795 Autor Korstnik, Raivo Nimetus Tallinna vaade. Taani kuninga aed. Hinnang museaali kultuuriv\u00e4\u00e4rtuse kohta Olemus maal Originaal originaal Seisund hea Eraldatavad osad Tehnika \u00f5li Materjal papp M\u00f5\u00f5dud k\u00f5rgus: 80.0 cm; laius: 50.0 cm Rohkem \u00bb P\u00fcsiviide: https:\/\/opendata.muis.ee\/object\/1530811 Museaali andmed RDF\/XML kujul\" \/>\n<meta property=\"og:url\" content=\"https:\/\/raivo.korstnik.eu\/en\/kataloog\/415\/\" \/>\n<meta property=\"og:site_name\" content=\"Raivo Korstnik\" \/>\n<meta property=\"article:modified_time\" content=\"2023-02-20T12:51:32+00:00\" \/>\n<meta property=\"og:image\" content=\"https:\/\/raivo.korstnik.eu\/wp-content\/uploads\/RK415-TLM_20804G1795_1_pisipilt.jpg\" \/>\n\t<meta property=\"og:image:width\" content=\"600\" \/>\n\t<meta property=\"og:image:height\" content=\"967\" \/>\n\t<meta property=\"og:image:type\" content=\"image\/jpeg\" \/>\n<meta name=\"twitter:card\" content=\"summary_large_image\" \/>\n<script type=\"application\/ld+json\" class=\"yoast-schema-graph\">{\"@context\":\"https:\\\/\\\/schema.org\",\"@graph\":[{\"@type\":\"WebPage\",\"@id\":\"https:\\\/\\\/raivo.korstnik.eu\\\/kataloog\\\/415\\\/\",\"url\":\"https:\\\/\\\/raivo.korstnik.eu\\\/kataloog\\\/415\\\/\",\"name\":\"Tallinna vaade. Taani kuninga aed. - Raivo Korstnik\",\"isPartOf\":{\"@id\":\"https:\\\/\\\/raivo.korstnik.eu\\\/#website\"},\"primaryImageOfPage\":{\"@id\":\"https:\\\/\\\/raivo.korstnik.eu\\\/kataloog\\\/415\\\/#primaryimage\"},\"image\":{\"@id\":\"https:\\\/\\\/raivo.korstnik.eu\\\/kataloog\\\/415\\\/#primaryimage\"},\"thumbnailUrl\":\"https:\\\/\\\/raivo.korstnik.eu\\\/wp-content\\\/uploads\\\/RK415-TLM_20804G1795_1_pisipilt.jpg\",\"datePublished\":\"2020-10-26T16:51:54+00:00\",\"dateModified\":\"2023-02-20T12:51:32+00:00\",\"breadcrumb\":{\"@id\":\"https:\\\/\\\/raivo.korstnik.eu\\\/kataloog\\\/415\\\/#breadcrumb\"},\"inLanguage\":\"en-GB\",\"potentialAction\":[{\"@type\":\"ReadAction\",\"target\":[\"https:\\\/\\\/raivo.korstnik.eu\\\/kataloog\\\/415\\\/\"]}]},{\"@type\":\"ImageObject\",\"inLanguage\":\"en-GB\",\"@id\":\"https:\\\/\\\/raivo.korstnik.eu\\\/kataloog\\\/415\\\/#primaryimage\",\"url\":\"https:\\\/\\\/raivo.korstnik.eu\\\/wp-content\\\/uploads\\\/RK415-TLM_20804G1795_1_pisipilt.jpg\",\"contentUrl\":\"https:\\\/\\\/raivo.korstnik.eu\\\/wp-content\\\/uploads\\\/RK415-TLM_20804G1795_1_pisipilt.jpg\",\"width\":600,\"height\":967},{\"@type\":\"BreadcrumbList\",\"@id\":\"https:\\\/\\\/raivo.korstnik.eu\\\/kataloog\\\/415\\\/#breadcrumb\",\"itemListElement\":[{\"@type\":\"ListItem\",\"position\":1,\"name\":\"Home\",\"item\":\"https:\\\/\\\/raivo.korstnik.eu\\\/\"},{\"@type\":\"ListItem\",\"position\":2,\"name\":\"Teosed\",\"item\":\"https:\\\/\\\/raivo.korstnik.eu\\\/teosed\\\/\"},{\"@type\":\"ListItem\",\"position\":3,\"name\":\"Tallinna vaade. Taani kuninga aed.\"}]},{\"@type\":\"WebSite\",\"@id\":\"https:\\\/\\\/raivo.korstnik.eu\\\/#website\",\"url\":\"https:\\\/\\\/raivo.korstnik.eu\\\/\",\"name\":\"Raivo Korstnik\",\"description\":\"\",\"potentialAction\":[{\"@type\":\"SearchAction\",\"target\":{\"@type\":\"EntryPoint\",\"urlTemplate\":\"https:\\\/\\\/raivo.korstnik.eu\\\/?s={search_term_string}\"},\"query-input\":{\"@type\":\"PropertyValueSpecification\",\"valueRequired\":true,\"valueName\":\"search_term_string\"}}],\"inLanguage\":\"en-GB\"}]}<\/script>\n<!-- \/ Yoast SEO plugin. -->","yoast_head_json":{"title":"Tallinna vaade. Taani kuninga aed. - Raivo Korstnik","robots":{"index":"index","follow":"follow","max-snippet":"max-snippet:-1","max-image-preview":"max-image-preview:large","max-video-preview":"max-video-preview:-1"},"canonical":"https:\/\/raivo.korstnik.eu\/en\/kataloog\/415\/","og_locale":"en_GB","og_type":"article","og_title":"Tallinna vaade. Taani kuninga aed. - Raivo Korstnik","og_description":"Tallinna Linnamuuseum Muuseumikogu kunstikogu Number TLM _ 20804 G 1795 Autor Korstnik, Raivo Nimetus Tallinna vaade. Taani kuninga aed. Hinnang museaali kultuuriv\u00e4\u00e4rtuse kohta Olemus maal Originaal originaal Seisund hea Eraldatavad osad Tehnika \u00f5li Materjal papp M\u00f5\u00f5dud k\u00f5rgus: 80.0 cm; laius: 50.0 cm Rohkem \u00bb P\u00fcsiviide: https:\/\/opendata.muis.ee\/object\/1530811 Museaali andmed RDF\/XML kujul","og_url":"https:\/\/raivo.korstnik.eu\/en\/kataloog\/415\/","og_site_name":"Raivo Korstnik","article_modified_time":"2023-02-20T12:51:32+00:00","og_image":[{"width":600,"height":967,"url":"https:\/\/raivo.korstnik.eu\/wp-content\/uploads\/RK415-TLM_20804G1795_1_pisipilt.jpg","type":"image\/jpeg"}],"twitter_card":"summary_large_image","schema":{"@context":"https:\/\/schema.org","@graph":[{"@type":"WebPage","@id":"https:\/\/raivo.korstnik.eu\/kataloog\/415\/","url":"https:\/\/raivo.korstnik.eu\/kataloog\/415\/","name":"Tallinna vaade. Taani kuninga aed. - Raivo Korstnik","isPartOf":{"@id":"https:\/\/raivo.korstnik.eu\/#website"},"primaryImageOfPage":{"@id":"https:\/\/raivo.korstnik.eu\/kataloog\/415\/#primaryimage"},"image":{"@id":"https:\/\/raivo.korstnik.eu\/kataloog\/415\/#primaryimage"},"thumbnailUrl":"https:\/\/raivo.korstnik.eu\/wp-content\/uploads\/RK415-TLM_20804G1795_1_pisipilt.jpg","datePublished":"2020-10-26T16:51:54+00:00","dateModified":"2023-02-20T12:51:32+00:00","breadcrumb":{"@id":"https:\/\/raivo.korstnik.eu\/kataloog\/415\/#breadcrumb"},"inLanguage":"en-GB","potentialAction":[{"@type":"ReadAction","target":["https:\/\/raivo.korstnik.eu\/kataloog\/415\/"]}]},{"@type":"ImageObject","inLanguage":"en-GB","@id":"https:\/\/raivo.korstnik.eu\/kataloog\/415\/#primaryimage","url":"https:\/\/raivo.korstnik.eu\/wp-content\/uploads\/RK415-TLM_20804G1795_1_pisipilt.jpg","contentUrl":"https:\/\/raivo.korstnik.eu\/wp-content\/uploads\/RK415-TLM_20804G1795_1_pisipilt.jpg","width":600,"height":967},{"@type":"BreadcrumbList","@id":"https:\/\/raivo.korstnik.eu\/kataloog\/415\/#breadcrumb","itemListElement":[{"@type":"ListItem","position":1,"name":"Home","item":"https:\/\/raivo.korstnik.eu\/"},{"@type":"ListItem","position":2,"name":"Teosed","item":"https:\/\/raivo.korstnik.eu\/teosed\/"},{"@type":"ListItem","position":3,"name":"Tallinna vaade. Taani kuninga aed."}]},{"@type":"WebSite","@id":"https:\/\/raivo.korstnik.eu\/#website","url":"https:\/\/raivo.korstnik.eu\/","name":"Raivo Korstnik","description":"","potentialAction":[{"@type":"SearchAction","target":{"@type":"EntryPoint","urlTemplate":"https:\/\/raivo.korstnik.eu\/?s={search_term_string}"},"query-input":{"@type":"PropertyValueSpecification","valueRequired":true,"valueName":"search_term_string"}}],"inLanguage":"en-GB"}]}},"_links":{"self":[{"href":"https:\/\/raivo.korstnik.eu\/en\/wp-json\/wp\/v2\/product\/2312","targetHints":{"allow":["GET"]}}],"collection":[{"href":"https:\/\/raivo.korstnik.eu\/en\/wp-json\/wp\/v2\/product"}],"about":[{"href":"https:\/\/raivo.korstnik.eu\/en\/wp-json\/wp\/v2\/types\/product"}],"wp:featuredmedia":[{"embeddable":true,"href":"https:\/\/raivo.korstnik.eu\/en\/wp-json\/wp\/v2\/media\/4165"}],"wp:attachment":[{"href":"https:\/\/raivo.korstnik.eu\/en\/wp-json\/wp\/v2\/media?parent=2312"}],"wp:term":[{"taxonomy":"product_brand","embeddable":true,"href":"https:\/\/raivo.korstnik.eu\/en\/wp-json\/wp\/v2\/product_brand?post=2312"},{"taxonomy":"product_cat","embeddable":true,"href":"https:\/\/raivo.korstnik.eu\/en\/wp-json\/wp\/v2\/product_cat?post=2312"},{"taxonomy":"product_tag","embeddable":true,"href":"https:\/\/raivo.korstnik.eu\/en\/wp-json\/wp\/v2\/product_tag?post=2312"}],"curies":[{"name":"wp","href":"https:\/\/api.w.org\/{rel}","templated":true}]}}