{"id":2380,"date":"2021-02-19T18:48:27","date_gmt":"2021-02-19T18:48:27","guid":{"rendered":"https:\/\/www.lennuk.eu\/korstnik\/korstnik\/raivo\/?post_type=product&#038;p=2380"},"modified":"2024-09-20T11:08:35","modified_gmt":"2024-09-20T11:08:35","slug":"165","status":"publish","type":"product","link":"https:\/\/raivo.korstnik.eu\/en\/kataloog\/165\/","title":{"rendered":"M\u00e4gine maastik"},"content":{"rendered":"<p>66 rk 69,5&#215;49,5 maastik m\u00e4gine.\u00a0 Ostetud 27.08.2021 Alfredi poolt. 2000\u20ac<\/p>\n<h2 class=\"product_title entry-title show-product-nav\">Raivo Korstnik. J\u00f5gi m\u00e4giste kallaste vahel. 1966. \u00d5li. Papp. Alghind: 2500 \u20ac Haamrihind: 2600 \u20ac<\/h2>\n<div class=\"product-nav\"><\/div>\n<div id=\"product-tab\" class=\"woocommerce-tabs woocommerce-tabs-oaxnid2v resp-htabs\">\n<div class=\"resp-tabs-container\">\n<div id=\"tab-description\" class=\"tab-content resp-tab-content resp-tab-content-active\" aria-labelledby=\"tab_item-0\">\n<p>Maastik v\u00f5ib ka kuskil Eestis n\u00e4htud ja kunstniku fantaasias m\u00f5nev\u00f5rra muundunud olla. 1960. aastate keskpaiku on Korstnik maalinud nt fantastiliste kujude ja kujunditega rannamaastikke.<\/p>\n<p>Raivo Korstniku m\u00e4gine maastik n\u00e4ib p\u00e4rinevat Kesk-Aasiast v\u00f5i Taga-Kaukaasiast, kuhu eesti autoreid sagedasti loomingulistele komandeeringutele inspiratsiooni koguma saadeti. Ning sarnaselt teistele tema teistele teostele v\u00f5ib v\u00e4lja tuua samu m\u00e4rks\u00f5nu: julge \u00fcldistus, j\u00f5ulised v\u00e4rvid, pindade ja vormide geomeetria ning efektne tulemus. Nii \u00fchendab ta siingi oma Tallinna katustelt tuntud bravuursed v\u00e4rvid ning tasasemate toonidega rannameeleolud kodumaalt. Rand siin on t\u00fchi, mis on siiski haruldane, sest Korstnik on tuntud figuratsioonide poolest, inimene annab tema maastikele ja linnat\u00e4navatele m\u00f5\u00f5tme ja m\u00f5tte. K\u00fcllap v\u00f5ime selle korvata eraldiseisva aktiga, teise tema oksjoniteosega, mis kannab neidsamu v\u00e4\u00e4rtusi. TS<\/p>\n<p>All vasakul: RK66<\/p>\n<p>P\u00f6\u00f6rdel all kartongifirma tempel<\/p>\n<\/div>\n<\/div>\n<\/div>\n<div class=\"product_meta\"><span class=\"posted_in\">Kategooria: <a href=\"https:\/\/vernissage.ee\/tootekategooria\/oksjonid\/sugis\/sugisoksjon-2023\/\" rel=\"tag\">S\u00fcgisoksjon 2023<\/a><\/span><\/div>","protected":false},"excerpt":{"rendered":"<p>66 rk 69,5&#215;49,5 maastik m\u00e4gine.\u00a0 Ostetud 27.08.2021 Alfredi poolt. 2000\u20ac Raivo Korstnik. J\u00f5gi m\u00e4giste kallaste vahel. 1966. \u00d5li. Papp. Alghind: 2500 \u20ac Haamrihind: 2600 \u20ac Maastik v\u00f5ib ka kuskil Eestis n\u00e4htud ja kunstniku fantaasias m\u00f5nev\u00f5rra muundunud olla. 1960. aastate keskpaiku on Korstnik maalinud nt fantastiliste kujude ja kujunditega rannamaastikke. Raivo Korstniku m\u00e4gine maastik n\u00e4ib p\u00e4rinevat &hellip;<\/p>\n<p class=\"read-more\"> <a class=\"\" href=\"https:\/\/raivo.korstnik.eu\/en\/kataloog\/165\/\"> <span class=\"screen-reader-text\">M\u00e4gine maastik<\/span> Read More &raquo;<\/a><\/p>","protected":false},"featured_media":2383,"template":"","meta":[],"product_brand":[],"product_cat":[23],"product_tag":[27,173,145,122,141,132],"class_list":{"0":"post-2380","1":"product","2":"type-product","3":"status-publish","4":"has-post-thumbnail","6":"product_cat-maastikud","7":"product_tag-70x50","8":"product_tag-alfred","9":"product_tag-erakogu","10":"product_tag-maastik","11":"product_tag-maed","12":"product_tag-vernissage","14":"first","15":"outofstock","16":"shipping-taxable","17":"product-type-simple"},"yoast_head":"<!-- This site is optimized with the Yoast SEO plugin v27.6 - https:\/\/yoast.com\/product\/yoast-seo-wordpress\/ -->\n<title>M\u00e4gine maastik - Raivo Korstnik<\/title>\n<meta name=\"robots\" content=\"index, follow, max-snippet:-1, max-image-preview:large, max-video-preview:-1\" \/>\n<link rel=\"canonical\" href=\"https:\/\/raivo.korstnik.eu\/en\/kataloog\/165\/\" \/>\n<meta property=\"og:locale\" content=\"en_GB\" \/>\n<meta property=\"og:type\" content=\"article\" \/>\n<meta property=\"og:title\" content=\"M\u00e4gine maastik - Raivo Korstnik\" \/>\n<meta property=\"og:description\" content=\"66 rk 69,5&#215;49,5 maastik m\u00e4gine.\u00a0 Ostetud 27.08.2021 Alfredi poolt. 2000\u20ac Raivo Korstnik. J\u00f5gi m\u00e4giste kallaste vahel. 1966. \u00d5li. Papp. Alghind: 2500 \u20ac Haamrihind: 2600 \u20ac Maastik v\u00f5ib ka kuskil Eestis n\u00e4htud ja kunstniku fantaasias m\u00f5nev\u00f5rra muundunud olla. 1960. aastate keskpaiku on Korstnik maalinud nt fantastiliste kujude ja kujunditega rannamaastikke. Raivo Korstniku m\u00e4gine maastik n\u00e4ib p\u00e4rinevat &hellip; M\u00e4gine maastik Read More &raquo;\" \/>\n<meta property=\"og:url\" content=\"https:\/\/raivo.korstnik.eu\/en\/kataloog\/165\/\" \/>\n<meta property=\"og:site_name\" content=\"Raivo Korstnik\" \/>\n<meta property=\"article:modified_time\" content=\"2024-09-20T11:08:35+00:00\" \/>\n<meta property=\"og:image\" content=\"https:\/\/raivo.korstnik.eu\/wp-content\/uploads\/69-1024x735.png\" \/>\n\t<meta property=\"og:image:width\" content=\"1024\" \/>\n\t<meta property=\"og:image:height\" content=\"735\" \/>\n\t<meta property=\"og:image:type\" content=\"image\/png\" \/>\n<meta name=\"twitter:card\" content=\"summary_large_image\" \/>\n<meta name=\"twitter:label1\" content=\"Estimated reading time\" \/>\n\t<meta name=\"twitter:data1\" content=\"2 minutes\" \/>\n<script type=\"application\/ld+json\" class=\"yoast-schema-graph\">{\"@context\":\"https:\\\/\\\/schema.org\",\"@graph\":[{\"@type\":\"WebPage\",\"@id\":\"https:\\\/\\\/raivo.korstnik.eu\\\/kataloog\\\/165\\\/\",\"url\":\"https:\\\/\\\/raivo.korstnik.eu\\\/kataloog\\\/165\\\/\",\"name\":\"M\u00e4gine maastik - Raivo Korstnik\",\"isPartOf\":{\"@id\":\"https:\\\/\\\/raivo.korstnik.eu\\\/#website\"},\"primaryImageOfPage\":{\"@id\":\"https:\\\/\\\/raivo.korstnik.eu\\\/kataloog\\\/165\\\/#primaryimage\"},\"image\":{\"@id\":\"https:\\\/\\\/raivo.korstnik.eu\\\/kataloog\\\/165\\\/#primaryimage\"},\"thumbnailUrl\":\"https:\\\/\\\/raivo.korstnik.eu\\\/wp-content\\\/uploads\\\/69.png\",\"datePublished\":\"2021-02-19T18:48:27+00:00\",\"dateModified\":\"2024-09-20T11:08:35+00:00\",\"breadcrumb\":{\"@id\":\"https:\\\/\\\/raivo.korstnik.eu\\\/kataloog\\\/165\\\/#breadcrumb\"},\"inLanguage\":\"en-GB\",\"potentialAction\":[{\"@type\":\"ReadAction\",\"target\":[\"https:\\\/\\\/raivo.korstnik.eu\\\/kataloog\\\/165\\\/\"]}]},{\"@type\":\"ImageObject\",\"inLanguage\":\"en-GB\",\"@id\":\"https:\\\/\\\/raivo.korstnik.eu\\\/kataloog\\\/165\\\/#primaryimage\",\"url\":\"https:\\\/\\\/raivo.korstnik.eu\\\/wp-content\\\/uploads\\\/69.png\",\"contentUrl\":\"https:\\\/\\\/raivo.korstnik.eu\\\/wp-content\\\/uploads\\\/69.png\",\"width\":1894,\"height\":1359},{\"@type\":\"BreadcrumbList\",\"@id\":\"https:\\\/\\\/raivo.korstnik.eu\\\/kataloog\\\/165\\\/#breadcrumb\",\"itemListElement\":[{\"@type\":\"ListItem\",\"position\":1,\"name\":\"Home\",\"item\":\"https:\\\/\\\/raivo.korstnik.eu\\\/\"},{\"@type\":\"ListItem\",\"position\":2,\"name\":\"Teosed\",\"item\":\"https:\\\/\\\/raivo.korstnik.eu\\\/teosed\\\/\"},{\"@type\":\"ListItem\",\"position\":3,\"name\":\"M\u00e4gine maastik\"}]},{\"@type\":\"WebSite\",\"@id\":\"https:\\\/\\\/raivo.korstnik.eu\\\/#website\",\"url\":\"https:\\\/\\\/raivo.korstnik.eu\\\/\",\"name\":\"Raivo Korstnik\",\"description\":\"\",\"potentialAction\":[{\"@type\":\"SearchAction\",\"target\":{\"@type\":\"EntryPoint\",\"urlTemplate\":\"https:\\\/\\\/raivo.korstnik.eu\\\/?s={search_term_string}\"},\"query-input\":{\"@type\":\"PropertyValueSpecification\",\"valueRequired\":true,\"valueName\":\"search_term_string\"}}],\"inLanguage\":\"en-GB\"}]}<\/script>\n<!-- \/ Yoast SEO plugin. -->","yoast_head_json":{"title":"M\u00e4gine maastik - Raivo Korstnik","robots":{"index":"index","follow":"follow","max-snippet":"max-snippet:-1","max-image-preview":"max-image-preview:large","max-video-preview":"max-video-preview:-1"},"canonical":"https:\/\/raivo.korstnik.eu\/en\/kataloog\/165\/","og_locale":"en_GB","og_type":"article","og_title":"M\u00e4gine maastik - Raivo Korstnik","og_description":"66 rk 69,5&#215;49,5 maastik m\u00e4gine.\u00a0 Ostetud 27.08.2021 Alfredi poolt. 2000\u20ac Raivo Korstnik. J\u00f5gi m\u00e4giste kallaste vahel. 1966. \u00d5li. Papp. Alghind: 2500 \u20ac Haamrihind: 2600 \u20ac Maastik v\u00f5ib ka kuskil Eestis n\u00e4htud ja kunstniku fantaasias m\u00f5nev\u00f5rra muundunud olla. 1960. aastate keskpaiku on Korstnik maalinud nt fantastiliste kujude ja kujunditega rannamaastikke. Raivo Korstniku m\u00e4gine maastik n\u00e4ib p\u00e4rinevat &hellip; M\u00e4gine maastik Read More &raquo;","og_url":"https:\/\/raivo.korstnik.eu\/en\/kataloog\/165\/","og_site_name":"Raivo Korstnik","article_modified_time":"2024-09-20T11:08:35+00:00","og_image":[{"width":1024,"height":735,"url":"https:\/\/raivo.korstnik.eu\/wp-content\/uploads\/69-1024x735.png","type":"image\/png"}],"twitter_card":"summary_large_image","twitter_misc":{"Estimated reading time":"2 minutes"},"schema":{"@context":"https:\/\/schema.org","@graph":[{"@type":"WebPage","@id":"https:\/\/raivo.korstnik.eu\/kataloog\/165\/","url":"https:\/\/raivo.korstnik.eu\/kataloog\/165\/","name":"M\u00e4gine maastik - Raivo Korstnik","isPartOf":{"@id":"https:\/\/raivo.korstnik.eu\/#website"},"primaryImageOfPage":{"@id":"https:\/\/raivo.korstnik.eu\/kataloog\/165\/#primaryimage"},"image":{"@id":"https:\/\/raivo.korstnik.eu\/kataloog\/165\/#primaryimage"},"thumbnailUrl":"https:\/\/raivo.korstnik.eu\/wp-content\/uploads\/69.png","datePublished":"2021-02-19T18:48:27+00:00","dateModified":"2024-09-20T11:08:35+00:00","breadcrumb":{"@id":"https:\/\/raivo.korstnik.eu\/kataloog\/165\/#breadcrumb"},"inLanguage":"en-GB","potentialAction":[{"@type":"ReadAction","target":["https:\/\/raivo.korstnik.eu\/kataloog\/165\/"]}]},{"@type":"ImageObject","inLanguage":"en-GB","@id":"https:\/\/raivo.korstnik.eu\/kataloog\/165\/#primaryimage","url":"https:\/\/raivo.korstnik.eu\/wp-content\/uploads\/69.png","contentUrl":"https:\/\/raivo.korstnik.eu\/wp-content\/uploads\/69.png","width":1894,"height":1359},{"@type":"BreadcrumbList","@id":"https:\/\/raivo.korstnik.eu\/kataloog\/165\/#breadcrumb","itemListElement":[{"@type":"ListItem","position":1,"name":"Home","item":"https:\/\/raivo.korstnik.eu\/"},{"@type":"ListItem","position":2,"name":"Teosed","item":"https:\/\/raivo.korstnik.eu\/teosed\/"},{"@type":"ListItem","position":3,"name":"M\u00e4gine maastik"}]},{"@type":"WebSite","@id":"https:\/\/raivo.korstnik.eu\/#website","url":"https:\/\/raivo.korstnik.eu\/","name":"Raivo Korstnik","description":"","potentialAction":[{"@type":"SearchAction","target":{"@type":"EntryPoint","urlTemplate":"https:\/\/raivo.korstnik.eu\/?s={search_term_string}"},"query-input":{"@type":"PropertyValueSpecification","valueRequired":true,"valueName":"search_term_string"}}],"inLanguage":"en-GB"}]}},"_links":{"self":[{"href":"https:\/\/raivo.korstnik.eu\/en\/wp-json\/wp\/v2\/product\/2380","targetHints":{"allow":["GET"]}}],"collection":[{"href":"https:\/\/raivo.korstnik.eu\/en\/wp-json\/wp\/v2\/product"}],"about":[{"href":"https:\/\/raivo.korstnik.eu\/en\/wp-json\/wp\/v2\/types\/product"}],"wp:featuredmedia":[{"embeddable":true,"href":"https:\/\/raivo.korstnik.eu\/en\/wp-json\/wp\/v2\/media\/2383"}],"wp:attachment":[{"href":"https:\/\/raivo.korstnik.eu\/en\/wp-json\/wp\/v2\/media?parent=2380"}],"wp:term":[{"taxonomy":"product_brand","embeddable":true,"href":"https:\/\/raivo.korstnik.eu\/en\/wp-json\/wp\/v2\/product_brand?post=2380"},{"taxonomy":"product_cat","embeddable":true,"href":"https:\/\/raivo.korstnik.eu\/en\/wp-json\/wp\/v2\/product_cat?post=2380"},{"taxonomy":"product_tag","embeddable":true,"href":"https:\/\/raivo.korstnik.eu\/en\/wp-json\/wp\/v2\/product_tag?post=2380"}],"curies":[{"name":"wp","href":"https:\/\/api.w.org\/{rel}","templated":true}]}}