{"id":2417,"date":"2021-02-19T18:56:27","date_gmt":"2021-02-19T18:56:27","guid":{"rendered":"https:\/\/www.lennuk.eu\/korstnik\/korstnik\/raivo\/?post_type=product&#038;p=2417"},"modified":"2026-02-23T12:14:38","modified_gmt":"2026-02-23T12:14:38","slug":"704","status":"publish","type":"product","link":"https:\/\/raivo.korstnik.eu\/en\/kataloog\/704\/","title":{"rendered":"T\u00fctarlaps tagasivaatega"},"content":{"rendered":"<p>&#8220;T\u00fctarlaps tagasivaatega&#8221;; kahe poolega naine \u00f5li\/l\u00f5uend. 62&#215;47<\/p>\n<p>Raivo Korstnik. T\u00fctarlaps tagasivaatega. 1970. aastad. \u00d5li, l\u00f5uend. 62 x 48 cm. Alghind: 3500 \u20ac M\u00dc\u00dcDUD<\/p>\n<p>Teoses on kunstnik p\u00fc\u00fcdnud leida kujundit, milles oleks v\u00e4ljendatud inimese vajadus heita aeg-ajalt pilk enda minevikku \u2013 vahel nostalgiline, vahel edasiminekuks pidepunkti otsiv. Me ei tea, kas kunstnik pidas selle kujundi leituks, ent igatahes on teose kontseptsioon k\u00fcllalt selge. ML<\/p>\n<p>Alusraamil all: T\u00fctarlaps tagasivaatega<\/p>\n<blockquote class=\"wp-embedded-content\" data-secret=\"llOlm3H4TD\"><p><a href=\"https:\/\/vernissage.ee\/toode\/raivo-korstnik-tutarlaps-tagasivaatega-1970-aastad-oli-louend-62-x-48-cm-alghind-3500-e\/\">Raivo Korstnik. T\u00fctarlaps tagasivaatega. 1970. aastad. \u00d5li, l\u00f5uend. 62 x 48 cm. Alghind: 3500 \u20ac  M\u00dc\u00dcDUD<\/a><\/p><\/blockquote>\n<p><iframe class=\"wp-embedded-content\" sandbox=\"allow-scripts\" security=\"restricted\" style=\"position: absolute; visibility: hidden;\" title=\"&#8220;Raivo Korstnik. T\u00fctarlaps tagasivaatega. 1970. aastad. \u00d5li, l\u00f5uend. 62 x 48 cm. Alghind: 3500 \u20ac  M\u00dc\u00dcDUD&#8221; &#8212; VERNISSAGE kunstigalerii\" src=\"https:\/\/vernissage.ee\/toode\/raivo-korstnik-tutarlaps-tagasivaatega-1970-aastad-oli-louend-62-x-48-cm-alghind-3500-e\/embed\/#?secret=LbVyuTbkDz#?secret=llOlm3H4TD\" data-secret=\"llOlm3H4TD\" width=\"500\" height=\"282\" frameborder=\"0\" marginwidth=\"0\" marginheight=\"0\" scrolling=\"no\"><\/iframe><\/p>","protected":false},"excerpt":{"rendered":"<p>Teoses on kunstnik p\u00fc\u00fcdnud leida kujundit, milles oleks v\u00e4ljendatud inimese vajadus heita aeg-ajalt pilk enda minevikku \u2013 vahel nostalgiline, vahel edasiminekuks pidepunkti otsiv. Me ei tea, kas kunstnik pidas selle kujundi leituks, ent igatahes on teose kontseptsioon k\u00fcllalt selge.<\/p>\n<p>\nMail Levin, Vernissage galerii lehelt<\/p>","protected":false},"featured_media":2418,"template":"","meta":[],"product_brand":[],"product_cat":[110,114,22],"product_tag":[123,124,121,129],"class_list":{"0":"post-2417","1":"product","2":"type-product","3":"status-publish","4":"has-post-thumbnail","6":"product_cat-figuraalne","7":"product_cat-portreed","8":"product_cat-portreed-ja-aktid","9":"product_tag-moodne","10":"product_tag-perekogu","11":"product_tag-portree","12":"product_tag-raamil","14":"first","15":"instock","16":"shipping-taxable","17":"product-type-simple"},"yoast_head":"<!-- This site is optimized with the Yoast SEO plugin v27.4 - https:\/\/yoast.com\/product\/yoast-seo-wordpress\/ -->\n<title>T\u00fctarlaps tagasivaatega - Raivo Korstnik<\/title>\n<meta name=\"robots\" content=\"index, follow, max-snippet:-1, max-image-preview:large, max-video-preview:-1\" \/>\n<link rel=\"canonical\" href=\"https:\/\/raivo.korstnik.eu\/en\/kataloog\/704\/\" \/>\n<meta property=\"og:locale\" content=\"en_GB\" \/>\n<meta property=\"og:type\" content=\"article\" \/>\n<meta property=\"og:title\" content=\"T\u00fctarlaps tagasivaatega - Raivo Korstnik\" \/>\n<meta property=\"og:description\" content=\"Teoses on kunstnik p\u00fc\u00fcdnud leida kujundit, milles oleks v\u00e4ljendatud inimese vajadus heita aeg-ajalt pilk enda minevikku \u2013 vahel nostalgiline, vahel edasiminekuks pidepunkti otsiv. Me ei tea, kas kunstnik pidas selle kujundi leituks, ent igatahes on teose kontseptsioon k\u00fcllalt selge.  Mail Levin, Vernissage galerii lehelt\" \/>\n<meta property=\"og:url\" content=\"https:\/\/raivo.korstnik.eu\/en\/kataloog\/704\/\" \/>\n<meta property=\"og:site_name\" content=\"Raivo Korstnik\" \/>\n<meta property=\"article:modified_time\" content=\"2026-02-23T12:14:38+00:00\" \/>\n<meta property=\"og:image\" content=\"https:\/\/raivo.korstnik.eu\/wp-content\/uploads\/82-779x1024.png\" \/>\n\t<meta property=\"og:image:width\" content=\"779\" \/>\n\t<meta property=\"og:image:height\" content=\"1024\" \/>\n\t<meta property=\"og:image:type\" content=\"image\/png\" \/>\n<meta name=\"twitter:card\" content=\"summary_large_image\" \/>\n<meta name=\"twitter:label1\" content=\"Estimated reading time\" \/>\n\t<meta name=\"twitter:data1\" content=\"1 minute\" \/>\n<script type=\"application\/ld+json\" class=\"yoast-schema-graph\">{\"@context\":\"https:\\\/\\\/schema.org\",\"@graph\":[{\"@type\":\"WebPage\",\"@id\":\"https:\\\/\\\/raivo.korstnik.eu\\\/kataloog\\\/704\\\/\",\"url\":\"https:\\\/\\\/raivo.korstnik.eu\\\/kataloog\\\/704\\\/\",\"name\":\"T\u00fctarlaps tagasivaatega - Raivo Korstnik\",\"isPartOf\":{\"@id\":\"https:\\\/\\\/raivo.korstnik.eu\\\/#website\"},\"primaryImageOfPage\":{\"@id\":\"https:\\\/\\\/raivo.korstnik.eu\\\/kataloog\\\/704\\\/#primaryimage\"},\"image\":{\"@id\":\"https:\\\/\\\/raivo.korstnik.eu\\\/kataloog\\\/704\\\/#primaryimage\"},\"thumbnailUrl\":\"https:\\\/\\\/raivo.korstnik.eu\\\/wp-content\\\/uploads\\\/82.png\",\"datePublished\":\"2021-02-19T18:56:27+00:00\",\"dateModified\":\"2026-02-23T12:14:38+00:00\",\"breadcrumb\":{\"@id\":\"https:\\\/\\\/raivo.korstnik.eu\\\/kataloog\\\/704\\\/#breadcrumb\"},\"inLanguage\":\"en-GB\",\"potentialAction\":[{\"@type\":\"ReadAction\",\"target\":[\"https:\\\/\\\/raivo.korstnik.eu\\\/kataloog\\\/704\\\/\"]}]},{\"@type\":\"ImageObject\",\"inLanguage\":\"en-GB\",\"@id\":\"https:\\\/\\\/raivo.korstnik.eu\\\/kataloog\\\/704\\\/#primaryimage\",\"url\":\"https:\\\/\\\/raivo.korstnik.eu\\\/wp-content\\\/uploads\\\/82.png\",\"contentUrl\":\"https:\\\/\\\/raivo.korstnik.eu\\\/wp-content\\\/uploads\\\/82.png\",\"width\":1260,\"height\":1656},{\"@type\":\"BreadcrumbList\",\"@id\":\"https:\\\/\\\/raivo.korstnik.eu\\\/kataloog\\\/704\\\/#breadcrumb\",\"itemListElement\":[{\"@type\":\"ListItem\",\"position\":1,\"name\":\"Home\",\"item\":\"https:\\\/\\\/raivo.korstnik.eu\\\/\"},{\"@type\":\"ListItem\",\"position\":2,\"name\":\"Teosed\",\"item\":\"https:\\\/\\\/raivo.korstnik.eu\\\/teosed\\\/\"},{\"@type\":\"ListItem\",\"position\":3,\"name\":\"T\u00fctarlaps tagasivaatega\"}]},{\"@type\":\"WebSite\",\"@id\":\"https:\\\/\\\/raivo.korstnik.eu\\\/#website\",\"url\":\"https:\\\/\\\/raivo.korstnik.eu\\\/\",\"name\":\"Raivo Korstnik\",\"description\":\"\",\"potentialAction\":[{\"@type\":\"SearchAction\",\"target\":{\"@type\":\"EntryPoint\",\"urlTemplate\":\"https:\\\/\\\/raivo.korstnik.eu\\\/?s={search_term_string}\"},\"query-input\":{\"@type\":\"PropertyValueSpecification\",\"valueRequired\":true,\"valueName\":\"search_term_string\"}}],\"inLanguage\":\"en-GB\"}]}<\/script>\n<!-- \/ Yoast SEO plugin. -->","yoast_head_json":{"title":"T\u00fctarlaps tagasivaatega - Raivo Korstnik","robots":{"index":"index","follow":"follow","max-snippet":"max-snippet:-1","max-image-preview":"max-image-preview:large","max-video-preview":"max-video-preview:-1"},"canonical":"https:\/\/raivo.korstnik.eu\/en\/kataloog\/704\/","og_locale":"en_GB","og_type":"article","og_title":"T\u00fctarlaps tagasivaatega - Raivo Korstnik","og_description":"Teoses on kunstnik p\u00fc\u00fcdnud leida kujundit, milles oleks v\u00e4ljendatud inimese vajadus heita aeg-ajalt pilk enda minevikku \u2013 vahel nostalgiline, vahel edasiminekuks pidepunkti otsiv. Me ei tea, kas kunstnik pidas selle kujundi leituks, ent igatahes on teose kontseptsioon k\u00fcllalt selge.  Mail Levin, Vernissage galerii lehelt","og_url":"https:\/\/raivo.korstnik.eu\/en\/kataloog\/704\/","og_site_name":"Raivo Korstnik","article_modified_time":"2026-02-23T12:14:38+00:00","og_image":[{"width":779,"height":1024,"url":"https:\/\/raivo.korstnik.eu\/wp-content\/uploads\/82-779x1024.png","type":"image\/png"}],"twitter_card":"summary_large_image","twitter_misc":{"Estimated reading time":"1 minute"},"schema":{"@context":"https:\/\/schema.org","@graph":[{"@type":"WebPage","@id":"https:\/\/raivo.korstnik.eu\/kataloog\/704\/","url":"https:\/\/raivo.korstnik.eu\/kataloog\/704\/","name":"T\u00fctarlaps tagasivaatega - Raivo Korstnik","isPartOf":{"@id":"https:\/\/raivo.korstnik.eu\/#website"},"primaryImageOfPage":{"@id":"https:\/\/raivo.korstnik.eu\/kataloog\/704\/#primaryimage"},"image":{"@id":"https:\/\/raivo.korstnik.eu\/kataloog\/704\/#primaryimage"},"thumbnailUrl":"https:\/\/raivo.korstnik.eu\/wp-content\/uploads\/82.png","datePublished":"2021-02-19T18:56:27+00:00","dateModified":"2026-02-23T12:14:38+00:00","breadcrumb":{"@id":"https:\/\/raivo.korstnik.eu\/kataloog\/704\/#breadcrumb"},"inLanguage":"en-GB","potentialAction":[{"@type":"ReadAction","target":["https:\/\/raivo.korstnik.eu\/kataloog\/704\/"]}]},{"@type":"ImageObject","inLanguage":"en-GB","@id":"https:\/\/raivo.korstnik.eu\/kataloog\/704\/#primaryimage","url":"https:\/\/raivo.korstnik.eu\/wp-content\/uploads\/82.png","contentUrl":"https:\/\/raivo.korstnik.eu\/wp-content\/uploads\/82.png","width":1260,"height":1656},{"@type":"BreadcrumbList","@id":"https:\/\/raivo.korstnik.eu\/kataloog\/704\/#breadcrumb","itemListElement":[{"@type":"ListItem","position":1,"name":"Home","item":"https:\/\/raivo.korstnik.eu\/"},{"@type":"ListItem","position":2,"name":"Teosed","item":"https:\/\/raivo.korstnik.eu\/teosed\/"},{"@type":"ListItem","position":3,"name":"T\u00fctarlaps tagasivaatega"}]},{"@type":"WebSite","@id":"https:\/\/raivo.korstnik.eu\/#website","url":"https:\/\/raivo.korstnik.eu\/","name":"Raivo Korstnik","description":"","potentialAction":[{"@type":"SearchAction","target":{"@type":"EntryPoint","urlTemplate":"https:\/\/raivo.korstnik.eu\/?s={search_term_string}"},"query-input":{"@type":"PropertyValueSpecification","valueRequired":true,"valueName":"search_term_string"}}],"inLanguage":"en-GB"}]}},"_links":{"self":[{"href":"https:\/\/raivo.korstnik.eu\/en\/wp-json\/wp\/v2\/product\/2417","targetHints":{"allow":["GET"]}}],"collection":[{"href":"https:\/\/raivo.korstnik.eu\/en\/wp-json\/wp\/v2\/product"}],"about":[{"href":"https:\/\/raivo.korstnik.eu\/en\/wp-json\/wp\/v2\/types\/product"}],"wp:featuredmedia":[{"embeddable":true,"href":"https:\/\/raivo.korstnik.eu\/en\/wp-json\/wp\/v2\/media\/2418"}],"wp:attachment":[{"href":"https:\/\/raivo.korstnik.eu\/en\/wp-json\/wp\/v2\/media?parent=2417"}],"wp:term":[{"taxonomy":"product_brand","embeddable":true,"href":"https:\/\/raivo.korstnik.eu\/en\/wp-json\/wp\/v2\/product_brand?post=2417"},{"taxonomy":"product_cat","embeddable":true,"href":"https:\/\/raivo.korstnik.eu\/en\/wp-json\/wp\/v2\/product_cat?post=2417"},{"taxonomy":"product_tag","embeddable":true,"href":"https:\/\/raivo.korstnik.eu\/en\/wp-json\/wp\/v2\/product_tag?post=2417"}],"curies":[{"name":"wp","href":"https:\/\/api.w.org\/{rel}","templated":true}]}}