{"id":2493,"date":"2021-02-20T14:46:31","date_gmt":"2021-02-20T14:46:31","guid":{"rendered":"https:\/\/www.lennuk.eu\/korstnik\/korstnik\/raivo\/?post_type=product&#038;p=2493"},"modified":"2023-02-16T22:21:34","modified_gmt":"2023-02-16T22:21:34","slug":"723","status":"publish","type":"product","link":"https:\/\/raivo.korstnik.eu\/en\/kataloog\/723\/","title":{"rendered":"Naine trikoos"},"content":{"rendered":"<p>Noaris m\u00fc\u00fcgis, 1200\u20ac. Alfred 5116039, ostetud Andra kaudu Hiljem m\u00fc\u00fcdud Hausis: <span class=\"alghind\">1 600\u20ac<\/span> <span class=\"lopphind\">Haamrihind 4 000\u20ac<\/span><\/p>","protected":false},"excerpt":{"rendered":"<p>Raivo Korstnik esindab siinkohal figuratiivset modernistlikku maalikunsti, tuues 1960ndatesse ilmselgelt veidi Picasso kubismi-m\u00f5julist \u0161ikki k\u00e4sitluslaadi. Kujundeid on kergelt abstraheeritud geomeetria p\u00f5hiselt. N\u00e4eme elegantset v\u00f5imlemiskost\u00fc\u00fcmis naist, kelle n\u00e4gu on k\u00e4sitletud sarnaselt Giorgio de Chirico metaf\u00fc\u00fcsilisele maalikunstile. Ilmselt t\u00e4histas selline valik 1960ndate Eestis kursisolekut l\u00e4\u00e4neliku varamodernistliku maalikunstiga, mida riiklikult ei soositud, ja mille valimine kunstniku poolt t\u00e4hendas ikkagi teatud julgust.<\/p>\n<p>Allikas: <a href=\"http:\/\/www.haus.ee\/?c=oksjon-toimunud&amp;l=et&amp;y=2021&amp;id=511\">Haus Galerii<\/a><\/p>","protected":false},"featured_media":2503,"template":"","meta":[],"product_brand":[],"product_cat":[110,114,22],"product_tag":[83,173,145,133,121],"class_list":{"0":"post-2493","1":"product","2":"type-product","3":"status-publish","4":"has-post-thumbnail","6":"product_cat-figuraalne","7":"product_cat-portreed","8":"product_cat-portreed-ja-aktid","9":"product_tag-35x40","10":"product_tag-alfred","11":"product_tag-erakogu","12":"product_tag-noar","13":"product_tag-portree","15":"first","16":"outofstock","17":"shipping-taxable","18":"product-type-simple"},"yoast_head":"<!-- This site is optimized with the Yoast SEO plugin v27.4 - https:\/\/yoast.com\/product\/yoast-seo-wordpress\/ -->\n<title>Naine trikoos - Raivo Korstnik<\/title>\n<meta name=\"robots\" content=\"index, follow, max-snippet:-1, max-image-preview:large, max-video-preview:-1\" \/>\n<link rel=\"canonical\" href=\"https:\/\/raivo.korstnik.eu\/en\/kataloog\/723\/\" \/>\n<meta property=\"og:locale\" content=\"en_GB\" \/>\n<meta property=\"og:type\" content=\"article\" \/>\n<meta property=\"og:title\" content=\"Naine trikoos - Raivo Korstnik\" \/>\n<meta property=\"og:description\" content=\"Raivo Korstnik esindab siinkohal figuratiivset modernistlikku maalikunsti, tuues 1960ndatesse ilmselgelt veidi Picasso kubismi-m\u00f5julist \u0161ikki k\u00e4sitluslaadi. Kujundeid on kergelt abstraheeritud geomeetria p\u00f5hiselt. N\u00e4eme elegantset v\u00f5imlemiskost\u00fc\u00fcmis naist, kelle n\u00e4gu on k\u00e4sitletud sarnaselt Giorgio de Chirico metaf\u00fc\u00fcsilisele maalikunstile. Ilmselt t\u00e4histas selline valik 1960ndate Eestis kursisolekut l\u00e4\u00e4neliku varamodernistliku maalikunstiga, mida riiklikult ei soositud, ja mille valimine kunstniku poolt t\u00e4hendas ikkagi teatud julgust.  Allikas: Haus Galerii\" \/>\n<meta property=\"og:url\" content=\"https:\/\/raivo.korstnik.eu\/en\/kataloog\/723\/\" \/>\n<meta property=\"og:site_name\" content=\"Raivo Korstnik\" \/>\n<meta property=\"article:modified_time\" content=\"2023-02-16T22:21:34+00:00\" \/>\n<meta property=\"og:image\" content=\"https:\/\/raivo.korstnik.eu\/wp-content\/uploads\/109-709x1024.png\" \/>\n\t<meta property=\"og:image:width\" content=\"709\" \/>\n\t<meta property=\"og:image:height\" content=\"1024\" \/>\n\t<meta property=\"og:image:type\" content=\"image\/png\" \/>\n<meta name=\"twitter:card\" content=\"summary_large_image\" \/>\n<meta name=\"twitter:label1\" content=\"Estimated reading time\" \/>\n\t<meta name=\"twitter:data1\" content=\"1 minute\" \/>\n<script type=\"application\/ld+json\" class=\"yoast-schema-graph\">{\"@context\":\"https:\\\/\\\/schema.org\",\"@graph\":[{\"@type\":\"WebPage\",\"@id\":\"https:\\\/\\\/raivo.korstnik.eu\\\/kataloog\\\/723\\\/\",\"url\":\"https:\\\/\\\/raivo.korstnik.eu\\\/kataloog\\\/723\\\/\",\"name\":\"Naine trikoos - Raivo Korstnik\",\"isPartOf\":{\"@id\":\"https:\\\/\\\/raivo.korstnik.eu\\\/#website\"},\"primaryImageOfPage\":{\"@id\":\"https:\\\/\\\/raivo.korstnik.eu\\\/kataloog\\\/723\\\/#primaryimage\"},\"image\":{\"@id\":\"https:\\\/\\\/raivo.korstnik.eu\\\/kataloog\\\/723\\\/#primaryimage\"},\"thumbnailUrl\":\"https:\\\/\\\/raivo.korstnik.eu\\\/wp-content\\\/uploads\\\/109.png\",\"datePublished\":\"2021-02-20T14:46:31+00:00\",\"dateModified\":\"2023-02-16T22:21:34+00:00\",\"breadcrumb\":{\"@id\":\"https:\\\/\\\/raivo.korstnik.eu\\\/kataloog\\\/723\\\/#breadcrumb\"},\"inLanguage\":\"en-GB\",\"potentialAction\":[{\"@type\":\"ReadAction\",\"target\":[\"https:\\\/\\\/raivo.korstnik.eu\\\/kataloog\\\/723\\\/\"]}]},{\"@type\":\"ImageObject\",\"inLanguage\":\"en-GB\",\"@id\":\"https:\\\/\\\/raivo.korstnik.eu\\\/kataloog\\\/723\\\/#primaryimage\",\"url\":\"https:\\\/\\\/raivo.korstnik.eu\\\/wp-content\\\/uploads\\\/109.png\",\"contentUrl\":\"https:\\\/\\\/raivo.korstnik.eu\\\/wp-content\\\/uploads\\\/109.png\",\"width\":1339,\"height\":1933},{\"@type\":\"BreadcrumbList\",\"@id\":\"https:\\\/\\\/raivo.korstnik.eu\\\/kataloog\\\/723\\\/#breadcrumb\",\"itemListElement\":[{\"@type\":\"ListItem\",\"position\":1,\"name\":\"Home\",\"item\":\"https:\\\/\\\/raivo.korstnik.eu\\\/\"},{\"@type\":\"ListItem\",\"position\":2,\"name\":\"Teosed\",\"item\":\"https:\\\/\\\/raivo.korstnik.eu\\\/teosed\\\/\"},{\"@type\":\"ListItem\",\"position\":3,\"name\":\"Naine trikoos\"}]},{\"@type\":\"WebSite\",\"@id\":\"https:\\\/\\\/raivo.korstnik.eu\\\/#website\",\"url\":\"https:\\\/\\\/raivo.korstnik.eu\\\/\",\"name\":\"Raivo Korstnik\",\"description\":\"\",\"potentialAction\":[{\"@type\":\"SearchAction\",\"target\":{\"@type\":\"EntryPoint\",\"urlTemplate\":\"https:\\\/\\\/raivo.korstnik.eu\\\/?s={search_term_string}\"},\"query-input\":{\"@type\":\"PropertyValueSpecification\",\"valueRequired\":true,\"valueName\":\"search_term_string\"}}],\"inLanguage\":\"en-GB\"}]}<\/script>\n<!-- \/ Yoast SEO plugin. -->","yoast_head_json":{"title":"Naine trikoos - Raivo Korstnik","robots":{"index":"index","follow":"follow","max-snippet":"max-snippet:-1","max-image-preview":"max-image-preview:large","max-video-preview":"max-video-preview:-1"},"canonical":"https:\/\/raivo.korstnik.eu\/en\/kataloog\/723\/","og_locale":"en_GB","og_type":"article","og_title":"Naine trikoos - Raivo Korstnik","og_description":"Raivo Korstnik esindab siinkohal figuratiivset modernistlikku maalikunsti, tuues 1960ndatesse ilmselgelt veidi Picasso kubismi-m\u00f5julist \u0161ikki k\u00e4sitluslaadi. Kujundeid on kergelt abstraheeritud geomeetria p\u00f5hiselt. N\u00e4eme elegantset v\u00f5imlemiskost\u00fc\u00fcmis naist, kelle n\u00e4gu on k\u00e4sitletud sarnaselt Giorgio de Chirico metaf\u00fc\u00fcsilisele maalikunstile. Ilmselt t\u00e4histas selline valik 1960ndate Eestis kursisolekut l\u00e4\u00e4neliku varamodernistliku maalikunstiga, mida riiklikult ei soositud, ja mille valimine kunstniku poolt t\u00e4hendas ikkagi teatud julgust.  Allikas: Haus Galerii","og_url":"https:\/\/raivo.korstnik.eu\/en\/kataloog\/723\/","og_site_name":"Raivo Korstnik","article_modified_time":"2023-02-16T22:21:34+00:00","og_image":[{"width":709,"height":1024,"url":"https:\/\/raivo.korstnik.eu\/wp-content\/uploads\/109-709x1024.png","type":"image\/png"}],"twitter_card":"summary_large_image","twitter_misc":{"Estimated reading time":"1 minute"},"schema":{"@context":"https:\/\/schema.org","@graph":[{"@type":"WebPage","@id":"https:\/\/raivo.korstnik.eu\/kataloog\/723\/","url":"https:\/\/raivo.korstnik.eu\/kataloog\/723\/","name":"Naine trikoos - Raivo Korstnik","isPartOf":{"@id":"https:\/\/raivo.korstnik.eu\/#website"},"primaryImageOfPage":{"@id":"https:\/\/raivo.korstnik.eu\/kataloog\/723\/#primaryimage"},"image":{"@id":"https:\/\/raivo.korstnik.eu\/kataloog\/723\/#primaryimage"},"thumbnailUrl":"https:\/\/raivo.korstnik.eu\/wp-content\/uploads\/109.png","datePublished":"2021-02-20T14:46:31+00:00","dateModified":"2023-02-16T22:21:34+00:00","breadcrumb":{"@id":"https:\/\/raivo.korstnik.eu\/kataloog\/723\/#breadcrumb"},"inLanguage":"en-GB","potentialAction":[{"@type":"ReadAction","target":["https:\/\/raivo.korstnik.eu\/kataloog\/723\/"]}]},{"@type":"ImageObject","inLanguage":"en-GB","@id":"https:\/\/raivo.korstnik.eu\/kataloog\/723\/#primaryimage","url":"https:\/\/raivo.korstnik.eu\/wp-content\/uploads\/109.png","contentUrl":"https:\/\/raivo.korstnik.eu\/wp-content\/uploads\/109.png","width":1339,"height":1933},{"@type":"BreadcrumbList","@id":"https:\/\/raivo.korstnik.eu\/kataloog\/723\/#breadcrumb","itemListElement":[{"@type":"ListItem","position":1,"name":"Home","item":"https:\/\/raivo.korstnik.eu\/"},{"@type":"ListItem","position":2,"name":"Teosed","item":"https:\/\/raivo.korstnik.eu\/teosed\/"},{"@type":"ListItem","position":3,"name":"Naine trikoos"}]},{"@type":"WebSite","@id":"https:\/\/raivo.korstnik.eu\/#website","url":"https:\/\/raivo.korstnik.eu\/","name":"Raivo Korstnik","description":"","potentialAction":[{"@type":"SearchAction","target":{"@type":"EntryPoint","urlTemplate":"https:\/\/raivo.korstnik.eu\/?s={search_term_string}"},"query-input":{"@type":"PropertyValueSpecification","valueRequired":true,"valueName":"search_term_string"}}],"inLanguage":"en-GB"}]}},"_links":{"self":[{"href":"https:\/\/raivo.korstnik.eu\/en\/wp-json\/wp\/v2\/product\/2493","targetHints":{"allow":["GET"]}}],"collection":[{"href":"https:\/\/raivo.korstnik.eu\/en\/wp-json\/wp\/v2\/product"}],"about":[{"href":"https:\/\/raivo.korstnik.eu\/en\/wp-json\/wp\/v2\/types\/product"}],"wp:featuredmedia":[{"embeddable":true,"href":"https:\/\/raivo.korstnik.eu\/en\/wp-json\/wp\/v2\/media\/2503"}],"wp:attachment":[{"href":"https:\/\/raivo.korstnik.eu\/en\/wp-json\/wp\/v2\/media?parent=2493"}],"wp:term":[{"taxonomy":"product_brand","embeddable":true,"href":"https:\/\/raivo.korstnik.eu\/en\/wp-json\/wp\/v2\/product_brand?post=2493"},{"taxonomy":"product_cat","embeddable":true,"href":"https:\/\/raivo.korstnik.eu\/en\/wp-json\/wp\/v2\/product_cat?post=2493"},{"taxonomy":"product_tag","embeddable":true,"href":"https:\/\/raivo.korstnik.eu\/en\/wp-json\/wp\/v2\/product_tag?post=2493"}],"curies":[{"name":"wp","href":"https:\/\/api.w.org\/{rel}","templated":true}]}}