{"id":2688,"date":"2021-02-20T15:11:02","date_gmt":"2021-02-20T15:11:02","guid":{"rendered":"https:\/\/www.lennuk.eu\/korstnik\/korstnik\/raivo\/?post_type=product&#038;p=2688"},"modified":"2024-09-20T11:02:38","modified_gmt":"2024-09-20T11:02:38","slug":"444","status":"publish","type":"product","link":"https:\/\/raivo.korstnik.eu\/en\/kataloog\/444\/","title":{"rendered":"Niguliste torn"},"content":{"rendered":"<p>Esialgu Noaris m\u00fc\u00fcgil: 1700<\/p>\n<h2 class=\"product_title entry-title show-product-nav\">8. Raivo Korstnik. Vaade Nigulistele.1980-ndad. \u00d5li. Papp. 49.9 x 34.7 cm. Alghind: 3000 \u20ac Haamrihind: 3400 \u20ac<\/h2>\n<p class=\"price\">\n<div class=\"description woocommerce-product-details__short-description\">\n<p>Alghind: 3000 \u20ac<\/p>\n<p>Haamrihind: 3400 \u20ac<\/p>\n<p>Kunstiteos tuleb enampakkumisele ainult kunstioksjonil 15 aprillil 2023. Kodulehel on hetkel avaldatud osa enampakkumisele minevatest t\u00f6\u00f6dest. Uusi oksjonile minevaid teoseid lisame kodulehele jooksvalt juurde.<\/p>\n<\/div>\n<p>Teos v\u00f5ib olla ajendatud Niguliste tornikiivri p\u00f5lemisest aastal 1982, mis leidis dramaatilist vastukaja teistegi kunstnike t\u00f6\u00f6des.<\/p>\n<p>P\u00f6\u00f6rdel, all vasakul kinnitus autorsuse kohta: Raivo Korstnik EKorstnik \/Ene Korstnik\/<\/p>\n<blockquote class=\"wp-embedded-content\" data-secret=\"wkzHgDQBKs\"><p><a href=\"https:\/\/vernissage.ee\/toode\/raivo-korstnik-vaade-nigulistele-1980-ndad-oli-papp-49-9-x-34-7-cm-alghind-3000-e\/\">8. Raivo Korstnik. Vaade Nigulistele.1980-ndad. \u00d5li. Papp. 49.9 x 34.7 cm. Alghind: 3000 \u20ac Haamrihind: 3400 \u20ac<\/a><\/p><\/blockquote>\n<p><iframe class=\"wp-embedded-content\" sandbox=\"allow-scripts\" security=\"restricted\" style=\"position: absolute; visibility: hidden;\" title=\"&#8220;8. Raivo Korstnik. Vaade Nigulistele.1980-ndad. \u00d5li. Papp. 49.9 x 34.7 cm. Alghind: 3000 \u20ac Haamrihind: 3400 \u20ac&#8221; &#8212; VERNISSAGE kunstigalerii\" src=\"https:\/\/vernissage.ee\/toode\/raivo-korstnik-vaade-nigulistele-1980-ndad-oli-papp-49-9-x-34-7-cm-alghind-3000-e\/embed\/#?secret=wkzHgDQBKs\" data-secret=\"wkzHgDQBKs\" width=\"500\" height=\"282\" frameborder=\"0\" marginwidth=\"0\" marginheight=\"0\" scrolling=\"no\"><\/iframe><\/p>","protected":false},"excerpt":{"rendered":"<p>Esialgu Noaris m\u00fc\u00fcgil: 1700 8. Raivo Korstnik. Vaade Nigulistele.1980-ndad. \u00d5li. Papp. 49.9 x 34.7 cm. Alghind: 3000 \u20ac Haamrihind: 3400 \u20ac Alghind: 3000 \u20ac Haamrihind: 3400 \u20ac Kunstiteos tuleb enampakkumisele ainult kunstioksjonil 15 aprillil 2023. Kodulehel on hetkel avaldatud osa enampakkumisele minevatest t\u00f6\u00f6dest. Uusi oksjonile minevaid teoseid lisame kodulehele jooksvalt juurde. Teos v\u00f5ib olla ajendatud &hellip;<\/p>\n<p class=\"read-more\"> <a class=\"\" href=\"https:\/\/raivo.korstnik.eu\/en\/kataloog\/444\/\"> <span class=\"screen-reader-text\">Niguliste torn<\/span> Read More &raquo;<\/a><\/p>","protected":false},"featured_media":2695,"template":"","meta":[],"product_brand":[],"product_cat":[21,82],"product_tag":[77,116,139,123,124,132],"class_list":{"0":"post-2688","1":"product","2":"type-product","3":"status-publish","4":"has-post-thumbnail","6":"product_cat-moodne","7":"product_cat-linnavaade","8":"product_tag-35x50","9":"product_tag-kavand","10":"product_tag-linnamaastik","11":"product_tag-moodne","12":"product_tag-perekogu","13":"product_tag-vernissage","15":"first","16":"outofstock","17":"shipping-taxable","18":"purchasable","19":"product-type-simple"},"yoast_head":"<!-- This site is optimized with the Yoast SEO plugin v27.5 - https:\/\/yoast.com\/product\/yoast-seo-wordpress\/ -->\n<title>Niguliste torn - Raivo Korstnik<\/title>\n<meta name=\"robots\" content=\"index, follow, max-snippet:-1, max-image-preview:large, max-video-preview:-1\" \/>\n<link rel=\"canonical\" href=\"https:\/\/raivo.korstnik.eu\/en\/kataloog\/444\/\" \/>\n<meta property=\"og:locale\" content=\"en_GB\" \/>\n<meta property=\"og:type\" content=\"article\" \/>\n<meta property=\"og:title\" content=\"Niguliste torn - Raivo Korstnik\" \/>\n<meta property=\"og:description\" content=\"Esialgu Noaris m\u00fc\u00fcgil: 1700 8. Raivo Korstnik. Vaade Nigulistele.1980-ndad. \u00d5li. Papp. 49.9 x 34.7 cm. Alghind: 3000 \u20ac Haamrihind: 3400 \u20ac Alghind: 3000 \u20ac Haamrihind: 3400 \u20ac Kunstiteos tuleb enampakkumisele ainult kunstioksjonil 15 aprillil 2023. Kodulehel on hetkel avaldatud osa enampakkumisele minevatest t\u00f6\u00f6dest. Uusi oksjonile minevaid teoseid lisame kodulehele jooksvalt juurde. Teos v\u00f5ib olla ajendatud &hellip; Niguliste torn Read More &raquo;\" \/>\n<meta property=\"og:url\" content=\"https:\/\/raivo.korstnik.eu\/en\/kataloog\/444\/\" \/>\n<meta property=\"og:site_name\" content=\"Raivo Korstnik\" \/>\n<meta property=\"article:modified_time\" content=\"2024-09-20T11:02:38+00:00\" \/>\n<meta property=\"og:image\" content=\"https:\/\/raivo.korstnik.eu\/wp-content\/uploads\/175.png\" \/>\n\t<meta property=\"og:image:width\" content=\"669\" \/>\n\t<meta property=\"og:image:height\" content=\"966\" \/>\n\t<meta property=\"og:image:type\" content=\"image\/png\" \/>\n<meta name=\"twitter:card\" content=\"summary_large_image\" \/>\n<meta name=\"twitter:label1\" content=\"Estimated reading time\" \/>\n\t<meta name=\"twitter:data1\" content=\"1 minute\" \/>\n<script type=\"application\/ld+json\" class=\"yoast-schema-graph\">{\"@context\":\"https:\\\/\\\/schema.org\",\"@graph\":[{\"@type\":\"WebPage\",\"@id\":\"https:\\\/\\\/raivo.korstnik.eu\\\/kataloog\\\/444\\\/\",\"url\":\"https:\\\/\\\/raivo.korstnik.eu\\\/kataloog\\\/444\\\/\",\"name\":\"Niguliste torn - Raivo Korstnik\",\"isPartOf\":{\"@id\":\"https:\\\/\\\/raivo.korstnik.eu\\\/#website\"},\"primaryImageOfPage\":{\"@id\":\"https:\\\/\\\/raivo.korstnik.eu\\\/kataloog\\\/444\\\/#primaryimage\"},\"image\":{\"@id\":\"https:\\\/\\\/raivo.korstnik.eu\\\/kataloog\\\/444\\\/#primaryimage\"},\"thumbnailUrl\":\"https:\\\/\\\/raivo.korstnik.eu\\\/wp-content\\\/uploads\\\/175.png\",\"datePublished\":\"2021-02-20T15:11:02+00:00\",\"dateModified\":\"2024-09-20T11:02:38+00:00\",\"breadcrumb\":{\"@id\":\"https:\\\/\\\/raivo.korstnik.eu\\\/kataloog\\\/444\\\/#breadcrumb\"},\"inLanguage\":\"en-GB\",\"potentialAction\":[{\"@type\":\"ReadAction\",\"target\":[\"https:\\\/\\\/raivo.korstnik.eu\\\/kataloog\\\/444\\\/\"]}]},{\"@type\":\"ImageObject\",\"inLanguage\":\"en-GB\",\"@id\":\"https:\\\/\\\/raivo.korstnik.eu\\\/kataloog\\\/444\\\/#primaryimage\",\"url\":\"https:\\\/\\\/raivo.korstnik.eu\\\/wp-content\\\/uploads\\\/175.png\",\"contentUrl\":\"https:\\\/\\\/raivo.korstnik.eu\\\/wp-content\\\/uploads\\\/175.png\",\"width\":669,\"height\":966},{\"@type\":\"BreadcrumbList\",\"@id\":\"https:\\\/\\\/raivo.korstnik.eu\\\/kataloog\\\/444\\\/#breadcrumb\",\"itemListElement\":[{\"@type\":\"ListItem\",\"position\":1,\"name\":\"Home\",\"item\":\"https:\\\/\\\/raivo.korstnik.eu\\\/\"},{\"@type\":\"ListItem\",\"position\":2,\"name\":\"Teosed\",\"item\":\"https:\\\/\\\/raivo.korstnik.eu\\\/teosed\\\/\"},{\"@type\":\"ListItem\",\"position\":3,\"name\":\"Niguliste torn\"}]},{\"@type\":\"WebSite\",\"@id\":\"https:\\\/\\\/raivo.korstnik.eu\\\/#website\",\"url\":\"https:\\\/\\\/raivo.korstnik.eu\\\/\",\"name\":\"Raivo Korstnik\",\"description\":\"\",\"potentialAction\":[{\"@type\":\"SearchAction\",\"target\":{\"@type\":\"EntryPoint\",\"urlTemplate\":\"https:\\\/\\\/raivo.korstnik.eu\\\/?s={search_term_string}\"},\"query-input\":{\"@type\":\"PropertyValueSpecification\",\"valueRequired\":true,\"valueName\":\"search_term_string\"}}],\"inLanguage\":\"en-GB\"}]}<\/script>\n<!-- \/ Yoast SEO plugin. -->","yoast_head_json":{"title":"Niguliste torn - Raivo Korstnik","robots":{"index":"index","follow":"follow","max-snippet":"max-snippet:-1","max-image-preview":"max-image-preview:large","max-video-preview":"max-video-preview:-1"},"canonical":"https:\/\/raivo.korstnik.eu\/en\/kataloog\/444\/","og_locale":"en_GB","og_type":"article","og_title":"Niguliste torn - Raivo Korstnik","og_description":"Esialgu Noaris m\u00fc\u00fcgil: 1700 8. Raivo Korstnik. Vaade Nigulistele.1980-ndad. \u00d5li. Papp. 49.9 x 34.7 cm. Alghind: 3000 \u20ac Haamrihind: 3400 \u20ac Alghind: 3000 \u20ac Haamrihind: 3400 \u20ac Kunstiteos tuleb enampakkumisele ainult kunstioksjonil 15 aprillil 2023. Kodulehel on hetkel avaldatud osa enampakkumisele minevatest t\u00f6\u00f6dest. Uusi oksjonile minevaid teoseid lisame kodulehele jooksvalt juurde. Teos v\u00f5ib olla ajendatud &hellip; Niguliste torn Read More &raquo;","og_url":"https:\/\/raivo.korstnik.eu\/en\/kataloog\/444\/","og_site_name":"Raivo Korstnik","article_modified_time":"2024-09-20T11:02:38+00:00","og_image":[{"width":669,"height":966,"url":"https:\/\/raivo.korstnik.eu\/wp-content\/uploads\/175.png","type":"image\/png"}],"twitter_card":"summary_large_image","twitter_misc":{"Estimated reading time":"1 minute"},"schema":{"@context":"https:\/\/schema.org","@graph":[{"@type":"WebPage","@id":"https:\/\/raivo.korstnik.eu\/kataloog\/444\/","url":"https:\/\/raivo.korstnik.eu\/kataloog\/444\/","name":"Niguliste torn - Raivo Korstnik","isPartOf":{"@id":"https:\/\/raivo.korstnik.eu\/#website"},"primaryImageOfPage":{"@id":"https:\/\/raivo.korstnik.eu\/kataloog\/444\/#primaryimage"},"image":{"@id":"https:\/\/raivo.korstnik.eu\/kataloog\/444\/#primaryimage"},"thumbnailUrl":"https:\/\/raivo.korstnik.eu\/wp-content\/uploads\/175.png","datePublished":"2021-02-20T15:11:02+00:00","dateModified":"2024-09-20T11:02:38+00:00","breadcrumb":{"@id":"https:\/\/raivo.korstnik.eu\/kataloog\/444\/#breadcrumb"},"inLanguage":"en-GB","potentialAction":[{"@type":"ReadAction","target":["https:\/\/raivo.korstnik.eu\/kataloog\/444\/"]}]},{"@type":"ImageObject","inLanguage":"en-GB","@id":"https:\/\/raivo.korstnik.eu\/kataloog\/444\/#primaryimage","url":"https:\/\/raivo.korstnik.eu\/wp-content\/uploads\/175.png","contentUrl":"https:\/\/raivo.korstnik.eu\/wp-content\/uploads\/175.png","width":669,"height":966},{"@type":"BreadcrumbList","@id":"https:\/\/raivo.korstnik.eu\/kataloog\/444\/#breadcrumb","itemListElement":[{"@type":"ListItem","position":1,"name":"Home","item":"https:\/\/raivo.korstnik.eu\/"},{"@type":"ListItem","position":2,"name":"Teosed","item":"https:\/\/raivo.korstnik.eu\/teosed\/"},{"@type":"ListItem","position":3,"name":"Niguliste torn"}]},{"@type":"WebSite","@id":"https:\/\/raivo.korstnik.eu\/#website","url":"https:\/\/raivo.korstnik.eu\/","name":"Raivo Korstnik","description":"","potentialAction":[{"@type":"SearchAction","target":{"@type":"EntryPoint","urlTemplate":"https:\/\/raivo.korstnik.eu\/?s={search_term_string}"},"query-input":{"@type":"PropertyValueSpecification","valueRequired":true,"valueName":"search_term_string"}}],"inLanguage":"en-GB"}]}},"_links":{"self":[{"href":"https:\/\/raivo.korstnik.eu\/en\/wp-json\/wp\/v2\/product\/2688","targetHints":{"allow":["GET"]}}],"collection":[{"href":"https:\/\/raivo.korstnik.eu\/en\/wp-json\/wp\/v2\/product"}],"about":[{"href":"https:\/\/raivo.korstnik.eu\/en\/wp-json\/wp\/v2\/types\/product"}],"wp:featuredmedia":[{"embeddable":true,"href":"https:\/\/raivo.korstnik.eu\/en\/wp-json\/wp\/v2\/media\/2695"}],"wp:attachment":[{"href":"https:\/\/raivo.korstnik.eu\/en\/wp-json\/wp\/v2\/media?parent=2688"}],"wp:term":[{"taxonomy":"product_brand","embeddable":true,"href":"https:\/\/raivo.korstnik.eu\/en\/wp-json\/wp\/v2\/product_brand?post=2688"},{"taxonomy":"product_cat","embeddable":true,"href":"https:\/\/raivo.korstnik.eu\/en\/wp-json\/wp\/v2\/product_cat?post=2688"},{"taxonomy":"product_tag","embeddable":true,"href":"https:\/\/raivo.korstnik.eu\/en\/wp-json\/wp\/v2\/product_tag?post=2688"}],"curies":[{"name":"wp","href":"https:\/\/api.w.org\/{rel}","templated":true}]}}