{"id":2779,"date":"2021-02-20T15:22:13","date_gmt":"2021-02-20T15:22:13","guid":{"rendered":"https:\/\/www.lennuk.eu\/korstnik\/korstnik\/raivo\/?post_type=product&#038;p=2779"},"modified":"2023-02-16T20:26:40","modified_gmt":"2023-02-16T20:26:40","slug":"463","status":"publish","type":"product","link":"https:\/\/raivo.korstnik.eu\/en\/kataloog\/463\/","title":{"rendered":"T\u00f6\u00f6lised"},"content":{"rendered":"<p>Raivo Korstnik l\u00f5petas ERKI maali erialal 1957. aastal koos Nikolai Korma\u0161ovi ja Rein Raamatuga. Tema varasem laad oli vorme lihtsustav ja kontuure toonitav, pindu kergelt t\u00e4ppiv, veidi h\u00f5redas ja kuivav\u00f5itu pintslikirjas kattev. Ta paistis silma nii maastiku- kui ka kompositsioonimaalijana. K\u00e4esolev teos on meelde j\u00e4\u00e4nud 1961. aasta kevadn\u00e4ituselt t\u00e4nu terviklikule lahendusele, ilmekale joonistusele ja tolleaegse talvehommikuse linna h\u00e4stitabatud meeleolule.<\/p>\n<p>All paremal: RK \u2013 61. P\u00f6\u00f6rdel: variant samast kompositsioonist.<\/p>\n<div class=\"description woocommerce-product-details__short-description\">\n<p>Alghind: 2600 \u20ac<\/p>\n<p>Haamrihind:<\/p>\n<p>NB! Antud teost ei saa osta e-poest. Kunstiteos tuleb enampakkumisele ainult kunstioksjonil p\u00fchap\u00e4eval, 30.mail 2021.<br \/>\nUusi oksjonile minevaid teoseid lisame kodulehele jooksvalt juurde.<\/p>\n<blockquote class=\"wp-embedded-content\" data-secret=\"gjU882UMa3\"><p><a href=\"https:\/\/vernissage.ee\/toode\/raivo-korstnik-1932-1999\/\">78. Raivo Korstnik. T\u00f6\u00f6le. 1961. \u00d5limaal. 70.5 \u00d7 97. Alghind: 2600 \u20ac Haamrihind: 4100 \u20ac<\/a><\/p><\/blockquote>\n<p><iframe class=\"wp-embedded-content\" sandbox=\"allow-scripts\" security=\"restricted\" style=\"position: absolute; visibility: hidden;\" title=\"&#8220;78. Raivo Korstnik. T\u00f6\u00f6le. 1961. \u00d5limaal. 70.5 \u00d7 97. Alghind: 2600 \u20ac Haamrihind: 4100 \u20ac&#8221; &#8212; VERNISSAGE kunstigalerii\" src=\"https:\/\/vernissage.ee\/toode\/raivo-korstnik-1932-1999\/embed\/#?secret=gjU882UMa3\" data-secret=\"gjU882UMa3\" width=\"500\" height=\"282\" frameborder=\"0\" marginwidth=\"0\" marginheight=\"0\" scrolling=\"no\"><\/iframe><\/p>\n<\/div>","protected":false},"excerpt":{"rendered":"<p>Raivo Korstnik l\u00f5petas ERKI maali erialal 1957. aastal koos Nikolai Korma\u0161ovi ja Rein Raamatuga. Tema varasem laad oli vorme lihtsustav ja kontuure toonitav, pindu kergelt t\u00e4ppiv, veidi h\u00f5redas ja kuivav\u00f5itu pintslikirjas kattev. Ta paistis silma nii maastiku- kui ka kompositsioonimaalijana. K\u00e4esolev teos on meelde j\u00e4\u00e4nud 1961. aasta kevadn\u00e4ituselt t\u00e4nu terviklikule lahendusele, ilmekale joonistusele ja tolleaegse &hellip;<\/p>\n<p class=\"read-more\"> <a class=\"\" href=\"https:\/\/raivo.korstnik.eu\/en\/kataloog\/463\/\"> <span class=\"screen-reader-text\">T\u00f6\u00f6lised<\/span> Read More &raquo;<\/a><\/p>","protected":false},"featured_media":3259,"template":"","meta":[],"product_brand":[],"product_cat":[110,114,22,112],"product_tag":[123,124,121,33,147,138,132],"class_list":{"0":"post-2779","1":"product","2":"type-product","3":"status-publish","4":"has-post-thumbnail","6":"product_cat-figuraalne","7":"product_cat-portreed","8":"product_cat-portreed-ja-aktid","9":"product_cat-soviet","10":"product_tag-moodne","11":"product_tag-perekogu","12":"product_tag-portree","13":"product_tag-raamitud","14":"product_tag-tagasivaates-fahle-galeriis","15":"product_tag-tartu-tanavatel-tartu-kunstimajas","16":"product_tag-vernissage","18":"first","19":"outofstock","20":"shipping-taxable","21":"product-type-simple"},"yoast_head":"<!-- This site is optimized with the Yoast SEO plugin v27.4 - https:\/\/yoast.com\/product\/yoast-seo-wordpress\/ -->\n<title>T\u00f6\u00f6lised - Raivo Korstnik<\/title>\n<meta name=\"robots\" content=\"index, follow, max-snippet:-1, max-image-preview:large, max-video-preview:-1\" \/>\n<link rel=\"canonical\" href=\"https:\/\/raivo.korstnik.eu\/en\/kataloog\/463\/\" \/>\n<meta property=\"og:locale\" content=\"en_GB\" \/>\n<meta property=\"og:type\" content=\"article\" \/>\n<meta property=\"og:title\" content=\"T\u00f6\u00f6lised - Raivo Korstnik\" \/>\n<meta property=\"og:description\" content=\"Raivo Korstnik l\u00f5petas ERKI maali erialal 1957. aastal koos Nikolai Korma\u0161ovi ja Rein Raamatuga. Tema varasem laad oli vorme lihtsustav ja kontuure toonitav, pindu kergelt t\u00e4ppiv, veidi h\u00f5redas ja kuivav\u00f5itu pintslikirjas kattev. Ta paistis silma nii maastiku- kui ka kompositsioonimaalijana. K\u00e4esolev teos on meelde j\u00e4\u00e4nud 1961. aasta kevadn\u00e4ituselt t\u00e4nu terviklikule lahendusele, ilmekale joonistusele ja tolleaegse &hellip; T\u00f6\u00f6lised Read More &raquo;\" \/>\n<meta property=\"og:url\" content=\"https:\/\/raivo.korstnik.eu\/en\/kataloog\/463\/\" \/>\n<meta property=\"og:site_name\" content=\"Raivo Korstnik\" \/>\n<meta property=\"article:modified_time\" content=\"2023-02-16T20:26:40+00:00\" \/>\n<meta property=\"og:image\" content=\"https:\/\/raivo.korstnik.eu\/wp-content\/uploads\/toolised-1024x757.png\" \/>\n\t<meta property=\"og:image:width\" content=\"1024\" \/>\n\t<meta property=\"og:image:height\" content=\"757\" \/>\n\t<meta property=\"og:image:type\" content=\"image\/png\" \/>\n<meta name=\"twitter:card\" content=\"summary_large_image\" \/>\n<meta name=\"twitter:label1\" content=\"Estimated reading time\" \/>\n\t<meta name=\"twitter:data1\" content=\"1 minute\" \/>\n<script type=\"application\/ld+json\" class=\"yoast-schema-graph\">{\"@context\":\"https:\\\/\\\/schema.org\",\"@graph\":[{\"@type\":\"WebPage\",\"@id\":\"https:\\\/\\\/raivo.korstnik.eu\\\/kataloog\\\/463\\\/\",\"url\":\"https:\\\/\\\/raivo.korstnik.eu\\\/kataloog\\\/463\\\/\",\"name\":\"T\u00f6\u00f6lised - Raivo Korstnik\",\"isPartOf\":{\"@id\":\"https:\\\/\\\/raivo.korstnik.eu\\\/#website\"},\"primaryImageOfPage\":{\"@id\":\"https:\\\/\\\/raivo.korstnik.eu\\\/kataloog\\\/463\\\/#primaryimage\"},\"image\":{\"@id\":\"https:\\\/\\\/raivo.korstnik.eu\\\/kataloog\\\/463\\\/#primaryimage\"},\"thumbnailUrl\":\"https:\\\/\\\/raivo.korstnik.eu\\\/wp-content\\\/uploads\\\/toolised.png\",\"datePublished\":\"2021-02-20T15:22:13+00:00\",\"dateModified\":\"2023-02-16T20:26:40+00:00\",\"breadcrumb\":{\"@id\":\"https:\\\/\\\/raivo.korstnik.eu\\\/kataloog\\\/463\\\/#breadcrumb\"},\"inLanguage\":\"en-GB\",\"potentialAction\":[{\"@type\":\"ReadAction\",\"target\":[\"https:\\\/\\\/raivo.korstnik.eu\\\/kataloog\\\/463\\\/\"]}]},{\"@type\":\"ImageObject\",\"inLanguage\":\"en-GB\",\"@id\":\"https:\\\/\\\/raivo.korstnik.eu\\\/kataloog\\\/463\\\/#primaryimage\",\"url\":\"https:\\\/\\\/raivo.korstnik.eu\\\/wp-content\\\/uploads\\\/toolised.png\",\"contentUrl\":\"https:\\\/\\\/raivo.korstnik.eu\\\/wp-content\\\/uploads\\\/toolised.png\",\"width\":1462,\"height\":1081},{\"@type\":\"BreadcrumbList\",\"@id\":\"https:\\\/\\\/raivo.korstnik.eu\\\/kataloog\\\/463\\\/#breadcrumb\",\"itemListElement\":[{\"@type\":\"ListItem\",\"position\":1,\"name\":\"Home\",\"item\":\"https:\\\/\\\/raivo.korstnik.eu\\\/\"},{\"@type\":\"ListItem\",\"position\":2,\"name\":\"Teosed\",\"item\":\"https:\\\/\\\/raivo.korstnik.eu\\\/teosed\\\/\"},{\"@type\":\"ListItem\",\"position\":3,\"name\":\"T\u00f6\u00f6lised\"}]},{\"@type\":\"WebSite\",\"@id\":\"https:\\\/\\\/raivo.korstnik.eu\\\/#website\",\"url\":\"https:\\\/\\\/raivo.korstnik.eu\\\/\",\"name\":\"Raivo Korstnik\",\"description\":\"\",\"potentialAction\":[{\"@type\":\"SearchAction\",\"target\":{\"@type\":\"EntryPoint\",\"urlTemplate\":\"https:\\\/\\\/raivo.korstnik.eu\\\/?s={search_term_string}\"},\"query-input\":{\"@type\":\"PropertyValueSpecification\",\"valueRequired\":true,\"valueName\":\"search_term_string\"}}],\"inLanguage\":\"en-GB\"}]}<\/script>\n<!-- \/ Yoast SEO plugin. -->","yoast_head_json":{"title":"T\u00f6\u00f6lised - Raivo Korstnik","robots":{"index":"index","follow":"follow","max-snippet":"max-snippet:-1","max-image-preview":"max-image-preview:large","max-video-preview":"max-video-preview:-1"},"canonical":"https:\/\/raivo.korstnik.eu\/en\/kataloog\/463\/","og_locale":"en_GB","og_type":"article","og_title":"T\u00f6\u00f6lised - Raivo Korstnik","og_description":"Raivo Korstnik l\u00f5petas ERKI maali erialal 1957. aastal koos Nikolai Korma\u0161ovi ja Rein Raamatuga. Tema varasem laad oli vorme lihtsustav ja kontuure toonitav, pindu kergelt t\u00e4ppiv, veidi h\u00f5redas ja kuivav\u00f5itu pintslikirjas kattev. Ta paistis silma nii maastiku- kui ka kompositsioonimaalijana. K\u00e4esolev teos on meelde j\u00e4\u00e4nud 1961. aasta kevadn\u00e4ituselt t\u00e4nu terviklikule lahendusele, ilmekale joonistusele ja tolleaegse &hellip; T\u00f6\u00f6lised Read More &raquo;","og_url":"https:\/\/raivo.korstnik.eu\/en\/kataloog\/463\/","og_site_name":"Raivo Korstnik","article_modified_time":"2023-02-16T20:26:40+00:00","og_image":[{"width":1024,"height":757,"url":"https:\/\/raivo.korstnik.eu\/wp-content\/uploads\/toolised-1024x757.png","type":"image\/png"}],"twitter_card":"summary_large_image","twitter_misc":{"Estimated reading time":"1 minute"},"schema":{"@context":"https:\/\/schema.org","@graph":[{"@type":"WebPage","@id":"https:\/\/raivo.korstnik.eu\/kataloog\/463\/","url":"https:\/\/raivo.korstnik.eu\/kataloog\/463\/","name":"T\u00f6\u00f6lised - Raivo Korstnik","isPartOf":{"@id":"https:\/\/raivo.korstnik.eu\/#website"},"primaryImageOfPage":{"@id":"https:\/\/raivo.korstnik.eu\/kataloog\/463\/#primaryimage"},"image":{"@id":"https:\/\/raivo.korstnik.eu\/kataloog\/463\/#primaryimage"},"thumbnailUrl":"https:\/\/raivo.korstnik.eu\/wp-content\/uploads\/toolised.png","datePublished":"2021-02-20T15:22:13+00:00","dateModified":"2023-02-16T20:26:40+00:00","breadcrumb":{"@id":"https:\/\/raivo.korstnik.eu\/kataloog\/463\/#breadcrumb"},"inLanguage":"en-GB","potentialAction":[{"@type":"ReadAction","target":["https:\/\/raivo.korstnik.eu\/kataloog\/463\/"]}]},{"@type":"ImageObject","inLanguage":"en-GB","@id":"https:\/\/raivo.korstnik.eu\/kataloog\/463\/#primaryimage","url":"https:\/\/raivo.korstnik.eu\/wp-content\/uploads\/toolised.png","contentUrl":"https:\/\/raivo.korstnik.eu\/wp-content\/uploads\/toolised.png","width":1462,"height":1081},{"@type":"BreadcrumbList","@id":"https:\/\/raivo.korstnik.eu\/kataloog\/463\/#breadcrumb","itemListElement":[{"@type":"ListItem","position":1,"name":"Home","item":"https:\/\/raivo.korstnik.eu\/"},{"@type":"ListItem","position":2,"name":"Teosed","item":"https:\/\/raivo.korstnik.eu\/teosed\/"},{"@type":"ListItem","position":3,"name":"T\u00f6\u00f6lised"}]},{"@type":"WebSite","@id":"https:\/\/raivo.korstnik.eu\/#website","url":"https:\/\/raivo.korstnik.eu\/","name":"Raivo Korstnik","description":"","potentialAction":[{"@type":"SearchAction","target":{"@type":"EntryPoint","urlTemplate":"https:\/\/raivo.korstnik.eu\/?s={search_term_string}"},"query-input":{"@type":"PropertyValueSpecification","valueRequired":true,"valueName":"search_term_string"}}],"inLanguage":"en-GB"}]}},"_links":{"self":[{"href":"https:\/\/raivo.korstnik.eu\/en\/wp-json\/wp\/v2\/product\/2779","targetHints":{"allow":["GET"]}}],"collection":[{"href":"https:\/\/raivo.korstnik.eu\/en\/wp-json\/wp\/v2\/product"}],"about":[{"href":"https:\/\/raivo.korstnik.eu\/en\/wp-json\/wp\/v2\/types\/product"}],"wp:featuredmedia":[{"embeddable":true,"href":"https:\/\/raivo.korstnik.eu\/en\/wp-json\/wp\/v2\/media\/3259"}],"wp:attachment":[{"href":"https:\/\/raivo.korstnik.eu\/en\/wp-json\/wp\/v2\/media?parent=2779"}],"wp:term":[{"taxonomy":"product_brand","embeddable":true,"href":"https:\/\/raivo.korstnik.eu\/en\/wp-json\/wp\/v2\/product_brand?post=2779"},{"taxonomy":"product_cat","embeddable":true,"href":"https:\/\/raivo.korstnik.eu\/en\/wp-json\/wp\/v2\/product_cat?post=2779"},{"taxonomy":"product_tag","embeddable":true,"href":"https:\/\/raivo.korstnik.eu\/en\/wp-json\/wp\/v2\/product_tag?post=2779"}],"curies":[{"name":"wp","href":"https:\/\/api.w.org\/{rel}","templated":true}]}}