{"id":2893,"date":"2021-02-20T15:41:28","date_gmt":"2021-02-20T15:41:28","guid":{"rendered":"https:\/\/www.lennuk.eu\/korstnik\/korstnik\/raivo\/?post_type=product&#038;p=2893"},"modified":"2023-03-26T23:03:07","modified_gmt":"2023-03-26T23:03:07","slug":"900","status":"publish","type":"product","link":"https:\/\/raivo.korstnik.eu\/en\/kataloog\/900\/","title":{"rendered":"Vastuv\u00f5tul"},"content":{"rendered":"<p>&#8220;Vastuv\u00f5tul&#8221; 67,5&#215;96 1955-60 RKorstnik alusraam \u00f5li\/l\u00f5uend, m\u00fc\u00fcdud Noari kaudu juuni 2021. 6500\u20ac, honorar 4225\u20ac<\/p>","protected":false},"excerpt":{"rendered":"<p>&#8220;Vastuv\u00f5tul&#8221; 67,5&#215;96 1955-60 RKorstnik alusraam \u00f5li\/l\u00f5uend, m\u00fc\u00fcdud Noari kaudu juuni 2021. 6500\u20ac, honorar 4225\u20ac<\/p>","protected":false},"featured_media":2895,"template":"","meta":[],"product_brand":[],"product_cat":[110,114,22,112],"product_tag":[146,137,133,121,129,149,125,147,138],"class_list":{"0":"post-2893","1":"product","2":"type-product","3":"status-publish","4":"has-post-thumbnail","6":"product_cat-figuraalne","7":"product_cat-portreed","8":"product_cat-portreed-ja-aktid","9":"product_cat-soviet","10":"product_tag-meri-ja-naised-ruhnu-kultuuriaidas","11":"product_tag-meri-ja-naised-viinistu-kunstimuuseumis","12":"product_tag-noar","13":"product_tag-portree","14":"product_tag-raamil","15":"product_tag-sotsrealismist-modernismini-avangardis","16":"product_tag-soviet","17":"product_tag-tagasivaates-fahle-galeriis","18":"product_tag-tartu-tanavatel-tartu-kunstimajas","20":"first","21":"outofstock","22":"shipping-taxable","23":"purchasable","24":"product-type-simple"},"yoast_head":"<!-- This site is optimized with the Yoast SEO plugin v27.4 - https:\/\/yoast.com\/product\/yoast-seo-wordpress\/ -->\n<title>Vastuv\u00f5tul - Raivo Korstnik<\/title>\n<meta name=\"robots\" content=\"index, follow, max-snippet:-1, max-image-preview:large, max-video-preview:-1\" \/>\n<link rel=\"canonical\" href=\"https:\/\/raivo.korstnik.eu\/en\/kataloog\/900\/\" \/>\n<meta property=\"og:locale\" content=\"en_GB\" \/>\n<meta property=\"og:type\" content=\"article\" \/>\n<meta property=\"og:title\" content=\"Vastuv\u00f5tul - Raivo Korstnik\" \/>\n<meta property=\"og:description\" content=\"&#8220;Vastuv\u00f5tul&#8221; 67,5&#215;96 1955-60 RKorstnik alusraam \u00f5li\/l\u00f5uend, m\u00fc\u00fcdud Noari kaudu juuni 2021. 6500\u20ac, honorar 4225\u20ac\" \/>\n<meta property=\"og:url\" content=\"https:\/\/raivo.korstnik.eu\/en\/kataloog\/900\/\" \/>\n<meta property=\"og:site_name\" content=\"Raivo Korstnik\" \/>\n<meta property=\"article:modified_time\" content=\"2023-03-26T23:03:07+00:00\" \/>\n<meta property=\"og:image\" content=\"https:\/\/raivo.korstnik.eu\/wp-content\/uploads\/240.png\" \/>\n\t<meta property=\"og:image:width\" content=\"705\" \/>\n\t<meta property=\"og:image:height\" content=\"1010\" \/>\n\t<meta property=\"og:image:type\" content=\"image\/png\" \/>\n<meta name=\"twitter:card\" content=\"summary_large_image\" \/>\n<meta name=\"twitter:label1\" content=\"Estimated reading time\" \/>\n\t<meta name=\"twitter:data1\" content=\"1 minute\" \/>\n<script type=\"application\/ld+json\" class=\"yoast-schema-graph\">{\"@context\":\"https:\\\/\\\/schema.org\",\"@graph\":[{\"@type\":\"WebPage\",\"@id\":\"https:\\\/\\\/raivo.korstnik.eu\\\/kataloog\\\/900\\\/\",\"url\":\"https:\\\/\\\/raivo.korstnik.eu\\\/kataloog\\\/900\\\/\",\"name\":\"Vastuv\u00f5tul - Raivo Korstnik\",\"isPartOf\":{\"@id\":\"https:\\\/\\\/raivo.korstnik.eu\\\/#website\"},\"primaryImageOfPage\":{\"@id\":\"https:\\\/\\\/raivo.korstnik.eu\\\/kataloog\\\/900\\\/#primaryimage\"},\"image\":{\"@id\":\"https:\\\/\\\/raivo.korstnik.eu\\\/kataloog\\\/900\\\/#primaryimage\"},\"thumbnailUrl\":\"https:\\\/\\\/raivo.korstnik.eu\\\/wp-content\\\/uploads\\\/240.png\",\"datePublished\":\"2021-02-20T15:41:28+00:00\",\"dateModified\":\"2023-03-26T23:03:07+00:00\",\"breadcrumb\":{\"@id\":\"https:\\\/\\\/raivo.korstnik.eu\\\/kataloog\\\/900\\\/#breadcrumb\"},\"inLanguage\":\"en-GB\",\"potentialAction\":[{\"@type\":\"ReadAction\",\"target\":[\"https:\\\/\\\/raivo.korstnik.eu\\\/kataloog\\\/900\\\/\"]}]},{\"@type\":\"ImageObject\",\"inLanguage\":\"en-GB\",\"@id\":\"https:\\\/\\\/raivo.korstnik.eu\\\/kataloog\\\/900\\\/#primaryimage\",\"url\":\"https:\\\/\\\/raivo.korstnik.eu\\\/wp-content\\\/uploads\\\/240.png\",\"contentUrl\":\"https:\\\/\\\/raivo.korstnik.eu\\\/wp-content\\\/uploads\\\/240.png\",\"width\":705,\"height\":1010},{\"@type\":\"BreadcrumbList\",\"@id\":\"https:\\\/\\\/raivo.korstnik.eu\\\/kataloog\\\/900\\\/#breadcrumb\",\"itemListElement\":[{\"@type\":\"ListItem\",\"position\":1,\"name\":\"Home\",\"item\":\"https:\\\/\\\/raivo.korstnik.eu\\\/\"},{\"@type\":\"ListItem\",\"position\":2,\"name\":\"Teosed\",\"item\":\"https:\\\/\\\/raivo.korstnik.eu\\\/teosed\\\/\"},{\"@type\":\"ListItem\",\"position\":3,\"name\":\"Vastuv\u00f5tul\"}]},{\"@type\":\"WebSite\",\"@id\":\"https:\\\/\\\/raivo.korstnik.eu\\\/#website\",\"url\":\"https:\\\/\\\/raivo.korstnik.eu\\\/\",\"name\":\"Raivo Korstnik\",\"description\":\"\",\"potentialAction\":[{\"@type\":\"SearchAction\",\"target\":{\"@type\":\"EntryPoint\",\"urlTemplate\":\"https:\\\/\\\/raivo.korstnik.eu\\\/?s={search_term_string}\"},\"query-input\":{\"@type\":\"PropertyValueSpecification\",\"valueRequired\":true,\"valueName\":\"search_term_string\"}}],\"inLanguage\":\"en-GB\"}]}<\/script>\n<!-- \/ Yoast SEO plugin. -->","yoast_head_json":{"title":"Vastuv\u00f5tul - Raivo Korstnik","robots":{"index":"index","follow":"follow","max-snippet":"max-snippet:-1","max-image-preview":"max-image-preview:large","max-video-preview":"max-video-preview:-1"},"canonical":"https:\/\/raivo.korstnik.eu\/en\/kataloog\/900\/","og_locale":"en_GB","og_type":"article","og_title":"Vastuv\u00f5tul - Raivo Korstnik","og_description":"&#8220;Vastuv\u00f5tul&#8221; 67,5&#215;96 1955-60 RKorstnik alusraam \u00f5li\/l\u00f5uend, m\u00fc\u00fcdud Noari kaudu juuni 2021. 6500\u20ac, honorar 4225\u20ac","og_url":"https:\/\/raivo.korstnik.eu\/en\/kataloog\/900\/","og_site_name":"Raivo Korstnik","article_modified_time":"2023-03-26T23:03:07+00:00","og_image":[{"width":705,"height":1010,"url":"https:\/\/raivo.korstnik.eu\/wp-content\/uploads\/240.png","type":"image\/png"}],"twitter_card":"summary_large_image","twitter_misc":{"Estimated reading time":"1 minute"},"schema":{"@context":"https:\/\/schema.org","@graph":[{"@type":"WebPage","@id":"https:\/\/raivo.korstnik.eu\/kataloog\/900\/","url":"https:\/\/raivo.korstnik.eu\/kataloog\/900\/","name":"Vastuv\u00f5tul - Raivo Korstnik","isPartOf":{"@id":"https:\/\/raivo.korstnik.eu\/#website"},"primaryImageOfPage":{"@id":"https:\/\/raivo.korstnik.eu\/kataloog\/900\/#primaryimage"},"image":{"@id":"https:\/\/raivo.korstnik.eu\/kataloog\/900\/#primaryimage"},"thumbnailUrl":"https:\/\/raivo.korstnik.eu\/wp-content\/uploads\/240.png","datePublished":"2021-02-20T15:41:28+00:00","dateModified":"2023-03-26T23:03:07+00:00","breadcrumb":{"@id":"https:\/\/raivo.korstnik.eu\/kataloog\/900\/#breadcrumb"},"inLanguage":"en-GB","potentialAction":[{"@type":"ReadAction","target":["https:\/\/raivo.korstnik.eu\/kataloog\/900\/"]}]},{"@type":"ImageObject","inLanguage":"en-GB","@id":"https:\/\/raivo.korstnik.eu\/kataloog\/900\/#primaryimage","url":"https:\/\/raivo.korstnik.eu\/wp-content\/uploads\/240.png","contentUrl":"https:\/\/raivo.korstnik.eu\/wp-content\/uploads\/240.png","width":705,"height":1010},{"@type":"BreadcrumbList","@id":"https:\/\/raivo.korstnik.eu\/kataloog\/900\/#breadcrumb","itemListElement":[{"@type":"ListItem","position":1,"name":"Home","item":"https:\/\/raivo.korstnik.eu\/"},{"@type":"ListItem","position":2,"name":"Teosed","item":"https:\/\/raivo.korstnik.eu\/teosed\/"},{"@type":"ListItem","position":3,"name":"Vastuv\u00f5tul"}]},{"@type":"WebSite","@id":"https:\/\/raivo.korstnik.eu\/#website","url":"https:\/\/raivo.korstnik.eu\/","name":"Raivo Korstnik","description":"","potentialAction":[{"@type":"SearchAction","target":{"@type":"EntryPoint","urlTemplate":"https:\/\/raivo.korstnik.eu\/?s={search_term_string}"},"query-input":{"@type":"PropertyValueSpecification","valueRequired":true,"valueName":"search_term_string"}}],"inLanguage":"en-GB"}]}},"_links":{"self":[{"href":"https:\/\/raivo.korstnik.eu\/en\/wp-json\/wp\/v2\/product\/2893","targetHints":{"allow":["GET"]}}],"collection":[{"href":"https:\/\/raivo.korstnik.eu\/en\/wp-json\/wp\/v2\/product"}],"about":[{"href":"https:\/\/raivo.korstnik.eu\/en\/wp-json\/wp\/v2\/types\/product"}],"wp:featuredmedia":[{"embeddable":true,"href":"https:\/\/raivo.korstnik.eu\/en\/wp-json\/wp\/v2\/media\/2895"}],"wp:attachment":[{"href":"https:\/\/raivo.korstnik.eu\/en\/wp-json\/wp\/v2\/media?parent=2893"}],"wp:term":[{"taxonomy":"product_brand","embeddable":true,"href":"https:\/\/raivo.korstnik.eu\/en\/wp-json\/wp\/v2\/product_brand?post=2893"},{"taxonomy":"product_cat","embeddable":true,"href":"https:\/\/raivo.korstnik.eu\/en\/wp-json\/wp\/v2\/product_cat?post=2893"},{"taxonomy":"product_tag","embeddable":true,"href":"https:\/\/raivo.korstnik.eu\/en\/wp-json\/wp\/v2\/product_tag?post=2893"}],"curies":[{"name":"wp","href":"https:\/\/api.w.org\/{rel}","templated":true}]}}