{"id":3264,"date":"2021-02-21T21:14:26","date_gmt":"2021-02-21T21:14:26","guid":{"rendered":"https:\/\/www.lennuk.eu\/korstnik\/korstnik\/raivo\/?post_type=product&#038;p=3264"},"modified":"2023-02-16T22:32:22","modified_gmt":"2023-02-16T22:32:22","slug":"603","status":"publish","type":"product","link":"https:\/\/raivo.korstnik.eu\/en\/kataloog\/603\/","title":{"rendered":"Akt"},"content":{"rendered":"<p>Raivo Korstnik. Akt .1992. \u00d5li, l\u00f5uend. 63 x 60 cm.<br \/>\nAlghind:\u00a0 3500 \u20ac Haamrihind:\u00a0 3500\u20ac<\/p>\n<p>NB! Antud teost ei saa osta e-poest. Kunstiteos tuleb enampakkumisele ainult kunstioksjonil 20 &amp; 21 novembril 2021.<\/p>\n<p>All paremal: RK 92 Alusraamil \u00fclal: RAIVO KORSTNIK \u201cAKT\u201d 1992.a. \u00f5li\/l\u00f5uend 63 x 60<\/p>\n<blockquote class=\"wp-embedded-content\" data-secret=\"FsR3GBvZo8\"><p><a href=\"https:\/\/vernissage.ee\/toode\/raivo-korstnik-akt-1992-oli-louend-63-x-60-cm-alghind-3500-e\/\">Raivo Korstnik. Akt.1992. \u00d5li, l\u00f5uend. 63 x 60 cm. Alghind: 3500 \u20ac Haamrihind:\u00a03500 \u20ac<\/a><\/p><\/blockquote>\n<p><iframe class=\"wp-embedded-content\" sandbox=\"allow-scripts\" security=\"restricted\" style=\"position: absolute; visibility: hidden;\" title=\"&#8220;Raivo Korstnik. Akt.1992. \u00d5li, l\u00f5uend. 63 x 60 cm. Alghind: 3500 \u20ac Haamrihind:\u00a03500 \u20ac&#8221; &#8212; VERNISSAGE kunstigalerii\" src=\"https:\/\/vernissage.ee\/toode\/raivo-korstnik-akt-1992-oli-louend-63-x-60-cm-alghind-3500-e\/embed\/#?secret=FsR3GBvZo8\" data-secret=\"FsR3GBvZo8\" width=\"500\" height=\"282\" frameborder=\"0\" marginwidth=\"0\" marginheight=\"0\" scrolling=\"no\"><\/iframe><\/p>","protected":false},"excerpt":{"rendered":"<p>Raivo Korstnik oli kriitika t\u00e4helepanu orbiidis 1960ndate keskpaigani ning j\u00e4i seej\u00e4rel kuidagi varju, v\u00f5ib-olla t\u00f6\u00f6koormuse t\u00f5ttu kunstipedagoogina, mis m\u00f5nev\u00f5rra p\u00e4rssis loomingulist tegevust. T\u00f5si k\u00fcll, tema looming \u00e4ratas Ninel Ziterovas t\u00f5sist huvi, kes korraldas 1974. aastal Eesti Kunstimuuseumis n\u00e4ituse 1960ndate kunstist, r\u00f5hutades selle uuendusmeelset vaimu. Korstniku k\u00fcmnendi keskpaigaks v\u00e4ljakujunenud s\u00fcrrealismih\u00f5nguline, intensiivse koloriidi ja kumavate vormidega laad t\u00f5usis esile 1960ndatele p\u00fchendatud n\u00e4itusel \u201cFenomeni rekonstruktsioon\u201d R\u00fc\u00fctelkonna hoones 1996. aastal. Kuid ta l\u00f5i h\u00e4id maale hiljemgi, mille kinnituseks on see julge konstruktiivse joonega, v\u00e4rvikas maal aktist ateljeemilj\u00f6\u00f6s.<\/p>\n<p>\u00dcks R.Korstniku viimaseid t\u00f6id. Seina \u00e4\u00e4res istuvast, j\u00f5uliselt plastilises k\u00e4sitluses figuurist on osa \u00e4ra l\u00f5igatud, mis teispool l\u00f5ikejoont on muundunud geomeetrilis-abstraktseka kujundiks laual.<\/p>\n<p>Teksti allikas: Vernissage.ee<\/p>","protected":false},"featured_media":3889,"template":"","meta":[],"product_brand":[],"product_cat":[21,113,110,22],"product_tag":[120,123,129,132],"class_list":{"0":"post-3264","1":"product","2":"type-product","3":"status-publish","4":"has-post-thumbnail","6":"product_cat-moodne","7":"product_cat-aktid","8":"product_cat-figuraalne","9":"product_cat-portreed-ja-aktid","10":"product_tag-akt","11":"product_tag-moodne","12":"product_tag-raamil","13":"product_tag-vernissage","15":"first","16":"outofstock","17":"shipping-taxable","18":"product-type-simple"},"yoast_head":"<!-- This site is optimized with the Yoast SEO plugin v27.4 - https:\/\/yoast.com\/product\/yoast-seo-wordpress\/ -->\n<title>Akt - Raivo Korstnik<\/title>\n<meta name=\"robots\" content=\"index, follow, max-snippet:-1, max-image-preview:large, max-video-preview:-1\" \/>\n<link rel=\"canonical\" href=\"https:\/\/raivo.korstnik.eu\/en\/kataloog\/603\/\" \/>\n<meta property=\"og:locale\" content=\"en_GB\" \/>\n<meta property=\"og:type\" content=\"article\" \/>\n<meta property=\"og:title\" content=\"Akt - Raivo Korstnik\" \/>\n<meta property=\"og:description\" content=\"Raivo Korstnik oli kriitika t\u00e4helepanu orbiidis 1960ndate keskpaigani ning j\u00e4i seej\u00e4rel kuidagi varju, v\u00f5ib-olla t\u00f6\u00f6koormuse t\u00f5ttu kunstipedagoogina, mis m\u00f5nev\u00f5rra p\u00e4rssis loomingulist tegevust. T\u00f5si k\u00fcll, tema looming \u00e4ratas Ninel Ziterovas t\u00f5sist huvi, kes korraldas 1974. aastal Eesti Kunstimuuseumis n\u00e4ituse 1960ndate kunstist, r\u00f5hutades selle uuendusmeelset vaimu. Korstniku k\u00fcmnendi keskpaigaks v\u00e4ljakujunenud s\u00fcrrealismih\u00f5nguline, intensiivse koloriidi ja kumavate vormidega laad t\u00f5usis esile 1960ndatele p\u00fchendatud n\u00e4itusel \u201cFenomeni rekonstruktsioon\u201d R\u00fc\u00fctelkonna hoones 1996. aastal. Kuid ta l\u00f5i h\u00e4id maale hiljemgi, mille kinnituseks on see julge konstruktiivse joonega, v\u00e4rvikas maal aktist ateljeemilj\u00f6\u00f6s.  \u00dcks R.Korstniku viimaseid t\u00f6id. Seina \u00e4\u00e4res istuvast, j\u00f5uliselt plastilises k\u00e4sitluses figuurist on osa \u00e4ra l\u00f5igatud, mis teispool l\u00f5ikejoont on muundunud geomeetrilis-abstraktseka kujundiks laual.  Teksti allikas: Vernissage.ee\" \/>\n<meta property=\"og:url\" content=\"https:\/\/raivo.korstnik.eu\/en\/kataloog\/603\/\" \/>\n<meta property=\"og:site_name\" content=\"Raivo Korstnik\" \/>\n<meta property=\"article:modified_time\" content=\"2023-02-16T22:32:22+00:00\" \/>\n<meta property=\"og:image\" content=\"https:\/\/raivo.korstnik.eu\/wp-content\/uploads\/akt-1.jpg\" \/>\n\t<meta property=\"og:image:width\" content=\"1000\" \/>\n\t<meta property=\"og:image:height\" content=\"1049\" \/>\n\t<meta property=\"og:image:type\" content=\"image\/jpeg\" \/>\n<meta name=\"twitter:card\" content=\"summary_large_image\" \/>\n<meta name=\"twitter:label1\" content=\"Estimated reading time\" \/>\n\t<meta name=\"twitter:data1\" content=\"1 minute\" \/>\n<script type=\"application\/ld+json\" class=\"yoast-schema-graph\">{\"@context\":\"https:\\\/\\\/schema.org\",\"@graph\":[{\"@type\":\"WebPage\",\"@id\":\"https:\\\/\\\/raivo.korstnik.eu\\\/kataloog\\\/603\\\/\",\"url\":\"https:\\\/\\\/raivo.korstnik.eu\\\/kataloog\\\/603\\\/\",\"name\":\"Akt - Raivo Korstnik\",\"isPartOf\":{\"@id\":\"https:\\\/\\\/raivo.korstnik.eu\\\/#website\"},\"primaryImageOfPage\":{\"@id\":\"https:\\\/\\\/raivo.korstnik.eu\\\/kataloog\\\/603\\\/#primaryimage\"},\"image\":{\"@id\":\"https:\\\/\\\/raivo.korstnik.eu\\\/kataloog\\\/603\\\/#primaryimage\"},\"thumbnailUrl\":\"https:\\\/\\\/raivo.korstnik.eu\\\/wp-content\\\/uploads\\\/akt-1.jpg\",\"datePublished\":\"2021-02-21T21:14:26+00:00\",\"dateModified\":\"2023-02-16T22:32:22+00:00\",\"breadcrumb\":{\"@id\":\"https:\\\/\\\/raivo.korstnik.eu\\\/kataloog\\\/603\\\/#breadcrumb\"},\"inLanguage\":\"en-GB\",\"potentialAction\":[{\"@type\":\"ReadAction\",\"target\":[\"https:\\\/\\\/raivo.korstnik.eu\\\/kataloog\\\/603\\\/\"]}]},{\"@type\":\"ImageObject\",\"inLanguage\":\"en-GB\",\"@id\":\"https:\\\/\\\/raivo.korstnik.eu\\\/kataloog\\\/603\\\/#primaryimage\",\"url\":\"https:\\\/\\\/raivo.korstnik.eu\\\/wp-content\\\/uploads\\\/akt-1.jpg\",\"contentUrl\":\"https:\\\/\\\/raivo.korstnik.eu\\\/wp-content\\\/uploads\\\/akt-1.jpg\",\"width\":1000,\"height\":1049},{\"@type\":\"BreadcrumbList\",\"@id\":\"https:\\\/\\\/raivo.korstnik.eu\\\/kataloog\\\/603\\\/#breadcrumb\",\"itemListElement\":[{\"@type\":\"ListItem\",\"position\":1,\"name\":\"Home\",\"item\":\"https:\\\/\\\/raivo.korstnik.eu\\\/\"},{\"@type\":\"ListItem\",\"position\":2,\"name\":\"Teosed\",\"item\":\"https:\\\/\\\/raivo.korstnik.eu\\\/teosed\\\/\"},{\"@type\":\"ListItem\",\"position\":3,\"name\":\"Akt\"}]},{\"@type\":\"WebSite\",\"@id\":\"https:\\\/\\\/raivo.korstnik.eu\\\/#website\",\"url\":\"https:\\\/\\\/raivo.korstnik.eu\\\/\",\"name\":\"Raivo Korstnik\",\"description\":\"\",\"potentialAction\":[{\"@type\":\"SearchAction\",\"target\":{\"@type\":\"EntryPoint\",\"urlTemplate\":\"https:\\\/\\\/raivo.korstnik.eu\\\/?s={search_term_string}\"},\"query-input\":{\"@type\":\"PropertyValueSpecification\",\"valueRequired\":true,\"valueName\":\"search_term_string\"}}],\"inLanguage\":\"en-GB\"}]}<\/script>\n<!-- \/ Yoast SEO plugin. -->","yoast_head_json":{"title":"Akt - Raivo Korstnik","robots":{"index":"index","follow":"follow","max-snippet":"max-snippet:-1","max-image-preview":"max-image-preview:large","max-video-preview":"max-video-preview:-1"},"canonical":"https:\/\/raivo.korstnik.eu\/en\/kataloog\/603\/","og_locale":"en_GB","og_type":"article","og_title":"Akt - Raivo Korstnik","og_description":"Raivo Korstnik oli kriitika t\u00e4helepanu orbiidis 1960ndate keskpaigani ning j\u00e4i seej\u00e4rel kuidagi varju, v\u00f5ib-olla t\u00f6\u00f6koormuse t\u00f5ttu kunstipedagoogina, mis m\u00f5nev\u00f5rra p\u00e4rssis loomingulist tegevust. T\u00f5si k\u00fcll, tema looming \u00e4ratas Ninel Ziterovas t\u00f5sist huvi, kes korraldas 1974. aastal Eesti Kunstimuuseumis n\u00e4ituse 1960ndate kunstist, r\u00f5hutades selle uuendusmeelset vaimu. Korstniku k\u00fcmnendi keskpaigaks v\u00e4ljakujunenud s\u00fcrrealismih\u00f5nguline, intensiivse koloriidi ja kumavate vormidega laad t\u00f5usis esile 1960ndatele p\u00fchendatud n\u00e4itusel \u201cFenomeni rekonstruktsioon\u201d R\u00fc\u00fctelkonna hoones 1996. aastal. Kuid ta l\u00f5i h\u00e4id maale hiljemgi, mille kinnituseks on see julge konstruktiivse joonega, v\u00e4rvikas maal aktist ateljeemilj\u00f6\u00f6s.  \u00dcks R.Korstniku viimaseid t\u00f6id. Seina \u00e4\u00e4res istuvast, j\u00f5uliselt plastilises k\u00e4sitluses figuurist on osa \u00e4ra l\u00f5igatud, mis teispool l\u00f5ikejoont on muundunud geomeetrilis-abstraktseka kujundiks laual.  Teksti allikas: Vernissage.ee","og_url":"https:\/\/raivo.korstnik.eu\/en\/kataloog\/603\/","og_site_name":"Raivo Korstnik","article_modified_time":"2023-02-16T22:32:22+00:00","og_image":[{"width":1000,"height":1049,"url":"https:\/\/raivo.korstnik.eu\/wp-content\/uploads\/akt-1.jpg","type":"image\/jpeg"}],"twitter_card":"summary_large_image","twitter_misc":{"Estimated reading time":"1 minute"},"schema":{"@context":"https:\/\/schema.org","@graph":[{"@type":"WebPage","@id":"https:\/\/raivo.korstnik.eu\/kataloog\/603\/","url":"https:\/\/raivo.korstnik.eu\/kataloog\/603\/","name":"Akt - Raivo Korstnik","isPartOf":{"@id":"https:\/\/raivo.korstnik.eu\/#website"},"primaryImageOfPage":{"@id":"https:\/\/raivo.korstnik.eu\/kataloog\/603\/#primaryimage"},"image":{"@id":"https:\/\/raivo.korstnik.eu\/kataloog\/603\/#primaryimage"},"thumbnailUrl":"https:\/\/raivo.korstnik.eu\/wp-content\/uploads\/akt-1.jpg","datePublished":"2021-02-21T21:14:26+00:00","dateModified":"2023-02-16T22:32:22+00:00","breadcrumb":{"@id":"https:\/\/raivo.korstnik.eu\/kataloog\/603\/#breadcrumb"},"inLanguage":"en-GB","potentialAction":[{"@type":"ReadAction","target":["https:\/\/raivo.korstnik.eu\/kataloog\/603\/"]}]},{"@type":"ImageObject","inLanguage":"en-GB","@id":"https:\/\/raivo.korstnik.eu\/kataloog\/603\/#primaryimage","url":"https:\/\/raivo.korstnik.eu\/wp-content\/uploads\/akt-1.jpg","contentUrl":"https:\/\/raivo.korstnik.eu\/wp-content\/uploads\/akt-1.jpg","width":1000,"height":1049},{"@type":"BreadcrumbList","@id":"https:\/\/raivo.korstnik.eu\/kataloog\/603\/#breadcrumb","itemListElement":[{"@type":"ListItem","position":1,"name":"Home","item":"https:\/\/raivo.korstnik.eu\/"},{"@type":"ListItem","position":2,"name":"Teosed","item":"https:\/\/raivo.korstnik.eu\/teosed\/"},{"@type":"ListItem","position":3,"name":"Akt"}]},{"@type":"WebSite","@id":"https:\/\/raivo.korstnik.eu\/#website","url":"https:\/\/raivo.korstnik.eu\/","name":"Raivo Korstnik","description":"","potentialAction":[{"@type":"SearchAction","target":{"@type":"EntryPoint","urlTemplate":"https:\/\/raivo.korstnik.eu\/?s={search_term_string}"},"query-input":{"@type":"PropertyValueSpecification","valueRequired":true,"valueName":"search_term_string"}}],"inLanguage":"en-GB"}]}},"_links":{"self":[{"href":"https:\/\/raivo.korstnik.eu\/en\/wp-json\/wp\/v2\/product\/3264","targetHints":{"allow":["GET"]}}],"collection":[{"href":"https:\/\/raivo.korstnik.eu\/en\/wp-json\/wp\/v2\/product"}],"about":[{"href":"https:\/\/raivo.korstnik.eu\/en\/wp-json\/wp\/v2\/types\/product"}],"wp:featuredmedia":[{"embeddable":true,"href":"https:\/\/raivo.korstnik.eu\/en\/wp-json\/wp\/v2\/media\/3889"}],"wp:attachment":[{"href":"https:\/\/raivo.korstnik.eu\/en\/wp-json\/wp\/v2\/media?parent=3264"}],"wp:term":[{"taxonomy":"product_brand","embeddable":true,"href":"https:\/\/raivo.korstnik.eu\/en\/wp-json\/wp\/v2\/product_brand?post=3264"},{"taxonomy":"product_cat","embeddable":true,"href":"https:\/\/raivo.korstnik.eu\/en\/wp-json\/wp\/v2\/product_cat?post=3264"},{"taxonomy":"product_tag","embeddable":true,"href":"https:\/\/raivo.korstnik.eu\/en\/wp-json\/wp\/v2\/product_tag?post=3264"}],"curies":[{"name":"wp","href":"https:\/\/api.w.org\/{rel}","templated":true}]}}