{"id":3892,"date":"2021-11-01T19:45:44","date_gmt":"2021-11-01T19:45:44","guid":{"rendered":"https:\/\/www.lennuk.eu\/korstnik\/korstnik\/raivo\/?post_type=product&#038;p=3892"},"modified":"2023-02-16T22:32:58","modified_gmt":"2023-02-16T22:32:58","slug":"468","status":"publish","type":"product","link":"https:\/\/raivo.korstnik.eu\/en\/kataloog\/468\/","title":{"rendered":"Kohtla-J\u00e4rve motiiv"},"content":{"rendered":"<p>Raivo Korstnik. Kohtla-J\u00e4rve motiiv.1964. \u00d5li, papp. 49,7 x 69,7 cm Alghind: 4000 \u20ac Alghind: 4000 \u20ac Haamrihind: M\u00fc\u00fcmata<br \/>\nKunstiteos tuleb enampakkumisele ainult kunstioksjonil 20 &amp; 21 novembril 2021.<\/p>\n<p>All paremal: RK \u2013 64 P\u00f6\u00f6rdel_ Kohtla-J\u00e4rve motiiv. Et\u00fc\u00fcd. 1964.a. R.Korstnik (\u00f5li\/kartong) 50 x 70 cm P\u00f6\u00f6rdel, all paremal tempel EESTI KUNSTIGALERII KOGU AS M 326 Kohtla-J\u00e4rve tehasehooned ja gaasitorud olid 1960.aastate algupoole maalis sagedasteks motiivideks; kunstnikud k\u00e4isid seal loomingulistel komandeerigutel ja t\u00f5id kaasa hulganisti et\u00fc\u00fcde, mille alusel loodi vahel suuremaid industriaalmaastikke. Korstniku maal m\u00f5jub mehiselt oma \u00fcldistatud vormide ja punakaspruunidele ja ookertoonidele ehitatud koloriidiga, millesse toob elevust roosa suitsupahvakas.<\/p>\n<blockquote class=\"wp-embedded-content\" data-secret=\"wrIdNUgbG1\"><p><a href=\"https:\/\/vernissage.ee\/toode\/raivo-korstnik-kohtla-jarve-1964-oli-kartong-50-x-70-cm-alghind-4000-e\/\">Raivo Korstnik. Kohtla-J\u00e4rve motiiv.1964. \u00d5li, papp. 49.7 x 69.7 cm. Alghind: 4000 \u20ac Haamrihind:\u00a0(M\u00fc\u00fcmata)<\/a><\/p><\/blockquote>\n<p><iframe class=\"wp-embedded-content\" sandbox=\"allow-scripts\" security=\"restricted\" style=\"position: absolute; visibility: hidden;\" title=\"&#8220;Raivo Korstnik. Kohtla-J\u00e4rve motiiv.1964. \u00d5li, papp. 49.7 x 69.7 cm. Alghind: 4000 \u20ac Haamrihind:\u00a0(M\u00fc\u00fcmata)&#8221; &#8212; VERNISSAGE kunstigalerii\" src=\"https:\/\/vernissage.ee\/toode\/raivo-korstnik-kohtla-jarve-1964-oli-kartong-50-x-70-cm-alghind-4000-e\/embed\/#?secret=wrIdNUgbG1\" data-secret=\"wrIdNUgbG1\" width=\"500\" height=\"282\" frameborder=\"0\" marginwidth=\"0\" marginheight=\"0\" scrolling=\"no\"><\/iframe><\/p>","protected":false},"excerpt":{"rendered":"<p>Kohtla-J\u00e4rve tehasehooned ja gaasitorud olid 1960.aastate algupoole maalis sagedasteks motiivideks; kunstnikud k\u00e4isid seal loomingulistel komandeerigutel ja t\u00f5id kaasa hulganisti et\u00fc\u00fcde, mille alusel loodi vahel suuremaid industriaalmaastikke. Korstniku maal m\u00f5jub mehiselt oma \u00fcldistatud vormide ja punakaspruunidele ja ookertoonidele ehitatud koloriidiga, millesse toob elevust roosa suitsupahvakas.<\/p>\n<p>Teksti allikas: Vernissage.ee<\/p>","protected":false},"featured_media":3894,"template":"","meta":[],"product_brand":[],"product_cat":[82],"product_tag":[145,135,132],"class_list":{"0":"post-3892","1":"product","2":"type-product","3":"status-publish","4":"has-post-thumbnail","6":"product_cat-linnavaade","7":"product_tag-erakogu","8":"product_tag-toostusmaastik","9":"product_tag-vernissage","11":"first","12":"outofstock","13":"shipping-taxable","14":"product-type-simple"},"yoast_head":"<!-- This site is optimized with the Yoast SEO plugin v27.5 - https:\/\/yoast.com\/product\/yoast-seo-wordpress\/ -->\n<title>Kohtla-J\u00e4rve motiiv - Raivo Korstnik<\/title>\n<meta name=\"robots\" content=\"index, follow, max-snippet:-1, max-image-preview:large, max-video-preview:-1\" \/>\n<link rel=\"canonical\" href=\"https:\/\/raivo.korstnik.eu\/en\/kataloog\/468\/\" \/>\n<meta property=\"og:locale\" content=\"en_GB\" \/>\n<meta property=\"og:type\" content=\"article\" \/>\n<meta property=\"og:title\" content=\"Kohtla-J\u00e4rve motiiv - Raivo Korstnik\" \/>\n<meta property=\"og:description\" content=\"Kohtla-J\u00e4rve tehasehooned ja gaasitorud olid 1960.aastate algupoole maalis sagedasteks motiivideks; kunstnikud k\u00e4isid seal loomingulistel komandeerigutel ja t\u00f5id kaasa hulganisti et\u00fc\u00fcde, mille alusel loodi vahel suuremaid industriaalmaastikke. Korstniku maal m\u00f5jub mehiselt oma \u00fcldistatud vormide ja punakaspruunidele ja ookertoonidele ehitatud koloriidiga, millesse toob elevust roosa suitsupahvakas.  Teksti allikas: Vernissage.ee\" \/>\n<meta property=\"og:url\" content=\"https:\/\/raivo.korstnik.eu\/en\/kataloog\/468\/\" \/>\n<meta property=\"og:site_name\" content=\"Raivo Korstnik\" \/>\n<meta property=\"article:modified_time\" content=\"2023-02-16T22:32:58+00:00\" \/>\n<meta property=\"og:image\" content=\"https:\/\/raivo.korstnik.eu\/wp-content\/uploads\/kompositsioon.jpg\" \/>\n\t<meta property=\"og:image:width\" content=\"1398\" \/>\n\t<meta property=\"og:image:height\" content=\"978\" \/>\n\t<meta property=\"og:image:type\" content=\"image\/jpeg\" \/>\n<meta name=\"twitter:card\" content=\"summary_large_image\" \/>\n<meta name=\"twitter:label1\" content=\"Estimated reading time\" \/>\n\t<meta name=\"twitter:data1\" content=\"1 minute\" \/>\n<script type=\"application\/ld+json\" class=\"yoast-schema-graph\">{\"@context\":\"https:\\\/\\\/schema.org\",\"@graph\":[{\"@type\":\"WebPage\",\"@id\":\"https:\\\/\\\/raivo.korstnik.eu\\\/kataloog\\\/468\\\/\",\"url\":\"https:\\\/\\\/raivo.korstnik.eu\\\/kataloog\\\/468\\\/\",\"name\":\"Kohtla-J\u00e4rve motiiv - Raivo Korstnik\",\"isPartOf\":{\"@id\":\"https:\\\/\\\/raivo.korstnik.eu\\\/#website\"},\"primaryImageOfPage\":{\"@id\":\"https:\\\/\\\/raivo.korstnik.eu\\\/kataloog\\\/468\\\/#primaryimage\"},\"image\":{\"@id\":\"https:\\\/\\\/raivo.korstnik.eu\\\/kataloog\\\/468\\\/#primaryimage\"},\"thumbnailUrl\":\"https:\\\/\\\/raivo.korstnik.eu\\\/wp-content\\\/uploads\\\/kompositsioon.jpg\",\"datePublished\":\"2021-11-01T19:45:44+00:00\",\"dateModified\":\"2023-02-16T22:32:58+00:00\",\"breadcrumb\":{\"@id\":\"https:\\\/\\\/raivo.korstnik.eu\\\/kataloog\\\/468\\\/#breadcrumb\"},\"inLanguage\":\"en-GB\",\"potentialAction\":[{\"@type\":\"ReadAction\",\"target\":[\"https:\\\/\\\/raivo.korstnik.eu\\\/kataloog\\\/468\\\/\"]}]},{\"@type\":\"ImageObject\",\"inLanguage\":\"en-GB\",\"@id\":\"https:\\\/\\\/raivo.korstnik.eu\\\/kataloog\\\/468\\\/#primaryimage\",\"url\":\"https:\\\/\\\/raivo.korstnik.eu\\\/wp-content\\\/uploads\\\/kompositsioon.jpg\",\"contentUrl\":\"https:\\\/\\\/raivo.korstnik.eu\\\/wp-content\\\/uploads\\\/kompositsioon.jpg\",\"width\":1398,\"height\":978},{\"@type\":\"BreadcrumbList\",\"@id\":\"https:\\\/\\\/raivo.korstnik.eu\\\/kataloog\\\/468\\\/#breadcrumb\",\"itemListElement\":[{\"@type\":\"ListItem\",\"position\":1,\"name\":\"Home\",\"item\":\"https:\\\/\\\/raivo.korstnik.eu\\\/\"},{\"@type\":\"ListItem\",\"position\":2,\"name\":\"Teosed\",\"item\":\"https:\\\/\\\/raivo.korstnik.eu\\\/teosed\\\/\"},{\"@type\":\"ListItem\",\"position\":3,\"name\":\"Kohtla-J\u00e4rve motiiv\"}]},{\"@type\":\"WebSite\",\"@id\":\"https:\\\/\\\/raivo.korstnik.eu\\\/#website\",\"url\":\"https:\\\/\\\/raivo.korstnik.eu\\\/\",\"name\":\"Raivo Korstnik\",\"description\":\"\",\"potentialAction\":[{\"@type\":\"SearchAction\",\"target\":{\"@type\":\"EntryPoint\",\"urlTemplate\":\"https:\\\/\\\/raivo.korstnik.eu\\\/?s={search_term_string}\"},\"query-input\":{\"@type\":\"PropertyValueSpecification\",\"valueRequired\":true,\"valueName\":\"search_term_string\"}}],\"inLanguage\":\"en-GB\"}]}<\/script>\n<!-- \/ Yoast SEO plugin. -->","yoast_head_json":{"title":"Kohtla-J\u00e4rve motiiv - Raivo Korstnik","robots":{"index":"index","follow":"follow","max-snippet":"max-snippet:-1","max-image-preview":"max-image-preview:large","max-video-preview":"max-video-preview:-1"},"canonical":"https:\/\/raivo.korstnik.eu\/en\/kataloog\/468\/","og_locale":"en_GB","og_type":"article","og_title":"Kohtla-J\u00e4rve motiiv - Raivo Korstnik","og_description":"Kohtla-J\u00e4rve tehasehooned ja gaasitorud olid 1960.aastate algupoole maalis sagedasteks motiivideks; kunstnikud k\u00e4isid seal loomingulistel komandeerigutel ja t\u00f5id kaasa hulganisti et\u00fc\u00fcde, mille alusel loodi vahel suuremaid industriaalmaastikke. Korstniku maal m\u00f5jub mehiselt oma \u00fcldistatud vormide ja punakaspruunidele ja ookertoonidele ehitatud koloriidiga, millesse toob elevust roosa suitsupahvakas.  Teksti allikas: Vernissage.ee","og_url":"https:\/\/raivo.korstnik.eu\/en\/kataloog\/468\/","og_site_name":"Raivo Korstnik","article_modified_time":"2023-02-16T22:32:58+00:00","og_image":[{"width":1398,"height":978,"url":"https:\/\/raivo.korstnik.eu\/wp-content\/uploads\/kompositsioon.jpg","type":"image\/jpeg"}],"twitter_card":"summary_large_image","twitter_misc":{"Estimated reading time":"1 minute"},"schema":{"@context":"https:\/\/schema.org","@graph":[{"@type":"WebPage","@id":"https:\/\/raivo.korstnik.eu\/kataloog\/468\/","url":"https:\/\/raivo.korstnik.eu\/kataloog\/468\/","name":"Kohtla-J\u00e4rve motiiv - Raivo Korstnik","isPartOf":{"@id":"https:\/\/raivo.korstnik.eu\/#website"},"primaryImageOfPage":{"@id":"https:\/\/raivo.korstnik.eu\/kataloog\/468\/#primaryimage"},"image":{"@id":"https:\/\/raivo.korstnik.eu\/kataloog\/468\/#primaryimage"},"thumbnailUrl":"https:\/\/raivo.korstnik.eu\/wp-content\/uploads\/kompositsioon.jpg","datePublished":"2021-11-01T19:45:44+00:00","dateModified":"2023-02-16T22:32:58+00:00","breadcrumb":{"@id":"https:\/\/raivo.korstnik.eu\/kataloog\/468\/#breadcrumb"},"inLanguage":"en-GB","potentialAction":[{"@type":"ReadAction","target":["https:\/\/raivo.korstnik.eu\/kataloog\/468\/"]}]},{"@type":"ImageObject","inLanguage":"en-GB","@id":"https:\/\/raivo.korstnik.eu\/kataloog\/468\/#primaryimage","url":"https:\/\/raivo.korstnik.eu\/wp-content\/uploads\/kompositsioon.jpg","contentUrl":"https:\/\/raivo.korstnik.eu\/wp-content\/uploads\/kompositsioon.jpg","width":1398,"height":978},{"@type":"BreadcrumbList","@id":"https:\/\/raivo.korstnik.eu\/kataloog\/468\/#breadcrumb","itemListElement":[{"@type":"ListItem","position":1,"name":"Home","item":"https:\/\/raivo.korstnik.eu\/"},{"@type":"ListItem","position":2,"name":"Teosed","item":"https:\/\/raivo.korstnik.eu\/teosed\/"},{"@type":"ListItem","position":3,"name":"Kohtla-J\u00e4rve motiiv"}]},{"@type":"WebSite","@id":"https:\/\/raivo.korstnik.eu\/#website","url":"https:\/\/raivo.korstnik.eu\/","name":"Raivo Korstnik","description":"","potentialAction":[{"@type":"SearchAction","target":{"@type":"EntryPoint","urlTemplate":"https:\/\/raivo.korstnik.eu\/?s={search_term_string}"},"query-input":{"@type":"PropertyValueSpecification","valueRequired":true,"valueName":"search_term_string"}}],"inLanguage":"en-GB"}]}},"_links":{"self":[{"href":"https:\/\/raivo.korstnik.eu\/en\/wp-json\/wp\/v2\/product\/3892","targetHints":{"allow":["GET"]}}],"collection":[{"href":"https:\/\/raivo.korstnik.eu\/en\/wp-json\/wp\/v2\/product"}],"about":[{"href":"https:\/\/raivo.korstnik.eu\/en\/wp-json\/wp\/v2\/types\/product"}],"wp:featuredmedia":[{"embeddable":true,"href":"https:\/\/raivo.korstnik.eu\/en\/wp-json\/wp\/v2\/media\/3894"}],"wp:attachment":[{"href":"https:\/\/raivo.korstnik.eu\/en\/wp-json\/wp\/v2\/media?parent=3892"}],"wp:term":[{"taxonomy":"product_brand","embeddable":true,"href":"https:\/\/raivo.korstnik.eu\/en\/wp-json\/wp\/v2\/product_brand?post=3892"},{"taxonomy":"product_cat","embeddable":true,"href":"https:\/\/raivo.korstnik.eu\/en\/wp-json\/wp\/v2\/product_cat?post=3892"},{"taxonomy":"product_tag","embeddable":true,"href":"https:\/\/raivo.korstnik.eu\/en\/wp-json\/wp\/v2\/product_tag?post=3892"}],"curies":[{"name":"wp","href":"https:\/\/api.w.org\/{rel}","templated":true}]}}