{"id":4037,"date":"2021-11-27T18:55:09","date_gmt":"2021-11-27T18:55:09","guid":{"rendered":"https:\/\/www.lennuk.eu\/korstnik\/korstnik\/raivo\/?post_type=product&#038;p=4037"},"modified":"2021-12-08T13:43:23","modified_gmt":"2021-12-08T13:43:23","slug":"125","status":"publish","type":"product","link":"https:\/\/raivo.korstnik.eu\/en\/kataloog\/125\/","title":{"rendered":"S\u00fcgisp\u00f5llud. R\u00f5uge"},"content":{"rendered":"<p>https:\/\/alleegalerii.ee\/kunstioksjon\/raivo-korstnik-sugispollud-rouge-1961-50-x-705-cm\/<\/p>\n<p>&nbsp;<\/p>\n<h5 class=\"vc_custom_heading\">\u00d5li, kartong. 1961.<br \/>\nAll vasakul: RK 61<br \/>\nP\u00f6\u00f6rdel: S\u00fcgisp\u00f5llud. R\u00f5uge (\u00f5li\/kart., 50 x 70,5 cm) 1961. a.<br \/>\nRaivo Korstnik s. 1932<\/h5>\n<p>M\u00f5\u00f5dud 50 x 70,5 cm Alghind 2500 EUR<\/p>\n<div class=\"wpb_text_column wpb_content_element\">\n<div class=\"wpb_wrapper\">\n<p>Raivo Korstnik (1932 \u2013 1992) l\u00f5petas Eesti Riikliku Kunstiinstituudi 1957. aastal ning t\u00f5usis kohe esile oma isikup\u00e4rase k\u00e4ekirjaga. 1960ndatel algas tema hinnatuim ajaj\u00e4rk, mil kunstnik osales paljudel n\u00e4itustel, sealhulgas ka legendaarseks muutunud 1966. aasta noorte kunstnike v\u00e4ljapanekul. Edasises elus eelistas Korstnik aktiivse n\u00e4itusetegevuse asemel p\u00fchenduda pedagoogit\u00f6\u00f6le.<\/p>\n<p>Korstnik \u00fcmbritses vorme r\u00f5hutatud kontuuridega, mille liikumist toetasid v\u00e4rviliste, h\u00f5reda- v\u00f5i kuivav\u00f5itu pintslit\u00f5mmete sagarad, meenutades pu\u00e4ntillismi. Oksjonil oleva teose on kunstnik maalinud L\u00f5una-Eestis R\u00f5uges, mille id\u00fclliline maastik on inspireerinud ka mitmeid teisi kunstnikke. Sooja koloriidiga maastik v\u00f5imendab siin looduse looklevaid r\u00fctme.<\/p>\n<\/div>\n<\/div>","protected":false},"excerpt":{"rendered":"<p>Korstnik \u00fcmbritses vorme r\u00f5hutatud kontuuridega, mille liikumist toetasid v\u00e4rviliste, h\u00f5reda- v\u00f5i kuivav\u00f5itu pintslit\u00f5mmete sagarad, meenutades pu\u00e4ntillismi. Oksjonil oleva teose on kunstnik maalinud L\u00f5una-Eestis R\u00f5uges, mille id\u00fclliline maastik on inspireerinud ka mitmeid teisi kunstnikke. Sooja koloriidiga maastik v\u00f5imendab siin looduse looklevaid r\u00fctme.<\/p>\n<p>Allikas: <a href=\"https:\/\/alleegalerii.ee\/kunstioksjon\/raivo-korstnik-sugispollud-rouge-1961-50-x-705-cm\/\">Galerii Allee<\/a><\/p>","protected":false},"featured_media":4038,"template":"","meta":[],"product_brand":[],"product_cat":[23],"product_tag":[27,122],"class_list":{"0":"post-4037","1":"product","2":"type-product","3":"status-publish","4":"has-post-thumbnail","6":"product_cat-maastikud","7":"product_tag-70x50","8":"product_tag-maastik","10":"first","11":"outofstock","12":"shipping-taxable","13":"product-type-simple"},"yoast_head":"<!-- This site is optimized with the Yoast SEO plugin v27.6 - https:\/\/yoast.com\/product\/yoast-seo-wordpress\/ -->\n<title>S\u00fcgisp\u00f5llud. R\u00f5uge - Raivo Korstnik<\/title>\n<meta name=\"robots\" content=\"index, follow, max-snippet:-1, max-image-preview:large, max-video-preview:-1\" \/>\n<link rel=\"canonical\" href=\"https:\/\/raivo.korstnik.eu\/en\/kataloog\/125\/\" \/>\n<meta property=\"og:locale\" content=\"en_GB\" \/>\n<meta property=\"og:type\" content=\"article\" \/>\n<meta property=\"og:title\" content=\"S\u00fcgisp\u00f5llud. R\u00f5uge - Raivo Korstnik\" \/>\n<meta property=\"og:description\" content=\"Korstnik \u00fcmbritses vorme r\u00f5hutatud kontuuridega, mille liikumist toetasid v\u00e4rviliste, h\u00f5reda- v\u00f5i kuivav\u00f5itu pintslit\u00f5mmete sagarad, meenutades pu\u00e4ntillismi. Oksjonil oleva teose on kunstnik maalinud L\u00f5una-Eestis R\u00f5uges, mille id\u00fclliline maastik on inspireerinud ka mitmeid teisi kunstnikke. Sooja koloriidiga maastik v\u00f5imendab siin looduse looklevaid r\u00fctme.  Allikas: Galerii Allee\" \/>\n<meta property=\"og:url\" content=\"https:\/\/raivo.korstnik.eu\/en\/kataloog\/125\/\" \/>\n<meta property=\"og:site_name\" content=\"Raivo Korstnik\" \/>\n<meta property=\"article:modified_time\" content=\"2021-12-08T13:43:23+00:00\" \/>\n<meta property=\"og:image\" content=\"https:\/\/raivo.korstnik.eu\/wp-content\/uploads\/raivo-korstnik-sugispollud-rouge-scaled-1.jpg\" \/>\n\t<meta property=\"og:image:width\" content=\"2048\" \/>\n\t<meta property=\"og:image:height\" content=\"1409\" \/>\n\t<meta property=\"og:image:type\" content=\"image\/jpeg\" \/>\n<meta name=\"twitter:card\" content=\"summary_large_image\" \/>\n<meta name=\"twitter:label1\" content=\"Estimated reading time\" \/>\n\t<meta name=\"twitter:data1\" content=\"1 minute\" \/>\n<script type=\"application\/ld+json\" class=\"yoast-schema-graph\">{\"@context\":\"https:\\\/\\\/schema.org\",\"@graph\":[{\"@type\":\"WebPage\",\"@id\":\"https:\\\/\\\/raivo.korstnik.eu\\\/kataloog\\\/125\\\/\",\"url\":\"https:\\\/\\\/raivo.korstnik.eu\\\/kataloog\\\/125\\\/\",\"name\":\"S\u00fcgisp\u00f5llud. R\u00f5uge - Raivo Korstnik\",\"isPartOf\":{\"@id\":\"https:\\\/\\\/raivo.korstnik.eu\\\/#website\"},\"primaryImageOfPage\":{\"@id\":\"https:\\\/\\\/raivo.korstnik.eu\\\/kataloog\\\/125\\\/#primaryimage\"},\"image\":{\"@id\":\"https:\\\/\\\/raivo.korstnik.eu\\\/kataloog\\\/125\\\/#primaryimage\"},\"thumbnailUrl\":\"https:\\\/\\\/raivo.korstnik.eu\\\/wp-content\\\/uploads\\\/raivo-korstnik-sugispollud-rouge-scaled-1.jpg\",\"datePublished\":\"2021-11-27T18:55:09+00:00\",\"dateModified\":\"2021-12-08T13:43:23+00:00\",\"breadcrumb\":{\"@id\":\"https:\\\/\\\/raivo.korstnik.eu\\\/kataloog\\\/125\\\/#breadcrumb\"},\"inLanguage\":\"en-GB\",\"potentialAction\":[{\"@type\":\"ReadAction\",\"target\":[\"https:\\\/\\\/raivo.korstnik.eu\\\/kataloog\\\/125\\\/\"]}]},{\"@type\":\"ImageObject\",\"inLanguage\":\"en-GB\",\"@id\":\"https:\\\/\\\/raivo.korstnik.eu\\\/kataloog\\\/125\\\/#primaryimage\",\"url\":\"https:\\\/\\\/raivo.korstnik.eu\\\/wp-content\\\/uploads\\\/raivo-korstnik-sugispollud-rouge-scaled-1.jpg\",\"contentUrl\":\"https:\\\/\\\/raivo.korstnik.eu\\\/wp-content\\\/uploads\\\/raivo-korstnik-sugispollud-rouge-scaled-1.jpg\",\"width\":2048,\"height\":1409},{\"@type\":\"BreadcrumbList\",\"@id\":\"https:\\\/\\\/raivo.korstnik.eu\\\/kataloog\\\/125\\\/#breadcrumb\",\"itemListElement\":[{\"@type\":\"ListItem\",\"position\":1,\"name\":\"Home\",\"item\":\"https:\\\/\\\/raivo.korstnik.eu\\\/\"},{\"@type\":\"ListItem\",\"position\":2,\"name\":\"Teosed\",\"item\":\"https:\\\/\\\/raivo.korstnik.eu\\\/teosed\\\/\"},{\"@type\":\"ListItem\",\"position\":3,\"name\":\"S\u00fcgisp\u00f5llud. R\u00f5uge\"}]},{\"@type\":\"WebSite\",\"@id\":\"https:\\\/\\\/raivo.korstnik.eu\\\/#website\",\"url\":\"https:\\\/\\\/raivo.korstnik.eu\\\/\",\"name\":\"Raivo Korstnik\",\"description\":\"\",\"potentialAction\":[{\"@type\":\"SearchAction\",\"target\":{\"@type\":\"EntryPoint\",\"urlTemplate\":\"https:\\\/\\\/raivo.korstnik.eu\\\/?s={search_term_string}\"},\"query-input\":{\"@type\":\"PropertyValueSpecification\",\"valueRequired\":true,\"valueName\":\"search_term_string\"}}],\"inLanguage\":\"en-GB\"}]}<\/script>\n<!-- \/ Yoast SEO plugin. -->","yoast_head_json":{"title":"S\u00fcgisp\u00f5llud. R\u00f5uge - Raivo Korstnik","robots":{"index":"index","follow":"follow","max-snippet":"max-snippet:-1","max-image-preview":"max-image-preview:large","max-video-preview":"max-video-preview:-1"},"canonical":"https:\/\/raivo.korstnik.eu\/en\/kataloog\/125\/","og_locale":"en_GB","og_type":"article","og_title":"S\u00fcgisp\u00f5llud. R\u00f5uge - Raivo Korstnik","og_description":"Korstnik \u00fcmbritses vorme r\u00f5hutatud kontuuridega, mille liikumist toetasid v\u00e4rviliste, h\u00f5reda- v\u00f5i kuivav\u00f5itu pintslit\u00f5mmete sagarad, meenutades pu\u00e4ntillismi. Oksjonil oleva teose on kunstnik maalinud L\u00f5una-Eestis R\u00f5uges, mille id\u00fclliline maastik on inspireerinud ka mitmeid teisi kunstnikke. Sooja koloriidiga maastik v\u00f5imendab siin looduse looklevaid r\u00fctme.  Allikas: Galerii Allee","og_url":"https:\/\/raivo.korstnik.eu\/en\/kataloog\/125\/","og_site_name":"Raivo Korstnik","article_modified_time":"2021-12-08T13:43:23+00:00","og_image":[{"width":2048,"height":1409,"url":"https:\/\/raivo.korstnik.eu\/wp-content\/uploads\/raivo-korstnik-sugispollud-rouge-scaled-1.jpg","type":"image\/jpeg"}],"twitter_card":"summary_large_image","twitter_misc":{"Estimated reading time":"1 minute"},"schema":{"@context":"https:\/\/schema.org","@graph":[{"@type":"WebPage","@id":"https:\/\/raivo.korstnik.eu\/kataloog\/125\/","url":"https:\/\/raivo.korstnik.eu\/kataloog\/125\/","name":"S\u00fcgisp\u00f5llud. R\u00f5uge - Raivo Korstnik","isPartOf":{"@id":"https:\/\/raivo.korstnik.eu\/#website"},"primaryImageOfPage":{"@id":"https:\/\/raivo.korstnik.eu\/kataloog\/125\/#primaryimage"},"image":{"@id":"https:\/\/raivo.korstnik.eu\/kataloog\/125\/#primaryimage"},"thumbnailUrl":"https:\/\/raivo.korstnik.eu\/wp-content\/uploads\/raivo-korstnik-sugispollud-rouge-scaled-1.jpg","datePublished":"2021-11-27T18:55:09+00:00","dateModified":"2021-12-08T13:43:23+00:00","breadcrumb":{"@id":"https:\/\/raivo.korstnik.eu\/kataloog\/125\/#breadcrumb"},"inLanguage":"en-GB","potentialAction":[{"@type":"ReadAction","target":["https:\/\/raivo.korstnik.eu\/kataloog\/125\/"]}]},{"@type":"ImageObject","inLanguage":"en-GB","@id":"https:\/\/raivo.korstnik.eu\/kataloog\/125\/#primaryimage","url":"https:\/\/raivo.korstnik.eu\/wp-content\/uploads\/raivo-korstnik-sugispollud-rouge-scaled-1.jpg","contentUrl":"https:\/\/raivo.korstnik.eu\/wp-content\/uploads\/raivo-korstnik-sugispollud-rouge-scaled-1.jpg","width":2048,"height":1409},{"@type":"BreadcrumbList","@id":"https:\/\/raivo.korstnik.eu\/kataloog\/125\/#breadcrumb","itemListElement":[{"@type":"ListItem","position":1,"name":"Home","item":"https:\/\/raivo.korstnik.eu\/"},{"@type":"ListItem","position":2,"name":"Teosed","item":"https:\/\/raivo.korstnik.eu\/teosed\/"},{"@type":"ListItem","position":3,"name":"S\u00fcgisp\u00f5llud. R\u00f5uge"}]},{"@type":"WebSite","@id":"https:\/\/raivo.korstnik.eu\/#website","url":"https:\/\/raivo.korstnik.eu\/","name":"Raivo Korstnik","description":"","potentialAction":[{"@type":"SearchAction","target":{"@type":"EntryPoint","urlTemplate":"https:\/\/raivo.korstnik.eu\/?s={search_term_string}"},"query-input":{"@type":"PropertyValueSpecification","valueRequired":true,"valueName":"search_term_string"}}],"inLanguage":"en-GB"}]}},"_links":{"self":[{"href":"https:\/\/raivo.korstnik.eu\/en\/wp-json\/wp\/v2\/product\/4037","targetHints":{"allow":["GET"]}}],"collection":[{"href":"https:\/\/raivo.korstnik.eu\/en\/wp-json\/wp\/v2\/product"}],"about":[{"href":"https:\/\/raivo.korstnik.eu\/en\/wp-json\/wp\/v2\/types\/product"}],"wp:featuredmedia":[{"embeddable":true,"href":"https:\/\/raivo.korstnik.eu\/en\/wp-json\/wp\/v2\/media\/4038"}],"wp:attachment":[{"href":"https:\/\/raivo.korstnik.eu\/en\/wp-json\/wp\/v2\/media?parent=4037"}],"wp:term":[{"taxonomy":"product_brand","embeddable":true,"href":"https:\/\/raivo.korstnik.eu\/en\/wp-json\/wp\/v2\/product_brand?post=4037"},{"taxonomy":"product_cat","embeddable":true,"href":"https:\/\/raivo.korstnik.eu\/en\/wp-json\/wp\/v2\/product_cat?post=4037"},{"taxonomy":"product_tag","embeddable":true,"href":"https:\/\/raivo.korstnik.eu\/en\/wp-json\/wp\/v2\/product_tag?post=4037"}],"curies":[{"name":"wp","href":"https:\/\/api.w.org\/{rel}","templated":true}]}}