{"id":4058,"date":"2022-02-04T19:25:45","date_gmt":"2022-02-04T19:25:45","guid":{"rendered":"https:\/\/www.lennuk.eu\/korstnik\/korstnik\/raivo\/kataloog\/158-copy\/"},"modified":"2022-08-18T15:26:12","modified_gmt":"2022-08-18T15:26:12","slug":"147","status":"publish","type":"product","link":"https:\/\/raivo.korstnik.eu\/en\/kataloog\/147\/","title":{"rendered":"Talu L\u00f5una-Eestis"},"content":{"rendered":"<p>Anne Toodu, anne@triger.ee<\/p>\n<p>Tere,<\/p>\n<p>Minu teada ostsid ema ja isa selle teose Tallinnast ARS-i poest. See v\u00f5is olla kuskil 50 aastat tagasi.<br \/>\nN\u00fc\u00fcd asub see P\u00e4rnus minu elutoa seinal.<\/p>\n<p>Tervitades<br \/>\nAnne<\/p>\n<p>From: maarja korstnik &lt;maarja.korstnik@gmail.com&gt;<br \/>\nSent: Friday, February 4, 2022 9:54 PM<br \/>\nTo: Anne Toodu &lt;anne@triger.ee&gt;<br \/>\nSubject: Re: Talu L-Eestis<\/p>\n<p>Tere, Anne,<br \/>\nsuur-suur t\u00e4nu Teile!<br \/>\nEi, selle teose kohta meil info puudub ning lisasime selle meie kataloogi R. Korstniku teoste nimistusse.<br \/>\nMuide, kui v\u00f5ib k\u00fcsida, kas saite selle teose otse Raivo Korstnikult (olete temaga kokku puutunud?) v\u00f5i muid teid pidi? Kogume Raivo kohta m\u00e4lestusi, et tulevikus teoste kataloogile ka kirjalik \u00fclevaade tema eluloost lisada ning paraku ongi peamine alikas selle jaoks inimeste lood ja m\u00e4lestused.<br \/>\nVabandan ka, et nii pikalt vastamisega viivitasin &#8211; olime siin perega ligi paar n\u00e4dalat koroonas haiged ja lihtsalt polnud jaksu kirjadele vastata. \u00d5nneks on n\u00fc\u00fcd juba paar p\u00e4eva tervis tagasi.<\/p>\n<p>Tervitades ja t\u00e4nades<br \/>\n\u2014<br \/>\nMaarja Korstnik<br \/>\nmaarja.korstnik@gmail.com<\/p>\n<p>On 16 Jan 2022, at 15:23, Anne Toodu &lt;anne@triger.ee&gt; wrote:<\/p>\n<p>Tere,<\/p>\n<p>Kas Teie kataloogis on selline teos olemas?<\/p>\n<p>Tervitades<br \/>\nAnne Toodu<\/p>","protected":false},"excerpt":{"rendered":"<p>Anne Toodu, anne@triger.ee Tere, Minu teada ostsid ema ja isa selle teose Tallinnast ARS-i poest. See v\u00f5is olla kuskil 50 aastat tagasi. N\u00fc\u00fcd asub see P\u00e4rnus minu elutoa seinal. Tervitades Anne From: maarja korstnik &lt;maarja.korstnik@gmail.com&gt; Sent: Friday, February 4, 2022 9:54 PM To: Anne Toodu &lt;anne@triger.ee&gt; Subject: Re: Talu L-Eestis Tere, Anne, suur-suur t\u00e4nu Teile! &hellip;<\/p>\n<p class=\"read-more\"> <a class=\"\" href=\"https:\/\/raivo.korstnik.eu\/en\/kataloog\/147\/\"> <span class=\"screen-reader-text\">Talu L\u00f5una-Eestis<\/span> Read More &raquo;<\/a><\/p>","protected":false},"featured_media":4060,"template":"","meta":[],"product_brand":[],"product_cat":[82,23],"product_tag":[145,122,129],"class_list":{"0":"post-4058","1":"product","2":"type-product","3":"status-publish","4":"has-post-thumbnail","6":"product_cat-linnavaade","7":"product_cat-maastikud","8":"product_tag-erakogu","9":"product_tag-maastik","10":"product_tag-raamil","12":"first","13":"outofstock","14":"shipping-taxable","15":"product-type-simple"},"yoast_head":"<!-- This site is optimized with the Yoast SEO plugin v27.6 - https:\/\/yoast.com\/product\/yoast-seo-wordpress\/ -->\n<title>Talu L\u00f5una-Eestis - Raivo Korstnik<\/title>\n<meta name=\"robots\" content=\"index, follow, max-snippet:-1, max-image-preview:large, max-video-preview:-1\" \/>\n<link rel=\"canonical\" href=\"https:\/\/raivo.korstnik.eu\/en\/kataloog\/147\/\" \/>\n<meta property=\"og:locale\" content=\"en_GB\" \/>\n<meta property=\"og:type\" content=\"article\" \/>\n<meta property=\"og:title\" content=\"Talu L\u00f5una-Eestis - Raivo Korstnik\" \/>\n<meta property=\"og:description\" content=\"Anne Toodu, anne@triger.ee Tere, Minu teada ostsid ema ja isa selle teose Tallinnast ARS-i poest. See v\u00f5is olla kuskil 50 aastat tagasi. N\u00fc\u00fcd asub see P\u00e4rnus minu elutoa seinal. Tervitades Anne From: maarja korstnik &lt;maarja.korstnik@gmail.com&gt; Sent: Friday, February 4, 2022 9:54 PM To: Anne Toodu &lt;anne@triger.ee&gt; Subject: Re: Talu L-Eestis Tere, Anne, suur-suur t\u00e4nu Teile! &hellip; Talu L\u00f5una-Eestis Read More &raquo;\" \/>\n<meta property=\"og:url\" content=\"https:\/\/raivo.korstnik.eu\/en\/kataloog\/147\/\" \/>\n<meta property=\"og:site_name\" content=\"Raivo Korstnik\" \/>\n<meta property=\"article:modified_time\" content=\"2022-08-18T15:26:12+00:00\" \/>\n<meta property=\"og:image\" content=\"https:\/\/raivo.korstnik.eu\/wp-content\/uploads\/Anne-Toodu-scaled.jpg\" \/>\n\t<meta property=\"og:image:width\" content=\"2560\" \/>\n\t<meta property=\"og:image:height\" content=\"1920\" \/>\n\t<meta property=\"og:image:type\" content=\"image\/jpeg\" \/>\n<meta name=\"twitter:card\" content=\"summary_large_image\" \/>\n<meta name=\"twitter:label1\" content=\"Estimated reading time\" \/>\n\t<meta name=\"twitter:data1\" content=\"1 minute\" \/>\n<script type=\"application\/ld+json\" class=\"yoast-schema-graph\">{\"@context\":\"https:\\\/\\\/schema.org\",\"@graph\":[{\"@type\":\"WebPage\",\"@id\":\"https:\\\/\\\/raivo.korstnik.eu\\\/kataloog\\\/147\\\/\",\"url\":\"https:\\\/\\\/raivo.korstnik.eu\\\/kataloog\\\/147\\\/\",\"name\":\"Talu L\u00f5una-Eestis - Raivo Korstnik\",\"isPartOf\":{\"@id\":\"https:\\\/\\\/raivo.korstnik.eu\\\/#website\"},\"primaryImageOfPage\":{\"@id\":\"https:\\\/\\\/raivo.korstnik.eu\\\/kataloog\\\/147\\\/#primaryimage\"},\"image\":{\"@id\":\"https:\\\/\\\/raivo.korstnik.eu\\\/kataloog\\\/147\\\/#primaryimage\"},\"thumbnailUrl\":\"https:\\\/\\\/raivo.korstnik.eu\\\/wp-content\\\/uploads\\\/Anne-Toodu-scaled.jpg\",\"datePublished\":\"2022-02-04T19:25:45+00:00\",\"dateModified\":\"2022-08-18T15:26:12+00:00\",\"breadcrumb\":{\"@id\":\"https:\\\/\\\/raivo.korstnik.eu\\\/kataloog\\\/147\\\/#breadcrumb\"},\"inLanguage\":\"en-GB\",\"potentialAction\":[{\"@type\":\"ReadAction\",\"target\":[\"https:\\\/\\\/raivo.korstnik.eu\\\/kataloog\\\/147\\\/\"]}]},{\"@type\":\"ImageObject\",\"inLanguage\":\"en-GB\",\"@id\":\"https:\\\/\\\/raivo.korstnik.eu\\\/kataloog\\\/147\\\/#primaryimage\",\"url\":\"https:\\\/\\\/raivo.korstnik.eu\\\/wp-content\\\/uploads\\\/Anne-Toodu-scaled.jpg\",\"contentUrl\":\"https:\\\/\\\/raivo.korstnik.eu\\\/wp-content\\\/uploads\\\/Anne-Toodu-scaled.jpg\",\"width\":2560,\"height\":1920},{\"@type\":\"BreadcrumbList\",\"@id\":\"https:\\\/\\\/raivo.korstnik.eu\\\/kataloog\\\/147\\\/#breadcrumb\",\"itemListElement\":[{\"@type\":\"ListItem\",\"position\":1,\"name\":\"Home\",\"item\":\"https:\\\/\\\/raivo.korstnik.eu\\\/\"},{\"@type\":\"ListItem\",\"position\":2,\"name\":\"Teosed\",\"item\":\"https:\\\/\\\/raivo.korstnik.eu\\\/teosed\\\/\"},{\"@type\":\"ListItem\",\"position\":3,\"name\":\"Talu L\u00f5una-Eestis\"}]},{\"@type\":\"WebSite\",\"@id\":\"https:\\\/\\\/raivo.korstnik.eu\\\/#website\",\"url\":\"https:\\\/\\\/raivo.korstnik.eu\\\/\",\"name\":\"Raivo Korstnik\",\"description\":\"\",\"potentialAction\":[{\"@type\":\"SearchAction\",\"target\":{\"@type\":\"EntryPoint\",\"urlTemplate\":\"https:\\\/\\\/raivo.korstnik.eu\\\/?s={search_term_string}\"},\"query-input\":{\"@type\":\"PropertyValueSpecification\",\"valueRequired\":true,\"valueName\":\"search_term_string\"}}],\"inLanguage\":\"en-GB\"}]}<\/script>\n<!-- \/ Yoast SEO plugin. -->","yoast_head_json":{"title":"Talu L\u00f5una-Eestis - Raivo Korstnik","robots":{"index":"index","follow":"follow","max-snippet":"max-snippet:-1","max-image-preview":"max-image-preview:large","max-video-preview":"max-video-preview:-1"},"canonical":"https:\/\/raivo.korstnik.eu\/en\/kataloog\/147\/","og_locale":"en_GB","og_type":"article","og_title":"Talu L\u00f5una-Eestis - Raivo Korstnik","og_description":"Anne Toodu, anne@triger.ee Tere, Minu teada ostsid ema ja isa selle teose Tallinnast ARS-i poest. See v\u00f5is olla kuskil 50 aastat tagasi. N\u00fc\u00fcd asub see P\u00e4rnus minu elutoa seinal. Tervitades Anne From: maarja korstnik &lt;maarja.korstnik@gmail.com&gt; Sent: Friday, February 4, 2022 9:54 PM To: Anne Toodu &lt;anne@triger.ee&gt; Subject: Re: Talu L-Eestis Tere, Anne, suur-suur t\u00e4nu Teile! &hellip; Talu L\u00f5una-Eestis Read More &raquo;","og_url":"https:\/\/raivo.korstnik.eu\/en\/kataloog\/147\/","og_site_name":"Raivo Korstnik","article_modified_time":"2022-08-18T15:26:12+00:00","og_image":[{"width":2560,"height":1920,"url":"https:\/\/raivo.korstnik.eu\/wp-content\/uploads\/Anne-Toodu-scaled.jpg","type":"image\/jpeg"}],"twitter_card":"summary_large_image","twitter_misc":{"Estimated reading time":"1 minute"},"schema":{"@context":"https:\/\/schema.org","@graph":[{"@type":"WebPage","@id":"https:\/\/raivo.korstnik.eu\/kataloog\/147\/","url":"https:\/\/raivo.korstnik.eu\/kataloog\/147\/","name":"Talu L\u00f5una-Eestis - Raivo Korstnik","isPartOf":{"@id":"https:\/\/raivo.korstnik.eu\/#website"},"primaryImageOfPage":{"@id":"https:\/\/raivo.korstnik.eu\/kataloog\/147\/#primaryimage"},"image":{"@id":"https:\/\/raivo.korstnik.eu\/kataloog\/147\/#primaryimage"},"thumbnailUrl":"https:\/\/raivo.korstnik.eu\/wp-content\/uploads\/Anne-Toodu-scaled.jpg","datePublished":"2022-02-04T19:25:45+00:00","dateModified":"2022-08-18T15:26:12+00:00","breadcrumb":{"@id":"https:\/\/raivo.korstnik.eu\/kataloog\/147\/#breadcrumb"},"inLanguage":"en-GB","potentialAction":[{"@type":"ReadAction","target":["https:\/\/raivo.korstnik.eu\/kataloog\/147\/"]}]},{"@type":"ImageObject","inLanguage":"en-GB","@id":"https:\/\/raivo.korstnik.eu\/kataloog\/147\/#primaryimage","url":"https:\/\/raivo.korstnik.eu\/wp-content\/uploads\/Anne-Toodu-scaled.jpg","contentUrl":"https:\/\/raivo.korstnik.eu\/wp-content\/uploads\/Anne-Toodu-scaled.jpg","width":2560,"height":1920},{"@type":"BreadcrumbList","@id":"https:\/\/raivo.korstnik.eu\/kataloog\/147\/#breadcrumb","itemListElement":[{"@type":"ListItem","position":1,"name":"Home","item":"https:\/\/raivo.korstnik.eu\/"},{"@type":"ListItem","position":2,"name":"Teosed","item":"https:\/\/raivo.korstnik.eu\/teosed\/"},{"@type":"ListItem","position":3,"name":"Talu L\u00f5una-Eestis"}]},{"@type":"WebSite","@id":"https:\/\/raivo.korstnik.eu\/#website","url":"https:\/\/raivo.korstnik.eu\/","name":"Raivo Korstnik","description":"","potentialAction":[{"@type":"SearchAction","target":{"@type":"EntryPoint","urlTemplate":"https:\/\/raivo.korstnik.eu\/?s={search_term_string}"},"query-input":{"@type":"PropertyValueSpecification","valueRequired":true,"valueName":"search_term_string"}}],"inLanguage":"en-GB"}]}},"_links":{"self":[{"href":"https:\/\/raivo.korstnik.eu\/en\/wp-json\/wp\/v2\/product\/4058","targetHints":{"allow":["GET"]}}],"collection":[{"href":"https:\/\/raivo.korstnik.eu\/en\/wp-json\/wp\/v2\/product"}],"about":[{"href":"https:\/\/raivo.korstnik.eu\/en\/wp-json\/wp\/v2\/types\/product"}],"wp:featuredmedia":[{"embeddable":true,"href":"https:\/\/raivo.korstnik.eu\/en\/wp-json\/wp\/v2\/media\/4060"}],"wp:attachment":[{"href":"https:\/\/raivo.korstnik.eu\/en\/wp-json\/wp\/v2\/media?parent=4058"}],"wp:term":[{"taxonomy":"product_brand","embeddable":true,"href":"https:\/\/raivo.korstnik.eu\/en\/wp-json\/wp\/v2\/product_brand?post=4058"},{"taxonomy":"product_cat","embeddable":true,"href":"https:\/\/raivo.korstnik.eu\/en\/wp-json\/wp\/v2\/product_cat?post=4058"},{"taxonomy":"product_tag","embeddable":true,"href":"https:\/\/raivo.korstnik.eu\/en\/wp-json\/wp\/v2\/product_tag?post=4058"}],"curies":[{"name":"wp","href":"https:\/\/api.w.org\/{rel}","templated":true}]}}