{"id":4147,"date":"2023-02-17T00:32:49","date_gmt":"2023-02-17T00:32:49","guid":{"rendered":"https:\/\/www.lennuk.eu\/korstnik\/raivo\/?post_type=product&#038;p=4147"},"modified":"2023-02-17T00:36:33","modified_gmt":"2023-02-17T00:36:33","slug":"54001","status":"publish","type":"product","link":"https:\/\/raivo.korstnik.eu\/en\/kataloog\/54001\/","title":{"rendered":"Akt luigega"},"content":{"rendered":"<h2 class=\"product_title entry-title show-product-nav\">Raivo Korstnik. Akt I (Akt luigega). 1987. Lito. Kartong. Lm 35.2 x 45.2 cm. Alghind: 1300 \u20ac Haamrihind: 1500 \u20ac<\/h2>\n<div class=\"product-nav\">\n<div class=\"product-next\"><\/div>\n<\/div>\n<div class=\"description woocommerce-product-details__short-description\">\n<p>Alghind: 1300 \u20ac<\/p>\n<p>Haamrihind: 1500 \u20ac<\/p>\n<p>NB! Antud teost ei saa osta e-poest. Kunstiteos tuleb enampakkumisele ainult kunstioksjonil 13 novembril 2022.<\/p>\n<\/div>\n<div id=\"product-tab\" class=\"woocommerce-tabs woocommerce-tabs-y3vk55wr resp-htabs\">\n<ul class=\"resp-tabs-list\">\n<li id=\"tab-title-description\" class=\"description_tab resp-tab-item resp-tab-active\" role=\"tab\" aria-controls=\"tab_item-0\">Kirjeldus<\/li>\n<li id=\"tab-title-additional_information\" class=\"additional_information_tab resp-tab-item\" role=\"tab\" aria-controls=\"tab_item-1\">Lisainfo<\/li>\n<\/ul>\n<div class=\"resp-tabs-container\">\n<div id=\"tab-description\" class=\"tab-content resp-tab-content resp-tab-content-active\" aria-labelledby=\"tab_item-0\">\n<p>1957. aastal l\u00f5petas Raivo Korstnik Eesti NSV Riikliku Kunstiinstituudi, 1961\u201380 t\u00f6\u00f6tas ta TPedI ja 1979\u201392 ERKI Tallinna Kunsti\u00fclikooli \u00f5ppej\u00f5una. Akt on Korstniku loomingus t\u00e4htsal kohal. Sellel litol kujutab ta lamavat akti torso ja mustale pinnale skitseeritud luige vahel. Kas see on maalikunsti s\u00fcmbol skulptuuri ja graafika vahel v\u00f5i elav naine \u00f5ppevahendi ja m\u00fctologiseeritud kujundi vahel? Luige t\u00f5ttu v\u00f5iks teost ka \u201eLedaks\u201c nimetada.<\/p>\n<p>All paremal: RKorstnik Akt I lito 18\/50 \/\u201987<\/p>\n<blockquote class=\"wp-embedded-content\" data-secret=\"G3wgS1vtwm\"><p><a href=\"https:\/\/vernissage.ee\/toode\/3-raivo-korstnik-akt-i-akt-luigega-1987-lito-kartong-lm-35-2-x-45-2-cm-alghind-1300-e-haamrihind-e\/\">3. Raivo Korstnik. Akt I (Akt luigega). 1987. Lito. Kartong. Lm 35.2 x 45.2 cm. Alghind: 1300 \u20ac Haamrihind: 1500 \u20ac<\/a><\/p><\/blockquote>\n<p><iframe class=\"wp-embedded-content\" sandbox=\"allow-scripts\" security=\"restricted\" style=\"position: absolute; visibility: hidden;\" title=\"&#8220;3. Raivo Korstnik. Akt I (Akt luigega). 1987. Lito. Kartong. Lm 35.2 x 45.2 cm. Alghind: 1300 \u20ac Haamrihind: 1500 \u20ac&#8221; &#8212; VERNISSAGE kunstigalerii\" src=\"https:\/\/vernissage.ee\/toode\/3-raivo-korstnik-akt-i-akt-luigega-1987-lito-kartong-lm-35-2-x-45-2-cm-alghind-1300-e-haamrihind-e\/embed\/#?secret=G3wgS1vtwm\" data-secret=\"G3wgS1vtwm\" width=\"500\" height=\"282\" frameborder=\"0\" marginwidth=\"0\" marginheight=\"0\" scrolling=\"no\"><\/iframe><\/p>\n<\/div>\n<\/div>\n<\/div>","protected":false},"excerpt":{"rendered":"<p>Akt on Korstniku loomingus t\u00e4htsal kohal. Sellel litol kujutab ta lamavat akti torso ja mustale pinnale skitseeritud luige vahel. Kas see on maalikunsti s\u00fcmbol skulptuuri ja graafika vahel v\u00f5i elav naine \u00f5ppevahendi ja m\u00fctologiseeritud kujundi vahel? Luige t\u00f5ttu v\u00f5iks teost ka \u201eLedaks\u201c nimetada. Allikas: <a href=\"https:\/\/vernissage.ee\/toode\/3-raivo-korstnik-akt-i-akt-luigega-1987-lito-kartong-lm-35-2-x-45-2-cm-alghind-1300-e-haamrihind-e\/\">Vernissage kunstigalerii<\/a><\/p>","protected":false},"featured_media":4149,"template":"","meta":[],"product_brand":[],"product_cat":[21,113,110,29],"product_tag":[181,124,132],"class_list":{"0":"post-4147","1":"product","2":"type-product","3":"status-publish","4":"has-post-thumbnail","6":"product_cat-moodne","7":"product_cat-aktid","8":"product_cat-figuraalne","9":"product_cat-pastell","10":"product_tag-graafika","11":"product_tag-perekogu","12":"product_tag-vernissage","14":"first","15":"instock","16":"shipping-taxable","17":"product-type-simple"},"yoast_head":"<!-- This site is optimized with the Yoast SEO plugin v27.3 - https:\/\/yoast.com\/product\/yoast-seo-wordpress\/ -->\n<title>Akt luigega - Raivo Korstnik<\/title>\n<meta name=\"robots\" content=\"index, follow, max-snippet:-1, max-image-preview:large, max-video-preview:-1\" \/>\n<link rel=\"canonical\" href=\"https:\/\/raivo.korstnik.eu\/en\/kataloog\/54001\/\" \/>\n<meta property=\"og:locale\" content=\"en_GB\" \/>\n<meta property=\"og:type\" content=\"article\" \/>\n<meta property=\"og:title\" content=\"Akt luigega - Raivo Korstnik\" \/>\n<meta property=\"og:description\" content=\"Akt on Korstniku loomingus t\u00e4htsal kohal. Sellel litol kujutab ta lamavat akti torso ja mustale pinnale skitseeritud luige vahel. Kas see on maalikunsti s\u00fcmbol skulptuuri ja graafika vahel v\u00f5i elav naine \u00f5ppevahendi ja m\u00fctologiseeritud kujundi vahel? Luige t\u00f5ttu v\u00f5iks teost ka \u201eLedaks\u201c nimetada. Allikas: Vernissage kunstigalerii\" \/>\n<meta property=\"og:url\" content=\"https:\/\/raivo.korstnik.eu\/en\/kataloog\/54001\/\" \/>\n<meta property=\"og:site_name\" content=\"Raivo Korstnik\" \/>\n<meta property=\"article:modified_time\" content=\"2023-02-17T00:36:33+00:00\" \/>\n<meta property=\"og:image\" content=\"https:\/\/raivo.korstnik.eu\/wp-content\/uploads\/RK54001-vernissage.jpg\" \/>\n\t<meta property=\"og:image:width\" content=\"1099\" \/>\n\t<meta property=\"og:image:height\" content=\"857\" \/>\n\t<meta property=\"og:image:type\" content=\"image\/jpeg\" \/>\n<meta name=\"twitter:card\" content=\"summary_large_image\" \/>\n<meta name=\"twitter:label1\" content=\"Estimated reading time\" \/>\n\t<meta name=\"twitter:data1\" content=\"1 minute\" \/>\n<script type=\"application\/ld+json\" class=\"yoast-schema-graph\">{\"@context\":\"https:\\\/\\\/schema.org\",\"@graph\":[{\"@type\":\"WebPage\",\"@id\":\"https:\\\/\\\/raivo.korstnik.eu\\\/kataloog\\\/54001\\\/\",\"url\":\"https:\\\/\\\/raivo.korstnik.eu\\\/kataloog\\\/54001\\\/\",\"name\":\"Akt luigega - Raivo Korstnik\",\"isPartOf\":{\"@id\":\"https:\\\/\\\/raivo.korstnik.eu\\\/#website\"},\"primaryImageOfPage\":{\"@id\":\"https:\\\/\\\/raivo.korstnik.eu\\\/kataloog\\\/54001\\\/#primaryimage\"},\"image\":{\"@id\":\"https:\\\/\\\/raivo.korstnik.eu\\\/kataloog\\\/54001\\\/#primaryimage\"},\"thumbnailUrl\":\"https:\\\/\\\/raivo.korstnik.eu\\\/wp-content\\\/uploads\\\/RK54001-vernissage.jpg\",\"datePublished\":\"2023-02-17T00:32:49+00:00\",\"dateModified\":\"2023-02-17T00:36:33+00:00\",\"breadcrumb\":{\"@id\":\"https:\\\/\\\/raivo.korstnik.eu\\\/kataloog\\\/54001\\\/#breadcrumb\"},\"inLanguage\":\"en-GB\",\"potentialAction\":[{\"@type\":\"ReadAction\",\"target\":[\"https:\\\/\\\/raivo.korstnik.eu\\\/kataloog\\\/54001\\\/\"]}]},{\"@type\":\"ImageObject\",\"inLanguage\":\"en-GB\",\"@id\":\"https:\\\/\\\/raivo.korstnik.eu\\\/kataloog\\\/54001\\\/#primaryimage\",\"url\":\"https:\\\/\\\/raivo.korstnik.eu\\\/wp-content\\\/uploads\\\/RK54001-vernissage.jpg\",\"contentUrl\":\"https:\\\/\\\/raivo.korstnik.eu\\\/wp-content\\\/uploads\\\/RK54001-vernissage.jpg\",\"width\":1099,\"height\":857},{\"@type\":\"BreadcrumbList\",\"@id\":\"https:\\\/\\\/raivo.korstnik.eu\\\/kataloog\\\/54001\\\/#breadcrumb\",\"itemListElement\":[{\"@type\":\"ListItem\",\"position\":1,\"name\":\"Home\",\"item\":\"https:\\\/\\\/raivo.korstnik.eu\\\/\"},{\"@type\":\"ListItem\",\"position\":2,\"name\":\"Teosed\",\"item\":\"https:\\\/\\\/raivo.korstnik.eu\\\/teosed\\\/\"},{\"@type\":\"ListItem\",\"position\":3,\"name\":\"Akt luigega\"}]},{\"@type\":\"WebSite\",\"@id\":\"https:\\\/\\\/raivo.korstnik.eu\\\/#website\",\"url\":\"https:\\\/\\\/raivo.korstnik.eu\\\/\",\"name\":\"Raivo Korstnik\",\"description\":\"\",\"potentialAction\":[{\"@type\":\"SearchAction\",\"target\":{\"@type\":\"EntryPoint\",\"urlTemplate\":\"https:\\\/\\\/raivo.korstnik.eu\\\/?s={search_term_string}\"},\"query-input\":{\"@type\":\"PropertyValueSpecification\",\"valueRequired\":true,\"valueName\":\"search_term_string\"}}],\"inLanguage\":\"en-GB\"}]}<\/script>\n<!-- \/ Yoast SEO plugin. -->","yoast_head_json":{"title":"Akt luigega - Raivo Korstnik","robots":{"index":"index","follow":"follow","max-snippet":"max-snippet:-1","max-image-preview":"max-image-preview:large","max-video-preview":"max-video-preview:-1"},"canonical":"https:\/\/raivo.korstnik.eu\/en\/kataloog\/54001\/","og_locale":"en_GB","og_type":"article","og_title":"Akt luigega - Raivo Korstnik","og_description":"Akt on Korstniku loomingus t\u00e4htsal kohal. Sellel litol kujutab ta lamavat akti torso ja mustale pinnale skitseeritud luige vahel. Kas see on maalikunsti s\u00fcmbol skulptuuri ja graafika vahel v\u00f5i elav naine \u00f5ppevahendi ja m\u00fctologiseeritud kujundi vahel? Luige t\u00f5ttu v\u00f5iks teost ka \u201eLedaks\u201c nimetada. Allikas: Vernissage kunstigalerii","og_url":"https:\/\/raivo.korstnik.eu\/en\/kataloog\/54001\/","og_site_name":"Raivo Korstnik","article_modified_time":"2023-02-17T00:36:33+00:00","og_image":[{"width":1099,"height":857,"url":"https:\/\/raivo.korstnik.eu\/wp-content\/uploads\/RK54001-vernissage.jpg","type":"image\/jpeg"}],"twitter_card":"summary_large_image","twitter_misc":{"Estimated reading time":"1 minute"},"schema":{"@context":"https:\/\/schema.org","@graph":[{"@type":"WebPage","@id":"https:\/\/raivo.korstnik.eu\/kataloog\/54001\/","url":"https:\/\/raivo.korstnik.eu\/kataloog\/54001\/","name":"Akt luigega - Raivo Korstnik","isPartOf":{"@id":"https:\/\/raivo.korstnik.eu\/#website"},"primaryImageOfPage":{"@id":"https:\/\/raivo.korstnik.eu\/kataloog\/54001\/#primaryimage"},"image":{"@id":"https:\/\/raivo.korstnik.eu\/kataloog\/54001\/#primaryimage"},"thumbnailUrl":"https:\/\/raivo.korstnik.eu\/wp-content\/uploads\/RK54001-vernissage.jpg","datePublished":"2023-02-17T00:32:49+00:00","dateModified":"2023-02-17T00:36:33+00:00","breadcrumb":{"@id":"https:\/\/raivo.korstnik.eu\/kataloog\/54001\/#breadcrumb"},"inLanguage":"en-GB","potentialAction":[{"@type":"ReadAction","target":["https:\/\/raivo.korstnik.eu\/kataloog\/54001\/"]}]},{"@type":"ImageObject","inLanguage":"en-GB","@id":"https:\/\/raivo.korstnik.eu\/kataloog\/54001\/#primaryimage","url":"https:\/\/raivo.korstnik.eu\/wp-content\/uploads\/RK54001-vernissage.jpg","contentUrl":"https:\/\/raivo.korstnik.eu\/wp-content\/uploads\/RK54001-vernissage.jpg","width":1099,"height":857},{"@type":"BreadcrumbList","@id":"https:\/\/raivo.korstnik.eu\/kataloog\/54001\/#breadcrumb","itemListElement":[{"@type":"ListItem","position":1,"name":"Home","item":"https:\/\/raivo.korstnik.eu\/"},{"@type":"ListItem","position":2,"name":"Teosed","item":"https:\/\/raivo.korstnik.eu\/teosed\/"},{"@type":"ListItem","position":3,"name":"Akt luigega"}]},{"@type":"WebSite","@id":"https:\/\/raivo.korstnik.eu\/#website","url":"https:\/\/raivo.korstnik.eu\/","name":"Raivo Korstnik","description":"","potentialAction":[{"@type":"SearchAction","target":{"@type":"EntryPoint","urlTemplate":"https:\/\/raivo.korstnik.eu\/?s={search_term_string}"},"query-input":{"@type":"PropertyValueSpecification","valueRequired":true,"valueName":"search_term_string"}}],"inLanguage":"en-GB"}]}},"_links":{"self":[{"href":"https:\/\/raivo.korstnik.eu\/en\/wp-json\/wp\/v2\/product\/4147","targetHints":{"allow":["GET"]}}],"collection":[{"href":"https:\/\/raivo.korstnik.eu\/en\/wp-json\/wp\/v2\/product"}],"about":[{"href":"https:\/\/raivo.korstnik.eu\/en\/wp-json\/wp\/v2\/types\/product"}],"wp:featuredmedia":[{"embeddable":true,"href":"https:\/\/raivo.korstnik.eu\/en\/wp-json\/wp\/v2\/media\/4149"}],"wp:attachment":[{"href":"https:\/\/raivo.korstnik.eu\/en\/wp-json\/wp\/v2\/media?parent=4147"}],"wp:term":[{"taxonomy":"product_brand","embeddable":true,"href":"https:\/\/raivo.korstnik.eu\/en\/wp-json\/wp\/v2\/product_brand?post=4147"},{"taxonomy":"product_cat","embeddable":true,"href":"https:\/\/raivo.korstnik.eu\/en\/wp-json\/wp\/v2\/product_cat?post=4147"},{"taxonomy":"product_tag","embeddable":true,"href":"https:\/\/raivo.korstnik.eu\/en\/wp-json\/wp\/v2\/product_tag?post=4147"}],"curies":[{"name":"wp","href":"https:\/\/api.w.org\/{rel}","templated":true}]}}