{"id":4148,"date":"2023-02-17T00:41:44","date_gmt":"2023-02-17T00:41:44","guid":{"rendered":"https:\/\/www.lennuk.eu\/korstnik\/raivo\/?post_type=product&#038;p=4148"},"modified":"2024-09-20T10:59:25","modified_gmt":"2024-09-20T10:59:25","slug":"714","status":"publish","type":"product","link":"https:\/\/raivo.korstnik.eu\/en\/kataloog\/714\/","title":{"rendered":"T\u00fctarlapse portree"},"content":{"rendered":"<h2 class=\"product_title entry-title show-product-nav\">25. Raivo Korstnik. T\u00fctarlapse portree. 1985. \u00d5li. L\u00f5uend. 71 x 69.5 cm. Alghind: 5500 \u20ac Haamrihind: 10500 \u20ac<\/h2>\n<div class=\"description woocommerce-product-details__short-description\">\n<p>Alghind: 5500 \u20ac<\/p>\n<p>Haamrihind: 10500 \u20ac<\/p>\n<p>NB! Antud teost ei saa osta e-poest. Kunstiteos tuleb enampakkumisele ainult kunstioksjonil 13 novembril 2022.<\/p>\n<\/div>\n<div id=\"product-tab\" class=\"woocommerce-tabs woocommerce-tabs-7omhl7kz resp-htabs\">\n<ul class=\"resp-tabs-list\">\n<li id=\"tab-title-description\" class=\"description_tab resp-tab-item resp-tab-active\" role=\"tab\" aria-controls=\"tab_item-0\">Kirjeldus<\/li>\n<li id=\"tab-title-additional_information\" class=\"additional_information_tab resp-tab-item\" role=\"tab\" aria-controls=\"tab_item-1\">Lisainfo<\/li>\n<\/ul>\n<div class=\"resp-tabs-container\">\n<div id=\"tab-description\" class=\"tab-content resp-tab-content resp-tab-content-active\" aria-labelledby=\"tab_item-0\">\n<p>1957. aastal ERKI maali alal l\u00f5petanud Raivo Korstnik hakkas n\u00e4itustel kiiresti t\u00e4helepanu \u00e4ratama geometriseeriva ja k\u00fcllaltki v\u00e4rvierksa laadiga. 1960ndate keskel ilmnesid tema loomingus tendentsid nii kubismi kui ka s\u00fcrrealismi poole. Tema hilisemasse loomingusse kuuluv portree on pigem klassitseeriv, meenutab poosilt ja laadilt \u00fcliv\u00e4ga Pablo Picasso \u201eNaist valges\u201c. Korstnik ise on m\u00e4rkinud alusraamile \u201eT\u00fcdruk Repini moodi\u201c.<\/p>\n<p>All paremal: RK83.<\/p>\n<p>Alusraamil \u00fclal: 1983 KAISA T\u00dcDRUK REPINI MOODI.<\/p>\n<p>Alusraamil all: RKORSTNIK 1983.<\/p>\n<p>P\u00f6\u00f6rdel raskesti loetav pliiatsikiri l\u00f5uendil<\/p>\n<p>Modell oli Kaisa Siimer.<\/p>\n<\/div>\n<\/div>\n<\/div>\n<div class=\"product_meta\"><span class=\"posted_in\">Kategooria: <a href=\"https:\/\/vernissage.ee\/tootekategooria\/oksjonid\/sugis\/eesti-moodsa-klassika-sugisoksjon-2022\/\" rel=\"tag\">Eesti moodsa klassika s\u00fcgisoksjon 2022<\/a><\/span><\/div>\n<div><\/div>\n<div>https:\/\/vernissage.ee\/toode\/25-raivo-korstnik-tutarlapse-portree-1985-oli-louend-71-x-69-5-cm-alghind-5500-e-haamrihind-e\/<\/div>\n<div><\/div>","protected":false},"excerpt":{"rendered":"<p>1957. aastal ERKI maali alal l\u00f5petanud Raivo Korstnik hakkas n\u00e4itustel kiiresti t\u00e4helepanu \u00e4ratama geometriseeriva ja k\u00fcllaltki v\u00e4rvierksa laadiga. 1960ndate keskel ilmnesid tema loomingus tendentsid nii kubismi kui ka s\u00fcrrealismi poole. Tema hilisemasse loomingusse kuuluv portree on pigem klassitseeriv, meenutab poosilt ja laadilt \u00fcliv\u00e4ga Pablo Picasso \u201eNaist valges\u201c. Korstnik ise on m\u00e4rkinud alusraamile \u201eT\u00fcdruk Repini moodi\u201c. Allikas: <a href=\"https:\/\/vernissage.ee\/toode\/25-raivo-korstnik-tutarlapse-portree-1985-oli-louend-71-x-69-5-cm-alghind-5500-e-haamrihind-e\/\">Vernissage kunstigalerii<\/a><\/p>","protected":false},"featured_media":4154,"template":"","meta":[],"product_brand":[],"product_cat":[114,22],"product_tag":[132],"class_list":{"0":"post-4148","1":"product","2":"type-product","3":"status-publish","4":"has-post-thumbnail","6":"product_cat-portreed","7":"product_cat-portreed-ja-aktid","8":"product_tag-vernissage","10":"first","11":"outofstock","12":"shipping-taxable","13":"product-type-simple"},"yoast_head":"<!-- This site is optimized with the Yoast SEO plugin v27.4 - https:\/\/yoast.com\/product\/yoast-seo-wordpress\/ -->\n<title>T\u00fctarlapse portree - Raivo Korstnik<\/title>\n<meta name=\"robots\" content=\"index, follow, max-snippet:-1, max-image-preview:large, max-video-preview:-1\" \/>\n<link rel=\"canonical\" href=\"https:\/\/raivo.korstnik.eu\/en\/kataloog\/714\/\" \/>\n<meta property=\"og:locale\" content=\"en_GB\" \/>\n<meta property=\"og:type\" content=\"article\" \/>\n<meta property=\"og:title\" content=\"T\u00fctarlapse portree - Raivo Korstnik\" \/>\n<meta property=\"og:description\" content=\"1957. aastal ERKI maali alal l\u00f5petanud Raivo Korstnik hakkas n\u00e4itustel kiiresti t\u00e4helepanu \u00e4ratama geometriseeriva ja k\u00fcllaltki v\u00e4rvierksa laadiga. 1960ndate keskel ilmnesid tema loomingus tendentsid nii kubismi kui ka s\u00fcrrealismi poole. Tema hilisemasse loomingusse kuuluv portree on pigem klassitseeriv, meenutab poosilt ja laadilt \u00fcliv\u00e4ga Pablo Picasso \u201eNaist valges\u201c. Korstnik ise on m\u00e4rkinud alusraamile \u201eT\u00fcdruk Repini moodi\u201c. Allikas: Vernissage kunstigalerii\" \/>\n<meta property=\"og:url\" content=\"https:\/\/raivo.korstnik.eu\/en\/kataloog\/714\/\" \/>\n<meta property=\"og:site_name\" content=\"Raivo Korstnik\" \/>\n<meta property=\"article:modified_time\" content=\"2024-09-20T10:59:25+00:00\" \/>\n<meta property=\"og:image\" content=\"https:\/\/raivo.korstnik.eu\/wp-content\/uploads\/RK714.jpg\" \/>\n\t<meta property=\"og:image:width\" content=\"1099\" \/>\n\t<meta property=\"og:image:height\" content=\"1124\" \/>\n\t<meta property=\"og:image:type\" content=\"image\/jpeg\" \/>\n<meta name=\"twitter:card\" content=\"summary_large_image\" \/>\n<meta name=\"twitter:label1\" content=\"Estimated reading time\" \/>\n\t<meta name=\"twitter:data1\" content=\"1 minute\" \/>\n<script type=\"application\/ld+json\" class=\"yoast-schema-graph\">{\"@context\":\"https:\\\/\\\/schema.org\",\"@graph\":[{\"@type\":\"WebPage\",\"@id\":\"https:\\\/\\\/raivo.korstnik.eu\\\/kataloog\\\/714\\\/\",\"url\":\"https:\\\/\\\/raivo.korstnik.eu\\\/kataloog\\\/714\\\/\",\"name\":\"T\u00fctarlapse portree - Raivo Korstnik\",\"isPartOf\":{\"@id\":\"https:\\\/\\\/raivo.korstnik.eu\\\/#website\"},\"primaryImageOfPage\":{\"@id\":\"https:\\\/\\\/raivo.korstnik.eu\\\/kataloog\\\/714\\\/#primaryimage\"},\"image\":{\"@id\":\"https:\\\/\\\/raivo.korstnik.eu\\\/kataloog\\\/714\\\/#primaryimage\"},\"thumbnailUrl\":\"https:\\\/\\\/raivo.korstnik.eu\\\/wp-content\\\/uploads\\\/RK714.jpg\",\"datePublished\":\"2023-02-17T00:41:44+00:00\",\"dateModified\":\"2024-09-20T10:59:25+00:00\",\"breadcrumb\":{\"@id\":\"https:\\\/\\\/raivo.korstnik.eu\\\/kataloog\\\/714\\\/#breadcrumb\"},\"inLanguage\":\"en-GB\",\"potentialAction\":[{\"@type\":\"ReadAction\",\"target\":[\"https:\\\/\\\/raivo.korstnik.eu\\\/kataloog\\\/714\\\/\"]}]},{\"@type\":\"ImageObject\",\"inLanguage\":\"en-GB\",\"@id\":\"https:\\\/\\\/raivo.korstnik.eu\\\/kataloog\\\/714\\\/#primaryimage\",\"url\":\"https:\\\/\\\/raivo.korstnik.eu\\\/wp-content\\\/uploads\\\/RK714.jpg\",\"contentUrl\":\"https:\\\/\\\/raivo.korstnik.eu\\\/wp-content\\\/uploads\\\/RK714.jpg\",\"width\":1099,\"height\":1124},{\"@type\":\"BreadcrumbList\",\"@id\":\"https:\\\/\\\/raivo.korstnik.eu\\\/kataloog\\\/714\\\/#breadcrumb\",\"itemListElement\":[{\"@type\":\"ListItem\",\"position\":1,\"name\":\"Home\",\"item\":\"https:\\\/\\\/raivo.korstnik.eu\\\/\"},{\"@type\":\"ListItem\",\"position\":2,\"name\":\"Teosed\",\"item\":\"https:\\\/\\\/raivo.korstnik.eu\\\/teosed\\\/\"},{\"@type\":\"ListItem\",\"position\":3,\"name\":\"T\u00fctarlapse portree\"}]},{\"@type\":\"WebSite\",\"@id\":\"https:\\\/\\\/raivo.korstnik.eu\\\/#website\",\"url\":\"https:\\\/\\\/raivo.korstnik.eu\\\/\",\"name\":\"Raivo Korstnik\",\"description\":\"\",\"potentialAction\":[{\"@type\":\"SearchAction\",\"target\":{\"@type\":\"EntryPoint\",\"urlTemplate\":\"https:\\\/\\\/raivo.korstnik.eu\\\/?s={search_term_string}\"},\"query-input\":{\"@type\":\"PropertyValueSpecification\",\"valueRequired\":true,\"valueName\":\"search_term_string\"}}],\"inLanguage\":\"en-GB\"}]}<\/script>\n<!-- \/ Yoast SEO plugin. -->","yoast_head_json":{"title":"T\u00fctarlapse portree - Raivo Korstnik","robots":{"index":"index","follow":"follow","max-snippet":"max-snippet:-1","max-image-preview":"max-image-preview:large","max-video-preview":"max-video-preview:-1"},"canonical":"https:\/\/raivo.korstnik.eu\/en\/kataloog\/714\/","og_locale":"en_GB","og_type":"article","og_title":"T\u00fctarlapse portree - Raivo Korstnik","og_description":"1957. aastal ERKI maali alal l\u00f5petanud Raivo Korstnik hakkas n\u00e4itustel kiiresti t\u00e4helepanu \u00e4ratama geometriseeriva ja k\u00fcllaltki v\u00e4rvierksa laadiga. 1960ndate keskel ilmnesid tema loomingus tendentsid nii kubismi kui ka s\u00fcrrealismi poole. Tema hilisemasse loomingusse kuuluv portree on pigem klassitseeriv, meenutab poosilt ja laadilt \u00fcliv\u00e4ga Pablo Picasso \u201eNaist valges\u201c. Korstnik ise on m\u00e4rkinud alusraamile \u201eT\u00fcdruk Repini moodi\u201c. Allikas: Vernissage kunstigalerii","og_url":"https:\/\/raivo.korstnik.eu\/en\/kataloog\/714\/","og_site_name":"Raivo Korstnik","article_modified_time":"2024-09-20T10:59:25+00:00","og_image":[{"width":1099,"height":1124,"url":"https:\/\/raivo.korstnik.eu\/wp-content\/uploads\/RK714.jpg","type":"image\/jpeg"}],"twitter_card":"summary_large_image","twitter_misc":{"Estimated reading time":"1 minute"},"schema":{"@context":"https:\/\/schema.org","@graph":[{"@type":"WebPage","@id":"https:\/\/raivo.korstnik.eu\/kataloog\/714\/","url":"https:\/\/raivo.korstnik.eu\/kataloog\/714\/","name":"T\u00fctarlapse portree - Raivo Korstnik","isPartOf":{"@id":"https:\/\/raivo.korstnik.eu\/#website"},"primaryImageOfPage":{"@id":"https:\/\/raivo.korstnik.eu\/kataloog\/714\/#primaryimage"},"image":{"@id":"https:\/\/raivo.korstnik.eu\/kataloog\/714\/#primaryimage"},"thumbnailUrl":"https:\/\/raivo.korstnik.eu\/wp-content\/uploads\/RK714.jpg","datePublished":"2023-02-17T00:41:44+00:00","dateModified":"2024-09-20T10:59:25+00:00","breadcrumb":{"@id":"https:\/\/raivo.korstnik.eu\/kataloog\/714\/#breadcrumb"},"inLanguage":"en-GB","potentialAction":[{"@type":"ReadAction","target":["https:\/\/raivo.korstnik.eu\/kataloog\/714\/"]}]},{"@type":"ImageObject","inLanguage":"en-GB","@id":"https:\/\/raivo.korstnik.eu\/kataloog\/714\/#primaryimage","url":"https:\/\/raivo.korstnik.eu\/wp-content\/uploads\/RK714.jpg","contentUrl":"https:\/\/raivo.korstnik.eu\/wp-content\/uploads\/RK714.jpg","width":1099,"height":1124},{"@type":"BreadcrumbList","@id":"https:\/\/raivo.korstnik.eu\/kataloog\/714\/#breadcrumb","itemListElement":[{"@type":"ListItem","position":1,"name":"Home","item":"https:\/\/raivo.korstnik.eu\/"},{"@type":"ListItem","position":2,"name":"Teosed","item":"https:\/\/raivo.korstnik.eu\/teosed\/"},{"@type":"ListItem","position":3,"name":"T\u00fctarlapse portree"}]},{"@type":"WebSite","@id":"https:\/\/raivo.korstnik.eu\/#website","url":"https:\/\/raivo.korstnik.eu\/","name":"Raivo Korstnik","description":"","potentialAction":[{"@type":"SearchAction","target":{"@type":"EntryPoint","urlTemplate":"https:\/\/raivo.korstnik.eu\/?s={search_term_string}"},"query-input":{"@type":"PropertyValueSpecification","valueRequired":true,"valueName":"search_term_string"}}],"inLanguage":"en-GB"}]}},"_links":{"self":[{"href":"https:\/\/raivo.korstnik.eu\/en\/wp-json\/wp\/v2\/product\/4148","targetHints":{"allow":["GET"]}}],"collection":[{"href":"https:\/\/raivo.korstnik.eu\/en\/wp-json\/wp\/v2\/product"}],"about":[{"href":"https:\/\/raivo.korstnik.eu\/en\/wp-json\/wp\/v2\/types\/product"}],"wp:featuredmedia":[{"embeddable":true,"href":"https:\/\/raivo.korstnik.eu\/en\/wp-json\/wp\/v2\/media\/4154"}],"wp:attachment":[{"href":"https:\/\/raivo.korstnik.eu\/en\/wp-json\/wp\/v2\/media?parent=4148"}],"wp:term":[{"taxonomy":"product_brand","embeddable":true,"href":"https:\/\/raivo.korstnik.eu\/en\/wp-json\/wp\/v2\/product_brand?post=4148"},{"taxonomy":"product_cat","embeddable":true,"href":"https:\/\/raivo.korstnik.eu\/en\/wp-json\/wp\/v2\/product_cat?post=4148"},{"taxonomy":"product_tag","embeddable":true,"href":"https:\/\/raivo.korstnik.eu\/en\/wp-json\/wp\/v2\/product_tag?post=4148"}],"curies":[{"name":"wp","href":"https:\/\/api.w.org\/{rel}","templated":true}]}}