{"id":4363,"date":"2024-09-20T11:24:49","date_gmt":"2024-09-20T11:24:49","guid":{"rendered":"https:\/\/raivo.korstnik.eu\/?post_type=product&#038;p=4363"},"modified":"2024-09-20T12:50:53","modified_gmt":"2024-09-20T12:50:53","slug":"333","status":"publish","type":"product","link":"https:\/\/raivo.korstnik.eu\/en\/kataloog\/333\/","title":{"rendered":"T\u00e4nav, kavand"},"content":{"rendered":"<h2><\/h2>\n<h2 class=\"product_title entry-title show-product-nav\">7. Raivo Korstnik. T\u00e4nav. Eskiis. 1967. \u00d5li. Paks papp. 49.4 x 69.5 cm. Alghind: 3600 \u20ac Haamrihind: \u20ac<\/h2>\n<div class=\"product-nav\">\n<div class=\"product-prev\"><\/div>\n<div class=\"product-next\"><\/div>\n<\/div>\n<div class=\"description woocommerce-product-details__short-description\">\n<p>Alghind: 3600 \u20ac<\/p>\n<p>Haamrihind: \u20ac<\/p>\n<p>Kunstiteos tuleb enampakkumisele ainult kunstioksjonil 15 aprillil 2023. Kodulehel on hetkel avaldatud osa enampakkumisele minevatest t\u00f6\u00f6dest. Uusi oksjonile minevaid teoseid lisame kodulehele jooksvalt juurde.<\/p>\n<\/div>\n<div id=\"product-tab\" class=\"woocommerce-tabs woocommerce-tabs-sodyez0e resp-htabs\">\n<ul class=\"resp-tabs-list\">\n<li id=\"tab-title-description\" class=\"description_tab resp-tab-item resp-tab-active\" role=\"tab\" aria-controls=\"tab_item-0\">Kirjeldus<\/li>\n<li id=\"tab-title-additional_information\" class=\"additional_information_tab resp-tab-item\" role=\"tab\" aria-controls=\"tab_item-1\">Lisainfo<\/li>\n<\/ul>\n<div class=\"resp-tabs-container\">\n<div id=\"tab-description\" class=\"tab-content resp-tab-content resp-tab-content-active\" aria-labelledby=\"tab_item-0\">\n<p>R.Korstniku 1960.aastate loomingus oluline kompositsioon \u201cT\u00e4nav\u201d (1967) on Tartu \u00dclikooli Kunstimuuseumis. Eskiis on selle kaunis l\u00e4hedane.<\/p>\n<\/div>\n<\/div>\n<\/div>\n<div class=\"product_meta\"><span class=\"posted_in\">Kategooria: <a href=\"https:\/\/vernissage.ee\/tootekategooria\/oksjonid\/kevad\/eesti-moodsa-klassika-kevadoksjon-2023\/\" rel=\"tag\">Eesti moodsa klassika kevadoksjon 2023<\/a><\/span><\/div>\n<div><\/div>\n<div>https:\/\/vernissage.ee\/toode\/raivo-korstnik-tanav-eskiis-1967-oli-paks-papp-49-4-x-69-5-cm-alghind-3600-e\/<\/div>\n<div><\/div>","protected":false},"excerpt":{"rendered":"<p>7. Raivo Korstnik. T\u00e4nav. Eskiis. 1967. \u00d5li. Paks papp. 49.4 x 69.5 cm. Alghind: 3600 \u20ac Haamrihind: \u20ac Alghind: 3600 \u20ac Haamrihind: \u20ac Kunstiteos tuleb enampakkumisele ainult kunstioksjonil 15 aprillil 2023. Kodulehel on hetkel avaldatud osa enampakkumisele minevatest t\u00f6\u00f6dest. Uusi oksjonile minevaid teoseid lisame kodulehele jooksvalt juurde. Kirjeldus Lisainfo R.Korstniku 1960.aastate loomingus oluline kompositsioon \u201cT\u00e4nav\u201d &hellip;<\/p>\n<p class=\"read-more\"> <a class=\"\" href=\"https:\/\/raivo.korstnik.eu\/en\/kataloog\/333\/\"> <span class=\"screen-reader-text\">T\u00e4nav, kavand<\/span> Read More &raquo;<\/a><\/p>","protected":false},"featured_media":4364,"template":"","meta":[],"product_brand":[],"product_cat":[21,110,187],"product_tag":[81,126,116,123,124,132],"class_list":{"0":"post-4363","1":"product","2":"type-product","3":"status-publish","4":"has-post-thumbnail","6":"product_cat-moodne","7":"product_cat-figuraalne","8":"product_cat-perekogus","9":"product_tag-60x50","10":"product_tag-figuraalne","11":"product_tag-kavand","12":"product_tag-moodne","13":"product_tag-perekogu","14":"product_tag-vernissage","16":"first","17":"instock","18":"shipping-taxable","19":"product-type-simple"},"yoast_head":"<!-- This site is optimized with the Yoast SEO plugin v27.4 - https:\/\/yoast.com\/product\/yoast-seo-wordpress\/ -->\n<title>T\u00e4nav, kavand - Raivo Korstnik<\/title>\n<meta name=\"robots\" content=\"index, follow, max-snippet:-1, max-image-preview:large, max-video-preview:-1\" \/>\n<link rel=\"canonical\" href=\"https:\/\/raivo.korstnik.eu\/en\/kataloog\/333\/\" \/>\n<meta property=\"og:locale\" content=\"en_GB\" \/>\n<meta property=\"og:type\" content=\"article\" \/>\n<meta property=\"og:title\" content=\"T\u00e4nav, kavand - Raivo Korstnik\" \/>\n<meta property=\"og:description\" content=\"7. Raivo Korstnik. T\u00e4nav. Eskiis. 1967. \u00d5li. Paks papp. 49.4 x 69.5 cm. Alghind: 3600 \u20ac Haamrihind: \u20ac Alghind: 3600 \u20ac Haamrihind: \u20ac Kunstiteos tuleb enampakkumisele ainult kunstioksjonil 15 aprillil 2023. Kodulehel on hetkel avaldatud osa enampakkumisele minevatest t\u00f6\u00f6dest. Uusi oksjonile minevaid teoseid lisame kodulehele jooksvalt juurde. Kirjeldus Lisainfo R.Korstniku 1960.aastate loomingus oluline kompositsioon \u201cT\u00e4nav\u201d &hellip; T\u00e4nav, kavand Read More &raquo;\" \/>\n<meta property=\"og:url\" content=\"https:\/\/raivo.korstnik.eu\/en\/kataloog\/333\/\" \/>\n<meta property=\"og:site_name\" content=\"Raivo Korstnik\" \/>\n<meta property=\"article:modified_time\" content=\"2024-09-20T12:50:53+00:00\" \/>\n<meta property=\"og:image\" content=\"https:\/\/raivo.korstnik.eu\/wp-content\/uploads\/DSE2522_1.jpg\" \/>\n\t<meta property=\"og:image:width\" content=\"1099\" \/>\n\t<meta property=\"og:image:height\" content=\"757\" \/>\n\t<meta property=\"og:image:type\" content=\"image\/jpeg\" \/>\n<meta name=\"twitter:card\" content=\"summary_large_image\" \/>\n<meta name=\"twitter:label1\" content=\"Estimated reading time\" \/>\n\t<meta name=\"twitter:data1\" content=\"1 minute\" \/>\n<script type=\"application\/ld+json\" class=\"yoast-schema-graph\">{\"@context\":\"https:\\\/\\\/schema.org\",\"@graph\":[{\"@type\":\"WebPage\",\"@id\":\"https:\\\/\\\/raivo.korstnik.eu\\\/kataloog\\\/333\\\/\",\"url\":\"https:\\\/\\\/raivo.korstnik.eu\\\/kataloog\\\/333\\\/\",\"name\":\"T\u00e4nav, kavand - Raivo Korstnik\",\"isPartOf\":{\"@id\":\"https:\\\/\\\/raivo.korstnik.eu\\\/#website\"},\"primaryImageOfPage\":{\"@id\":\"https:\\\/\\\/raivo.korstnik.eu\\\/kataloog\\\/333\\\/#primaryimage\"},\"image\":{\"@id\":\"https:\\\/\\\/raivo.korstnik.eu\\\/kataloog\\\/333\\\/#primaryimage\"},\"thumbnailUrl\":\"https:\\\/\\\/raivo.korstnik.eu\\\/wp-content\\\/uploads\\\/DSE2522_1.jpg\",\"datePublished\":\"2024-09-20T11:24:49+00:00\",\"dateModified\":\"2024-09-20T12:50:53+00:00\",\"breadcrumb\":{\"@id\":\"https:\\\/\\\/raivo.korstnik.eu\\\/kataloog\\\/333\\\/#breadcrumb\"},\"inLanguage\":\"en-GB\",\"potentialAction\":[{\"@type\":\"ReadAction\",\"target\":[\"https:\\\/\\\/raivo.korstnik.eu\\\/kataloog\\\/333\\\/\"]}]},{\"@type\":\"ImageObject\",\"inLanguage\":\"en-GB\",\"@id\":\"https:\\\/\\\/raivo.korstnik.eu\\\/kataloog\\\/333\\\/#primaryimage\",\"url\":\"https:\\\/\\\/raivo.korstnik.eu\\\/wp-content\\\/uploads\\\/DSE2522_1.jpg\",\"contentUrl\":\"https:\\\/\\\/raivo.korstnik.eu\\\/wp-content\\\/uploads\\\/DSE2522_1.jpg\",\"width\":1099,\"height\":757,\"caption\":\"T\u00e4nav, eskiis. Raivo Korstnik\"},{\"@type\":\"BreadcrumbList\",\"@id\":\"https:\\\/\\\/raivo.korstnik.eu\\\/kataloog\\\/333\\\/#breadcrumb\",\"itemListElement\":[{\"@type\":\"ListItem\",\"position\":1,\"name\":\"Home\",\"item\":\"https:\\\/\\\/raivo.korstnik.eu\\\/\"},{\"@type\":\"ListItem\",\"position\":2,\"name\":\"Teosed\",\"item\":\"https:\\\/\\\/raivo.korstnik.eu\\\/teosed\\\/\"},{\"@type\":\"ListItem\",\"position\":3,\"name\":\"T\u00e4nav, kavand\"}]},{\"@type\":\"WebSite\",\"@id\":\"https:\\\/\\\/raivo.korstnik.eu\\\/#website\",\"url\":\"https:\\\/\\\/raivo.korstnik.eu\\\/\",\"name\":\"Raivo Korstnik\",\"description\":\"\",\"potentialAction\":[{\"@type\":\"SearchAction\",\"target\":{\"@type\":\"EntryPoint\",\"urlTemplate\":\"https:\\\/\\\/raivo.korstnik.eu\\\/?s={search_term_string}\"},\"query-input\":{\"@type\":\"PropertyValueSpecification\",\"valueRequired\":true,\"valueName\":\"search_term_string\"}}],\"inLanguage\":\"en-GB\"}]}<\/script>\n<!-- \/ Yoast SEO plugin. -->","yoast_head_json":{"title":"T\u00e4nav, kavand - Raivo Korstnik","robots":{"index":"index","follow":"follow","max-snippet":"max-snippet:-1","max-image-preview":"max-image-preview:large","max-video-preview":"max-video-preview:-1"},"canonical":"https:\/\/raivo.korstnik.eu\/en\/kataloog\/333\/","og_locale":"en_GB","og_type":"article","og_title":"T\u00e4nav, kavand - Raivo Korstnik","og_description":"7. Raivo Korstnik. T\u00e4nav. Eskiis. 1967. \u00d5li. Paks papp. 49.4 x 69.5 cm. Alghind: 3600 \u20ac Haamrihind: \u20ac Alghind: 3600 \u20ac Haamrihind: \u20ac Kunstiteos tuleb enampakkumisele ainult kunstioksjonil 15 aprillil 2023. Kodulehel on hetkel avaldatud osa enampakkumisele minevatest t\u00f6\u00f6dest. Uusi oksjonile minevaid teoseid lisame kodulehele jooksvalt juurde. Kirjeldus Lisainfo R.Korstniku 1960.aastate loomingus oluline kompositsioon \u201cT\u00e4nav\u201d &hellip; T\u00e4nav, kavand Read More &raquo;","og_url":"https:\/\/raivo.korstnik.eu\/en\/kataloog\/333\/","og_site_name":"Raivo Korstnik","article_modified_time":"2024-09-20T12:50:53+00:00","og_image":[{"width":1099,"height":757,"url":"https:\/\/raivo.korstnik.eu\/wp-content\/uploads\/DSE2522_1.jpg","type":"image\/jpeg"}],"twitter_card":"summary_large_image","twitter_misc":{"Estimated reading time":"1 minute"},"schema":{"@context":"https:\/\/schema.org","@graph":[{"@type":"WebPage","@id":"https:\/\/raivo.korstnik.eu\/kataloog\/333\/","url":"https:\/\/raivo.korstnik.eu\/kataloog\/333\/","name":"T\u00e4nav, kavand - Raivo Korstnik","isPartOf":{"@id":"https:\/\/raivo.korstnik.eu\/#website"},"primaryImageOfPage":{"@id":"https:\/\/raivo.korstnik.eu\/kataloog\/333\/#primaryimage"},"image":{"@id":"https:\/\/raivo.korstnik.eu\/kataloog\/333\/#primaryimage"},"thumbnailUrl":"https:\/\/raivo.korstnik.eu\/wp-content\/uploads\/DSE2522_1.jpg","datePublished":"2024-09-20T11:24:49+00:00","dateModified":"2024-09-20T12:50:53+00:00","breadcrumb":{"@id":"https:\/\/raivo.korstnik.eu\/kataloog\/333\/#breadcrumb"},"inLanguage":"en-GB","potentialAction":[{"@type":"ReadAction","target":["https:\/\/raivo.korstnik.eu\/kataloog\/333\/"]}]},{"@type":"ImageObject","inLanguage":"en-GB","@id":"https:\/\/raivo.korstnik.eu\/kataloog\/333\/#primaryimage","url":"https:\/\/raivo.korstnik.eu\/wp-content\/uploads\/DSE2522_1.jpg","contentUrl":"https:\/\/raivo.korstnik.eu\/wp-content\/uploads\/DSE2522_1.jpg","width":1099,"height":757,"caption":"T\u00e4nav, eskiis. Raivo Korstnik"},{"@type":"BreadcrumbList","@id":"https:\/\/raivo.korstnik.eu\/kataloog\/333\/#breadcrumb","itemListElement":[{"@type":"ListItem","position":1,"name":"Home","item":"https:\/\/raivo.korstnik.eu\/"},{"@type":"ListItem","position":2,"name":"Teosed","item":"https:\/\/raivo.korstnik.eu\/teosed\/"},{"@type":"ListItem","position":3,"name":"T\u00e4nav, kavand"}]},{"@type":"WebSite","@id":"https:\/\/raivo.korstnik.eu\/#website","url":"https:\/\/raivo.korstnik.eu\/","name":"Raivo Korstnik","description":"","potentialAction":[{"@type":"SearchAction","target":{"@type":"EntryPoint","urlTemplate":"https:\/\/raivo.korstnik.eu\/?s={search_term_string}"},"query-input":{"@type":"PropertyValueSpecification","valueRequired":true,"valueName":"search_term_string"}}],"inLanguage":"en-GB"}]}},"_links":{"self":[{"href":"https:\/\/raivo.korstnik.eu\/en\/wp-json\/wp\/v2\/product\/4363","targetHints":{"allow":["GET"]}}],"collection":[{"href":"https:\/\/raivo.korstnik.eu\/en\/wp-json\/wp\/v2\/product"}],"about":[{"href":"https:\/\/raivo.korstnik.eu\/en\/wp-json\/wp\/v2\/types\/product"}],"wp:featuredmedia":[{"embeddable":true,"href":"https:\/\/raivo.korstnik.eu\/en\/wp-json\/wp\/v2\/media\/4364"}],"wp:attachment":[{"href":"https:\/\/raivo.korstnik.eu\/en\/wp-json\/wp\/v2\/media?parent=4363"}],"wp:term":[{"taxonomy":"product_brand","embeddable":true,"href":"https:\/\/raivo.korstnik.eu\/en\/wp-json\/wp\/v2\/product_brand?post=4363"},{"taxonomy":"product_cat","embeddable":true,"href":"https:\/\/raivo.korstnik.eu\/en\/wp-json\/wp\/v2\/product_cat?post=4363"},{"taxonomy":"product_tag","embeddable":true,"href":"https:\/\/raivo.korstnik.eu\/en\/wp-json\/wp\/v2\/product_tag?post=4363"}],"curies":[{"name":"wp","href":"https:\/\/api.w.org\/{rel}","templated":true}]}}